{"id":461,"date":"2019-02-09T12:01:21","date_gmt":"2019-02-09T12:01:21","guid":{"rendered":"https:\/\/pokiesportal.com\/de\/?page_id=461"},"modified":"2019-02-09T12:01:21","modified_gmt":"2019-02-09T12:01:21","slug":"kostenlose-automatenspiele","status":"publish","type":"page","link":"https:\/\/pokiesportal.com\/de\/kostenlose-automatenspiele\/","title":{"rendered":"kostenlose automatenspiele"},"content":{"rendered":"\r\n<div class=\"lobby-wrap\">\r\n\r\n<div class=\"vh-filter\">\r\n\r\n  <select data-taxonomy=\"kostenlose-spielautomaten-category\">\r\n    <option selected disabled>Filter by category<\/option>\r\n        <option value=\"table-games\">table games (1)<\/option>\r\n        <option value=\"video-slots\">video slots (147)<\/option>\r\n      <\/select>\r\n\r\n  <select data-taxonomy=\"kostenlose-spielautomaten-provider\">\r\n    <option selected disabled>Filter by provider<\/option>\r\n        <option value=\"netent\">netent (148)<\/option>\r\n      <\/select>\r\n\r\n\r\n<\/div>\r\n\r\n<ul id=\"vh-lobby-posts\" class=\"vh-row-sm\"><span class=\"loading-icon\">loading games...<\/span><\/ul>\r\n\r\n<\/div>\n<h2>Kostenlose Automatenspiele<\/h2>\n<p>Wenn Sie noch nicht in einem Online-Casino gespielt haben, aber neugierig auf die M\u00f6glichkeiten sind, k\u00f6nnen Sie kostenlose Automatenspiele spielen. Diese sind in fast jedem Casino verf\u00fcgbar, wobei die M\u00f6glichkeit, kostenlos zu spielen, manchmal variieren kann. Es ist also m\u00f6glich, dass einer mit 100 Punkten kostenlos spielt, und Sie k\u00f6nnen weitere 30 Minuten bei einem anderen spielen.<\/p>\n<p>Wenn die Spielzeit abgelaufen ist, k\u00f6nnen Sie es mit echtem Geld versuchen. Freies Gl\u00fccksspiel ist nicht nur f\u00fcr Neuank\u00f6mmlinge, sondern auch f\u00fcr erfahrene Spieler, die die neuesten Automatenspiele zuerst einem pers\u00f6nlichen Test unterziehen m\u00f6chten. Alle neuen Automatenspiele, die verf\u00fcgbar werden, bieten die M\u00f6glichkeit, sich kostenlos mit dem Spiel vertraut zu machen.<\/p>\n<h2>Flash Casino<\/h2>\n<p>Es gibt Casinos, in denen Sie zuerst ein Konto erstellen m\u00fcssen, um kostenlos zu spielen. Dies ist jedoch nicht \u00fcberall der Fall. Dies gilt auch f\u00fcr das Herunterladen von Slots, was nicht erforderlich ist, wenn Sie sich f\u00fcr die Flash-Version des Casinos entscheiden. In einem Flash-Casino besteht die M\u00f6glichkeit, sofort zu spielen, ohne die Casino-Software auf Ihrem Computer oder Laptop installieren zu m\u00fcssen.<\/p>\n<h2>Willkommensbonus<\/h2>\n<p>Das Testen von kostenlosen Slots ist fast so aufregend wie das Spielen mit Echtgeld. Um jedoch mit Echtgeld spielen zu k\u00f6nnen, m\u00fcssen Sie nat\u00fcrlich zuerst ein Konto er\u00f6ffnen. Sie erhalten einen Willkommensbonus, wenn Sie ein Konto er\u00f6ffnen, wenn Sie die erste Einzahlung get\u00e4tigt haben. Der Bonus kann bis zu 50 Euro oder mehr betragen. Nur wenn Sie ein Konto haben, k\u00f6nnen Sie Geld einzahlen, z. B. \u00fcber Ihre Kreditkarte oder Neteller. Wenn Sie sich entschieden haben, an einem kostenlosen Automatenspiele zu spielen, k\u00f6nnen Sie sofort mit dem Spielen beginnen. Es empfiehlt sich jedoch, zuerst die Spielerkl\u00e4rung zu lesen. Alle Online-Slots, die Sie kostenlos \u00fcber diese Website spielen k\u00f6nnen, enthalten eine ausf\u00fchrliche Spielerkl\u00e4rung, die Sie unter dem Info-Button am Automaten finden.<\/p>\n<h2>Automatenspiele<\/h2>\n<p>Das Spielen an kostenlosen Slots ist noch attraktiver, wenn Sie die Spielerkl\u00e4rung durchgesehen haben und die Gewinntabelle betrachtet haben. Wenn Sie das nicht tun, k\u00f6nnen Sie den Startknopf dr\u00fccken, aber Sie haben keine Ahnung, wann eine Gewinnkombination f\u00e4llt oder welche M\u00f6glichkeiten die verschiedenen Symbole haben. Es kommt h\u00e4ufig vor, dass ein Joker am Spiel teilnimmt, das die Funktion hat, andere Symbole zu ersetzen. Es ist immer noch spannend zu sehen, ob am Ende des Spiels ein Joker auf der letzten Rolle erscheint.<\/p>\n<h2>Bonusrunde und Freispiele<\/h2>\n<p>Auch Bonusrunden sind oft Teil eines Automatenspiels und k\u00f6nnen Ihnen zus\u00e4tzlichen Gewinn bringen. Eine Bonusrunde kann beispielsweise sofort 250 Punkte bringen, aber Sie k\u00f6nnen auch 20 Freispiele gewinnen, w\u00e4hrend Sie an Online-Slots spielen. Auf freien Slots zu spielen ist einfach viel aufregender, wenn Sie die Spielregeln kennen. Probieren Sie einen der neuen Automatenspiele aus, den Sie kostenlos \u00fcber diese Website ausprobieren k\u00f6nnen, und sehen Sie, welche Quoten dort angeboten werden.<\/p>\n<p>Hier eine \u00dcbersicht der beliebtesten kostenlosen Automatenspiele. Nat\u00fcrlich k\u00f6nnen Sie diese kostenlosen Slots auch mit Mastercard oder mit Ihrem Handy um echtes Geld spielen. Viel Spa\u00df mit allen kostenlosen Automatenspiele.<\/p>\n<h2>Kostenloses Spiel an Automatenspiele<\/h2>\n<p>Ein gro\u00dfer Vorteil des Online-Automatenspiele ist, dass Sie ihn f\u00fcr eine begrenzte Anzahl von Punkten kostenlos testen k\u00f6nnen. Sie k\u00f6nnen also jeden Slot kostenlos ausprobieren, bevor Sie um echtes Geld spielen. Dies ist nat\u00fcrlich ein gro\u00dfer Vorteil gegen\u00fcber der Spielhalle. Auf diese Weise k\u00f6nnen Sie sich mit einem Automatenspiele vertraut machen, ohne direkt Geld einzahlen zu m\u00fcssen.<\/p>\n<h2>Das kostenlose Slotspiel-Gameplay<\/h2>\n<p>Die Designer und Designer der Online-Slots haben f\u00fcr ein extrem gutes Gameplay gesorgt. Alle Automatenspiele sind so konzipiert, dass sie von den besten visuellen Darstellungen und den besten Sounds profitieren. So k\u00f6nnen Sie einfach das Beste aus dem grafischen Bereich von Ihrem Lazy Chair aus genie\u00dfen. Jeder Slot wurde mit gr\u00f6\u00dfter Sorgfalt entworfen, um das beste Gameplay zu gew\u00e4hrleisten.<\/p>\n<p>Der Spielautomat gibt es seit dem Ende des 19. Jahrhunderts, als ein Unternehmer in Amerika einen einarmigen Banditen erfand, den Vorl\u00e4ufer des gegenw\u00e4rtigen Automatenspiele. Zu Beginn war der Spielautomat noch 1 Rolle und mechanisch. Heutzutage ist der Spielautomat sehr fortgeschritten und Sie k\u00f6nnen auf 25 Gewinnlinien spielen. Online spielen Sie jetzt, um zuerst auf dem freien Slot-Computer Ihrer Wahl zu testen.<\/p>\n<h2>Online Automatenspiele<\/h2>\n<p>Als das Internet entstand, dauerte es eine Weile, bis Sie online an einem kostenlosen Automatenspiele spielen konnten. Seit Ende der neunziger Jahre haben die Menschen damit begonnen, die kostenlosen Automatenspiele zu digitalisieren, wie Sie sie aus der Spielhalle kennen. Jeder freie Spielautomat ist jetzt im Internet zu finden.<\/p>\n<h2>Zahlen Sie am Automatenspiele<\/h2>\n<p>Es gibt verschiedene Optionen, um Punkte zu kaufen, die auf dem Internet-Spielautomat gespielt werden k\u00f6nnen. Sie k\u00f6nnen also am Automatenspiele \u00fcber Ihre Bank bezahlen, so dass Sie viele Punkte gleichzeitig kaufen k\u00f6nnen. Eine andere M\u00f6glichkeit ist, mit Ihrem Handy zu bezahlen. Auf dem Automatenspiele, der eine Schaltfl\u00e4che zum Bezahlen spielt, w\u00e4hlen Sie die Option &#8220;Bezahlen mit Ihrem Mobiltelefon&#8221;. Sie k\u00f6nnen eine bestimmte Anzahl von Punkten kaufen. Nachdem Sie mit Ihrem Handy Kontakt aufgenommen haben, erhalten Sie einen Code, den Sie sofort spielen k\u00f6nnen. Dies kann auch per SMS erfolgen.<\/p>\n<h2>Anbieter von Automatenspiele<\/h2>\n<p>Es gibt viele Online-Anbieter mit jeweils eigenen Automatenspiele. So haben Sie Tanzoo Automatenspiele und Eurocazino. Jeder Slot aus der Spielhalle wurde von einem dieser Anbieter digitalisiert und jeder Anbieter hat etwa 30 Slot-Maschinen im Sortiment. Es gibt also f\u00fcr jeden einen Automatenspiele. Es gibt auch viele Schr\u00e4nke, die wirklich nicht existieren, aber speziell f\u00fcr das Internet entwickelt wurden. Alle bekannten Automatenspiele sind sowieso online.<\/p>\n<h2>Slots gibt hohen Jackpot<\/h2>\n<p>Wenn Sie an einem Casino-Automatenspiele spielen, k\u00f6nnen Sie den sogenannten progressiven Jackpot gewinnen. Die Automatenspiele in den Online Casinos sind so geschaltet, dass der Jackpot enorm steigt. Jeder Spielautomat gibt also etwas von seinem Umsatz an den gro\u00dfen Jackpot. Jedes Mal, wenn Sie drehen, geht etwas in den Pot. In diesem Jahr wurden diesen Jackpots in Westeuropa bereits mehrere Million\u00e4re hinzugef\u00fcgt. Auch in den Niederlanden! Diese progressiven Jackpots sind nur in Casino-Slots und nicht in normalen Slotmaschinen zu finden.<\/p>\n","protected":false},"excerpt":{"rendered":"<p>Kostenlose Automatenspiele Wenn Sie noch nicht in einem Online-Casino gespielt haben, aber neugierig auf die M\u00f6glichkeiten sind, k\u00f6nnen Sie kostenlose Automatenspiele spielen. Diese sind in fast jedem Casino verf\u00fcgbar, wobei die M\u00f6glichkeit, kostenlos zu spielen, manchmal variieren kann. Es ist also m\u00f6glich, dass einer mit 100 Punkten kostenlos spielt, und Sie k\u00f6nnen weitere 30 Minuten [&hellip;]<\/p>\n","protected":false},"author":1,"featured_media":0,"parent":0,"menu_order":0,"comment_status":"closed","ping_status":"closed","template":"","meta":{"footnotes":""},"categories":[],"tags":[],"class_list":["post-461","page","type-page","status-publish","hentry"],"aioseo_notices":[],"_links":{"self":[{"href":"https:\/\/pokiesportal.com\/de\/wp-json\/wp\/v2\/pages\/461","targetHints":{"allow":["GET"]}}],"collection":[{"href":"https:\/\/pokiesportal.com\/de\/wp-json\/wp\/v2\/pages"}],"about":[{"href":"https:\/\/pokiesportal.com\/de\/wp-json\/wp\/v2\/types\/page"}],"author":[{"embeddable":true,"href":"https:\/\/pokiesportal.com\/de\/wp-json\/wp\/v2\/users\/1"}],"replies":[{"embeddable":true,"href":"https:\/\/pokiesportal.com\/de\/wp-json\/wp\/v2\/comments?post=461"}],"version-history":[{"count":0,"href":"https:\/\/pokiesportal.com\/de\/wp-json\/wp\/v2\/pages\/461\/revisions"}],"wp:attachment":[{"href":"https:\/\/pokiesportal.com\/de\/wp-json\/wp\/v2\/media?parent=461"}],"wp:term":[{"taxonomy":"category","embeddable":true,"href":"https:\/\/pokiesportal.com\/de\/wp-json\/wp\/v2\/categories?post=461"},{"taxonomy":"post_tag","embeddable":true,"href":"https:\/\/pokiesportal.com\/de\/wp-json\/wp\/v2\/tags?post=461"}],"curies":[{"name":"wp","href":"https:\/\/api.w.org\/{rel}","templated":true}]}}