{"id":454,"date":"2019-02-07T14:55:08","date_gmt":"2019-02-07T14:55:08","guid":{"rendered":"https:\/\/pokiesportal.com\/de\/?page_id=454"},"modified":"2023-05-21T19:37:25","modified_gmt":"2023-05-21T19:37:25","slug":"slotmaschinen","status":"publish","type":"page","link":"https:\/\/pokiesportal.com\/de\/slotmaschinen\/","title":{"rendered":"slotmaschinen"},"content":{"rendered":"<h1>Online Slotmaschinen Deutschland 2023<\/h1>\n<p>Wie fast alle g\u00e4ngigen Spiele k\u00f6nnen Sie dieses Spiel auch im Internet spielen und echtes Geld gewinnen. Wussten Sie, dass Sie, wenn Sie an einem Online-Slotmaschinen spielen m\u00f6chten, nicht zuerst Geld zahlen m\u00fcssen? Auf vielen Websites k\u00f6nnen Sie kostenlos ein Konto erstellen. Als Bonus erhalten Sie Punkte, die Sie zum Spielen auf dem Slotmaschinen verwenden k\u00f6nnen. Wenn Sie das Spiel spielen und drei identische Bilder in einer Reihe haben, haben Sie gewonnen. Dann erhalten Sie die Punkte auf Ihrem Konto und Sie k\u00f6nnen auf dem Slotmaschinen weiterspielen. So k\u00f6nnen Sie kostenlos an Online-Slots spielen und gleichzeitig echtes Geld gewinnen. Viele Menschen wissen nicht, dass es diese M\u00f6glichkeit gibt, oder sie wissen nicht, auf welche Websites sie gehen m\u00fcssen, um die kostenlosen Punkte auf dem Slotmaschinen zu erhalten. Daf\u00fcr bieten wir die ideale L\u00f6sung von PokiesPortal. Auf unserer Website finden Sie eine \u00dcbersicht aller Casinos, die Sie besuchen k\u00f6nnen, um an einem Slotmaschinen zu spielen. Sie k\u00f6nnen zwischen verschiedenen Preisen mit unterschiedlichen Hauptpreisen w\u00e4hlen. Wir bieten auch einen \u00dcberblick \u00fcber das Casino, wo Sie kostenlos spielen k\u00f6nnen. Aber zuerst ein St\u00fcck \u00fcber die Geschichte des Slotmaschinen.<\/p>\n<h2>Slotmaschinen aus den 90ern gegen die bewerteten Slotmaschinen<\/h2>\n<p>Slotmaschinen sind eines der beliebtesten und bekanntesten Casino-Spiele, obwohl es sich um ein relativ neues Spiel handelt. Es spielt keine Rolle, ob Sie sich f\u00fcr ein Live-Casino oder f\u00fcr eines der vielen Casinos im Internet entscheiden. Alle bieten eine Vielzahl von Slotmaschinen. Das Spiel wurde in k\u00fcrzester Zeit hoch bewertet und ist heute das bekannteste Casino-Spiel.<\/p>\n<h2>Gewinne aus Slotmaschinen wurden mit kostenlosen Getr\u00e4nken und Zigarren bezahlt!<\/h2>\n<p>Der allererste Slotmaschine war einfach und hatte nicht viele Funktionen. So fehlten alle Glocken und Pfeifen und ein Auszahlungssystem fehlte. Alles musste von den Spielern selbst beobachtet werden. Es hatte ein 5-Karten-Deck, das sich einfach mit einem Hebel bewegte, um zuf\u00e4llig anzuhalten. Der Spieler musste selbst im Auge behalten, ob eine Gewinnkombination gefallen war. Dieser erste Slotmaschine wurde in New York erfunden und von der Firma Pitt und Sittman hergestellt. Die Gewinne wurden durch kostenlose Getr\u00e4nke und Zigarren ausgezahlt. Die ersten moderneren Slotmaschinen wurden vom amerikanischen Erfinder Charles Fey entworfen. Die Symbole waren Stern, Pferdefarm, Diamanten und Spaten, und das besondere Symbol, das f\u00fcr einen 50-Cent-Bonus stand, war eine Liberty Bell. M\u00fcssen Sie sich vorstellen, dass dies eine gro\u00dfe Summe ist, die die Leute heutzutage zum Spa\u00df oder als Wunsch in einen Brunnen werfen?<\/p>\n<h2>Evolution Slotmaschinen Made Vals H\u00e4rter spielen<\/h2>\n<p>Die bekannten und beliebten Fruchtsymbole folgten einige Zeit sp\u00e4ter und wurden ebenfalls von demselben amerikanischen Erfinder Charles Fey entworfen. In den siebziger Jahren wurden die ersten elektrischen Slotmaschinen von der Firma Fortune Coin entwickelt. Die Maschine wurde schnell ber\u00fchmt und erfreute sich bei den Menschen gro\u00dfer Beliebtheit. Es war ein verl\u00e4ssliches Spiel, weil es nicht mehr so \u200b\u200bleicht zu betr\u00fcgen war und seine Bewertung schnell begann. Die Slotmaschinen bekamen verschiedene Themen, so dass f\u00fcr jeden etwas dabei war. In den 80er Jahren wurde der Slotmaschine so bewertet, dass die Casinos sie in ihre Hallen einsetzten, weil es fast unm\u00f6glich war, sie zu betr\u00fcgen.<\/p>\n<h2>Slotmaschinen erhalten immer mehr Extras<\/h2>\n<p>Heutige Slotmaschinen Sp\u00e4ter begannen die Computer, die Maschinen zu \u00fcbernehmen, und die mechanischen Teile wurden ausgetauscht. Es war einfach, auf die ersten Online-Slotmaschinen zu warten. Wie Sie oben lesen konnten, wurden die Slotmaschinen ohne Schnickschnack zu selbst denkenden Maschinen bewertet, die Sie wirklich verstehen m\u00fcssen, um verstehen zu k\u00f6nnen. Das einfache &#8220;Ziehen eines Hebels&#8221;, um zu sehen, welche Symbole fallen, ist vollst\u00e4ndig zu einem Spiel mit allen m\u00f6glichen Extras und Bonusspielen und anderen Minispielen auf der Maschine selbst fortgeschritten. Auch die Lichter und Lichter wurden immer mehr hinzugef\u00fcgt und heutzutage kann man sie schon von weitem sehen, sobald man in die Casino-Hallen tritt.<\/p>\n<h2>Alte Slotmaschinen sind immer noch Beliebt<\/h2>\n<p>Lion&#8217;s share Slotmaschinen Trotz der Tatsache, dass diese neuen Maschinen fast alle alten Slotmaschinen ersetzt haben, gibt es immer noch eine Anzahl dieser stark veralteten Slotmaschinen. Man k\u00f6nnte sagen, dass diese Slotmaschinen nicht mehr beliebt sind, aber das Gegenteil ist der Fall. Es gibt immer noch eine Anzahl dieser alten Slotmaschinen in verschiedenen Casinos und sie sind so bekannt, dass Leute aus der Ferne kommen, um an diesen Slotmaschinen zu spielen. Einige dieser stark veralteten Slotmaschinen haben sogar eigene Facebook-Seiten und Fanseiten und werden in Gl\u00fccksspiel-Foren diskutiert. Vielleicht sind sie so beliebt, weil sie in den Casinos selten einen Hype zum Spielen finden oder weil sie so einfach sind. Oder vielleicht, weil sie einfach einen hohen Jackpot haben, seit sie seit Jahren dort sind und die Jackpots noch nicht gefallen sind. Ich denke, es ist f\u00fcr jeden etwas anderes, warum diese Slotmaschinen so attraktiv sind.<\/p>\n<h2>Hat der Slotmaschine angehalten?<\/h2>\n<p>Ja, nat\u00fcrlich hat der Slotmaschine gestoppt, bei einem sich bewegenden Slotmaschinen wird es schwierig, die Gewinnlinien zu \u00fcberpr\u00fcfen. Aber im Ernst, der Slotmaschine ist in der Tat etwas altmodisch. Dieselben Symbole und Lichter weisen seit Jahrzehnten auf den Kunden zu, als eine alte Attraktion auf der Messe, die alle bereits \u00fcberwunden haben. Das Spiel ist einfach nicht mehr aufregend genug. Die Menschen, die jetzt in dem Alter sind, in dem sie die Kneipe am h\u00e4ufigsten besuchen, sind mit vielen aufregenden Spielen aufgewachsen. Call of Duty, League of Legends, GTA &#8230; Klassiker aller Art mit weitaus komplexerem Gameplay und h\u00f6herem Adrenalingehalt als eine alte Holzstange mit gro\u00dfen Kn\u00f6pfen, die alle Euro-M\u00fcnzen auf einmal schlucken. In diesem Sinne hatte der Slotmaschine tats\u00e4chlich seine beste Zeit.<\/p>\n<h2>Wo finden wir jetzt den Charme des Slotmaschinen?<\/h2>\n<p>Der Slotmaschine steht zwar seit einiger Zeit offline, aber nichts anderes trifft f\u00fcr diese Aussage online zu. Der Online-Spieler liebt seine Slots, und in vielen Online-Casinos strahlt der Slot &#8211; wie die Maschine oft genannt wird &#8211; wie nie zuvor aus. Denn mit Online-Slots k\u00f6nnen Sie einfach noch viel mehr tun. Es gibt alle m\u00f6glichen Spiele, Handlungen und Innovationen, mit denen der Slotmaschine im Pub niemals mithalten k\u00f6nnte. Und wie sieht es mit Grafik, Gameplay und Sound aus, die ebenso hochtechnologisch sind wie die neuesten Spiele der Spieleindustrie. Dar\u00fcber hinaus bieten Online-Slots viel h\u00f6here Jackpots und sie sind manchmal miteinander verbunden, um einen progressiven Jackpot zu schaffen, der alle Ihre wildesten Tr\u00e4ume in einem Zug wahr werden l\u00e4sst.<\/p>\n<h2>Video Slots<\/h2>\n<p>So haben Sie die Videoslots, ein Vergn\u00fcgen f\u00fcr die echten Spieler unter den Spielern. Bei diesen Video-Slots handelt es sich um Slotmaschinen mit zus\u00e4tzlichen Spielen, die Sie freischalten k\u00f6nnen, und \u00fcberzeugenden Handlungsstr\u00e4ngen. Sie kommen in allen m\u00f6glichen Themen vor, um alle Kundenw\u00fcnsche zu ber\u00fccksichtigen. Beispielsweise haben Sie Video-Slots im Stil von Lord of the Rings, Batman, Fantastic Four und Hulk, aber auch zum Beispiel aus South Park oder &#8220;Girls Night Out&#8221; oder &#8220;Beachlife&#8221;. Auf diese Weise gibt es immer einen Video-Slot, der zu Ihnen passt und Sie zum Spielen auf sich zieht. Hinter der Entwicklung dieser Video-Slots stehen renommierte Unternehmen und Softwarelieferanten wie NetEnt, Microgaming und Playtech. Diese Unternehmen haben jeweils Preise und Auszeichnungen im Bereich Grafik und Innovation bei Gl\u00fccksspielen gewonnen. Der Wettbewerb zwischen den Giganten sorgt daf\u00fcr, dass die neuesten und sch\u00f6nsten Slots der \u00d6ffentlichkeit jederzeit per Mausklick zug\u00e4nglich sind. Sie w\u00e4ren verr\u00fcckt, wenn Sie sich in eine alte Kneipe schleppen, um auf den klebrigen Tasten eines knackenden Slotmaschinen zu spielen.<\/p>\n<h2>Mobilit\u00e4t<\/h2>\n<p>Und das bringt uns zur n\u00e4chsten Ausgabe, wo der Offline-Slotmaschine heutzutage das Regal v\u00f6llig verfehlt. Die Sache ist so unbeholfen und unbeweglich wie meine Schwiegermutter. Der moderne Spieler m\u00f6chte seinen Slotmaschinen \u00fcberall spielen k\u00f6nnen und m\u00f6chte nicht an einen anderen Ort gehen, um die Walzen drehen zu sehen. Und das muss nat\u00fcrlich nicht sein. Der modernste Video-Slot, den Sie einfach von Ihrem Handy oder Tablet auf Ihrem Bildschirm abrufen k\u00f6nnen. Sie k\u00f6nnen den progressiven Jackpot auf der Toilette mit der Hose an den Kn\u00f6cheln gewinnen. Magst du keine Videosperre? Dann suchst du noch einen anderen. Dieses Gl\u00fccksspiel an den Slotmaschinen der Online Casinos ist offline fast unschlagbar. Selbst bevor Sie Ihr erstes Spiel \u00fcberhaupt spielen, k\u00f6nnen Sie in Online-Casinos sogar Geld verdienen oder Boni spielen, um zus\u00e4tzliche Slots oder h\u00e4ufig einen Slot zu testen. Als ob der Barbesitzer Ihnen eine Handvoll \u00c4nderung f\u00fcr die erste Viertelstunde an der Maschine gibt. Der Slotmaschine ist nicht tot, seine Form hat sich nur ge\u00e4ndert.<\/p>\n<h2>Fazit<\/h2>\n<p>In dieser Zeit, in der der Offline-Slotmaschine fast von der Stra\u00dfe verschwand, ist der Online-Slotmaschine in Deutschland der Legalisierung n\u00e4her als je zuvor. Sie k\u00f6nnen bereits auf den Video-Slots in allen Arten von Online-Casinos spielen, progressive Jackpots gewinnen und den Online-Slot von jeder erdenklichen Position aus spielen, solange Sie ein Handy oder Tablet zur Hand haben. Obwohl der verschwundene ikonische Offline-Slotmaschine ein sch\u00f6nes Ger\u00e4t bleibt und in der \u00e4lteren Generation einige nostalgische Gef\u00fchle wecken wird, ist das Konzept hinter dem Slotmaschinen noch lange nicht verschwunden. In der Tat sind Online-Slots beliebter als je zuvor. Wenn Sie wissen m\u00f6chten, was f\u00fcr verschiedene Slots angeboten wird, empfehlen wir Ihnen einen Blick auf unsere Toplisten zu Slots und die Bewertungen zu Online-Casinos, die sie anbieten. Sie werden selbst sehen, wie viel Spa\u00df es macht, und Sie werden wahrscheinlich auch eine sch\u00f6ne Summe mit nach Hause nehmen! Was willst du noch? Dann k\u00f6nnen Sie immer in diese braune Kneipe gehen, um Ihre Gewinne mit einem Bier zu feiern. Viel Gl\u00fcck!<\/p>\n","protected":false},"excerpt":{"rendered":"<p>Online Slotmaschinen Deutschland 2023 Wie fast alle g\u00e4ngigen Spiele k\u00f6nnen Sie dieses Spiel auch im Internet spielen und echtes Geld gewinnen. Wussten Sie, dass Sie, wenn Sie an einem Online-Slotmaschinen spielen m\u00f6chten, nicht zuerst Geld zahlen m\u00fcssen? Auf vielen Websites k\u00f6nnen Sie kostenlos ein Konto erstellen. Als Bonus erhalten Sie Punkte, die Sie zum Spielen [&hellip;]<\/p>\n","protected":false},"author":1,"featured_media":0,"parent":0,"menu_order":0,"comment_status":"closed","ping_status":"closed","template":"","meta":{"footnotes":""},"categories":[],"tags":[],"class_list":["post-454","page","type-page","status-publish","hentry"],"aioseo_notices":[],"_links":{"self":[{"href":"https:\/\/pokiesportal.com\/de\/wp-json\/wp\/v2\/pages\/454","targetHints":{"allow":["GET"]}}],"collection":[{"href":"https:\/\/pokiesportal.com\/de\/wp-json\/wp\/v2\/pages"}],"about":[{"href":"https:\/\/pokiesportal.com\/de\/wp-json\/wp\/v2\/types\/page"}],"author":[{"embeddable":true,"href":"https:\/\/pokiesportal.com\/de\/wp-json\/wp\/v2\/users\/1"}],"replies":[{"embeddable":true,"href":"https:\/\/pokiesportal.com\/de\/wp-json\/wp\/v2\/comments?post=454"}],"version-history":[{"count":1,"href":"https:\/\/pokiesportal.com\/de\/wp-json\/wp\/v2\/pages\/454\/revisions"}],"predecessor-version":[{"id":1004,"href":"https:\/\/pokiesportal.com\/de\/wp-json\/wp\/v2\/pages\/454\/revisions\/1004"}],"wp:attachment":[{"href":"https:\/\/pokiesportal.com\/de\/wp-json\/wp\/v2\/media?parent=454"}],"wp:term":[{"taxonomy":"category","embeddable":true,"href":"https:\/\/pokiesportal.com\/de\/wp-json\/wp\/v2\/categories?post=454"},{"taxonomy":"post_tag","embeddable":true,"href":"https:\/\/pokiesportal.com\/de\/wp-json\/wp\/v2\/tags?post=454"}],"curies":[{"name":"wp","href":"https:\/\/api.w.org\/{rel}","templated":true}]}}