{"id":451,"date":"2019-02-07T14:26:42","date_gmt":"2019-02-07T14:26:42","guid":{"rendered":"https:\/\/pokiesportal.com\/de\/?page_id=451"},"modified":"2023-05-21T19:30:54","modified_gmt":"2023-05-21T19:30:54","slug":"paypal-casinos","status":"publish","type":"page","link":"https:\/\/pokiesportal.com\/de\/paypal-casinos\/","title":{"rendered":"paypal casinos"},"content":{"rendered":"<h1>PayPal Casinos Deutschland 2023<\/h1>\n<p>PayPal ist als das meistgenutzte Online-Zahlungssystem der Welt bekannt. Wenn Sie ein regelm\u00e4\u00dfiger Online-Shopper sind, k\u00f6nnen Sie mit PayPal nicht wirklich umgehen. Fr\u00fcher oder sp\u00e4ter m\u00fcssen Sie mit diesem Zahlungssystem in Kontakt gekommen sein. Im Laufe der Jahre hat sich Paypal zu einer der weltweit beliebtesten Zahlungsmethoden f\u00fcr Waren und Dienstleistungen im Internet entwickelt. Und wie es jetzt ist, ist die Zahlungsoption mit ihrer m\u00fchelosen Art, Geld einzul\u00f6sen, Geld abzuheben und schnelle Auszahlungen zu leisten, sicherlich nicht fremd f\u00fcr die Online-Casino-Welt. Wenn Sie ein zuverl\u00e4ssiges Online-Casino mit Paypal zum Spielen suchen, schauen Sie sich unsere Top-Liste der bewerteten PayPal-Casinos an.<\/p>\n<h2>Wachstum von Paypal Casinos<\/h2>\n<p>Zun\u00e4chst stellt sich die Frage, warum Paypal derzeit nicht \u00fcberall als Zahlungsmethode angeboten wird. Einfach, weil Paypal hohe Anforderungen an Websites stellt, die es als Zahlungsoption anbieten m\u00f6chten. Da nicht jedes Online-Casino diese strengen Standards erf\u00fcllt, ist es nicht m\u00f6glich, \u00fcberall mit Paypal zu bezahlen. Es wird jedoch erwartet, dass immer mehr Casinos aufgrund ihrer wachsenden Beliebtheit diese Zahlungsweise anbieten werden.<\/p>\n<h2>Paypal ist zuverl\u00e4ssig<\/h2>\n<p>Als Verbraucher sind Sie auch durch PayPal gesch\u00fctzt. Wenn Sie ein Produkt \u00fcber eBay oder eine andere Website kaufen und das Produkt nicht der angegebenen Beschreibung entspricht, k\u00f6nnen Sie das Produkt zur\u00fccksenden. Wenn Sie den Versandnachweis bei PayPal vorlegen k\u00f6nnen, wird Ihnen das Produkt nicht in Rechnung gestellt. Seltsamerweise war Paypal zu einem fr\u00fcheren Zeitpunkt bei Online-Casinos eine \u00fcbliche Zahlungsm\u00f6glichkeit. Als sich die Casinos jedoch zwischen legalen und illegalen Kr\u00e4ften befanden, entschied sich das amerikanische Unternehmen, sich vom Gl\u00fccksspiel im Internet zur\u00fcckzuziehen. Sp\u00e4ter, mit einer wesentlich strengeren Politik, kehrte Paypal zu den Casinos zur\u00fcck, die sich an diese Politik anpassten. Dies hat auch einen Vorteil f\u00fcr den Spieler, denn genau aus den Casinos, die Paypal als Zahlungsoption anbietet, wissen Sie, dass sie zuverl\u00e4ssig sind. Schlie\u00dflich w\u00fcrde sich Paypal bald zur\u00fcckziehen, wenn ein Online-Casino mit den gesetzlichen Bestimmungen spielen w\u00fcrde.<\/p>\n<h2>EU-Banklizenz seit 2007<\/h2>\n<p>Urspr\u00fcnglich wurde PayPal f\u00fcr gegenseitige Zahlungen zwischen den jetzt pr\u00e4historischen PDAs (Taschencomputern) verwendet. Inzwischen ist PayPal jedoch seit einigen Jahren als Vermittler f\u00fcr Online-Zahlungen zwischen Verbrauchern, Verk\u00e4ufern und Webshops bekannt. Wer \u00fcber PayPal bezahlt, hat genug von einer E-Mail-Adresse. Nach US-amerikanischem Recht ist PayPal keine Bank, was den zus\u00e4tzlichen Vorteil hat, dass die strengen Gesetze und Vorschriften f\u00fcr sie nicht gelten. In Europa hat PayPal Sonstiges seit 2007 eine EU-Banklizenz. Die Tatsache, dass PayPal einen guten Namen hat, ist f\u00fcr niemanden ein Geheimnis. Von 2009 bis 2013 gewann das Finanzunternehmen f\u00fcnfmal in Folge den niederl\u00e4ndischen Thuiswinkel Award f\u00fcr die beste Finanzdienstleistung im Internet.<\/p>\n<h2>Konto ist Einfach zu Erstellen<\/h2>\n<p>Paypal erfordert, dass Sie ein Konto bei ihnen haben. Es ist einfach, \u00fcber ihre Website zu erstellen, wobei Sie tats\u00e4chlich dasselbe Konto wie bei der Bank er\u00f6ffnen, nur ohne Interesse. Der Vorteil ist, dass Sie auch international sehr schnell bezahlen k\u00f6nnen, was beispielsweise mit iDEAL nicht m\u00f6glich ist. In Deutschland wird Paypal jedoch haupts\u00e4chlich von Unternehmen und Privatpersonen verwendet. Sie werden in Zukunft mehr und mehr auf das Paypal-Logo sto\u00dfen, das im Moment einen guten Hinweis auf die Zuverl\u00e4ssigkeit eines Casinos gibt.<\/p>\n<h2>Zahlen Sie Geld in ein PayPal-Casino<\/h2>\n<p>Die \u00dcberweisung von Geld auf Ihr PayPal-Konto ist ein Kinderspiel. Die \u00dcbertragung ist sehr schnell und problemlos. Der erste Schritt f\u00fcr einen Spieler, der mit PayPal zu bezahlen beginnt, ist einfach: Geld auf Ihr Konto einzahlen. Wenn Sie noch kein Konto haben, gehen Sie zur offiziellen PayPal-Website und melden Sie sich an. Ist innerhalb weniger Minuten angeordnet. Nach der Registrierung in einem der PayPal-Casinos w\u00e4hlen Sie in der Liste der Zahlungsoptionen logischerweise PayPal aus. Um Geld auf Ihr Casino-Konto einzuzahlen, m\u00fcssen Sie das Geld mit Ihrem PayPal-Konto \u00fcberweisen. Nat\u00fcrlich ist es wichtig, dass Sie sicherstellen, dass Ihr PayPal-Konto oder Ihre Kredit- oder Debitkarte ausreichen, um die Transaktion tats\u00e4chlich durchzuf\u00fchren. Nachdem Ihre Transaktion akzeptiert wurde, erhalten Sie eine Meldung, dass Ihre \u00dcberweisung problemlos verarbeitet wurde. Spiel es!<\/p>\n<h2>Paypal Casino Vorteile<\/h2>\n<ul>\n<li>Der Service von Paypal ist v\u00f6llig kostenlos<\/li>\n<li>Die Verwendung von Paypal ist sicher und zuverl\u00e4ssig<\/li>\n<li>Sie k\u00f6nnen sehr schnell einzahlen und aufnehmen<\/li>\n<li>Die Umrechnung in verschiedene W\u00e4hrungen wird automatisch angewendet<\/li>\n<li>Es gibt eine mobile Anwendung, die Sie problemlos verwenden k\u00f6nnen<\/li>\n<\/ul>\n<h2>Paypal Casino Nachteile<\/h2>\n<ul>\n<li>Sie k\u00f6nnen es nicht in allen Online-Casinos nutzen<\/li>\n<li>Mit der \u00dcberweisung von Geld sind geringe Kosten verbunden<\/li>\n<\/ul>\n<h2>Die besten Online-Paypal-Casinos<\/h2>\n<p>Es gibt eine F\u00fclle von Online-Casinos, die PayPal als Zahlungssystem akzeptieren. Wenn Sie keine Lust haben, das Internet zu erkunden und nach den besten Optionen Ausschau zu halten, verstehen wir das vollkommen. Deshalb haben wir f\u00fcr Sie einige Dinge aufgelistet. Schauen Sie sich unsere Top-Liste mit den besten Online-PayPal-Casinos an.<\/p>\n<h2>PayPay und die Online Casino World<\/h2>\n<p>Heute ist PayPal nicht nur bei Online-Zahlungen Marktf\u00fchrer bei allen Arten von Eink\u00e4ufen. Das Unternehmen hat sich auch zu einem wichtigen Akteur auf dem Gebiet der Einzahlung und Auszahlung von Geld innerhalb der Online-Casino-Branche entwickelt. Sie werden daher in der Lage sein, zahlreiche PayPal-Casinos online zu finden. Seit der Gr\u00fcndung von PayPal vor 18 Jahren hat sich das Unternehmen bei Online-\u00dcberweisungen einen guten Ruf erworben. Sowohl bei Unternehmen als auch bei Verbrauchern. Urspr\u00fcnglich startete der Pay-Gigant unter dem Namen &#8216;Confinity&#8217; und war f\u00fcr die Sicherheitssoftware f\u00fcr Handger\u00e4te verantwortlich. Erst 1999 trat PayPal in die Welt der Online-Zahlungen ein, die urspr\u00fcnglich f\u00fcr Besitzer von PDAs reserviert waren.<\/p>\n<h2>PayPal-Roulette<\/h2>\n<p>Inzwischen wissen wir, dass Online-Roulette sehr beliebt ist. Vor allem verwenden viele Leute Paypal, um die Zahlungen zu bezahlen. Nat\u00fcrlich funktioniert Paypal auch gut f\u00fcr die Auszahlungen des Online-Casinos, wenn Sie Online-Roulette oder ein Spiel wie Online-Blackjack gewinnen. Das ist nicht schwer, mit unserer Strategie, die Sie hier finden k\u00f6nnen. Viele Spieler haben bereits enorm von diesen Strategien profitiert. Daher empfehlen wir dringend, sie sorgf\u00e4ltig zu lesen. Das Spielen von Roulette mit Paypal unterscheidet sich nicht wesentlich von Online-Casinospielen, die mit Paypal verwendet werden k\u00f6nnen. Diese \u00dcbersicht dient nur der Klarstellung, welche Online-Casinos beim Spielen von Online-Roulette Paypal akzeptieren, und um sicherzustellen, dass Sie gut vorbereitet sind. Unsere besten Online-Casinos, die Online-Roulette anbieten und Paypal verwenden, finden Sie in unserer TopList. \u00dcbrigens gibt es so gut wie kein Casino, in dem Sie nicht mit PayPal bezahlen k\u00f6nnen! Wenn Sie auf einen unserer Links klicken, k\u00f6nnen Sie direkt zu den einzelnen Bewertungen gehen und mehr dar\u00fcber erfahren, was das Online-Casino mit Spezifikationen und Casino-Boni zu bieten hat. Wir empfehlen Ihnen, wenn Sie wirklich mit Paypal bezahlen m\u00f6chten, m\u00fcssen Sie die Unterschiede aller Spiele, Softwareanbieter von Online-Roulette in diesem Fall und Boni durchgehen, bevor Sie die Entscheidung treffen.<\/p>\n<h2>PayPal als sichere E-Wallet<\/h2>\n<p>Die Tatsache, dass 8 Millionen Menschen PayPal als Zahlungsmethode gew\u00e4hlt haben, wenn sie ein Online-Casino besuchen, sagt alles. Es zeigt sich einmal mehr deutlich, wie stark der Ruf des Unternehmens \u00fcber die Jahre war. Auch unter Online-Spielern. Mit der E-Wallet von PayPal k\u00f6nnen Sie schnell und sicher eine Zahlung veranlassen. Sie kennen den Begriff E-Wallet noch nicht? Lassen Sie uns ein paar Dinge kl\u00e4ren. E-Wallets sind sozusagen Online-Geldb\u00f6rsen. Sie erf\u00fcllen den Wunsch des Verbrauchers, online einzukaufen, w\u00e4hrend die Bank- und Kreditkartendaten in einer sicheren Umgebung aufbewahrt werden. Der Hauptvorteil von E-Wallets besteht darin, dass dieses System die erneute Einf\u00fchrung Ihrer Bankdaten \u00fcberfl\u00fcssig macht. Sie m\u00fcssen nicht mehr f\u00fcr jeden Einkauf dieselbe W\u00e4scheliste mit Daten eingeben. Sie k\u00f6nnen sicher sein, dass nur die von Ihnen ausgew\u00e4hlten Daten mit dem PayPal-Casino geteilt werden. Also worauf warten Sie noch? Melden Sie sich an und besuchen Sie uns noch heute in einem der PayPal-Casinos. Es erwarten Sie sch\u00f6ne Gewinne!<\/p>\n<h2>Online-Banking mit Paypal in Casinos<\/h2>\n<p>Schnell und einfach, dies sind die W\u00f6rter, die wir w\u00e4hlen, wenn wir gefragt werden, wie eine Einzahlung oder Zahlung in einem Online-Casino \u00fcber ein PayPal-Konto abl\u00e4uft. Es gibt eine Reihe von Optionen f\u00fcr Spieler, die ein Spiel in einem Online-PayPal-Casino \u00fcber ihr PayPal-Konto spielen m\u00f6chten. Zun\u00e4chst k\u00f6nnen Sie sich f\u00fcr ein Standard-PayPal-Konto entscheiden, das mit Ihren Kredit- oder Debitkartendetails verkn\u00fcpft ist. Zweifelst du, ob das sicher ist? Keine Notwendigkeit daf\u00fcr. PayPal ist bem\u00fcht, seine Kunden zu sch\u00fctzen. Sie sind der Sicherheit, Zuverl\u00e4ssigkeit und Diskretion verpflichtet. Dadurch wird PayPal \u00fcber eigene Server eingerichtet, auf denen vertrauliche Informationen gespeichert sind. Ihre Finanzdaten sind f\u00fcr Webshops, Casinos und Dritte unlesbar. Sie m\u00fcssen Ihre pers\u00f6nliche E-Mail-Adresse f\u00fcr jede Finanztransaktion angeben. Dar\u00fcber hinaus wird der gesamte Datenverkehr mit Datenverschl\u00fcsselung versehen.<\/p>\n<h2>Auszahlungen \u00fcber ein PayPal-Casino<\/h2>\n<p>Die Zahlung Ihres Gewinns \u00fcber PayPal ist so einfach wie eine Einzahlung. Alles, was Sie tun m\u00fcssen, ist zur &#8220;Auszahlungsseite&#8221; des Online-Casinos Ihrer Wahl zu gehen, worauf Sie einige Kn\u00f6pfe dr\u00fccken und Ihre Gewinne erhalten. W\u00e4hlen Sie PayPal als Zahlungsoption, geben Sie Ihre PayPal-Kontoinformationen und den gew\u00fcnschten Betrag ein und best\u00e4tigen Sie die Zahlung. Es kann nicht einfacher sein.<\/p>\n<h2>Transaktion mit Paypal<\/h2>\n<p>Wenn Sie sich f\u00fcr ein Online-Casino entschieden haben, werden Sie bald feststellen, dass eine Einzahlung fast sofort auf Ihrem Konto gutgeschrieben wurde. Sie k\u00f6nnen in wenigen Minuten mit dem Spielen beginnen. Wenn Sie einen guten Gewinn zahlen, dauert es wesentlich mehr Zeit, bis das Geld in Ihrem Besitz ist. Z\u00f6gern Sie nicht, auf ein paar Werktage zu z\u00e4hlen, bevor das Geld auf Ihrem PayPal-Konto ist.<\/p>\n<h2>\u00a0PayPal-Kundenservice<\/h2>\n<p>Der dedizierte Kundenservice von PayPal nimmt seinen Kunden die Zeit. Was auch immer das Problem oder die Frage ist. Wenn Sie bei einem Einsatz in einem der Casinos, die wir mit paypal empfehlen, auf ein Problem sto\u00dfen, geraten Sie nicht in Panik! Dann ist der Kundenservice von PayPal ohnehin f\u00fcr Sie bereit. PayPal-Benutzer k\u00f6nnen den Zahlungsdienst per E-Mail \u00fcber die Schaltfl\u00e4che &#8220;Kontakt&#8221; erreichen, die auf der Website zu finden ist. Lieber anrufen? Der Kundenservice ist auch unter der Woche von 8.00 bis 16.30 Uhr telefonisch erreichbar. Um Kunden schneller bedienen zu k\u00f6nnen, erhalten sie online einen einmaligen Zugangscode, den sie eingeben, wenn sie uns telefonisch kontaktieren. Die Telefonnummer ist frei von einem deutschen Festnetz. Dar\u00fcber hinaus gibt es vor Ort eine praktische FAQ, die alle h\u00e4ufig gestellten Fragen zu PayPal beantwortet.<\/p>\n<h2>Paypal Casino Bonusse<\/h2>\n<p>Wenn Sie nach sch\u00f6nen Boni und Belohnungen suchen, suchen Sie nicht weiter! PayPal-Casinos haben mehr als genug zu bieten. Heute bieten Casinos, die PayPal als Zahlungsmethode verwenden, bei der Anmeldung zahlreiche Boni. Nachdem Ihre Daten registriert wurden, k\u00f6nnen Sie die Boni sofort einl\u00f6sen. Diese Boni betragen normalerweise 5% bis 15% auf eine Einzahlung von einem PayPal-Konto bei einer Mehrheit der PayPal-Casinos. Als Spieler wird empfohlen, die Bedingungen des Casinos rechtzeitig zu lesen. So vermeiden Sie nachtr\u00e4glich \u00dcberraschungen. Das Lesen ist f\u00fcr Sie als Spieler von gro\u00dfer Bedeutung, da es mit jeder Einzahlung Ihren Vorteil gegen\u00fcber dem Haus erh\u00f6ht. Ben\u00f6tigen Sie einen Account?<br \/>\nJa, um PayPal nutzen zu k\u00f6nnen, m\u00fcssen Sie zun\u00e4chst ein Konto erstellen.<\/p>\n<h2>H\u00e4ufig gestellte Fragen zum Paypal Casino<\/h2>\n<ul>\n<li>Kann ich mich registrieren?<br \/>\nDie Registrierung eines Kontos bei PayPal ist v\u00f6llig kostenlos.<\/li>\n<li>K\u00f6nnen Sie PayPal in allen Online-Casinos verwenden?<br \/>\nPayPal kann nicht in allen Online-Casinos verwendet werden. Tats\u00e4chlich behindert es im Allgemeinen die Nutzung seiner Dienste f\u00fcr Gl\u00fccksspiele. Das Unternehmen hat jedoch Ausnahmen von der Regel gemacht. Einige Websites, die nachweislich die Sperrung von Teilnehmern aus nicht regulierten Gerichtsbarkeiten f\u00fcr die Nutzung ihrer Dienste nachgewiesen haben, akzeptieren im Allgemeinen PayPal als Zahlungsmethode. Genau aus diesem Grund haben wir eine Liste von Casinos erstellt, die Ihnen bei der Auswahl eines Casinos helfen, das diese Zahlungsmethode akzeptiert.<\/li>\n<li>Wie viel kann ich \u00fcber PayPal einzahlen?<br \/>\nDer Betrag, den Sie auf Ihr PayPal-Konto einzahlen k\u00f6nnen, ist von Casino zu Casino unterschiedlich. Jedes Casino legt seine eigenen Mindest- und H\u00f6chsteinzahlungen fest, die normalerweise ausreichen, um die Bed\u00fcrfnisse von Ihnen als Spieler zu erf\u00fcllen. Dar\u00fcber hinaus kann PayPal den Tagesbetrag, den Sie an einem Tag \u00fcberweisen, bestimmten Beschr\u00e4nkungen auferlegen.<\/li>\n<li>Fallen bei Ein- und Auszahlungen bei Online-Casinos Kosten an?<br \/>\nPayPal verlangt eine geringe Geb\u00fchr f\u00fcr Einzahlungen und Abhebungen in und von Online-Casinos.<\/li>\n<li>Was passiert, wenn meine W\u00e4hrung nicht von der Casino-Site unterst\u00fctzt wird?<br \/>\nWenn die Casinoseite Ihre W\u00e4hrung nicht unterst\u00fctzt, konvertiert PayPal diese automatisch in eine unterst\u00fctzte W\u00e4hrung.<\/li>\n<\/ul>\n<h2>Fazit<\/h2>\n<p>Sicher und zuverl\u00e4ssig, das sind die Schl\u00fcsselw\u00f6rter von PayPal. Es sollte nicht \u00fcberraschen, dass der \u00fcberw\u00e4ltigende Erfolg dieses Unternehmens dazu gef\u00fchrt hat, dass PayPal-Casinos in den Niederlanden stark an Bedeutung gewonnen haben. Der weltweite Erfolg ist vor allem darauf zur\u00fcckzuf\u00fchren, dass PayPal-Nutzer sicher sein k\u00f6nnen, dass ihre Zahlungen reibungslos und sicher ablaufen. Unter dem Strich k\u00f6nnen Spieler ihre Transaktionen auf eine sehr einfache Art und Weise durchf\u00fchren und dadurch eine gro\u00dfe Auswahl verschiedener Casino-Spiele genie\u00dfen. Machen Sie also noch heute eine Einzahlung und bereiten Sie sich auf einen riesigen Berg Geld vor!<\/p>\n","protected":false},"excerpt":{"rendered":"<p>PayPal Casinos Deutschland 2023 PayPal ist als das meistgenutzte Online-Zahlungssystem der Welt bekannt. Wenn Sie ein regelm\u00e4\u00dfiger Online-Shopper sind, k\u00f6nnen Sie mit PayPal nicht wirklich umgehen. Fr\u00fcher oder sp\u00e4ter m\u00fcssen Sie mit diesem Zahlungssystem in Kontakt gekommen sein. Im Laufe der Jahre hat sich Paypal zu einer der weltweit beliebtesten Zahlungsmethoden f\u00fcr Waren und Dienstleistungen [&hellip;]<\/p>\n","protected":false},"author":1,"featured_media":0,"parent":0,"menu_order":0,"comment_status":"closed","ping_status":"closed","template":"","meta":{"footnotes":""},"categories":[],"tags":[],"class_list":["post-451","page","type-page","status-publish","hentry"],"aioseo_notices":[],"_links":{"self":[{"href":"https:\/\/pokiesportal.com\/de\/wp-json\/wp\/v2\/pages\/451","targetHints":{"allow":["GET"]}}],"collection":[{"href":"https:\/\/pokiesportal.com\/de\/wp-json\/wp\/v2\/pages"}],"about":[{"href":"https:\/\/pokiesportal.com\/de\/wp-json\/wp\/v2\/types\/page"}],"author":[{"embeddable":true,"href":"https:\/\/pokiesportal.com\/de\/wp-json\/wp\/v2\/users\/1"}],"replies":[{"embeddable":true,"href":"https:\/\/pokiesportal.com\/de\/wp-json\/wp\/v2\/comments?post=451"}],"version-history":[{"count":1,"href":"https:\/\/pokiesportal.com\/de\/wp-json\/wp\/v2\/pages\/451\/revisions"}],"predecessor-version":[{"id":997,"href":"https:\/\/pokiesportal.com\/de\/wp-json\/wp\/v2\/pages\/451\/revisions\/997"}],"wp:attachment":[{"href":"https:\/\/pokiesportal.com\/de\/wp-json\/wp\/v2\/media?parent=451"}],"wp:term":[{"taxonomy":"category","embeddable":true,"href":"https:\/\/pokiesportal.com\/de\/wp-json\/wp\/v2\/categories?post=451"},{"taxonomy":"post_tag","embeddable":true,"href":"https:\/\/pokiesportal.com\/de\/wp-json\/wp\/v2\/tags?post=451"}],"curies":[{"name":"wp","href":"https:\/\/api.w.org\/{rel}","templated":true}]}}