{"id":448,"date":"2019-02-07T12:18:04","date_gmt":"2019-02-07T12:18:04","guid":{"rendered":"https:\/\/pokiesportal.com\/de\/?page_id=448"},"modified":"2023-05-21T19:29:57","modified_gmt":"2023-05-21T19:29:57","slug":"merkur-online-casino","status":"publish","type":"page","link":"https:\/\/pokiesportal.com\/de\/merkur-online-casino\/","title":{"rendered":"merkur online casino"},"content":{"rendered":"<h1>Merkur Online Casino Deutschland 2023<\/h1>\n<p>Merkur Online Casino ist ein internationales Unternehmen und Teil der Gauselmann-Gruppe. Merkur Casino geh\u00f6rt zu den f\u00fchrenden Spielautomaten und ist neben dem Betrieb von Casinos auch an der Entwicklung, Produktion und dem Vertrieb von Spielautomaten beteiligt. Dar\u00fcber hinaus werden Online-Casinos, aber auch Wettb\u00fcros verwaltet. Weltweit arbeiten mehr als 8000 Mitarbeiter f\u00fcr dieses internationale Casino-Unternehmen. Das ist alles sch\u00f6n und sch\u00f6n, aber wie sieht es mit dem Online-Gl\u00fccksspielmarkt aus? Das Unternehmen beginnt langsam, aber sicher, seine Produktpalette f\u00fcr Online-Gl\u00fccksspiele zu optimieren, sodass das Merkur Online Casino in den Softwarelisten von Online-Casinos bald zu einem h\u00e4ufigeren Namen wird.<\/p>\n<h2>Die Geschichte des Merkur Casino<\/h2>\n<p>Die Geschichte von Merkur reicht bis ins Jahr 1957 zur\u00fcck. Paul Gauselmann gr\u00fcndete die Gauselmann-Gruppe. Zun\u00e4chst begann Paul mit der Installation von Musikautomaten und Jukeboxen. Erst im Jahr 1974 wurde der erste Merkur-Standort in Delmenhorst (Deutschland) er\u00f6ffnet. Der Name Spielothek wurde gew\u00e4hlt. Die Spielhallen sollten zu dieser Zeit nicht nur zu Hallen werden, sondern wie ein 4-Sterne-Hotel aussehen. Er war einer der ersten, der eine luxuri\u00f6se Umgebung f\u00fcr Spielautomaten geschaffen hat. Im Jahr 1977 erschien der erste von Merkur entwickelte Spielautomat auf dem Markt. Der Spielautomat kam unter dem Namen Mercury auf den Markt, seit 1977 war das Jahr von Mercury. Merkur ist im Laufe der Jahre zu einem Multi-Milliarden-Dollar-Unternehmen gewachsen und hat sich w\u00e4hrend der technologischen Entwicklung auch mehr auf die Entwicklung von Online-Spielen und -Software konzentriert.<\/p>\n<h2>Fast 60 Jahre im Gesch\u00e4ft<\/h2>\n<p>Die Geschichte von Merkur Gaming reicht mehr als 50 Jahre zur\u00fcck. Bis 1957 gr\u00fcndete Paul Gauselmann die &#8220;Gauselmann-Gruppe&#8221;. Ein gro\u00dfes Unternehmen, das sich auf die Herstellung von Spielautomaten und Gl\u00fccksspielen spezialisiert hat. Tats\u00e4chlich hat der Gesch\u00e4ftsmann unter seinem Namen rund 200 Titel und andere Erfindungen patentiert. Das ist ein echter Ruf f\u00fcr Einfallsreichtum und Innovation. Sie k\u00f6nnen also ziemlich sicher sein, dass dieser Softwarehersteller einige sehr interessante Spiele anbietet. Heute besch\u00e4ftigt die Gauselmann-Gruppe mehr als 8.000 Mitarbeiter und Paul Gauselmann ist in der deutschen Gesch\u00e4ftswelt eine renommierte Pers\u00f6nlichkeit. F\u00fcr seine Gesch\u00e4fts- und Technologiedienstleistungen erhielt er ein Bundesverdienstkreuz und ist Ehrenb\u00fcrger von Espelkamp und Leubbecke, wo seine Unternehmen ans\u00e4ssig sind. Er hat sogar eine Stiftung gegr\u00fcndet, die soziale Projekte in seiner Heimatstadt unterst\u00fctzt. Sie haben vielleicht noch nie von ihm geh\u00f6rt, aber dieser Mann ist in der Tat eine Legende in der deutschen Gl\u00fccksspielindustrie und eine Legende f\u00fcr sich.<\/p>\n<h2>Merkur und Online Casinos<\/h2>\n<p>Merkur konzentriert sich nicht nur auf landbasierte Casinos. Sie konzentrieren sich mit ihrer Tochtergesellschaft Merkur Interactive GmbH auch auf den Online-Markt und haben eine eigene Online-Casino-Software entwickelt. Die Gruppe hat auch eigene Online-Casinos wie: Merkurmagic, Merkur24 &amp; Merkur-win. Merkur arbeitet auch mit eigenen Online-Zahlungsm\u00f6glichkeiten.<\/p>\n<h2>Merkur Gaming Software<\/h2>\n<p>Normalerweise bringt man deutsche Technik in Autos und Fu\u00dfballmannschaften ein, aber Merkur Gaming bringt diese gro\u00dfartige Maschinenkunst in die Welt der Spielautomaten. Mit einer beeindruckenden Geschichte in der Online-Spielewelt und einer erstklassigen Palette landbasierter Spiele im Repertoire sollte dieser Softwareentwickler nicht \u00fcbersehen werden. Das Unternehmen verf\u00fcgt \u00fcber mehr als 150 verschiedene Titel, von denen viele online in einer kleinen Auswahl von Online-Casino-Websites verf\u00fcgbar sind. Obwohl Merkur-Slots hinsichtlich Design und grafischer Darstellung m\u00f6glicherweise nicht ganz an der Spitze stehen, gibt es eine gro\u00dfe Vielfalt. Was auch immer Sie m\u00f6gen, es gibt definitiv ein Spiel Ihrer Tr\u00e4ume dazwischen!<\/p>\n<h2>Online-Merkur-Spiele<\/h2>\n<p>Viele der vorhandenen Merkur-Spielautomaten wurden in eine Online-Jacke gesteckt. Dies bietet ein bisschen Erkennbarkeit und die Tatsache, dass man theoretisch rund um die Uhr an Merkurs Spielen spielen kann. Online sehen wir einige Topper wie: Tripple Chance und Magic Mirror, aber das Spielerlebnis ist nur ein bisschen angenehmer. Die Farben kommen besser zur Geltung und au\u00dferdem ist das Spielen dieser Spiele angenehmer, da nat\u00fcrlich fast keine Fehler auftreten. Dar\u00fcber hinaus sehen wir h\u00f6here Jackpots im Zusammenhang mit diesen Spielen, auch weil die Spielhallen auf gesetzliche Standards beschr\u00e4nkt sind.<\/p>\n<h2>Spielangebot im Merkur Online Casino<\/h2>\n<p>Wie bereits erw\u00e4hnt, befasst sich Merkur nicht nur mit der Entwicklung von Spielautomaten an Land. Erw\u00e4hnenswert sind auch die Online-Spiele.<\/p>\n<h2>Klassische Slots<\/h2>\n<p>Dieser Softwareentwickler hat eine Reihe von unglaublich unterschiedlichen Themen in seinem Katalog, der 150 verschiedene Spiele enth\u00e4lt. Diese gibt es in allen Formen und Gr\u00f6\u00dfen, von guten alten Klassikern mit 3 Rollen, aber auch von epischen 5-Rollen-Videoabenteuern. Sie k\u00f6nnen auch eine Vielzahl zus\u00e4tzlicher Funktionen erwarten, um sicherzustellen, dass jede Runde mit hohen Erwartungen und Wundern beantwortet wird. Beginnen wir mit den Grundprinzipien. die 3 Walzen Retro-Titel. Und wo kann man besser anfangen als mit der Triple Chance-Spielserie. Das originale Triple Chance hat 3 Walzen und 5 Gewinnlinien. Es verf\u00fcgt \u00fcber zeitlose Symbole, die Sie auf einer Obstmaschine im Arcade-Stil finden w\u00fcrden. Es verf\u00fcgt auch \u00fcber eine &#8220;rewin&#8221; -Funktion, die eine Kompensation bietet, wenn Spieler eine schlechte Runde machen. Es gibt auch eine Doppel-Dreifach-Chance und ein Dreifach-Dreifach-Chance-Spiel, die beide die Anzahl der verf\u00fcgbaren &#8220;Wiederholungsm\u00f6glichkeiten&#8221; erh\u00f6hen. Spinner k\u00f6nnen die Spannung auch erh\u00f6hen, indem sie einige klassische Spiele mit 5 Walzen spielen. Diese bieten alle die gleichen bunten Fruchtsymbole, w\u00e4hrend weitere Gewinnlinien und andere lohnende Elemente wie Multiplikatoren, Wilds und Scatter hinzugef\u00fcgt wurden. Sehen Sie sich &#8220;Fruitopia&#8221;, &#8220;Cash Fruits Plus&#8221; und &#8220;Dazzling&#8221; an, um zus\u00e4tzlichen Gewinn zu erzielen!<\/p>\n<h2>Ein Hauch von Mythos und Magie<\/h2>\n<p>Die Dinge werden wirklich interessant, wenn Sie sich aus der Vintage-Kollektion wagen und Slots mit einem v\u00f6llig neuen Thema ausprobieren. Die Software von Merkur zeichnet sich aus, wenn es um wirklich au\u00dfergew\u00f6hnliche Themen geht. Haben Sie jemals einen Titel gefunden, der auf diesen pixeligen Arcade-Videospielen basiert? Sie finden das bei Reel&#8217;n&#8217;Run. Oder wie beurteilen Sie die Teilnahme an einem Team von Schn\u00fcfflern mit Fuchs, Eule und B\u00e4r? Sehen Sie sich &#8216;Mission for 3&#8217; an, um einen Mord zu l\u00f6sen und Freispiele zu erhalten.<\/p>\n<h2>Merkur Online-Spielgenres<\/h2>\n<p>Ein Thema, das Merkur wirklich mag, ist das Action-Adventure-Genre. Speziell f\u00fcr mittelalterliche und mythische Themen, die magische Elemente, Drachen und herrlichen Reichtum ausstrahlen. Dies sind Spiele wie &#8216;Arcane Amulet&#8217; mit 4 Walzen, bei denen ein K\u00f6nig nur durch die Suche nach einem bezaubernden Edelstein echten Ruhm findet. Alternativ k\u00f6nnen Sie die 5 Walzen und 40 Gewinnlinien &#8216;Brynhild&#8217; in HD spielen. Dies basiert auf der legend\u00e4ren Kriegerin der norwegischen Folklore. Es gibt viele andere Titel, die in diese Kategorie fallen, wie: &#8220;Crimson Mage&#8221;, &#8220;Drachenschatz&#8221;, &#8220;Gods of Midgard&#8221;, &#8220;Ritterleben&#8221;, &#8220;Odin HD&#8221; und &#8220;World of Wizard&#8221;. Wenn die mittelalterliche Geschichte nichts f\u00fcr Sie ist, gibt es viele weitere historische Zeitfenster, die sich auf das Luxusleben und den Reichtum des alten Nahen Ostens konzentrieren. Titel wie \u201eAlhambra\u201c, \u201ePyramide der Macht\u201c und \u201eGold of Persia\u201c bieten reichhaltige historische Abenteuer in w\u00e4rmeren Regionen. Wenn Geschichte nicht Ihr Ding ist, k\u00f6nnen Sie eine Reihe von zeitgen\u00f6ssischen Spielen sehen. Wie die 3-Rollen &#8216;Skate Jam&#8217; oder das futuristische 5-Walzen-Spiel Scidonia.<\/p>\n<h2>Ein paar andere M\u00f6glichkeiten<\/h2>\n<p>Merkurs Spielentwicklung ist sicherlich auf die Online-Slots-Seite des Unternehmens ausgerichtet. Das Unternehmen bietet jedoch auch Online-Casino-basierte Spiele mit Titeln wie &#8220;Classic Poker&#8221;, &#8220;Kenotopia&#8221; und &#8220;Classic Keno&#8221; und &#8220;Bahamas&#8221; an. Wenn es um die Qualit\u00e4t von Grafiken geht, ist dieser Softwareanbieter nicht der konsistenteste. Die Wahrheit ist, dass einige Spiele in ihrer Bibliothek auf dem Gebiet der visuellen \u00c4sthetik nicht mithalten k\u00f6nnen. Nehmen Sie zum Beispiel &#8220;Mystic Dragon&#8221;, ein Spiel mit einem feuerspeienden Biest und mit 3D-Animation. Das w\u00fcrde normalerweise erstaunliche Action und fesselnde Soundeffekte bedeuten. Aber in Wirklichkeit entspricht die Animation einem sehr einfachen Standard, was es langweilig macht, wenn es be\u00e4ngstigend sein sollte. Dies ist jedoch ein Unternehmen, das seit mehr als f\u00fcnf Jahrzehnten aktiv ist, so dass wir mit einer Reihe veralteter Spielautomaten in der Sammlung rechnen k\u00f6nnen. Positiv ist, dass die neueren Versionen von Merkur in HD verf\u00fcgbar sind. Dies bedeutet, dass &#8216;The Will of Scidonia&#8217;, &#8216;Odin&#8217; und &#8216;Electric Burst&#8217; optisch atemberaubend und faszinierend sind.<\/p>\n<h2>Fazit<\/h2>\n<p>Dieser Softwareentwickler hat eine sehr lange Geschichte auf dem Markt f\u00fcr Gl\u00fccksspiele. Dar\u00fcber hinaus verf\u00fcgt das Unternehmen \u00fcber den CEO der Muttergesellschaft, den erfinderischen und gemeinn\u00fctzigen Paul Gauselmann. Das Wichtigste ist nat\u00fcrlich die Qualit\u00e4t der angebotenen Slots. Sie werden sicherlich einen Hit bekommen, wenn es um die Qualit\u00e4t der Grafik geht. Aber man kann sicher sein, dass jedes Spiel etwas bietet, das sich ein wenig von der Norm unterscheidet. Da immer mehr Merkur-Spielautomaten online sind, stehen sie bald auf der Wunschliste eines jeden Casino-Enthusiasten.<\/p>\n","protected":false},"excerpt":{"rendered":"<p>Merkur Online Casino Deutschland 2023 Merkur Online Casino ist ein internationales Unternehmen und Teil der Gauselmann-Gruppe. Merkur Casino geh\u00f6rt zu den f\u00fchrenden Spielautomaten und ist neben dem Betrieb von Casinos auch an der Entwicklung, Produktion und dem Vertrieb von Spielautomaten beteiligt. Dar\u00fcber hinaus werden Online-Casinos, aber auch Wettb\u00fcros verwaltet. Weltweit arbeiten mehr als 8000 Mitarbeiter [&hellip;]<\/p>\n","protected":false},"author":1,"featured_media":0,"parent":0,"menu_order":0,"comment_status":"closed","ping_status":"closed","template":"","meta":{"footnotes":""},"categories":[],"tags":[],"class_list":["post-448","page","type-page","status-publish","hentry"],"aioseo_notices":[],"_links":{"self":[{"href":"https:\/\/pokiesportal.com\/de\/wp-json\/wp\/v2\/pages\/448","targetHints":{"allow":["GET"]}}],"collection":[{"href":"https:\/\/pokiesportal.com\/de\/wp-json\/wp\/v2\/pages"}],"about":[{"href":"https:\/\/pokiesportal.com\/de\/wp-json\/wp\/v2\/types\/page"}],"author":[{"embeddable":true,"href":"https:\/\/pokiesportal.com\/de\/wp-json\/wp\/v2\/users\/1"}],"replies":[{"embeddable":true,"href":"https:\/\/pokiesportal.com\/de\/wp-json\/wp\/v2\/comments?post=448"}],"version-history":[{"count":1,"href":"https:\/\/pokiesportal.com\/de\/wp-json\/wp\/v2\/pages\/448\/revisions"}],"predecessor-version":[{"id":995,"href":"https:\/\/pokiesportal.com\/de\/wp-json\/wp\/v2\/pages\/448\/revisions\/995"}],"wp:attachment":[{"href":"https:\/\/pokiesportal.com\/de\/wp-json\/wp\/v2\/media?parent=448"}],"wp:term":[{"taxonomy":"category","embeddable":true,"href":"https:\/\/pokiesportal.com\/de\/wp-json\/wp\/v2\/categories?post=448"},{"taxonomy":"post_tag","embeddable":true,"href":"https:\/\/pokiesportal.com\/de\/wp-json\/wp\/v2\/tags?post=448"}],"curies":[{"name":"wp","href":"https:\/\/api.w.org\/{rel}","templated":true}]}}