{"id":434,"date":"2019-02-04T16:41:47","date_gmt":"2019-02-04T16:41:47","guid":{"rendered":"https:\/\/pokiesportal.com\/de\/?page_id=434"},"modified":"2023-05-21T19:26:53","modified_gmt":"2023-05-21T19:26:53","slug":"high-roller-casino","status":"publish","type":"page","link":"https:\/\/pokiesportal.com\/de\/high-roller-casino\/","title":{"rendered":"high roller casino"},"content":{"rendered":"<h1>High Roller Casino Deutschland 2023<\/h1>\n<p>Ein ernsthafter Spieler kennt wahrscheinlich die Vorteile von VIP Casinos. Als VIP werden Sie im Casino mit besonderer Aufmerksamkeit behandelt und erhalten im Vergleich zu &#8220;normalen Spielern&#8221; eine Menge Extras. Sie gelten nicht nur als professioneller High Roller, sondern erhalten auch den Titel VIP. Der Titel macht Spa\u00df, aber die Vorteile k\u00f6nnen je nach Casino variieren. Wenn Sie ein High Roller sind, werden Sie sicherlich mit den unz\u00e4hligen VIP-Boni vertraut sein, die Ihr High Roller Casino zu bieten hat. Noch nie von einem High Roller geh\u00f6rt? Ein High Roller ist ein Spieler, der mit gro\u00dfen Betr\u00e4gen spielt und eine kr\u00e4ftige Bankroll vorweisen kann. Er gibt viel aus und gewinnt noch mehr. Bist du so ein Spieler, der gerne f\u00fcr das gro\u00dfe Geld geht? Dann empfehlen wir Ihnen einen Blick auf unsere Top Online Casinos Liste, in der wir ausw\u00e4hlen k\u00f6nnen, welches deutsche Online Casino am besten zu Ihnen passt.<\/p>\n<h2>Das beste High Roller Casino zum Spielen<\/h2>\n<p>Online gibt es unz\u00e4hlige Casinos, die behaupten, die h\u00f6chsten und besten Boni f\u00fcr Sie zu haben. Nicht alle sind gleicherma\u00dfen sicher. Einige haben einen fragw\u00fcrdigen Ruf. Dank unserer Liste mit den besten High Roller Casinos m\u00fcssen Sie nicht stundenlang im Internet suchen und nach einem geeigneten Casino suchen, um abends von Ihrem Lazy Chair aus zu spielen. Dank der Experten von PokiesPortal k\u00f6nnen Sie sofort in einem der sorgf\u00e4ltig ausgew\u00e4hlten Casinos auf unserer Startseite loslegen. Alle Casinos verf\u00fcgen \u00fcber eine Gl\u00fccksspiellizenz und werden von Gl\u00fccksspielbeh\u00f6rden mit gutem Ruf reguliert. PokiesPortal hat alle Casinos kritisch \u00fcberpr\u00fcft und anschlie\u00dfend eine fundierte Bewertung der Boni, Spiele, Grafiken, Sound, Software und der Aussch\u00fcttungsquote vorgenommen. Also worauf warten Sie noch? Melden Sie sich noch heute an!<\/p>\n<h2>Warum VIP werden?<\/h2>\n<p>Wenn Sie viel Geld ausgeben, verdienen Sie den damit verbundenen Lebensstil eines VIP-Spielers, voller Luxus und Opulenz. Durch eine Registrierung bei einem High Roller Casino k\u00f6nnen Sie sowohl die VIP-Boni als auch die unz\u00e4hligen exklusiven Pr\u00e4mien nutzen, die das Online Casino bietet. Als Sahneh\u00e4ubchen haben Sie den Vorteil, dass Sie Ihren eigenen Casino-Host zugewiesen bekommen, genau wie in einem physischen Casino in Las Vegas, wenn Sie anfangen, um das gro\u00dfe Geld zu spielen. Au\u00dferdem haben Sie das Gl\u00fcck, dass Sie als High Roller zuerst \u00fcber die besonderen Boni und Promotionen im Online Casino erfahren. Vom ersten Moment an werden sie den Spielern angeboten. Sie k\u00f6nnen sich auch auf die Unterst\u00fctzung bei Einzahlungen und Zahlungen verlassen.<\/p>\n<h2>Was sind die Vorteile eines VIP in einem Online Casino?<\/h2>\n<ul>\n<li>Als VIP-Spieler erhalten Sie in den meisten VIP-Casinos einen pers\u00f6nlichen Account-Manager. Diese VIP-Escorts stehen Ihnen in den meisten F\u00e4llen 24 Stunden am Tag zur Verf\u00fcgung.<\/li>\n<li>Als High Roller k\u00f6nnen Sie an bestimmten Blackjack- und Roulette-Tischen mit h\u00f6heren Limits spielen.<\/li>\n<li>Sie erhalten ma\u00dfgeschneiderte Angebote, die Ihrem Spielstil entsprechen. Spielen Sie zum Beispiel viele Microgaming-Slots? Dann erhalten Sie sicherlich ein wunderbares Angebot f\u00fcr diese Slots.<\/li>\n<li>Sie erhalten Zugang zu VIP-Spielen, die nicht von anderen gespielt werden k\u00f6nnen.<br \/>\nBesonderer Geburtstagsbonus und High Roller Casino Bonus.<\/li>\n<li>Wenn Sie Freispiele erhalten, handelt es sich nicht um Spins von 0,10 Cent. Nein, das sind viel wertvollere Spins.<\/li>\n<li>Viel bessere Promotionen<\/li>\n<li>Monatlicher Cashback<\/li>\n<\/ul>\n<h2>Wie ist dein VIP in einem Online Casino?<\/h2>\n<p>Wie unterscheidet sich Ihr VIP-Spieler von einem Online-Casino? In einigen Casinos gibt es Level, die Sie durchspielen m\u00fcssen. In einem anderen Casino k\u00f6nnen Sie sofort zum VIP gehen, wenn Sie zeigen k\u00f6nnen, dass Sie ein ernsthafter Spieler sind.<br \/>\nFragen Sie daher immer nach den M\u00f6glichkeiten, wenn Sie sich angemeldet haben. Es wird Sie \u00fcberraschen, wie einfach es sein kann, im Casino als VIP zu spielen.<\/p>\n<h2>Tipps, um ein VIP High Roller zu werden<\/h2>\n<p>Um zu zeigen, dass du ein ernsthafter High Roller Spieler bist, musst du dich zuerst beweisen. Um dies zu zeigen, ben\u00f6tigen Sie einen Account im Casino. Registrieren Sie sich in einem der Casinos von der Liste und spielen Sie mit hohen Eins\u00e4tzen. Was sind eigentlich hohe Wetten und wann wird es als High Roller betrachtet? Wenn wir \u00fcber Video Slots und Slots sprechen, sind Eins\u00e4tze von 5 bis 10 Euro pro Spin das Minimum. F\u00fcr Tischspiele wie Online-Roulette und Blackjack ist an den &#8220;exklusiven&#8221; Tischen ein Mindesteinsatz von 5 bis 10 \u20ac oder h\u00f6her erforderlich. Wenn Sie sich den &#8220;PRO&#8221; -Tischen von Blackjack anschlie\u00dfen m\u00f6chten, beginnt der Einsatz bei 200 \u20ac. Sind Sie bereits VIP in einem anderen Casino? Registrieren Sie sich im neuen Casino und kontaktieren Sie den Live-Chat des Casinos. Als High Roller haben Sie den Vorteil, dass das Casino Ihnen ein Angebot machen m\u00f6chte, sofort VIP-Mitglied zu werden. Sie k\u00f6nnen dann im Live-Chat erw\u00e4hnen, dass Sie bestimmte Vorteile in einem anderen Casino haben, die Sie auch im neuen Casino haben m\u00f6chten. Es lohnt sich zu verhandeln, weil Sie f\u00fcr den Rest Ihres Lebens davon profitieren werden.<\/p>\n<ul>\n<li>Fragen Sie immer nach einem monatlichen Cashback. Selbst wenn Sie den Monat mit einem Verlust abschlie\u00dfen, haben Sie immer noch etwas \u00fcbrig, weil das Casino Ihnen etwas Geld zur\u00fcckgibt.<\/li>\n<li>Bleiben Sie in Kontakt mit Ihrem pers\u00f6nlichen VIP-Manager. Bei Fragen und hohen Grenzwerten k\u00f6nnen Sie sich jederzeit an Ihren pers\u00f6nlichen Manager wenden.<\/li>\n<li>Spielen Sie mit h\u00f6heren Limits. Die Chancen auf einen ernsthaften Gewinn sind immer h\u00f6her, wenn Sie mit hohen Limits spielen.<\/li>\n<\/ul>\n<h2>Exklusive Bonusangebote<\/h2>\n<p>Derzeit bieten Online-Casinos Neukunden Boni an. Dar\u00fcber hinaus bieten sie eine Vielzahl anderer Bonusse und Promotionen. Wenn Sie ein High Roller sind, profitieren Sie von viel besseren und h\u00f6heren Anmeldeboni. Sie k\u00f6nnen auch auf exklusive Treuepr\u00e4mien z\u00e4hlen, die f\u00fcr den High Roller viel h\u00f6her sind als f\u00fcr den durchschnittlichen Spieler. Je h\u00f6her der Bonus, desto h\u00f6her das Risiko, das Sie bei Ihrem Lieblings-Casino-Spiel eingehen k\u00f6nnen. Es ist auch m\u00f6glich, dass bestimmte Online-Casinos ein Wettlimit anwenden. Sie werden das automatisch bemerken.<\/p>\n<h2>Lesen Sie die Allgemeinen Gesch\u00e4ftsbedingungen des High Roller Casino<\/h2>\n<p>Trotz der Tatsache, dass die High Roller Casinos auf unserer Website mit gr\u00f6\u00dfter Sorgfalt ausgew\u00e4hlt wurden, m\u00fcssen Sie bedenken, dass jedes Online Casino seine eigenen Allgemeinen Gesch\u00e4ftsbedingungen (Bedingungen) hat. Wir empfehlen, dass Sie dies immer sorgf\u00e4ltig lesen, bevor Sie sich anmelden. Denken Sie jedoch auch daran, dass in einigen F\u00e4llen die kleineren Boni zu den h\u00f6chsten Gewinnen f\u00fchren. Die h\u00f6chsten Boni haben oft die meisten Bedingungen.<\/p>\n<h2>Exklusive Boni f\u00fcr VIP-Spieler verf\u00fcgbar<\/h2>\n<p>Wenn Sie als High Roller den Wechsel von einem physischen Casino zu einem Online Casino in Erw\u00e4gung ziehen, k\u00f6nnen Sie sich auf alle m\u00f6glichen exklusiven Vorteile vorbereiten. Sehen Sie sich unsere Worte an, es f\u00fchlt sich an, als w\u00fcrde der rote Teppich f\u00fcr Sie ausgerollt. Wenn Sie ein High Roller Casino aus unserer Liste ausw\u00e4hlen und einen Geldbetrag auf Ihr neu erstelltes Konto einzahlen, geben Sie alle Arten exklusiver Feiertage und Reisen ein. Besonders wenn das Online Casino Teil eines gro\u00dfen physischen Casinos ist.<\/p>\n<h2>High Roller Casino Spiele<\/h2>\n<p>Die beliebtesten Spiele unter High Rollers sind die Spiele, die das Potenzial haben, gemeinsam gro\u00dfe Gewinne zu erzielen. Dies betrifft haupts\u00e4chlich Slots, Blackjack, Roulette und Baccarat. Die meisten dieser Spiele, mit Ausnahme der Slots, finden Sie unter der Live-Dealer-Registerkarte. High Rollers m\u00f6gen auch Online-Slots &#8211; die maximalen Eins\u00e4tze sind oft viel h\u00f6her als in landbasierten Casinos, und die hohen Auszahlungsraten helfen auch sehr. Diese hohen Eins\u00e4tze k\u00f6nnen zu wahnsinnig hohen Auszahlungen f\u00fchren, die Tonnen ansteigen k\u00f6nnen. Die Geschichte des Spielers eines nicht zu erw\u00e4hnen;) Casinos, das mit High Roller-Wetten fast eine Million Euro zusammen auf dem Play&#8217;n GO-Slot Reactoonz spielte, ist nat\u00fcrlich legend\u00e4r. Und doch ist es nicht einzigartig. Online-Slots k\u00f6nnen Ihre Eins\u00e4tze tausendfach auszahlen. Wenn Sie zur richtigen Zeit den richtigen Slot treffen, kann der Blitz zweimal schlagen.<\/p>\n<h2>High Roller Slot<\/h2>\n<p>Wenn es um Popularit\u00e4t geht, gibt es nur wenige Spiele, die so popul\u00e4r sind wie die Slot-Spiele, mit blinkenden und blinkenden Lichtern, eing\u00e4ngigen Melodien und stimmungssteigernden Soundeffekten. Die Kaution variiert zwischen 20 Euro und 5.000 Euro pro Spielzug. Je h\u00f6her die Betr\u00e4ge, mit denen Sie spielen, desto mehr Geld k\u00f6nnen Sie logischerweise gewinnen. Hohe Rollen, die zwischen 5.000 und 20.000 Euro pro Runde sammeln, sind hier keine Ausnahme. Nat\u00fcrlich schmecken und spielen nicht alle High-Roller in denselben Schlitzen. Es gibt jedoch Schlitze, die bei hohen Rollen beliebter sind als andere Schlitze. Dies sind insbesondere die Slots, die hohe Auszahlungen ohne progressiven Jackpot bieten. Denken Sie an Auszahlungen von 2.500 x dem Einsatz oder mehr pro Spin. Fast alle dieser Slots weisen eine mittlere bis hohe Varianz auf. Wenn Sie stark wetten m\u00f6chten, dann vorzugsweise auf einen Slot, an dem Sie hohe Auszahlungen erhalten k\u00f6nnen.<\/p>\n<h2>High Roller Blackjack<\/h2>\n<p>Wenn Sie kein Spiel spielen m\u00f6chten, das ausschlie\u00dflich auf Gl\u00fcck basiert, m\u00f6chten Sie vielleicht ein Blackjack-Spiel in Betracht ziehen. Dieses klassische Tischspiel erfordert eine Kombination aus Strategie und Gl\u00fcck. Ein besonders s\u00fcchtig machendes Spiel, das Sie und Ihre Mitspieler stundenlang gl\u00fccklich machen wird. Heute bieten Online-Casinos die M\u00f6glichkeit, verschiedene Blackjack-Formen zu spielen, die alle mit fantastischen Preisen in Aussicht stehen. Die Eins\u00e4tze und Limits variieren je nach Casino. Denken Sie also daran, die Allgemeinen Gesch\u00e4ftsbedingungen zu lesen, bevor Sie mit dem Spielen beginnen.<\/p>\n<h2>High Roller Roulette<\/h2>\n<p>Dieses legend\u00e4re Spiel ist eine Freude f\u00fcr jeden Spieler. Das auf Gl\u00fcck basierende Roulette hat alles: Spannung, Sensation und Adrenalin. Wenn Sie als High Roller das Roulette spielen m\u00f6chten, k\u00f6nnen Sie zwischen drei Varianten w\u00e4hlen: Amerikanisches Roulette, Europ\u00e4isches Roulette und 3D-Roulette. Die Experten von PokiesPortal empfehlen Ihnen, unsere Roulette-Strategien sorgf\u00e4ltig zu lesen, bevor Sie mit dem Spielen beginnen. Auf diese Weise sind Sie f\u00fcr den Roulettetisch bestens ger\u00fcstet!<\/p>\n<h2>High Roller Baccarat<\/h2>\n<p>Baccarat ist ein Spiel, das Gl\u00fcck und Geheimnis verbindet. Es ist sehr einfach zu erlernen und zieht jeden Tag eine gro\u00dfe Anzahl an High Rollers an den Spieltisch. Der Hauptgrund daf\u00fcr, dass dieses Spiel bei Spielern so beliebt ist, r\u00fchrt von der Tatsache her, dass Sie keine vorbereitete Strategie ben\u00f6tigen. Eine weitere Erkl\u00e4rung f\u00fcr die Beliebtheit von Baccarat liegt im geringen Vorteil des Hauses, nur 1%.<\/p>\n<h2>Fazit: Bereiten Sie sich auf ein Leben als Superstar vor!<\/h2>\n<p>Mit den Spielregeln vertraut? Wissen, wann Sie Ihre Gewinne auszahlen lassen? Kann das richtige Casino w\u00e4hlen? Wenn Sie diese drei Fragen mit einem klaren &#8220;Ja&#8221; beantworten, kann es gut sein, dass Sie einen schicksalhaften Gewinn nach dem anderen erzielen. M\u00f6chten Sie sich in einem der High Roller Casinos anmelden? Dann w\u00e4hlen Sie eines der gro\u00dfartigen High Roller Casinos auf dieser Seite. Viel spa\u00df<\/p>\n","protected":false},"excerpt":{"rendered":"<p>High Roller Casino Deutschland 2023 Ein ernsthafter Spieler kennt wahrscheinlich die Vorteile von VIP Casinos. Als VIP werden Sie im Casino mit besonderer Aufmerksamkeit behandelt und erhalten im Vergleich zu &#8220;normalen Spielern&#8221; eine Menge Extras. Sie gelten nicht nur als professioneller High Roller, sondern erhalten auch den Titel VIP. Der Titel macht Spa\u00df, aber die [&hellip;]<\/p>\n","protected":false},"author":1,"featured_media":0,"parent":0,"menu_order":0,"comment_status":"closed","ping_status":"closed","template":"","meta":{"footnotes":""},"categories":[],"tags":[],"class_list":["post-434","page","type-page","status-publish","hentry"],"aioseo_notices":[],"_links":{"self":[{"href":"https:\/\/pokiesportal.com\/de\/wp-json\/wp\/v2\/pages\/434","targetHints":{"allow":["GET"]}}],"collection":[{"href":"https:\/\/pokiesportal.com\/de\/wp-json\/wp\/v2\/pages"}],"about":[{"href":"https:\/\/pokiesportal.com\/de\/wp-json\/wp\/v2\/types\/page"}],"author":[{"embeddable":true,"href":"https:\/\/pokiesportal.com\/de\/wp-json\/wp\/v2\/users\/1"}],"replies":[{"embeddable":true,"href":"https:\/\/pokiesportal.com\/de\/wp-json\/wp\/v2\/comments?post=434"}],"version-history":[{"count":1,"href":"https:\/\/pokiesportal.com\/de\/wp-json\/wp\/v2\/pages\/434\/revisions"}],"predecessor-version":[{"id":991,"href":"https:\/\/pokiesportal.com\/de\/wp-json\/wp\/v2\/pages\/434\/revisions\/991"}],"wp:attachment":[{"href":"https:\/\/pokiesportal.com\/de\/wp-json\/wp\/v2\/media?parent=434"}],"wp:term":[{"taxonomy":"category","embeddable":true,"href":"https:\/\/pokiesportal.com\/de\/wp-json\/wp\/v2\/categories?post=434"},{"taxonomy":"post_tag","embeddable":true,"href":"https:\/\/pokiesportal.com\/de\/wp-json\/wp\/v2\/tags?post=434"}],"curies":[{"name":"wp","href":"https:\/\/api.w.org\/{rel}","templated":true}]}}