{"id":427,"date":"2019-02-04T16:08:41","date_gmt":"2019-02-04T16:08:41","guid":{"rendered":"https:\/\/pokiesportal.com\/de\/?page_id=427"},"modified":"2023-05-21T19:26:15","modified_gmt":"2023-05-21T19:26:15","slug":"bitcoin-casino","status":"publish","type":"page","link":"https:\/\/pokiesportal.com\/de\/bitcoin-casino\/","title":{"rendered":"bitcoin casino"},"content":{"rendered":"<h1>Bitcoin Casinos Deutschland 2023<\/h1>\n<p>Die Tatsache, dass Sie online mit Bitcoins spielen k\u00f6nnen, ist den meisten Menschen bekannt, aber warum ist es so einzigartig? Die Struktur des Bitcoin-Gl\u00fccksspiels entspricht dem regul\u00e4ren Online-Gl\u00fccksspiel. Mit Bitcoins ist das Spielen jedoch noch einmaliger. Sie k\u00f6nnen viel gewinnen, aber auch den Gewinn steigern. Ein guter Zeitpunkt, um herauszufinden, was es Ihnen bringt. K\u00f6nnen Sie der Versuchung in den Bitcoin-Casinos nicht widerstehen? Dann ist es h\u00f6chste Zeit, dass Sie etwas dagegen unternehmen, denn sonst werden Sie viele M\u00f6glichkeiten verpassen. Der einzige Weg, um herauszufinden, warum Bitcoin-Gl\u00fccksspiele so einzigartig ist, besteht darin, selbst mitzumachen!<\/p>\n<h2>Warum ein Bitcoin Casino?<\/h2>\n<p>Wenn Sie in Foren lesen oder Leute fragen, was sie an Bitcoin Casinos m\u00f6gen? Dann kommen viele mit dem Live-Casino, das angeboten wird. Wenn Sie sich f\u00fcr ein Live-Bitcoin-Casino entscheiden, k\u00f6nnen Sie so spielen, als ob Sie in einem echten Casino w\u00e4ren. In Bezug auf das Spielen von Tischspielen bringt dies viel mehr Spannung mit sich. Um in einem Bitcoin Casino live spielen zu k\u00f6nnen, m\u00fcssen Sie immer \u00fcber ein Konto verf\u00fcgen. Live-Casinos sind nur f\u00fcr Geld zug\u00e4nglich und k\u00f6nnen nur verwendet werden, wenn Sie angemeldet sind. Wenn Sie live in einem Bitcoin Live Casino spielen, werden Sie feststellen, dass das gesamte Spiel \u00fcber eine Kameraverbindung abgewickelt wird. So k\u00f6nnen Sie vom Haus aus auf der Konsole beobachten, die Sie in einem echten Casino ausgew\u00e4hlt haben. Die anwesenden H\u00e4ndler machen die Ergebnisse nat\u00fcrlich live!<\/p>\n<h2>Vorteile des Bitcoin-Gl\u00fccksspiels<\/h2>\n<p>Bitcoin-Gl\u00fccksspiele sind sehr interessant und viele Menschen sind Ihnen vorausgegangen! Was brauchst du, wenn du auch spielen m\u00f6chtest? Auf jeden Fall ein digitales E-Wallet f\u00fcr Ihr Bitcoin-Guthaben, Sie ben\u00f6tigen die richtige Software und dann kann die Party fast beginnen! Sie m\u00fcssen \u00fcberpr\u00fcfen, mit wie vielen Bitcoins Sie spielen werden. Die Gewinnchancen sind gro\u00df, aber Sie haben immer noch die Chance zu verlieren (es ist und bleibt das Gl\u00fccksspiel). Die Casinos, in denen Sie spielen k\u00f6nnen, verf\u00fcgen \u00fcber eine transparente Arbeitsmethode. Es wird nur faire Technologie verwendet. Dies bedeutet, dass der Hausvorteil von Bitcoin-Casinos geringer ist als in jedem anderen Online-Casino. Das ist auch zu Ihren Gunsten und auf jeden Fall einen Versuch wert!<\/p>\n<h2>Weniger Aufwand und Kosten<\/h2>\n<p>Das Beste kann in einem echten Bitcoin Casino gespielt werden, warum? Da sie weniger Probleme mit Gemeinkosten und zus\u00e4tzlichen Kosten haben, spielen sie nur mit einer Zahlungsmethode. Ein letzter Grund zum Gl\u00fccksspiel ist, dass der Bitcoin f\u00fcr superschnelle Transaktionen bekannt ist. Das gewonnene Geld wird ebenfalls sehr schnell ausgezahlt und ist fast sofort verf\u00fcgbar. Es gibt genug Gr\u00fcnde, um zu \u00fcberpr\u00fcfen, ob das Bitcoin-Gl\u00fccksspiel wirklich einzigartig ist. Sie k\u00f6nnen also kostenlos f\u00fcr Bitcoins spielen, aber wenn Sie vorher noch nicht gespielt haben, ist es ratsam, zuerst zu \u00fcben. Stellen Sie Ihre eigenen Regeln auf und lassen Sie es zu Ihnen kommen. Das alles wird f\u00fcr Sie klarer, da Sie alle hier erwarten k\u00f6nnen. Daher k\u00f6nnen Sie normalerweise alle Einrichtungen in einem Bitcoin-Casino nutzen, und Sie finden sie h\u00e4ufig in einem nationalen Casino (wie Blackjack, Roulette, Video Poker und vielen anderen Slots). Sie sind nicht mehr an begrenzte Optionen in einem Casino gebunden. Das Spielen mit Bitcoins ist auch eine gute Wahl, da bei der Einzahlung oder wenn Sie Ihre Gewinne abheben m\u00f6chten, keine zus\u00e4tzlichen Kosten entstehen. Bei Visa oder Mastercard kann es sein, dass Sie etwas Geld erhalten, nicht bei Bitcoins. Geld einzahlen und ausgezahlt zu haben, hat es getan. Das ist sehr sch\u00f6n, wenn Sie eine Chance ergreifen m\u00f6chten und Ihr Konto keinen Betrag mehr enth\u00e4lt. Mit den Bitcoins ist es wieder betriebsbereit und Sie k\u00f6nnen schnell weiterspielen.<\/p>\n<h2>Die M\u00fche wert<\/h2>\n<p>Viele Leute, die ein Gl\u00fccksspiel in einem Bitcoin-Casino gemacht haben, finden es wirklich lohnend. Ob Sie das meinen, h\u00e4ngt von Ihren Vorlieben ab. M\u00f6chten Sie viele Risiken eingehen? Magst du Spannung? M\u00f6chten Sie gerne spielen, wann immer Sie m\u00f6chten und wo auch immer Sie sind? Es ist gut, dass Sie daran arbeiten werden, denn dann k\u00f6nnen Bitcoin-Gl\u00fccksspiele etwas f\u00fcr Sie sein! Jeden Tag k\u00f6nnen Sie online und \u00fcber Ihr Handy spielen. Wo Sie genau spielen werden, entscheiden Sie selbst. Es gibt genug Bitcoin-Casinos, in denen Sie spielen k\u00f6nnen.<\/p>\n<h2>Spielen Sie im Bitcoin Casino<\/h2>\n<p>Der Begriff Bitcoin Casino h\u00f6rt man in letzter Zeit immer \u00f6fter. Aber worauf m\u00fcssen Sie achten, wenn Sie hier eine Chance ergreifen wollen? Die Kryptow\u00e4hrung-Bitcoins wachsen schnell. Es handelt sich um eine virtuelle Zahlungsmethode, die an immer mehr Orten akzeptiert wird. Sie k\u00f6nnen Ihre Rechnungen damit bezahlen und dazu geh\u00f6rt auch ein Online-Casino. Daher der Begriff Bitcoin Casino, der Ort, an dem Sie mit Bitcoins in einem Casino spielen k\u00f6nnen. Von dem Moment an, als das Bitcoin eingef\u00fchrt wurde, haben sich einige Casinos bereits sofort f\u00fcr die Zahlungsmethode entschieden. Einige Casinos beginnen erst jetzt. Auf jeden Fall k\u00f6nnen Sie mit Bitcoins an immer mehr Orten bezahlen. Haben Sie Bitcoins und m\u00f6chten Sie eine Chance ergreifen? Dies ist m\u00f6glich, weil Sie einen Betrag sicher in einem Bitcoin-Casino einzahlen und sofort zum Spielen einsetzen k\u00f6nnen.<\/p>\n<h2>Sehensw\u00fcrdigkeiten Bitcoin Casino<\/h2>\n<p>Bevor Sie in einem Bitcoin Casino spielen, sollten Sie sich fragen, wonach Sie Ausschau halten m\u00fcssen. Kritisch zu sein ist wichtig, weil es zuverl\u00e4ssige und unzuverl\u00e4ssige Lieferanten gibt. Es ist wichtig, dass Sie an einem sicheren Ort wetten, an dem Ihre Bitcoins sicher sind. Einige Punkte, die Sie betrachten k\u00f6nnen:<\/p>\n<ul>\n<li>Eine Lizenz ist f\u00fcr jedes Casino wichtig. In einem Bitcoin Casino sollten Sie sich auch das ansehen. Mit einer Lizenz wissen Sie, dass das Casino strengen Anforderungen entspricht und auch beobachtet wird. Ein Casino tut alles, um eine Lizenz zu behalten, und Sie k\u00f6nnen dies als Spieler nutzen. In einem Casino mit einer Lizenz k\u00f6nnen Sie sicher spielen und Ihren Betrag bei Bitcoins einzahlen.<\/li>\n<li>Achten Sie auf die Spiele, ob sie einen Zufallszahlengenerator haben. Wie wurde das getestet? Dies muss unabh\u00e4ngig getestet worden sein und dann wissen Sie, dass Sie hier sicher und ehrlich spielen k\u00f6nnen.<\/li>\n<li>Wie werden die Daten im Casino erfasst? Verwendet dies sichere und verschl\u00fcsselte SSL-Verbindungen? Es ist wichtig, dass alles sicher eingef\u00fchrt wird, damit Sie auch sicher eine Wette platzieren und Bitcoins einzahlen k\u00f6nnen.<\/li>\n<li>Werden die gewonnenen Preise nach dem Gewinn wirklich ausgezahlt? Sie gehen oft davon aus, dass alles sch\u00f6n arrangiert ist, aber stimmt das auch? Sie k\u00f6nnen eine Rezension h\u00e4ufig online nachschlagen und sich die Erfahrungen anderer Spieler ansehen. Dadurch erfahren Sie mehr \u00fcber das Casino und Sie wissen auch, wie die Dinge in der Praxis funktionieren.<\/li>\n<\/ul>\n<h2>W\u00e4hlen Sie ein Casino<\/h2>\n<p>Es ist nicht immer leicht, ein Casino zu w\u00e4hlen, weil Sie sicher sein wollen, dass Sie Ihr Geld sicher einzahlen k\u00f6nnen und dass Sie hier sicher spielen k\u00f6nnen. Das Wichtigste an einem Casino ist, dass es eine Lizenz hat und zum Gl\u00fcck kann man das selbst \u00fcberpr\u00fcfen. Sie erfahren, wie schnell alles geregelt ist. Schauen Sie sich den Mindestbetrag an, den Sie bezahlen k\u00f6nnen. F\u00fcr einige Casinos gibt es einen Mindestbetrag, der bis zu einigen Euro betragen kann, aber bereiten Sie sich darauf vor. Sie werden es definitiv genie\u00dfen, in einem Bitcoin Casino zu spielen. Es ist eigentlich ein gew\u00f6hnliches Online Casino, nur Sie haben hier die zus\u00e4tzliche M\u00f6glichkeit, mit Bitcoins zu bezahlen. Vielleicht sind Sie eine Menge Bitcoins online und dann ist es sch\u00f6n, wenn Sie auch ausgeben k\u00f6nnen, wenn Sie spielen m\u00f6chten. Suchen Sie sich deshalb einfach ein Bitcoin Casino. Sehen Sie sich die Website gut an und wer wei\u00df, mit welchen Boni Sie in Kontakt kommen, damit die Anmeldung dort noch attraktiver wird.<\/p>\n<h2>Online Casinos und Bitcoin<\/h2>\n<p>Immer mehr Online Casinos unterst\u00fctzen das Bitcoin. Das Spielen \u00fcber das Bitcoin ist manchmal schwierig, weil Sie als Spieler Sicherheit wollen. Sie m\u00f6chten sicher sein, dass Ihr Geld sicher ist und dass die Zahlungen auch rechtzeitig erfolgen. Gl\u00fccklicherweise k\u00f6nnen Sie jetzt ausw\u00e4hlen und herausfinden, welche Optionen Sie haben. Die Online-Casinos, die sicher sind, haben eine Lizenz, also eine gute Wahl, um davon Gebrauch zu machen und dort eine Chance zu nutzen. Entdecken Sie selbst die Vorteile, wenn Sie in einem Bitcoin Casino spielen. Hier werden viele Spiele angeboten, die Sie jedes Mal genie\u00dfen werden. In mehreren Online-Casinos k\u00f6nnen Sie jetzt mit dem Bitcoin bezahlen, sodass Sie Zeit haben, daran zu arbeiten und sich selbst \u00fcber Ihre Vorteile zu informieren.<\/p>\n<h2>Bitcoin-Auszahlungen<\/h2>\n<p>Immer mehr Menschen m\u00f6chten eine Chance in einem Bitcoin Casino nutzen, aber wie machen Sie das, wenn Sie einen Gewinn erzielt haben? Sie m\u00f6chten \u00fcberpr\u00fcfen, wie schnell der Gewinn erzielt wird, und das ist sicherlich das erste Mal spannend. Sie haben keine Ahnung, wie schnell das geht oder wie es funktioniert. Gl\u00fccklicherweise k\u00f6nnen wir Ihnen mehr dar\u00fcber erkl\u00e4ren. Wenn Sie in einem Bitcoin Casino einen Gewinn erzielt haben, bedeutet dies, dass Sie zuerst mit Ihren eigenen Bitcoins gespielt haben. Nur dann k\u00f6nnen Sie einen Gewinn erzielen. Es kann sein, dass ein Casino ein Limit hat, ab dem der Betrag ausgezahlt werden kann. Dies kann je nach Casino variieren, daher ist es gut, im Voraus zu schauen, damit Sie wissen, wo Sie stehen.<\/p>\n<h2>Behalten Sie Ihr Budget im Auge<\/h2>\n<ul>\n<li>Wenn es ums Spielen geht, ist es sehr wichtig zu wissen, was rein geht und was rausgeht. Sie m\u00fcssen eine gute Vorstellung davon haben, was Sie f\u00fcr das Spielen ausgeben m\u00f6chten.<\/li>\n<li>W\u00e4hlen Sie ein Budget. Sie haben einen festen Betrag im Auge, was Sie diese Woche oder diesen Monat ausgeben k\u00f6nnen. Dies muss gerechtfertigt sein und das Geld k\u00f6nnen Sie wirklich vermissen.<\/li>\n<li>Bleiben Sie bei diesem Budget. Zahle also nicht mehr ein, weil du mehr Gewinn erzielen m\u00f6chtest oder weil du deinen Verlust zur\u00fcckgewinnen willst. Spielen Sie verantwortungsvoll mit Geld, das Sie ohne Probleme wirklich kostenlos ausgeben k\u00f6nnen.<\/li>\n<li>Teilen Sie Ihr Spielgeld. Sie k\u00f6nnen an einem Abend alles nachholen, aber macht es mehr Spa\u00df, mehrere Abende zu spielen? Indem Sie Ihr Spielgeld aufteilen, k\u00f6nnen Sie es l\u00e4nger verwenden und haben mehr Gewinnchancen. Sie k\u00f6nnen auch von niedrigeren Betr\u00e4gen profitieren.<\/li>\n<li>Legen Sie den Gewinn beiseite. Dadurch k\u00f6nnen Sie den Gewinn einmal extra hoch einsetzen und sehen, ob Sie dann einen h\u00f6heren Gewinn erzielen k\u00f6nnen.<\/li>\n<li>Lassen Sie sich die Gewinne auszahlen. Wenn Sie einen sch\u00f6nen Betrag gewonnen haben, dann lassen Sie es zahlen, damit Sie die Bitcoins verwenden k\u00f6nnen.<\/li>\n<\/ul>\n<h2>Boni Bitcoin Casino<\/h2>\n<p>Es gibt auch Boni in Bitcoin Casinos, die Sie verwenden k\u00f6nnen. Wie bei normalen Online-Casinos k\u00f6nnen Sie hier auch andere Bonusse pro Casino finden. Sie haben Willkommensboni, bei denen Sie einen 100% -Bonus erhalten, wenn Sie zum ersten Mal Geld einzahlen, aber Sie k\u00f6nnen auch Freispiele f\u00fcr neue Video-Slots erhalten. Es kann jedes Mal anders sein, wo Ihr Bonus besteht. Die Boni werden oft rechtzeitig angek\u00fcndigt. Manchmal kann es auch sein, dass der Bonus nur f\u00fcr einen Tag g\u00fcltig ist. M\u00f6chten Sie in einem Bitcoin Casino eine Chance nutzen? Dann loggen Sie sich ein und sehen Sie, welche Aktionen und Boni jetzt g\u00fcltig sind. Wenn sie Sie ansprechen, k\u00f6nnen Sie sie sofort verwenden. Hierzu ist es ratsam, die allgemeinen Bedingungen durchzugehen. So wissen Sie, was von Ihnen erwartet wird und was Sie daf\u00fcr bekommen. Nehmen Sie sich die Zeit, um alles zu entdecken und spielen Sie in einem Bitcoin-Casino Ihrer Wahl mit.<\/p>\n<h2>Welcher Betrag muss ausgezahlt werden?<\/h2>\n<p>In einem Bitcoin Casino k\u00f6nnen Sie mit viel Gl\u00fcck viel Gewinn erzielen. Aber welchen Betrag m\u00f6chten Sie ausbezahlen? Es ist gut, Ihre Gewinne zu verwalten. Es kann sein, dass Sie bereits eine geringe Anzahl von Bitcoins haben k\u00f6nnen, aber das h\u00e4ngt wirklich davon ab, in welchem \u200b\u200bCasino Sie gespielt haben. Sie k\u00f6nnen auch selbst pr\u00fcfen, welchen Betrag Sie zahlen m\u00f6chten. Das erste Mal wird es mindestens getan, weil Sie ein gutes Bild davon bekommen, wie schnell es in einem Bitcoin-Casino geht.<\/p>\n<h2>W\u00e4hlen Sie das Bitcoin Casino<\/h2>\n<p>Die Wahl eines Casinos ist nicht so einfach, weil Sie verschiedene Points of Interest haben, die Sie sich ansehen k\u00f6nnen:<\/p>\n<ul>\n<li>Spiele, je mehr Spiele es gibt, desto mehr Spa\u00df kann es f\u00fcr Sie als Spieler geben. Sie haben dann viel Auswahl und Abwechslung ist durchaus m\u00f6glich.<\/li>\n<li>Auszahlungen, wie schnell wird alles abgewickelt und werden Ihnen Geb\u00fchren berechnet, wenn Sie Geld ausbezahlen m\u00f6chten?<\/li>\n<li>Boni, welche Boni gibt es, wenn Sie Bitcoins machen wollen?<\/li>\n<li>Sicherheit, welche Lizenzen hat ein Bitcoin Casino?<\/li>\n<\/ul>\n<p>Es ist gut, sich diese Fragen anzusehen, so dass Sie eine gute Vorstellung davon haben, wo Sie spielen m\u00f6chten.<\/p>\n<h2>Beliebte Bitcoin-Spiele<\/h2>\n<p>Es gibt viele beliebte Spiele in einem Bitcoin Casino. Sie k\u00f6nnen an Bitcoin Blackjack oder die Bitcoin Spielautomaten denken. Es ist auch m\u00f6glich, dass Sie lieber auf den Bitcoin-Jackpot-Slots, Bitcoin-Roulette oder noch besser auf Bitcoin-Poker spielen? Gl\u00fccklicherweise gibt es viele Spiele, aus denen Sie w\u00e4hlen k\u00f6nnen. Das macht es f\u00fcr Sie viel interessanter, hier zu spielen. Sie k\u00f6nnen st\u00e4ndig wechseln, und das sorgt auch f\u00fcr mehr Spannung. Es ist sicherlich ratsam, in einem Bitcoin Casino zu spielen. Achten Sie genau darauf, wo Sie spielen werden, und stellen Sie sicher, dass Sie ein Casino mit Lizenz ausw\u00e4hlen. Dies stellt sicher, dass Sie hier sicher spielen k\u00f6nnen und ein Casino alle Anforderungen erf\u00fcllt. Die Popularit\u00e4t von Spielautomaten in Online Casinos ist Ihnen sicherlich nicht entgangen. Die gro\u00dfe Anzahl an Video-Slots und Boni, die Sie in einem Bitcoin-Casino ausw\u00e4hlen k\u00f6nnen, w\u00e4chst von Tag zu Tag. Spielautomaten sind so beliebt, weil sie im Allgemeinen einfach sind. Sie sehen gut aus mit den verschiedenen sch\u00f6nen Themen, die angeboten werden, und Sie haben auch eine gr\u00f6\u00dfere Chance, mehr zu gewinnen als bei regul\u00e4ren Casinospielen.<\/p>\n<h2>Online- und mobile Spiele<\/h2>\n<p>Mit Bitcoins zu spielen kann sowohl online als auch mobil sein. Sie haben immer die Chance, an den vielen Slotmaschinen von Netent ein Gl\u00fccksspiel zu spielen. Viele Leute sind dir vorausgegangen und sie haben tolle Preise gewonnen. Vor allem, wenn du mobil spielen willst, hast du viele zus\u00e4tzliche Optionen. Eine Wette kann \u00fcberall und jederzeit riskiert werden. Sie m\u00fcssen nur Bitcoins auf Ihr Spielerkonto einzahlen und das Spiel kann beginnen. Sie k\u00f6nnen Bitcoins auch \u00fcber Ihr Mobilger\u00e4t auf Ihr Konto einzahlen. Dann ist es wichtig, ein Spielerkonto eines Bitcoin-Casinos zu haben. Sie k\u00f6nnen sich dann anmelden und Ihr Guthaben mit Ihren eigenen Bitcoins erh\u00f6hen. In den meisten Bitcoin-Casinos erwartet Sie ein sch\u00f6ner Willkommensbonus, der die Spiele noch attraktiver macht. Sie erhalten vom Casino zus\u00e4tzliche Bitcoins, um zu wetten.<\/p>\n<h2>Sorgen Sie f\u00fcr eine stabile Internetverbindung<\/h2>\n<p>Wenn Sie sich f\u00fcr ein Roulette in einem Bitcoin-Casino entscheiden? Dann ist es sehr wichtig, dass Sie mit einer stabilen Internetverbindung spielen. Wie \u00e4rgerlich ist es beim Spielen und die Software l\u00e4uft irgendwie nicht reibungslos. Es ist nicht nur beunruhigend, wenn man das Spiel nicht reibungslos verfolgen kann. Schlie\u00dflich verpasst du auch einen Teil des Spiels. Daher k\u00f6nnen Sie mit den Wetten zu sp\u00e4t sein. Neben einer stabilen Internetverbindung sollte auch die zum Roulette-Spielen verwendete Software \u00fcberpr\u00fcft werden. Die meisten gr\u00f6\u00dferen Softwareanbieter bieten gute Software f\u00fcr ihre Casino-Spiele an, aber es ist kein Schaden, wenn Sie dies zuerst f\u00fcr Ihr echtes Geld versuchen.<\/p>\n<h2>Mit Bitcoins spielen, ist das legal?<\/h2>\n<p>Immer mehr Leute h\u00f6ren von Bitcoins und fragen sich, ob es legal ist, in einem Casino mit Bitcoins zu spielen. Die Frage kann schnell beantwortet werden, weil sie legal ist. Online-Gl\u00fccksspiele sind nicht in allen L\u00e4ndern legal. Dies macht das Bitcoin f\u00fcr diese Menschen wieder attraktiv. Bitcoins sind v\u00f6llig anonym und die Spieler sch\u00e4tzen die Anonymit\u00e4t der Aktivit\u00e4ten, die sie im Internet geheim halten m\u00f6chten. Eine gute Zeit f\u00fcr sie, sich mit diesem Thema zu besch\u00e4ftigen, denn Gl\u00fccksspiele k\u00f6nnen interessant und m\u00f6glich sein. Es gibt einen anderen Grund, warum viele Leute es vorziehen, in einem Bitcoin-Casino mit Kryptow\u00e4hrung statt mit Bargeld zu spielen. Sie k\u00f6nnen Ihr Bitcoin Wallet problemlos erg\u00e4nzen, ohne Zeit f\u00fcr die Bitcoins-Minen aufzuwenden. Wenn Sie den Jackpot gewinnen, kann dies eine sch\u00f6ne Summe sein.<\/p>\n<h2>Bitcoin-Zahlungen<\/h2>\n<p>Das Bitcoin ist in vielen Casinos noch sehr neu. Aber immer mehr Online-Casinos nutzen die Option, dass Sie mit Bitcoins bezahlen k\u00f6nnen. Es gibt auch spezielle Bitcoin-Casinos auf dem Markt. Dies sind Websites, die sich auf Bitcoin-Zahlungen spezialisiert haben. Sie k\u00f6nnen das nutzen. Unter den Casinos, die sich f\u00fcr die Annahme von Einzahlungen \u00fcber Bitcoin entschieden haben, gab es ein betr\u00e4chtliches Wachstum. Ein legales Online-Casino muss zuerst eine Lizenz von einer oder mehreren der benannten Beh\u00f6rden erhalten. Sie k\u00f6nnen an die MGA und die UK Gambling Commission denken. Wenn ein Casino das hat, m\u00fcssen Sie sich keine Sorgen machen und Sie sind sicher, dass Sie Ihre Zahlungen hier sicher arrangieren k\u00f6nnen. Innerhalb weniger Sekunden ist die Bitcoin-Transaktion abgeschlossen und Sie k\u00f6nnen Ihre Bitcoins mit einem Spiel Ihrer Wahl verwenden.<\/p>\n<h2>Wie kann ich meine W\u00e4hrung umrechnen?<\/h2>\n<p>Was sind Bitcoins und wie kann ich jetzt meine W\u00e4hrung umrechnen? Wir erkl\u00e4ren es in mehreren Schritten. Bitcoins sind noch relativ neu, daher bedarf es einiger Erkl\u00e4rung. Bitcoins werden \u00fcber Bitcoin-B\u00f6rsen gekauft, die f\u00fcr die W\u00e4hrung Online-M\u00e4rkte sind. K\u00e4ufer und Verk\u00e4ufer nutzen diese B\u00f6rsen, um bestehende W\u00e4hrungen in Bitcoins umzuwandeln. Um mit einem Bitcoin-Austausch zu kommunizieren, m\u00fcssen Sie die Software von einem Lieferanten herunterladen oder Sie verwenden eine Ledger-Geldb\u00f6rse. Beispiele f\u00fcr den Austausch von Bitcoin sind Cubits, Mt.Gox und Circle. Wenn Sie diese Umtauschaktionen verwenden, um Ihr Geld in Bitcoin umzuwandeln, wird es in einer digitalen Geldb\u00f6rse gespeichert. Von dieser Geldb\u00f6rse oder digitalen Geldb\u00f6rse aus k\u00f6nnen Sie dann bei Online-Casinos einzahlen, die Bitcoins als Zahlungsmittel akzeptieren.<\/p>\n<h2>Sicheres Spiel<\/h2>\n<p>Sicherheit ist jedoch von gr\u00f6\u00dfter Bedeutung, wenn Sie online spielen m\u00f6chten. Bei uns auf der Website finden Sie Bitcoin-Casinos, die getestet wurden und in denen Sie sicher spielen k\u00f6nnen. Alle Casinos verf\u00fcgen \u00fcber eine Lizenz, die zeigt, dass sie Gl\u00fccksspiele anbieten k\u00f6nnen. Die Casinos sind daher auch von gesetzlichen Beh\u00f6rden zugelassen, die wiederum zur Erteilung von Lizenzen berechtigt sind. Wenn ein Casino die Anforderungen erf\u00fcllt, kann es eine Lizenz beantragen und erhalten. Sie als Spieler wissen, dass Sie hier zuversichtlich spielen k\u00f6nnen. Normalerweise kann auch mobil gespielt werden, heutzutage spielen viele Leute gerne \u00fcber ein mobiles Ger\u00e4t, da Sie viel \u00f6fter (an mehreren Orten) spielen k\u00f6nnen. Sicheres Spielen ist auch f\u00fcr mobiles Spielen von zentraler Bedeutung. In den Casinos, in denen Ihr Handy spielen kann, wird alles gepr\u00fcft und Sie sind sicher, dass Sie sicher spielen k\u00f6nnen.<\/p>\n<h2>Fazit: Probieren Sie es selbst aus!<\/h2>\n<p>Wenn Sie eine Geldb\u00f6rse f\u00fcr das Bitcoin haben und ein Kasinokonto haben. Was machst du, um selbst Geld einzuzahlen? Sie erfahren, wie schnell es ist und welche Vorteile Bitcoins im Vergleich zu anderen Zahlungsmethoden bietet. Sie zahlen keine Transaktionskosten. Sie w\u00e4hlen, wie viele Bitcoins Sie auf Ihr Casino-Konto \u00fcberweisen m\u00f6chten. Diese Anzahl von Bitcoins geht auf Ihr Casino-Konto. Nichts wird zur\u00fcckgehalten, keine \u00dcberraschungen, was sehr angenehm ist. Sie wissen, wo Sie stehen und Sie k\u00f6nnen es tun. Die Erwartung ist, dass Bitcoins in Zukunft \u00fcberall eingesetzt werden k\u00f6nnen. In einem Bitcoin-Casino k\u00f6nnen Sie jederzeit spielen. Sie haben viele Optionen und es gibt auch viele Bitcoin Casinos, aus denen Sie w\u00e4hlen k\u00f6nnen. Gratis oder gegen Geld, Live oder Online spielen, auch mobiles Spielen ist m\u00f6glich. Es ist gut, dass Sie nun alle Optionen in einer Reihe gesehen haben und die Casinos in unserer Top-Liste gut aussehen werden. Sicheres und zuverl\u00e4ssiges Spielen steht an erster Stelle. Vergewissern Sie sich, dass Sie sich in einem Casino wie zu Hause f\u00fchlen und dann k\u00f6nnen Sie mit Gl\u00fcck spielen.<\/p>\n","protected":false},"excerpt":{"rendered":"<p>Bitcoin Casinos Deutschland 2023 Die Tatsache, dass Sie online mit Bitcoins spielen k\u00f6nnen, ist den meisten Menschen bekannt, aber warum ist es so einzigartig? Die Struktur des Bitcoin-Gl\u00fccksspiels entspricht dem regul\u00e4ren Online-Gl\u00fccksspiel. Mit Bitcoins ist das Spielen jedoch noch einmaliger. Sie k\u00f6nnen viel gewinnen, aber auch den Gewinn steigern. Ein guter Zeitpunkt, um herauszufinden, was [&hellip;]<\/p>\n","protected":false},"author":1,"featured_media":0,"parent":0,"menu_order":0,"comment_status":"closed","ping_status":"closed","template":"","meta":{"footnotes":""},"categories":[],"tags":[],"class_list":["post-427","page","type-page","status-publish","hentry"],"aioseo_notices":[],"_links":{"self":[{"href":"https:\/\/pokiesportal.com\/de\/wp-json\/wp\/v2\/pages\/427","targetHints":{"allow":["GET"]}}],"collection":[{"href":"https:\/\/pokiesportal.com\/de\/wp-json\/wp\/v2\/pages"}],"about":[{"href":"https:\/\/pokiesportal.com\/de\/wp-json\/wp\/v2\/types\/page"}],"author":[{"embeddable":true,"href":"https:\/\/pokiesportal.com\/de\/wp-json\/wp\/v2\/users\/1"}],"replies":[{"embeddable":true,"href":"https:\/\/pokiesportal.com\/de\/wp-json\/wp\/v2\/comments?post=427"}],"version-history":[{"count":1,"href":"https:\/\/pokiesportal.com\/de\/wp-json\/wp\/v2\/pages\/427\/revisions"}],"predecessor-version":[{"id":990,"href":"https:\/\/pokiesportal.com\/de\/wp-json\/wp\/v2\/pages\/427\/revisions\/990"}],"wp:attachment":[{"href":"https:\/\/pokiesportal.com\/de\/wp-json\/wp\/v2\/media?parent=427"}],"wp:term":[{"taxonomy":"category","embeddable":true,"href":"https:\/\/pokiesportal.com\/de\/wp-json\/wp\/v2\/categories?post=427"},{"taxonomy":"post_tag","embeddable":true,"href":"https:\/\/pokiesportal.com\/de\/wp-json\/wp\/v2\/tags?post=427"}],"curies":[{"name":"wp","href":"https:\/\/api.w.org\/{rel}","templated":true}]}}