{"id":424,"date":"2019-02-04T15:30:32","date_gmt":"2019-02-04T15:30:32","guid":{"rendered":"https:\/\/pokiesportal.com\/de\/?page_id=424"},"modified":"2023-05-21T19:27:23","modified_gmt":"2023-05-21T19:27:23","slug":"live-casino","status":"publish","type":"page","link":"https:\/\/pokiesportal.com\/de\/live-casino\/","title":{"rendered":"live casino"},"content":{"rendered":"<h1>Live Casino Deutschland 2023<\/h1>\n<p>Der Name sagt alles; leben Das bedeutet, dass der Dealer Karten zieht und das Roulette l\u00e4uft. Dies ist ein Casino, in dem Sie immer noch hinter Ihrem PC sitzen. Aber in der visuellen Umgebung eines echten Casinos. In einem Online-Casino sind oft unglaublich viele Spiele vorhanden. Sie haben dies nicht in einem Live-Casino, ein Live-Casino hat normalerweise 3 bis 4 Spiele. Die Live-Casinos sind darauf ausgerichtet, Ihnen ein einzigartiges Live-Spielerlebnis zu bieten. In diesen Casinos gibt es eine gute Videosoftware, die Ihnen das Gef\u00fchl gibt, in einem echten Casino zu spielen. In einem Live-Casino spielen Sie verschiedene Casino-Tischspiele gegen echte Casino-Dealer, bei denen alles live in HD-Qualit\u00e4t \u00fcbertragen wird. Ein Live-Casino unterscheidet sich von normalen Casino-Tischspielen, bei denen Sie gegen einen Computer spielen und bei denen das Ergebnis durch einen Zufallszahlengenerator bestimmt wird.<\/p>\n<p>In einem Live-Casino werden die Karten von einem Live-Dealer gemischt und gemeinsam genutzt, wie in einem deutschen oder einem Casino am Las Vegas Strip. Das Roulette-Rad wird von einem echten Croupier angezogen, wodurch ein authentisches und aufregendes Live-Casino-Erlebnis entsteht. Die Bilder kommen \u00fcber eine Live-Verbindung in HD-Qualit\u00e4t auf Ihren PC, wo Sie einstellen k\u00f6nnen, welche Kamera verwendet wird und mit welchem \u200b\u200bKamerawinkel Sie die Bilder anzeigen. Sie k\u00f6nnen die Bilder sogar in Zeitlupe sehen. Ein Live-Casino sorgt so weit wie m\u00f6glich f\u00fcr ein echtes Casino-Erlebnis, jedoch online. Daher werden die Bilder eines Live-Casinos h\u00e4ufig in echten Casinos mit echten Spieltischen, echten Karten, echten Roulette-R\u00e4dern und echten Roulette-Kugeln aufgezeichnet. Es ist, als w\u00fcrden Sie in einem echten Casino spielen, abz\u00fcglich der Rauch- und Parkkosten. Wir verstehen, dass Sie an einem Live-Casino interessiert sind. In allen anderen F\u00e4llen waren Sie noch nie auf dieser Website gelandet. Was uns sehr wichtig ist, ist, dass Sie ein korrektes und vollst\u00e4ndiges Bild von einem Live-Casino bekommen. Deshalb werden wir erkl\u00e4ren, was ein Live Casino ist, aber auch, was ein Live Casino nicht ist. So sind Sie bestens vorbereitet und erhalten einen vollst\u00e4ndigen \u00dcberblick \u00fcber alle M\u00f6glichkeiten des Live Casinos. Wir machen zun\u00e4chst klar, was ein Live Casino nicht ist und gehen dann tiefer auf die Frage ein, was ein Live Casino ist.<\/p>\n<h2>Was ein Live Casino nicht ist: Teil 1<\/h2>\n<p>Ein Live Casino ist kein normales Online Casino. Dies erfordert wahrscheinlich eine Erkl\u00e4rung. Wenn Sie in einem Online-Casino spielen m\u00f6chten, sind Sie fast sicher, dass Sie eine gro\u00dfe Auswahl verschiedener Spiele finden werden. Sie k\u00f6nnen an Roulette, Blackjack, aber auch an verschiedene Slots oder Videopoker-Varianten denken. Der gro\u00dfe Vorteil eines normalen Online-Casinos ist das oft immense Spielangebot, das in einem solchen Casino angeboten wird. Dies gilt nicht f\u00fcr das Live-Casino: Oft sind nur drei oder vier Spiele verf\u00fcgbar.<\/p>\n<h2>Was ein Live Casino nicht ist: Teil 2<\/h2>\n<p>Ein Live-Casino ist kein normales Casino, wie Sie es im Stadtzentrum jeder selbstbewussten Stadt finden w\u00fcrden. Sie spielen immer noch in einer Online-Umgebung, die sich voll darauf konzentriert, Ihnen die Besten der Besten im Bereich Live-Gaming zu bieten. Dies bedeutet, dass Sie gut laufende Videosoftware von H\u00e4ndlern verwenden k\u00f6nnen, die die Karten f\u00fcr Sie ziehen und dem Roulette eine Runde drehen. Es bedeutet aber auch, dass Sie sich hinter einem PC befinden und nicht in einem normalen Casino. Dies ist etwas, mit dem man rechnen muss.<\/p>\n<h2>Was ein Live Casino ist: Teil 1<\/h2>\n<p>Gl\u00fccklicherweise kommen wir jetzt zumindest zu dem sch\u00f6nen Teil \u00fcber Live Casinos: der Teil, in dem wir erkl\u00e4ren k\u00f6nnen, was ein Live Casino genau bedeutet und warum Sie in einem Live Casino spielen k\u00f6nnen und die vielf\u00e4ltigen M\u00f6glichkeiten dieses Live Casinos genie\u00dfen k\u00f6nnen hat Ein Live-Casino ist nichts weniger als ein beispielloses Online-Casino-Erlebnis. Sie k\u00f6nnen die verschiedenen Casino-Spiele in einem Live-Casino auf beispiellose Weise spielen. Dies bedeutet, dass Sie von Hand zu den stundenlangen Spielen im Live Casino gebracht werden.<\/p>\n<h2>Was ein Live Casino ist: Teil 2<\/h2>\n<p>Ein Live-Casino ist ein Ort, an dem Sie als Liebhaber von Online-Casinospielen wahrscheinlich voll auf Ihre Kosten kommen k\u00f6nnen. Sie spielen gegen einen Dealer, den Sie sehen k\u00f6nnen, und dies hat einen gro\u00dfen Vorteil im Vergleich zu einem normalen Online-Casino. Dies bedeutet, dass Sie sich nicht auf Software zur Berechnung des Ergebnisses Ihrer Wette verlassen m\u00fcssen, sondern auf die geschickte manuelle Arbeit des H\u00e4ndlers oder des Croupiers. Auf diese Weise k\u00f6nnen Sie alles genie\u00dfen, was das Live Casino zu bieten hat. Sie spielen wirklich gegen den Dealer, gegen den Croupier und sehen, was passiert. Dieser Vorteil ist beispiellos!<\/p>\n<h2>Kurzum: Das Live Casino hat viel zu bieten!<\/h2>\n<p>Wir verwenden diesen Abschnitt als eine kurze Zusammenfassung von allem, was wir im vorherigen Abschnitt besprochen haben. Sie sehen, dass das Spielen in einem Live-Casino eine Menge von Ihnen machen kann. Um dieses Gef\u00fchl noch weiter zu verst\u00e4rken, gehen wir auf die Seite mit den Vorteilen eines Online-Live-Casinos. Ein wenig tiefer geht es um alles, was sich nach dem Spielen in einer solchen Spielumgebung verbessert. Im Moment m\u00f6chten wir die Bemerkung machen, dass das Live Casino das ist, wonach die Leute seit Jahren gesucht haben: Imitieren eines normalen Casinos, ohne dass die Leute sehen, dass Sie im Casino spielen, und ohne aus dem Casino aussteigen zu m\u00fcssen.<\/p>\n<h2>Live Casino, warum spielst du mit?<\/h2>\n<p>Eine Wette online zu gewinnen ist etwas, was viele Leute gerne tun. Aber haben Sie jemals gesehen, was Sie live spielen werden? Es ist wirklich ein Gef\u00fchl der Freiheit und man kann darauf z\u00e4hlen, dass Sie das erleben werden, sobald Sie diese Entscheidung getroffen haben. Wenn Sie live spielen, werden Sie feststellen, dass Sie auf viele Tischspiele sto\u00dfen werden, die Sie zuerst kostenlos in einem Online-Casino gespielt haben. Es ist jedoch aufregender, live zu spielen, dann haben Sie einen Blick auf die Spieltische und es gibt echte Croupiers. Dann k\u00f6nnen Sie sehen, welche Spiele Sie ansprechen und dann mit niedrigeren oder h\u00f6heren Betr\u00e4gen spielen. Es gibt viele M\u00f6glichkeiten, also nehmen Sie alles mit, damit Sie wissen, was Sie w\u00fcnschen, wenn Sie anfangen zu spielen.<br \/>\nLive zu spielen gibt mehr Freiheit<\/p>\n<h2>Wenn Sie ein Live-Spiel spielen, werden Sie bald mehr Freiheit erfahren. Wie ist das?<\/h2>\n<ul>\n<li>Echte H\u00e4ndler Diese sorgen daf\u00fcr, dass alles reibungslos l\u00e4uft und Sie einen Blick auf das Spiel haben. Sie sind herzlich willkommen und werden feststellen, dass Sie sich bald wie zu Hause f\u00fchlen werden.<\/li>\n<li>Sie k\u00f6nnen von zu Hause aus spielen und haben die Idee, dass Sie selbst im Casino sind. Dies ist eine sch\u00f6ne Idee, die Sie als sch\u00f6n empfinden und \u00f6fter verwenden m\u00f6chten.<\/li>\n<li>Interaktion und Live-Chat. Sie k\u00f6nnen mit dem H\u00e4ndler chatten und dabei auch Ihre Fragen stellen. Auf diese Weise werden sie auch schnell beantwortet und Sie k\u00f6nnen auch mit anderen Spielern in Kontakt treten und sich unterhalten oder Erfahrungen austauschen (dies ist nicht in jedem Casino m\u00f6glich, sondern an vielen Orten).<\/li>\n<li>Live-Bilder. Durch die Kamerabilder k\u00f6nnen Sie alles auf der Konsole live verfolgen und so wissen Sie, was am Spieltisch vorgeht. Dies gibt Ihnen schnell ein sicheres und vertrautes Gef\u00fchl. Sie wissen auch, dass es sich um ein faires Spiel handelt.<\/li>\n<li>Sie k\u00f6nnen spielen, wo und wann Sie wollen. Ein Live-Casino ist immer verf\u00fcgbar, daher k\u00f6nnen Sie auch \u00fcberpr\u00fcfen, wann Sie das gr\u00f6\u00dfte Gl\u00fcck haben.<\/li>\n<\/ul>\n<h2>Zug\u00e4nglichkeit und Sicherheit<\/h2>\n<p>Wenn Sie live spielen m\u00f6chten, m\u00fcssen Sie sich keine Sorgen um die Sicherheit machen. Der Vorteil, den Sie live haben, ist, dass es sehr gut zug\u00e4nglich ist und Sie im Casino herzlich willkommen sind. Der H\u00e4ndler wird Sie jedes Mal begr\u00fc\u00dfen, wenn Sie das Live-Casino \u00f6ffnen. In Sachen Sicherheit ist alles gut organisiert. Ein Casino hat eine Lizenz und damit zeigen sie, dass sie die Voraussetzungen erf\u00fcllen, um Gl\u00fccksspiele anbieten zu k\u00f6nnen. Alle Spieler, die ein Casino-Konto haben, k\u00f6nnen die Spiele spielen. Sie haben eine gro\u00dfe Gewinnchance, und Sie gewinnen mehr Geld, wenn Sie einen h\u00f6heren Einsatz platziert haben und gewinnen.<\/p>\n<h2>Wie spielst du Live Casino Spiele?<\/h2>\n<p>Sie spielen Spiele in einem Live-Casino auf dieselbe Weise wie die atomisierten Versionen, die mit einem Zufallszahlengenerator arbeiten. Der erste Schritt ist, sicherzustellen, dass Sie \u00fcber ein ausreichendes Gleichgewicht verf\u00fcgen. Im n\u00e4chsten Schritt w\u00e4hlen Sie das gew\u00fcnschte Spiel aus, indem Sie darauf klicken. Nachdem Sie diesen Schritt ausgef\u00fchrt haben, werden Sie in die Lobby gef\u00fchrt und k\u00f6nnen sehen, welche Wettoptionen f\u00fcr Ihr ausgew\u00e4hltes Spiel verf\u00fcgbar sind. Um zu spielen, w\u00e4hlen Sie einen Tisch mit einem Wetteinsatz, mit dem Sie sich wohl f\u00fchlen, und w\u00e4hlen Sie einen freien Platz. Sie k\u00f6nnen an jeder neuen Runde teilnehmen. Platzieren Sie Ihren Einsatz, indem Sie einen Chipwert ausw\u00e4hlen und auf das Wettfeld klicken. So einfach ist das.<\/p>\n<h2>Was ist der Unterschied zwischen Live-Casinospielen und anderen Online-Casinospielen?<\/h2>\n<p>Alle automatisierten Casinospiele werden von einem computergenerierten Zufallszahlengenerator verwaltet. Dieser Zufallszahlengenerator stellt sicher, dass jedes Ergebnis eines Spiels fair und unabh\u00e4ngig ist. In einem Live-Casino ist alles anders. Zun\u00e4chst spielen Sie gegen echte Dealer, die die Karten selbst sch\u00fctteln und das Roulette-Rad drehen. Es ist kein Zufallszahlengenerator beteiligt. Dar\u00fcber hinaus verfolgen Sie den Verlauf aller Spiele perfekt \u00fcber Live-High-Definition-Streaming-Bilder. Sie k\u00f6nnen sogar live mit den H\u00e4ndlern chatten, wenn Sie eine Frage haben oder einfach nur einen Chat m\u00f6chten.<\/p>\n<h2>Welche Spiele findest du in einem Live Casino?<\/h2>\n<p>Fast alle Live Casinos verf\u00fcgen \u00fcber Live Roulette, Live Blackjack und Live Baccarat. Die gr\u00f6\u00dferen Live-Casinos bieten auch Spiele wie Live Casino Hold&#8217;em und Live Three Card Poker sowie einige andere Spiele an.<\/p>\n<h2>Immer mehr Live-Spiele im Live Casino<\/h2>\n<p>Wenn Sie live spielen m\u00f6chten, werden Sie feststellen, dass immer mehr Live-Spiele angeboten werden. Zuvor gab es nur wenige Spiele, aber die meisten Casinos bieten eine gro\u00dfe Auswahl. Jedes Jahr gibt es mehr Spiele auf dem Markt und Sie k\u00f6nnen diese als Spieler nutzen und wirklich davon profitieren. Lassen Sie sich also um Sie k\u00fcmmern, wenn Sie die Spiele in einem Live-Casino gesehen haben. Oft k\u00f6nnen Sie die Spiele auch kostenlos als Tischspiele spielen. Sobald Sie sich damit auskennen, k\u00f6nnen Sie auch live gegen Geld spielen. Sie werden auch feststellen, dass die Spannung zunehmen wird. Sie haben die Chance, mit Ihrem eigenen Geld Geld zu gewinnen, aber Sie laufen auch Gefahr, Geld zu verlieren. Das macht es besonders aufregend. Wenn Sie spielen m\u00f6chten, ist es wichtig, dass Sie ber\u00fccksichtigen, dass Geldangelegenheiten in alle Richtungen gehen k\u00f6nnen. Sie k\u00f6nnen Geld verlieren und Sie k\u00f6nnen Geld gewinnen. Jede Runde ist wieder spannend, egal f\u00fcr welches Spiel Sie sich entscheiden. Lassen Sie sich also einen Moment auf Sie einwirken und spielen Sie verantwortungsbewusst. Auf diese Weise wissen Sie auch, was Sie ausgeben k\u00f6nnen. Dies kann pro Tag, Woche oder Monat betrachtet werden, und Sie k\u00f6nnen Ihr Geld so verteilen, dass Sie es l\u00e4nger genie\u00dfen k\u00f6nnen.<\/p>\n<h2>Verschiedene Varianten Blackjack und Roulette<\/h2>\n<p>Die meisten Spieler, die live spielen, entscheiden sich f\u00fcr die Roulette- und Blackjack-Spiele. Es muss erw\u00e4hnt werden, dass es verschiedene Varianten gibt. Es ist gut zu erfahren, was Sie gerne entdecken w\u00fcrden. Es gibt Spiele, f\u00fcr die niedrige Eins\u00e4tze erforderlich sind, jedoch k\u00f6nnen auch h\u00f6here Eins\u00e4tze erforderlich sein. Wenn Sie an diesen Tischen mit hohem Limit spielen, sollten Sie die Mindest- und H\u00f6chsteinzahlungen sorgf\u00e4ltig pr\u00fcfen. Diese k\u00f6nnen sehr hoch sein. Denken Sie daran, dass Sie Ihre Wette sofort verlieren k\u00f6nnen. Daf\u00fcr ist es gut zu \u00fcberpr\u00fcfen, was Sie ausgeben und langsam aufbauen m\u00fcssen. Sie haben auch die M\u00f6glichkeit, eine Strategie anzuwenden, wenn Sie live spielen m\u00f6chten. Dieses kann auch zuerst kostenlos bei den online angebotenen Tischspielen gespielt werden. So wissen Sie, was Sie erwartet und wie beeindruckend es ist, live in einem Casino Ihrer Wahl zu spielen.<\/p>\n<h2>Dies ist das Erste Mal, dass ich im Live Casino Spiele. Wie fange ich An?<\/h2>\n<p>Nat\u00fcrlich ist es immer etwas unangenehm, wenn Sie zum ersten Mal etwas ausprobieren, aber es gibt immer etwas gesunde Spannung. Wenn es um Live-Casinos geht, haben viele Spieler Angst, einen Fehler zu machen. Dies ist sehr normal und nichts, wor\u00fcber man sich Sorgen machen muss. In einem Live-Casino zu spielen ist fast dasselbe wie ein normales Tischspiel im Casino. Hier sind einige Punkte, auf die Sie achten k\u00f6nnen, um Ihre Erfahrung noch angenehmer zu gestalten:<\/p>\n<ul>\n<li>1. Das Wichtigste ist, dass Sie die Spielregeln gut kennen. Lesen Sie sich daher zuerst unsere Roulette- und Blackjack-Erkl\u00e4rungen durch, bevor Sie sich f\u00fcr echtes Geld entscheiden.<\/li>\n<li>2. Auf diese Weise lernst du gut die Spielregeln, wodurch die Wahrscheinlichkeit von Fehlern reduziert wird. Wir empfehlen Ihnen, immer zuerst 20 \u00dcbungsrunden zu spielen, ohne tats\u00e4chlich Geld zu wetten, damit Sie die richtige Strategie und Regeln anwenden k\u00f6nnen, ohne Geld zu verlieren.<\/li>\n<li>3. Es ist auch wichtig, niemals \u00fcber Ihrem Budget oder Ihrer Komfortzone zu spielen. Wenn Sie sich beispielsweise mit einem Einsatz von 10 \u20ac pro Runde wohl f\u00fchlen, spielen Sie nicht mit einem Mindesteinsatz von 25 \u20ac an einem Tisch. Angenommen, alle 10 \u20ac sind besetzt, gehen Sie zu 5 \u20ac und spielen Sie mit einem h\u00f6heren Einsatz.<\/li>\n<li>4. Wenn Sie einen Tisch gefunden haben, der Ihren Bed\u00fcrfnissen entspricht, nehmen Sie immer einige Runden mit. Wie viel Zeit m\u00fcssen Sie verbringen? Wie viel Zeit haben Sie, um sich f\u00fcr Blackjack zu entscheiden? Wo sind alle Kn\u00f6pfe und was machen sie? Sie k\u00f6nnen alle diese Dinge bequem anzeigen, solange Sie angemeldet sind und einen Kontostand haben.<\/li>\n<\/ul>\n<h2>Kann ich mit dem H\u00e4ndler Sprechen?<\/h2>\n<p>Ja! Alle Spiele verf\u00fcgen \u00fcber eine Live-Chat-Funktion, mit der Sie mit dem Dealer und dem Casino-Manager kommunizieren k\u00f6nnen. Der Klarheit halber: Sie k\u00f6nnen Sie nicht sehen. Alles, was sie sehen, ist ein Bildschirm mit allen notwendigen Informationen \u00fcber das Spiel und wer spielt. Sie beantworten gerne alle Fragen zu Ihrem Spiel. Wenn Sie eine Frage zu Ihrem Konto haben, wenden Sie sich bitte an den Helpdesk. Der H\u00e4ndler kann Ihnen dabei nicht helfen.<\/p>\n<h2>Woher wei\u00df ich, dass es keine Betr\u00fcgereien gibt?<\/h2>\n<p>Die Casino-Spiele werden regelm\u00e4\u00dfig von unabh\u00e4ngigen Casino-Experten getestet und die verwendete Software stammt von gro\u00dfen und angesehenen Parteien wie Netent und Evolution Gaming. Die Ergebnisse der Spiele werden auch von zertifizierten und unabh\u00e4ngigen Parteien getestet. Das Casino verwendet Sicherheitsbilder, die rund um die Uhr an sieben Tagen in der Woche alles aufzeichnen. Schlie\u00dflich gibt es noch den Casino-Manager, der die Dinge im Auge beh\u00e4lt. Wenn der Dealer einen Fehler macht (nat\u00fcrlich nur Leute), wird der Casino-Manager gerufen. Normalerweise kann das Problem sofort gel\u00f6st werden und der Spieler wird entsch\u00e4digt, wenn ein Grund besteht. Wenn ein Problem nicht sofort behoben werden kann (wenn beispielsweise das Roulette-Rad defekt ist), wird der Tisch geschlossen und alle offenen Wetten werden zur\u00fcckgegeben.<\/p>\n<h2>Was ist, wenn die Internetverbindung unterbrochen wird?<\/h2>\n<p>Zum Gl\u00fcck ist dies bei heutiger Technologie so gut wie nie der Fall. In diesem Fall haben Sie ausreichend Zeit, um die Verbindung wiederherzustellen und das Spiel zu beenden. Wenn dies nicht rechtzeitig funktioniert, sieht das Spiel immer noch so aus, als w\u00e4re das Spiel beendet, bevor die Verbindung unterbrochen wurde. Dies kann f\u00fcr den Spieler bei Blackjack sowohl vorteilhaft als auch nachteilig sein.<\/p>\n<h2>Ben\u00f6tige ich spezielle Live Casino Software?<\/h2>\n<ul>\n<li>Nein, Sie m\u00fcssen keine Software herunterladen, um Live-Casino-Spiele zu spielen. Sie spielen alle Spiele direkt in Ihrem Browser.<br \/>\nKann ich Live Casino auf meinem mobilen Ger\u00e4t spielen?<\/li>\n<li>Ja Die meisten Online-Casinos bieten Live-Casinospiele, die Sie auch auf Ihrem Smartphone oder Tablet spielen k\u00f6nnen.<\/li>\n<\/ul>\n<h2>Die Vorteile des Live Casinos auf einen Blick:<\/h2>\n<ul>\n<li>Spielen Sie Live-Casino-Spiele rund um die Uhr an sieben Tagen in der Woche<\/li>\n<li>Software von Evolution Gaming oder Netent Live<\/li>\n<li>Die gr\u00f6\u00dfte Auswahl an Live-Casino-Spielen, einschlie\u00dflich Live-Roulette, Live-Blackjack und Live-Blackjack<\/li>\n<li>Spielen Sie beliebte Spiele wie Live Dream Catcher und Lightning Roulette<\/li>\n<li>Dutzende Tische sind zu jeder Tageszeit ge\u00f6ffnet<\/li>\n<\/ul>\n<h2>Fazit<\/h2>\n<p>Live Casino ist eine Innovation von Online Casinos. Das Live-Casino wurde aufgrund der Nachfrage der Spieler nach einem echten Casino-Erlebnis eingerichtet. Die Casinos hatten die Idee, dass ihnen die Kunden nicht trauen. Dies ist keine so schlechte Idee, da das Ergebnis vom Computer bestimmt wird. Die Spieler hatten schnell das Gef\u00fchl, dass ihr Geld nicht ehrlich behandelt wurde. Mit Live Casino haben Sie dieses Problem nicht mehr, hier wird das Ergebnis von echten H\u00e4ndlern bestimmt.<\/p>\n","protected":false},"excerpt":{"rendered":"<p>Live Casino Deutschland 2023 Der Name sagt alles; leben Das bedeutet, dass der Dealer Karten zieht und das Roulette l\u00e4uft. Dies ist ein Casino, in dem Sie immer noch hinter Ihrem PC sitzen. Aber in der visuellen Umgebung eines echten Casinos. In einem Online-Casino sind oft unglaublich viele Spiele vorhanden. Sie haben dies nicht in [&hellip;]<\/p>\n","protected":false},"author":1,"featured_media":0,"parent":0,"menu_order":0,"comment_status":"closed","ping_status":"closed","template":"","meta":{"footnotes":""},"categories":[],"tags":[],"class_list":["post-424","page","type-page","status-publish","hentry"],"aioseo_notices":[],"_links":{"self":[{"href":"https:\/\/pokiesportal.com\/de\/wp-json\/wp\/v2\/pages\/424","targetHints":{"allow":["GET"]}}],"collection":[{"href":"https:\/\/pokiesportal.com\/de\/wp-json\/wp\/v2\/pages"}],"about":[{"href":"https:\/\/pokiesportal.com\/de\/wp-json\/wp\/v2\/types\/page"}],"author":[{"embeddable":true,"href":"https:\/\/pokiesportal.com\/de\/wp-json\/wp\/v2\/users\/1"}],"replies":[{"embeddable":true,"href":"https:\/\/pokiesportal.com\/de\/wp-json\/wp\/v2\/comments?post=424"}],"version-history":[{"count":1,"href":"https:\/\/pokiesportal.com\/de\/wp-json\/wp\/v2\/pages\/424\/revisions"}],"predecessor-version":[{"id":992,"href":"https:\/\/pokiesportal.com\/de\/wp-json\/wp\/v2\/pages\/424\/revisions\/992"}],"wp:attachment":[{"href":"https:\/\/pokiesportal.com\/de\/wp-json\/wp\/v2\/media?parent=424"}],"wp:term":[{"taxonomy":"category","embeddable":true,"href":"https:\/\/pokiesportal.com\/de\/wp-json\/wp\/v2\/categories?post=424"},{"taxonomy":"post_tag","embeddable":true,"href":"https:\/\/pokiesportal.com\/de\/wp-json\/wp\/v2\/tags?post=424"}],"curies":[{"name":"wp","href":"https:\/\/api.w.org\/{rel}","templated":true}]}}