{"id":420,"date":"2019-02-04T14:58:41","date_gmt":"2019-02-04T14:58:41","guid":{"rendered":"https:\/\/pokiesportal.com\/de\/?page_id=420"},"modified":"2023-05-21T19:35:08","modified_gmt":"2023-05-21T19:35:08","slug":"blackjack","status":"publish","type":"page","link":"https:\/\/pokiesportal.com\/de\/blackjack\/","title":{"rendered":"blackjack"},"content":{"rendered":"<h1>Online Blackjack Deutschland 2023<\/h1>\n<p>Wenn wir uns die Bandbreite der Casino-Spiele bei Online-Gl\u00fccksspielzelten anschauen, ist es sofort offensichtlich, dass sie oft mehr oder weniger dieselben M\u00f6glichkeiten haben. Au\u00dferdem f\u00e4llt sofort auf, dass alle klassischen Casino-Spiele jederzeit vorhanden sind. Denken Sie an Blackjack. Von allen Casino-Spielen scheint es, dass Blackjack bei allen Online-Casinos mit Abstand das beliebteste Spiel ist. Die Lobbys in Live-Versionen sind meistens voll, sodass Sie nicht sofort mit dem Spielen beginnen k\u00f6nnen. Wenn Sie andere Spieler nach ihrem Lieblingsspiel in einem (Online-) Casino fragen, kommt der Name Blackjack oft als erster aus dem Hut. Aber woher kommt diese Popularit\u00e4t? Wir erz\u00e4hlen Ihnen in diesem Artikel alles dar\u00fcber!<\/p>\n<h2>Besonders zug\u00e4ngliches Casino-Spiel<\/h2>\n<p>Einer der Hauptgr\u00fcnde, warum Blackjack so beliebt ist, liegt in der Tatsache, dass es ein Casino-Spiel ist, das f\u00fcr jeden zug\u00e4nglich ist. Dies ist zum Teil darauf zur\u00fcckzuf\u00fchren, dass das Design des Spiels sehr einfach zu verstehen ist. Es ist auch wahr, dass der Hausvorteil beim Blackjack bekannterma\u00dfen sehr begrenzt ist. Unterschiedliche Strategien oder Systeme, die im Laufe der Jahre entstanden sind, haben auch die M\u00f6glichkeit, den Hausvorteil weiter zu reduzieren. Dies stellt sicher, dass Sie als Spieler immer einen sehr attraktiven Gewinn im Auge behalten.<\/p>\n<h2>Blackjack-Geschichte<\/h2>\n<p>Blackjack ist ein Kartenspiel mit einer jahrhundertelangen, aber auch sehr interessanten Geschichte. Wissenschaftler k\u00f6nnen sich nicht darauf einigen, wo der Ursprung von Blackjack liegt und wann er gespielt wurde. Die Tatsache, dass das Spiel die Zeit \u00fcberdauert hat, ist nicht so \u00fcberraschend, da Blackjack eine Reihe von Besonderheiten aufweist, die das Spiel so beliebt machen. Auf diese Weise k\u00f6nnen Sie als Spieler einen gro\u00dfen Einfluss auf den Spielverlauf aus\u00fcben. Mit den richtigen Kenntnissen, F\u00e4higkeiten und Strategien k\u00f6nnen Sie sogar Ihre Gewinnchancen erheblich steigern.<\/p>\n<h2>Herkunft des Blackjack<\/h2>\n<p>Blackjack, das fast das gleiche wie &#8220;21-en&#8221; ist, wird auf Franz\u00f6sisch &#8220;Vingt et un&#8221; genannt und viele gehen davon aus, dass das Spiel dort seinen Ursprung haben muss. Die Regeln und Ausnahmeregeln haben sich im Laufe der Jahrhunderte regelm\u00e4\u00dfig ge\u00e4ndert, und im 18. Jahrhundert wurde das Spiel zum ersten Mal nur in Casino-Form gespielt. Eine andere Theorie der Blackjack-Geschichte besagt, dass das Spiel in Italien aus dem Spiel &#8220;Sette e mezza&#8221; (dh siebeneinhalb) entstand. Die \u00c4hnlichkeiten zwischen den beiden Spielen sind in der Tat vorhanden, weil &#8220;Sette e mezza&#8221; das Ziel war, mit einer Hand siebeneinhalb Punkte zu spielen. Das Prinzip war also das gleiche wie das Spiel fortschreitet. Es ist auch m\u00f6glich, dass Blackjack in beiden L\u00e4ndern gleichzeitig begonnen hat, da Blackjack w\u00e4hrend der Franz\u00f6sischen Revolution h\u00e4ufig gespielt wurde und erst dann in die Vereinigten Staaten floss.<\/p>\n<h2>Entwicklung des Spiels<\/h2>\n<p>Die Blackjack-Regeln haben sich im Laufe der Jahre ge\u00e4ndert. Zuvor spielten sie nur mit 1 Kartenspiel, aber das wurde bald zu transparent. Die Gewinnchance f\u00fcr den Dealer war daher um ein Vielfaches gr\u00f6\u00dfer als die Gewinnchance f\u00fcr die anderen Spieler, und aus diesem Grund entwickelten Fanatiker spezielle Strategien, um die Bank zu schlagen. Das Z\u00e4hlen der Karten zum Beispiel und auf dieser Grundlage eine Absch\u00e4tzung der Karten des Gegners und der Bank ist eine dieser Methoden, die sich in der Praxis als gut erwiesen hat. In dem bekannten Buch von Edward Thorp mit dem Titel &#8220;Defeat the Dealer&#8221; wurden gute Strategien beschrieben, um die Bank zu schlagen, und es wurde bei Gl\u00fccksspiel-Enthusiasten \u00e4u\u00dferst beliebt. Das Ergebnis war, dass die Casinos nach einer neuen Methode suchen mussten, um die Chancen der Spieler auf ein Minimum zu beschr\u00e4nken, um zu verhindern, dass sie viele Verluste verlieren. Eine der \u00c4nderungen, die vorgenommen wurden, war, dass Blackjack ab diesem Moment nicht mehr mit 1 Spiel gespielt wurde, sondern mit mindestens 3 und manchmal 5 Kartens\u00e4tzen gleichzeitig. Um das &#8220;Lesen der Karten&#8221; noch schwieriger zu gestalten, wurden nicht alle Karten aus allen S\u00e4tzen gleichzeitig verwendet. Diese \u00c4nderung war f\u00fcr die Form des zeitgen\u00f6ssischen Blackjack, wie wir es zum Beispiel von den Online-Casinos kennen, sehr entscheidend.<\/p>\n<h2>Blackjack wurde Beliebter<\/h2>\n<p>Ab Anfang 1700 wurde Blackjack bereits von Karten- und Gl\u00fccksspielenthusiasten in ganz Europa gespielt. Am Ende des 17. Jahrhunderts, nach der Franz\u00f6sischen Revolution, fand Blackjack auch den Weg nach Amerika, aber es dauerte eine Weile, bis das Spiel von den Massen aufgenommen wurde. Es gab eine Reihe von Casinos, die ein gro\u00dfes Potenzial im Blackjack-Spiel sahen, und sie haben die Regeln ein wenig zu Gunsten der Spieler ge\u00e4ndert, um dem Spieler einen Schub zu geben.<\/p>\n<h2>Heutzutage<\/h2>\n<p>Heutzutage ist Blackjack zu einem der beliebtesten Casinospiele und Kartenspiele der Welt geworden. In Las Vegas gibt es Casinos mit fast 100 Blackjack-Tischen, an denen jeden Abend unz\u00e4hlige Blackjack-Enthusiasten spielen. Auch in Gl\u00fccksspielst\u00e4dten wie Reno, Paris, Barcelona, \u200b\u200bLondon, Tallinn, Macau und Monte Carlo ist Blackjack eine der gr\u00f6\u00dften Attraktionen in den \u00f6rtlichen Casinos, und das Spiel wird j\u00e4hrlich von Millionen von Enthusiasten gespielt.<\/p>\n<h2>Woher kommt der Name?<\/h2>\n<p>Der Name des Spiels stammt von der Kartenkombination Schoppen Aas und einem Black Jack (Blackjack), der auch die h\u00f6chste Kartenkombination ist. Diese Hand hatte vor Jahrhunderten einen besonderen Wert und mit dem Eintreffen der Boni war diese Kartenkombination eine gro\u00dfartige Gelegenheit, zus\u00e4tzliche Geldpreise hinzuzuf\u00fcgen. Wenn Sie normalerweise mit einem Gewinn von 3: 2 rechnen, wurden Sie bei einer Blackjack-Hand das Zehnfache Ihres Einsatzes bezahlt.<\/p>\n<h2>Blackjack in Filmen und Musik<\/h2>\n<p>Blackjack ist ein Spiel, das einen beispiellosen Einfluss auf die heutige Gesellschaft ausge\u00fcbt hat. Tausende von B\u00fcchern wurden dar\u00fcber geschrieben, fast jedes Casino der Welt bietet das Spiel an und Blackjack kehrt zu Popmusik, Spielen und Filmen zur\u00fcck. Blackjack spielt eine wichtige Rolle in beliebten Filmen wie &#8220;The Hangover&#8221;, &#8220;Rain Man&#8221; und dem Casino-Klassiker &#8220;21&#8221;. Michael Bolton spielte Ende der 70er Jahre in einer Rockband, die unter dem Namen &#8220;Blackjack&#8221; einige Erfolge erzielte. Ray Charles hat sogar einen Song \u00fcber Blackjack geschrieben, in dem er die Atmosph\u00e4re des Spiels sehr gut beschreiben kann. Ob er gewonnen hat, das ist nur die Frage!<\/p>\n<h2>Blackjack-Spielerkl\u00e4rung<\/h2>\n<p>Ein unterhaltsames und relativ einfaches Spiel ist Blackjack. Das Ziel bei diesem Spiel ist es, die Bank (das Casino) zu besiegen. Dies kann auf zwei Arten erfolgen:<\/p>\n<ul>\n<li>Nicht mehr als 21 Punkte als die Bank hat.<\/li>\n<li>Mehr Punkte als die Bank, aber weniger als 21.<\/li>\n<\/ul>\n<p>Bei diesem Spiel muss beachtet werden, dass keine 21 Punkte mehr erzielt werden. Der Wert der Karten ist der Wert auf der Karte. Eine herzliche 7 ist 7 Punkte, ein Verein 4 ist 4 Punkte. Die Tatsache, dass die Karte aus Herzen, Pik, Schl\u00e4gern oder Diamanten besteht, ist beim Blackjack nicht wichtig. Sowohl der Bauer als auch die Frau und der K\u00f6nig haben bei Blackjack 10 Punkte wert. Wenn Sie ein Ass erhalten, k\u00f6nnen Sie zwischen den Werten 1 und 11 w\u00e4hlen. Nachfolgend ein kleines Berechnungsbeispiel:<\/p>\n<ul>\n<li>Sie haben eine Boer und eine 5, also insgesamt 15 Punkte. Sie entscheiden, dass Sie eine andere Karte w\u00fcnschen, und das ist ein Ass.<\/li>\n<li>In diesem Fall z\u00e4hlt das Ass als 1, da Sie andernfalls \u00fcber 21 sind. Ihre Gesamtsumme betr\u00e4gt jetzt 17 Punkte.<\/li>\n<li>Blackjack ist ein einfaches Kartenspiel. Nach einer kurzen Einf\u00fchrung und einer kurzen \u00dcbung ist es m\u00f6glich, korrekt zu Blackjack. Es gibt auch M\u00f6glichkeiten, im Casino mehr zu gewinnen und bestimmte Regeln, um die Gewinnchancen zu maximieren, beispielsweise durch Spielen nach dem Blackjack-Schema.<\/li>\n<\/ul>\n<h2>Punktz\u00e4hlung<\/h2>\n<p>Die Bewertung beim Blackjack ist sehr einfach. Bilder (Herr, Frau, Bauer) haben einen Wert von 10 Punkten. Das Ass hat einen Wert von 1 oder 11 Punkten und die restlichen Karten haben den auf der Karte angegebenen Wert. Das Spiel wird mit mindestens 52 Karten (1 Deck) und maximal 312 Karten (6 Decks) gespielt. Diese Karten werden gemischt. Nach Abgabe der Eins\u00e4tze erhalten die Spieler 2 Karten und die Bank 1 Karte. Im Prinzip haben die Spieler dann zwei M\u00f6glichkeiten: passen oder nehmen Sie eine zus\u00e4tzliche Karte. Der Spieler ist v\u00f6llig frei in seiner Wahl, sofern die Gesamtpunktzahl 21 Punkte nicht \u00fcberschreitet. Wenn der Spieler eine Punktzahl von 21 oder weniger hat und sich f\u00fcr das Bestehen entscheidet, wird die Bank versuchen, den 21 Punkten so nahe wie m\u00f6glich zu kommen. Dem H\u00e4ndler steht es jedoch nicht frei, eine zus\u00e4tzliche Karte einzulegen oder mitzunehmen. In allen Casinos in den Niederlanden zieht die Bank auf 16 und passt von 17. Nachdem der Score der Bank bekannt ist, wird der Score verglichen. Wenn die Anzahl der Punkte h\u00f6her ist, als der Spieler die Wette verdoppelt, ist die Anzahl der Punkte niedriger als die Wette. Bei einem Unentschieden (einer Pause) wird nichts mit der Wette gemacht.<\/p>\n<h2>Bet<\/h2>\n<p>Vor dem Spiel bestimmen Sie Ihren Einsatz, indem Sie die Chips in das K\u00e4stchen legen. Es ist von Casino zu Casino unterschiedlich, was der Mindesteinsatz ist. Nach dem Wetten teilt der Dealer 2 Karten. Der H\u00e4ndler gibt sich auch 2 Karten, von denen eine f\u00fcr Sie sichtbar ist. Der andere ist mit der Werteseite unten. Nachdem Sie Ihre Karten erhalten haben, k\u00f6nnen Sie entscheiden, welchen Zug Sie ausf\u00fchren m\u00f6chten. Hier sind Ihre Optionen:<\/p>\n<ul>\n<li>Kaufen &#8211; Sie erhalten eine zus\u00e4tzliche Karte, die Ihren Punkten hinzugef\u00fcgt wird.<\/li>\n<li>Pass &#8211; Sie m\u00f6chten keine zus\u00e4tzliche Karte und Ihre aktuelle Punktzahl kann nicht erh\u00f6ht werden.<\/li>\n<li>Teilen &#8211; Wenn Sie zwei identische Karten haben (z. B. 2 Landwirte), k\u00f6nnen Sie die Karten teilen. Sie verdoppeln Ihren Einsatz und k\u00f6nnen in einer Runde mit zwei verschiedenen H\u00e4nden (den Karten, mit denen Sie eine Runde spielen) spielen.<\/li>\n<li>Double &#8211; Dies bedeutet, dass Sie Ihren Einsatz verdoppeln k\u00f6nnen. Du darfst nur eine zus\u00e4tzliche Karte mitnehmen.<\/li>\n<li>Versicherung &#8211; Sie k\u00f6nnen sich versichern, wenn der Dealer ein Ass hat und Ihre Chancen geringer sind. Sie m\u00fcssen 50% zus\u00e4tzlich auf Ihren Einsatz zahlen. Wenn der Dealer noch eine Karte mit einem Wert von 10 hat und so Blackjack ist, verlieren Sie nichts. Hat der H\u00e4ndler eine 9 und so verlieren Sie Ihren urspr\u00fcnglichen Einsatz + die Versicherung.<\/li>\n<\/ul>\n<p>Ein wichtiger Vorteil von Blackjack ist, dass der Dealer beim Spielen keine Auswahl treffen darf. Es wurden Regeln festgelegt, die der H\u00e4ndler w\u00e4hrend des Spiels einhalten muss. Beachten Sie, dass der H\u00e4ndler verpflichtet ist, eine Karte zu ziehen, wenn der Wert seiner Hand unter 17 liegt und er abbrechen muss, wenn er \u00fcber 17 oder mehr verf\u00fcgt. Wenn Sie eine Hand gewinnen, erhalten Sie Ihre Wette doppelt zur\u00fcck. Wenn Sie wetten und 25 Euro gewinnen, erhalten Sie 50 Euro. Wenn Sie mit der gleichen Punktzahl wie der Dealer enden, ist es ein Unentschieden und Sie verlieren nichts, aber Sie gewinnen nichts. Es ist am besten, wenn Sie Blackjack haben. Dies bedeutet, dass Ihre ersten 2 Karten einen Wert von 21 darstellen. (Dies kann zum Beispiel ein K\u00f6nig und ein Ass sein.) In diesem Fall erhalten Sie Ihren Einsatz, doppelt so viel. Wenn Sie jetzt 25 Euro setzen, erhalten Sie 62,50 Euro Gewinn. (25 * 1,5)<\/p>\n<h2>Varianten<\/h2>\n<p>Wenn wir die Entwicklung des Blackjack-Spiels betrachten, m\u00fcssen wir feststellen, dass das Spiel unterschiedliche Formen annimmt. Viele Varianten des Spiels werden angeboten. Es gibt Online-Casinos, in denen bis zu 25 Varianten des Blackjack-Spiels angeboten werden. Als Spieler ist es wichtig zu \u00fcberlegen, welche Version des Spiels am besten zu Ihren Spielvorlieben passt. Der Vorteil des Online-Spiels besteht darin, dass Sie die verschiedenen Spielformen ohne Risiko entdecken k\u00f6nnen.<\/p>\n<h2>Vier Gr\u00fcnde, warum Blackjack immer Beliebt Sein Wird<\/h2>\n<p>Wenn wir alle m\u00f6glichen Spiele betrachten, die im Online Casino gespielt werden k\u00f6nnen, gibt es bestimmte Spiele, die eine lange Geschichte haben und aufgrund der hohen Nachfrage und der gro\u00dfen Anzahl von Spielern, die diese Spiele anziehen, immer existieren werden. Eines dieser Spiele &#8211; neben W\u00fcrfelspielen &#8211; ist nat\u00fcrlich der Blackjack, ein Spiel, das seit Jahrhunderten ein hohes Ansehen genie\u00dft und viel gespielt wird. Es gibt vier Gr\u00fcnde, die das Spiel so beliebt machen, und diese Gr\u00fcnde sorgen auch daf\u00fcr, dass das Spiel nicht schnell von der B\u00fchne verschwindet. Diese vier Gr\u00fcnde sind:<\/p>\n<ul>\n<li>1. Es ist das Geschicklichkeitsspiel<\/li>\n<\/ul>\n<p>Blackjack ist nicht nur ein Spiel, bei dem alles zum Schicksal \u00fcbrig bleibt. Es ist ein Geschicklichkeitsspiel, bei dem der Spieler st\u00e4ndig Urteile f\u00e4llen muss und durch das er aktiv am Spiel beteiligt ist. Wenn Sie gewinnen, ist dies oftmals Ihnen zu verdanken. Wenn Sie verlieren, haben Sie beim n\u00e4chsten Mal oft eine gute Lektion gelernt. Da es sich um ein Geschicklichkeitsspiel handelt, muss es auch involviert und aktiv gespielt werden, was oft die Erfahrung des Spiels selbst f\u00f6rdert.<\/p>\n<ul>\n<li>2. Der Vorteil f\u00fcr das Haus ist gering<\/li>\n<\/ul>\n<p>Es gibt Spiele, die scheinbar einfach zu verlieren sind, denn der Vorteil dieser Spiele liegt eigentlich immer im Haus. Ein gutes Beispiel daf\u00fcr ist die amerikanische Form des Roulettes. Beim Blackjack ist das nur ein bisschen anders. Der Nachteil liegt eher beim Haus als beim Spieler. Der einzige Kommentar, der hier gemacht werden kann, ist, dass der Spieler zuerst beenden muss, was bedeutet, dass ein kleiner Vorteil im Casino gefunden werden kann. F\u00fcr die erfahreneren Spieler ist dies jedoch eher ein Vorteil als ein Nachteil.<\/p>\n<ul>\n<li>3. Geschwindigkeit des Spiels<\/li>\n<\/ul>\n<p>Es gibt Spiele, die so langsam gespielt werden, dass Sie sich fragen, was Sie tun sollten, um unterhalten zu werden. Beim Blackjack ist dies zum Gl\u00fcck nicht der Fall, es ist ein Spiel, bei dem das Tempo relativ hoch ist und es immer etwas zu sehen gibt. Egal ob Karten, Hintergrund oder ein attraktiver Live Dealer, hier entscheiden Sie sich f\u00fcr ein Spiel.<\/p>\n<ul>\n<li>4. Die Kultur rund um das Spiel<\/li>\n<\/ul>\n<p>Blackjack ist nicht nur ein Spiel, es ist ein Spiel mit einer bestimmten Geschichte. Es gibt auch viele Filme und Geschichten, mit denen Sie sich beim Spielen identifizieren k\u00f6nnen. Vielleicht kennen Sie sogar die Geschichten der Soldaten, die w\u00e4hrend des Ersten Weltkriegs an der Front Blackjack gespielt haben, um sich zu unterhalten, w\u00e4hrend sie auf eine Bewegung vom Feind warteten? Auf jeden Fall ist Blackjack ein Spiel mit einer Geschichte, einer Geschichte, an der Sie teilnehmen k\u00f6nnen, w\u00e4hrend Sie spielen. Einige Casinos haben eine gro\u00dfe Anzahl von Varianten, was m\u00f6glich ist, weil das Spiel selbst schon so breit ist.<\/p>\n<h2>Ausgezeichnete Auszahlungsprozents\u00e4tze<\/h2>\n<p>Dies steht im Einklang mit den hervorragenden Auszahlungsprozents\u00e4tzen, auf die Sie als Blackjack-Spieler z\u00e4hlen k\u00f6nnen. Dies ist wahrscheinlich der Hauptgrund, der der enormen Popularit\u00e4t von Blackjack zugrunde liegt. Noch mehr als beim Roulette ist dieses Casino-Spiel daf\u00fcr bekannt, hervorragende Auszahlungen zu erzielen, die jeder sch\u00e4tzen wird.<\/p>\n<h2>Fazit<\/h2>\n<p>Blackjack ist eines der bekanntesten Tischspiele. Es f\u00e4llt unter die Gl\u00fccksspiele, die Sie mit Karten spielen. Heutzutage k\u00f6nnen Sie auch Blackjack im Online Casino spielen. Immer mehr Menschen entscheiden sich f\u00fcr Online-Blackjack. Wenn Sie Blackjack als neuen Spieler entdecken m\u00f6chten, ist es nat\u00fcrlich ratsam, zuerst die oben genannten Regeln zu betrachten. Um Sie aufzuw\u00e4rmen, m\u00f6chten wir Ihnen etwas \u00fcber die Grundlagen des Spiels erz\u00e4hlen. Es kommt darauf an, dass Sie die Bank schlagen m\u00fcssen. Wie bereits gesagt, erreichen Sie die 21 Punkte so nah wie m\u00f6glich. Sie sollten jedoch nicht dorthin gehen, weil Sie dann bankrott sind. Der Gewinner ist derjenige, der der 21 am n\u00e4chsten kam oder Blackjack hat.<\/p>\n","protected":false},"excerpt":{"rendered":"<p>Online Blackjack Deutschland 2023 Wenn wir uns die Bandbreite der Casino-Spiele bei Online-Gl\u00fccksspielzelten anschauen, ist es sofort offensichtlich, dass sie oft mehr oder weniger dieselben M\u00f6glichkeiten haben. Au\u00dferdem f\u00e4llt sofort auf, dass alle klassischen Casino-Spiele jederzeit vorhanden sind. Denken Sie an Blackjack. Von allen Casino-Spielen scheint es, dass Blackjack bei allen Online-Casinos mit Abstand das [&hellip;]<\/p>\n","protected":false},"author":1,"featured_media":0,"parent":0,"menu_order":0,"comment_status":"closed","ping_status":"closed","template":"","meta":{"footnotes":""},"categories":[],"tags":[],"class_list":["post-420","page","type-page","status-publish","hentry"],"aioseo_notices":[],"_links":{"self":[{"href":"https:\/\/pokiesportal.com\/de\/wp-json\/wp\/v2\/pages\/420","targetHints":{"allow":["GET"]}}],"collection":[{"href":"https:\/\/pokiesportal.com\/de\/wp-json\/wp\/v2\/pages"}],"about":[{"href":"https:\/\/pokiesportal.com\/de\/wp-json\/wp\/v2\/types\/page"}],"author":[{"embeddable":true,"href":"https:\/\/pokiesportal.com\/de\/wp-json\/wp\/v2\/users\/1"}],"replies":[{"embeddable":true,"href":"https:\/\/pokiesportal.com\/de\/wp-json\/wp\/v2\/comments?post=420"}],"version-history":[{"count":1,"href":"https:\/\/pokiesportal.com\/de\/wp-json\/wp\/v2\/pages\/420\/revisions"}],"predecessor-version":[{"id":1000,"href":"https:\/\/pokiesportal.com\/de\/wp-json\/wp\/v2\/pages\/420\/revisions\/1000"}],"wp:attachment":[{"href":"https:\/\/pokiesportal.com\/de\/wp-json\/wp\/v2\/media?parent=420"}],"wp:term":[{"taxonomy":"category","embeddable":true,"href":"https:\/\/pokiesportal.com\/de\/wp-json\/wp\/v2\/categories?post=420"},{"taxonomy":"post_tag","embeddable":true,"href":"https:\/\/pokiesportal.com\/de\/wp-json\/wp\/v2\/tags?post=420"}],"curies":[{"name":"wp","href":"https:\/\/api.w.org\/{rel}","templated":true}]}}