{"id":416,"date":"2019-02-04T14:22:42","date_gmt":"2019-02-04T14:22:42","guid":{"rendered":"https:\/\/pokiesportal.com\/de\/?page_id=416"},"modified":"2019-02-04T14:45:48","modified_gmt":"2019-02-04T14:45:48","slug":"craps","status":"publish","type":"page","link":"https:\/\/pokiesportal.com\/de\/craps\/","title":{"rendered":"craps"},"content":{"rendered":"<h1 class=\"LC20lb\">Craps online spielen: Kostenlos oder um Echtgeld<\/h1>\n<p>Craps ist das ber\u00fchmte W\u00fcrfelspiel, das jeder \u00fcber Hollywood-Filme \u00fcber Casinos kennt. Es ist eines der traditionellsten Casinospiele. Neben der gro\u00dfen Beliebtheit in echten Casinos gibt es mittlerweile eine gro\u00dfe Anzahl von Online-Casinos, in denen Sie Craps spielen k\u00f6nnen. Das ist nicht nur das; Craps hat jetzt eine gro\u00dfe Gruppe von Fans, die eigens f\u00fcr das Spiel zu den Online-Casinos gewechselt sind. Craps ist ein recht einfaches Spiel mit einer Reihe einfacher Regeln. Es k\u00f6nnen mehrere Spieler gleichzeitig am Spieltisch teilnehmen, und es gibt immer einen Spieler, der die W\u00fcrfel wirft. W\u00e4hrend das Spiel fortschreitet, m\u00fcssen sich alle Spieler abwechseln, um zu w\u00fcrfeln. Die anderen Spieler setzen dann auf die Anzahl der Augen, die sich auf den W\u00fcrfeln befinden, wenn sie station\u00e4r sind. Die Spieler k\u00f6nnen auch auf Ergebnisse wie &#8220;Schlangenaugen&#8221; (2 x 1) oder &#8220;Sets&#8221; wetten (die Anzahl der Augen beider W\u00fcrfel ist gleich).<\/p>\n<h2>Die Geschichte des Craps-Spiels<\/h2>\n<p>Das Spiel Craps ist ein W\u00fcrfelspiel, das mit 2 W\u00fcrfeln gespielt wird und bei dem die Spieler Wetten auf die Anzahl der geworfenen Augen und die verschiedenen Kombinationen der 2 W\u00fcrfel abschlie\u00dfen k\u00f6nnen. Das Spiel stammt aus dem alten englischen Spiel Hazard. Es ist nicht ganz klar, wie und wo das Spiel zuerst gespielt wurde, aber die \u00e4ltesten Quellen stammen aus dem Mittelalter. Um 1823 brachte der reiche franz\u00f6sische Playboy und Philanthrop Bernard de Marigny, der auch Staatspr\u00e4sident von Louisiana war, das W\u00fcrfelspiel nach Amerika. Das Spiel wurde oft mit manipulierten W\u00fcrfeln gespielt und auch in den Regeln zum Schlie\u00dfen von Wetten gab es Undichtigkeiten, die das Kasino und den Werfer der W\u00fcrfel oft zur Hauptlast f\u00fchrten. John H. Winn war ein gro\u00dfer Fan des Spiels und f\u00fchrte das &#8216;Don&#8217;t Pass&#8217;-Wettsystem ein, bei dem diese Unehrlichkeiten gel\u00f6st wurden. Diese Anpassung erwies sich als so effizient, dass das Spiel immer noch gem\u00e4\u00df diesen Regeln gespielt wird. Der Name Craps leitet sich vom franz\u00f6sischen Wort Crapaud ab, was Frosch bedeutet. Dies bezieht sich auf die Hockposition der Spieler, die auf der Stra\u00dfe gespielt haben. Das Spiel wird immer noch auf der Stra\u00dfe gespielt (Street Craps), wo der Bordstein oft als R\u00fcckhaltestelle des Wurfstreifens dient. Streetcraps wurde w\u00e4hrend des 2. Weltkrieges haupts\u00e4chlich von den Soldaten gespielt und fand den Weg zur\u00fcck nach Europa.<\/p>\n<h2>Craps history &#8211; Die Suche<\/h2>\n<p>Ein logischer Schritt bei der Suche nach dem Ursprung von Craps ist die Untersuchung seines Namens. Der spezielle Name &#8220;Craps&#8221; verbirgt zweifellos einen Teil der Geschichte des Spiels. Und wenn wir das Geheimnis des Namens entr\u00e4tseln k\u00f6nnen, k\u00f6nnen wir uns ein Bild \u00fcber den Ursprung des Spiels machen. Einige Leute denken, dass das Wort &#8220;Craps&#8221; eine Verf\u00e4lschung des englischen Wortes &#8220;Krabben&#8221; ist. Aber &#8220;Craps&#8221; hat nichts mit diesen englischen &#8220;Krabben&#8221; zu tun. Das Spiel verdankt seinen Namen zuf\u00e4llig einem anderen Tier. der Weg Die Haltung der Spieler des Spiels erinnert sehr an einen Weg. Einige denken, dass das Spiel deshalb auf Franz\u00f6sisch &#8220;Kr\u00f6ten&#8221; oder &#8220;Crapauds&#8221; genannt wurde. Andere meinen, dass &#8220;Kr\u00f6ten&#8221; ein englischer Spitzname f\u00fcr die kreolischen Einwohner von New Orleans waren. Immerhin haben sie oft gespielt. Wie auch immer; Der urspr\u00fcngliche Name wurde in &#8216;Craps&#8217; besch\u00e4digt. Vielleicht denken Sie jetzt, dass das Spiel in Frankreich entstanden ist. Dies ist nur teilweise richtig. Das Spiel ist stark von den Franzosen beeinflusst, entwickelte sich aber haupts\u00e4chlich in Amerika. Besonders an Orten, an denen afrikanische Einwanderer lebten, wie zum Beispiel in New Orleans. Dort war es ein beliebtes Stra\u00dfenspiel.<\/p>\n<h2>Craps History &#8211; Das Mittelalter<\/h2>\n<p>Diese Erkl\u00e4rung w\u00e4re f\u00fcr manche Menschen ausreichend. Historiker ziehen es vor zu sehen, dass wir noch weiter zur\u00fcckgehen, n\u00e4mlich ins Mittelalter. Machen Sie weiter: W\u00e4hrend der Kreuzz\u00fcge waren W\u00fcrfelspiele bereits im Nahen Osten beliebt. Daher gibt es die Theorie, dass nicht nur arabische Fr\u00fcchte und Kr\u00e4uter durch die Kreuzz\u00fcge verbreitet werden, sondern auch beliebte W\u00fcrfelspiele wie Azzahr. In Europa wurde der Name Azzahr bald von den Franzosen als &#8220;Hasard&#8221; und von den Engl\u00e4ndern als &#8220;Hazard&#8221; bezeichnet. Schlie\u00dflich \u00e4nderte sich das Spiel und seine Regeln im Jahr 1700 und machten es schnell popul\u00e4r. Besonders die Spieler und Aristokraten spielten gern &#8220;Hazard&#8221;. Die Einf\u00fchrung des Spiels in den Vereinigten Staaten ist dem Adeligen Bernard Xavier Philippe de Marigny de Mandeville zu verdanken. Ein notorischer Spieler und Politiker. Wegen seiner Einfachheit wurde Craps bei Soldaten und Armen beliebt. Sie hatten wenige Ressourcen, aber ein paar W\u00fcrfel reichten aus, um zu spielen. Von da an begann das Spiel seine Tour durch ganz Amerika. Am Anfang \u00fcber die Fl\u00fcsse, sp\u00e4ter \u00fcber die Stra\u00dfen. Um in den Casinos zu landen, wo das Spiel seine endg\u00fcltige Transformation durchgemacht hat.<\/p>\n<h2>Craps-Geschichte &#8211; Zwei Varianten<\/h2>\n<p>Es gab also pl\u00f6tzlich zwei Varianten: &#8216;Street Craps&#8217; und &#8216;Bank Craps&#8217;. Street Craps, gespielt auf der Stra\u00dfe, war einfach. Sie brauchten zwei W\u00fcrfel und spielten gegen Ihren Mitspieler. Etwas komplizierter war Bank Craps, die sp\u00e4ter in den Casinos entstandene Variante. Beispielsweise wurden neue Regeln aufgestellt und ein umfangreiches Inventarsystem entwickelt. Zus\u00e4tzliche W\u00fcrfel wurden hinzugef\u00fcgt, um es fairer zu machen. Au\u00dferdem spielten Sie nicht mehr gegen Ihren Mitspieler, sondern gegen die Bank (daher der Name Bank Craps). Bei all diesen \u00c4nderungen gab es ein v\u00f6llig neues Spiel mit nat\u00fcrlich Spielern, aber auch Sch\u00fctzen, Boxmen und Dealern. Dies f\u00fchrte auch zu vielen neuen W\u00f6rtern.<\/p>\n<h2>Craps Geschichte &#8211; Zeitgen\u00f6ssisches Craps<\/h2>\n<p>Heute wird Craps noch auf der Stra\u00dfe gespielt. Es ist jedoch das Casino-Spiel, das Millionen von Besuchern anzieht. sowohl in den Gl\u00fccksspielparadiesen als auch in der Welt der Online-Casinos. Die M\u00f6glichkeit, Craps online zu spielen, hat dem Spiel einen neuen Anstrich verliehen. Die meisten Spieler wissen jedoch nicht, welche Geschichte hinter ihrem Lieblingsspiel steckt. Sie wissen nur, dass sie einfach verr\u00fcckt nach Craps sind.<\/p>\n<h2>Casino Craps<\/h2>\n<p>Das Casino Craps ist ein Spiel, bei dem ein oder mehrere Spieler Wetten gegen das Casino oder die Bank t\u00e4tigen. Die Spieler und Casino-Mitarbeiter sitzen oder stehen an einem langen ovalen Craps-Tisch. Alle m\u00f6glichen Wettformen werden auf dem Spielblatt angezeigt. Die Spieltische erinnern am meisten an eine Badewanne, etwa 4,5 Meter lang und eineinhalb Meter breit. Die Spieler k\u00f6nnen ihren Einsatz abschlie\u00dfen, indem sie die Spielmarken auf das gew\u00fcnschte W\u00fcrfelkombinationsbild setzen. Lange, \u00fcber dem Tisch aufgeh\u00e4ngte Spiegel sorgen daf\u00fcr, dass jeder einen guten \u00dcberblick \u00fcber die Vorg\u00e4nge auf der Konsole hat. Die Crapstafel im Casino wird normalerweise von 4 Casino-Mitarbeitern besetzt, die jeweils ihre eigene Aufgabe haben. Einige Casinos haben aus Platz- und Kostengr\u00fcnden einen Mini-Craps angeboten, der von 2 Casino-Mitarbeitern betrieben werden kann.<\/p>\n<h2>Craps im Online Casino<\/h2>\n<p>Seit der Ankunft des Internets hat sich viel ver\u00e4ndert. Die ersten Online-Casinospiele waren Online-Gl\u00fccksspiele und Spielautomaten. Ihre Software war einfach und es wurde schnell klar, dass es einen gro\u00dfen Markt f\u00fcr Online Casino Spiele gab. Online Casino Spiele f\u00fcr echtes Geld wurden zu einer der profitabelsten Initiativen im Internet. Nach dem Poker und Blackjack wurden auch der Roulette-Tisch und Craps online verf\u00fcgbar gemacht. Eines der wichtigsten Merkmale sowohl der Online-Roulette-Tische als auch der Craps-Tische ist der RNG (Random Number Generator). Nat\u00fcrlich kannst du die W\u00fcrfel nicht selbst werfen, aber du kannst viele verschiedene M\u00f6glichkeiten nutzen, genau wie beim echten Craps-Spiel. In vielen Online-Casinos besteht die M\u00f6glichkeit, die Spielgeschwindigkeit des Spiels anzupassen. Dies hat den gro\u00dfen Vorteil, dass die Neulinge die Zeit haben, die Informationen \u00fcber das, was auf dem Tisch passiert, zu verarbeiten, w\u00e4hrend die erfahrenen Spieler ihre Runden schnell und ohne Verz\u00f6gerung spielen k\u00f6nnen.<\/p>\n<h2>Mobiles Casino<\/h2>\n<p>Heutzutage haben die meisten Online-Casinos auch eine spezielle Version f\u00fcr das Craps-Spiel f\u00fcr mobile Ger\u00e4te erstellt. Wie Roulette ist dieses Spiel ideal f\u00fcr das mobile Casino, da es ein Spiel mit gro\u00dfen Gewinnchancen ist, das zu jeder Tageszeit ohne viel Zeitaufwand gespielt werden kann.<\/p>\n<h2>Der Erste Wurf<\/h2>\n<p>Craps ein W\u00fcrfelspiel par excellence. In diesem Casino-Spiel setzen die Spieler auf die W\u00fcrfelw\u00fcrfel. Ein sechseckiges W\u00fcrfelpaar wird im Spiel verwendet. Der &#8220;Shooter&#8221; ist der Spieler, der die W\u00fcrfel wirft. Jeder Spieler am Tisch hat die Chance, einmal zu w\u00fcrfeln. Die W\u00fcrfel werden nach jeder neuen Runde im Uhrzeigersinn weitergegeben. Wenn eine neue Spielrunde beginnt, w\u00e4hlt der Sch\u00fctze zwei W\u00fcrfel zum W\u00fcrfeln. Der Sch\u00fctze muss eine neue &#8220;Linienwette&#8221; (auf der &#8220;Pass-Linie&#8221; oder &#8220;Nicht-Pass-Linie&#8221;) abgeben. Andere Spieler am Tisch setzen ebenfalls. Der Sch\u00fctze beginnt die Runde, indem er die W\u00fcrfel gegen die gegen\u00fcberliegende Craps-Tischwand wirft. Der erste Wurf des Shooters wird als &#8220;Come-Out-Roll&#8221; bezeichnet.<\/p>\n<h2>Die Come-Out-Rolle<\/h2>\n<ul>\n<li>Wenn der Come-Out-Wurf eine 7 oder 11 ist, verlieren die &#8216;Pass Line&#8217;-Wette und die&#8217; Don&#8217;t Pass&#8217;-Wette. Damit ist auch die Runde sofort beendet.<\/li>\n<li>Wenn der &#8220;Come-Out-Roll&#8221; eine 2, 3 oder 12 a 7 ist, verlieren oder spielen die &#8220;Pass-Linie&#8221; und die &#8220;Nicht-Pass-Linie&#8221; (das gleiche Spiel findet statt wie der &#8220;Come-Out-Roll&#8221;). &#8220;12 ist).<\/li>\n<li>Wenn der Come-Out-Wurf 4, 5, 6, 8, 9 oder 10 ist, wird diese bestimmte Zahl zum Punkt des Spielers. Die Dealer am Tisch legen dann einen Puck auf diese bestimmte Nummer auf dem Tisch. Was ist der Puck? Das ist eine Scheibe, die der H\u00e4ndler auf den Tisch legen kann.<\/li>\n<\/ul>\n<p>Dann w\u00fcrfelt der Sch\u00fctze die W\u00fcrfel, bis er oder sie die Anzahl der Augen von dem Punkt aus geworfen hat oder wenn er den verlorenen Wurf mit einer 7 wirft. Wenn der Punkt geworfen wird, verlieren Spieler, die auf die Pass-Linie gesetzt haben, die Spieler, die auf &#8220;Nicht-Pass-Linie&#8221; gesetzt haben. Wenn eine 7 vor dem Punkt gew\u00fcrfelt wird, verlieren die Pass-Line-Wetten und die Nicht-Pass-Wetten gewinnen.<\/p>\n<h2>Spielregeln von Craps<\/h2>\n<p>Die Craps-Regeln erfordern wenig Erkl\u00e4rung. Es ist besonders wichtig, dass Sie wissen, wie die Kurven funktionieren. Jeder Spieler darf einmal w\u00fcrfeln. Der Dealer gibt die W\u00fcrfel kontinuierlich an den n\u00e4chsten Spieler weiter und die anderen Spieler legen jede Runde erneut Chips ein. Als Spieler setzen Sie auch Chips in den Runden, in denen andere Spieler W\u00fcrfel werfen.<\/p>\n<h2>Pass und Pass Nicht<\/h2>\n<p>Der einfachste Wetteinsatz bei Craps ist der Gewinn des Sch\u00fctzen. Dies geschieht, indem Sie die Chips auf der Pass-Linie auf dem Tisch platzieren, bevor das Come-Out gerollt wird. Wetten gegen den Sch\u00fctzen k\u00f6nnen gemacht werden, indem Sie Chips auf den Nicht-Pass-Balken setzen. Die Auszahlung auf diesen Feldern erfolgt immer 1x.<\/p>\n<h2>Komm und Komm Nicht<\/h2>\n<p>Vergleichbar mit den Pass-and-Pass-Wetten sind die Come-und-Come-Bets. Diese funktionieren genau gleich, werden aber verwendet, nachdem der Sch\u00fctze einen Punkt gemacht hat. Wenn eine Come-Bet 7 oder 11 gew\u00fcrfelt wird, wird sie gewonnen. Wenn 2 oder 3 verloren gehen, gibt es bei 12 ein Unentschieden und der Einsatz wird zur\u00fcckgegeben. Bei jeder anderen Zahl wird der Punkt des Spielers und der Chip des kommenden Feldes in das Feld der entsprechenden Zahl verschoben, um anzuzeigen, dass der Spieler nun auf diese Zahl setzt.<\/p>\n<p>Eine nicht kommende Wette funktioniert auf dieselbe Weise, gewinnt jedoch, wenn der erste Wurf eine 2 oder 3 ist und mit einer 7 oder 11 verliert. Bei 12 gibt es auch ein Unentschieden, bei anderen Zahlen wird dies der Punkt dieses Spielers. Im Gegensatz zu einer Come-Bet geht eine Come-Bet-Wette verloren, wenn dieser Punkt erneut geworfen wird.<\/p>\n<h2>Feldwette<\/h2>\n<p>Neben den vergleichbaren (nicht) Come \/ Pass-Wetten ist auch eine Feldwette m\u00f6glich. Sie setzen auf eine Feldwette, dass eine 2, 3, 4, 9, 10, 11 oder 12 gew\u00fcrfelt wird, bevor eine 7 gew\u00fcrfelt wird. Jede Zahl aus dieser Serie wird einmal ausgezahlt, mit Ausnahme von 2 und 12, bei denen jeweils das Zwei-, Zwei- oder Dreifache der Wette bezahlt wird.<\/p>\n<h2>Gro\u00df 6\/8<\/h2>\n<p>Im Big 6\/8-Feld setzen Sie darauf, eine 6 oder 8 zu werfen, bevor 7 gew\u00fcrfelt wird. Beendet die Runde, bevor eine 6, 7 oder 8 geworfen wird (wenn der Verteidiger erneut einen Punkt wirft und gewinnt), dann ist die Wette unentschieden und die Wette wird zur\u00fcckgegeben.<\/p>\n<h2>Platzieren, kaufen und Wetten platzieren<\/h2>\n<p>Platzwetten sind Wetten, bei denen Sie darauf wetten, dass Sie bei der n\u00e4chsten Wette eine bestimmte Zahl werfen. Dies kann 4, 5, 6, 8, 9 oder 10 sein. Bei 4 und 10 betr\u00e4gt die Auszahlung 9: 5, bei 5 und 9 7,5: 5 und bei 6 und 8 7: 6. Sie k\u00f6nnen auch auf 7 werfen, bevor eine bestimmte Anzahl geworfen wird. Bei einer 7 vor 4 oder 10 wird die Wette 5:11 gew\u00fcrfelt, bei 5 und 9 ist dies 5: 8 und bei 6 und 8 ist dies 4: 5. Aufgrund dieser Verh\u00e4ltnisse muss die Wette eine minimale H\u00f6he haben, da es nicht m\u00f6glich ist, die richtige Menge an Chips f\u00fcr kleine Wetten zu zahlen. Bei Platzwetten erhalten Sie nicht den Betrag, der genau der Wahrscheinlichkeit entspricht, dass eine bestimmte Anzahl geworfen wird. Dies ist der Fall bei Kaufwetten. Auch bei einer Buy-Wette setzen Sie darauf, eine bestimmte Anzahl zu werfen, aber hier wird genau proportional bezahlt, wie gro\u00df die Chance ist, diese Zahl zu erhalten. Es wird jedoch eine Provision von 5% pro Einsatz erhoben. Das Gegenteil der Kaufwette ist die Laienwette, bei der Sie wetten, dass 7 f\u00fcr eine bestimmte Zahl geworfen wird.<\/p>\n<h2>Beliebig 7<\/h2>\n<p>Bei einer beliebigen 7-Wette setzen Sie darauf, dass der n\u00e4chste Wurf eine 7 ist. Sie erhalten viermal Ihren Einsatz.<\/p>\n<h2>Alle schei\u00dft<\/h2>\n<p>Bei einem Craps setzen Sie darauf, dass der n\u00e4chste Wurf eine 2, 3 oder 12 ist. Der Auszahlungsgewinn ist das Siebenfache der Wette.<\/p>\n<h2>Horn<\/h2>\n<p>Eine Hornwette ist eine Wette auf 2, 3, 11 oder 12 gleichzeitig. Daf\u00fcr m\u00fcssen vier Chips verwendet werden. Die Auszahlung betr\u00e4gt das Zwei- und Zehnfache des Drei\u00dfigfachen und bei 3 und 11 das 15 Mal. Eine Hornwette ist die gleiche wie vier Einzelwetten auf die einzelnen Zahlen.<\/p>\n<h2>Hardway<\/h2>\n<p>Das Hardway-Feld ist das Feld in der Mitte des Krabbentisches. Sie setzen auf bestimmte W\u00fcrfelkombinationen: zum Beispiel zwei Viertel, bei denen die Auszahlung das neunfache der Wette betr\u00e4gt. Die Kombinationen und die m\u00f6gliche Auszahlung sind auf dem Tisch ersichtlich.<\/p>\n<p>Sie k\u00f6nnen bei Craps auf den Gewinn oder Verlust des Sch\u00fctzen setzen. Dies h\u00e4ngt mit einer bestimmten Anzahl von Augen zusammen. Auf diese Weise gewinnt der Sch\u00fctze (der Werfer), wenn die W\u00fcrfel zusammen 11 oder 7 Augen haben. Wenn sich 2, 3 oder 12 Augen auf dem Tisch befinden, verliert der Sch\u00fctze. Wenn der Sch\u00fctze zum ersten Mal wirft und ihn mit 4, 5, 6, 8, 9 oder 10 wirft, wird dies als &#8220;Punkt&#8221; aufgezeichnet. Der Sch\u00fctze muss diese Anzahl Augen erneut werfen, um zu gewinnen. Wenn der Sch\u00fctze jedoch eine 7 wirft, verliert der Sch\u00fctze. Der Sch\u00fctze wirft, solange er die gleiche Anzahl von Augen wirft wie der Punkt oder wirft 7. Dies sind etwas komplizierte Regeln, aber wenn Sie das Spiel \u00f6fter spielen, wird das viel klarer und Sie geraten in eine Art Fluss.<\/p>\n<h2>Wette bei Craps<\/h2>\n<p>Sie setzen Craps auf den Shooter: Sie bestimmen im Voraus, ob er gewinnen oder verlieren wird. Und hier gibt es auch bestimmte Zahlungen. Wenn Sie gut gesetzt haben, erhalten Sie 1 Mal Ihren Einsatz zus\u00e4tzlich zu Ihrem ersten Einsatz. Wenn Sie auf das falsche Ergebnis gesetzt haben, verlieren Sie Ihre Wette.<\/p>\n<h2>Verschiedene Formen von Craps<\/h2>\n<p>Mit Craps k\u00f6nnen Sie also auf das Ergebnis des Sch\u00fctzen setzen: Sie setzen auf den Gewinn oder Verlust des Sch\u00fctzen. Es gibt aber auch Varianten von Craps, bei denen Sie auf die Anzahl der Augen wetten k\u00f6nnen. Dies sind oft Sidebets. Wie Sie bereits in diesem Artikel gelesen haben, k\u00f6nnen Sie beispielsweise auf &#8216;Snake Eyes&#8217; (Doppelte 1) oder &#8216;Sets&#8217; (doppelt so viele Augen) setzen. Nicht alle Online-Casinos bieten diese Sidebets an. Einige Casinos machen hier Ausnahmen, und H\u00e4ndler m\u00fcssen im Allgemeinen dazu zuerst die Erlaubnis erteilen. Traditionell ist es kein Standard-Teil von Craps, daher ist es ziemlich einzigartig, diese Sidebets zu sehen.<\/p>\n<h2>Fazit Craps Online-Spiel<\/h2>\n<p>M\u00f6chten Sie Craps spielen, aber nicht ins \u00f6rtliche Casino gehen? Dann k\u00f6nnen Sie das auch in einer gro\u00dfen Anzahl von Online-Casinos spielen. Diese Casinos haben im Craps grunds\u00e4tzlich die gleichen Regeln. Einige Casinos bieten die Sidebets an oder bieten sie bei besonderen Anl\u00e4ssen an. Wenn Sie in einem Online-Casino Craps spielen, k\u00f6nnen Sie hier rund um die Uhr spielen, im Gegensatz zu Casinos, die oft nur abends ge\u00f6ffnet sind.<\/p>\n","protected":false},"excerpt":{"rendered":"<p>Craps online spielen: Kostenlos oder um Echtgeld Craps ist das ber\u00fchmte W\u00fcrfelspiel, das jeder \u00fcber Hollywood-Filme \u00fcber Casinos kennt. Es ist eines der traditionellsten Casinospiele. Neben der gro\u00dfen Beliebtheit in echten Casinos gibt es mittlerweile eine gro\u00dfe Anzahl von Online-Casinos, in denen Sie Craps spielen k\u00f6nnen. Das ist nicht nur das; Craps hat jetzt eine [&hellip;]<\/p>\n","protected":false},"author":1,"featured_media":0,"parent":0,"menu_order":0,"comment_status":"closed","ping_status":"closed","template":"","meta":{"footnotes":""},"categories":[],"tags":[],"class_list":["post-416","page","type-page","status-publish","hentry"],"aioseo_notices":[],"_links":{"self":[{"href":"https:\/\/pokiesportal.com\/de\/wp-json\/wp\/v2\/pages\/416","targetHints":{"allow":["GET"]}}],"collection":[{"href":"https:\/\/pokiesportal.com\/de\/wp-json\/wp\/v2\/pages"}],"about":[{"href":"https:\/\/pokiesportal.com\/de\/wp-json\/wp\/v2\/types\/page"}],"author":[{"embeddable":true,"href":"https:\/\/pokiesportal.com\/de\/wp-json\/wp\/v2\/users\/1"}],"replies":[{"embeddable":true,"href":"https:\/\/pokiesportal.com\/de\/wp-json\/wp\/v2\/comments?post=416"}],"version-history":[{"count":0,"href":"https:\/\/pokiesportal.com\/de\/wp-json\/wp\/v2\/pages\/416\/revisions"}],"wp:attachment":[{"href":"https:\/\/pokiesportal.com\/de\/wp-json\/wp\/v2\/media?parent=416"}],"wp:term":[{"taxonomy":"category","embeddable":true,"href":"https:\/\/pokiesportal.com\/de\/wp-json\/wp\/v2\/categories?post=416"},{"taxonomy":"post_tag","embeddable":true,"href":"https:\/\/pokiesportal.com\/de\/wp-json\/wp\/v2\/tags?post=416"}],"curies":[{"name":"wp","href":"https:\/\/api.w.org\/{rel}","templated":true}]}}