{"id":409,"date":"2019-02-04T13:35:18","date_gmt":"2019-02-04T13:35:18","guid":{"rendered":"https:\/\/pokiesportal.com\/de\/?page_id=409"},"modified":"2023-05-21T19:34:27","modified_gmt":"2023-05-21T19:34:27","slug":"baccarat","status":"publish","type":"page","link":"https:\/\/pokiesportal.com\/de\/baccarat\/","title":{"rendered":"baccarat"},"content":{"rendered":"<h1>Baccarat Deutschland 2023<\/h1>\n<p>Baccarat ist ein aufregendes und gleichzeitig recht einfaches Casino-Spiel. Eigentlich m\u00fcssen Sie nichts selbst tun, au\u00dfer, um eine der drei Wettoptionen zu setzen. Bank, Spieler oder Krawatte. Wir werden im Folgenden die Punto Banco-Regeln erkl\u00e4ren. Das Baccarat-Ziel besteht zun\u00e4chst darin, dass Sie mehr Punkte als Ihr Gegner erhalten. der H\u00e4ndler oder Croupier. Die h\u00f6chste Punktzahl ist neun. Eine nette Tatsache \u00fcber das Spiel ist, dass es nach dem schlechtesten m\u00f6glichen Blatt benannt wird, n\u00e4mlich 0. Anders als beispielsweise bei einem Blackjack hat das Spiel den Namen des schlechtesten Blattes und nicht das beste. Spieler k\u00f6nnen in diesem Casino-Spiel nur auf Spieler, Bankiers oder Unentschieden wetten. Es ist wichtig zu wissen, dass ein Spieler auch auf einen Bankier setzen kann. Banker ist also nicht der Dealer oder das Casino, sondern nur der Name einer der beiden H\u00e4nde.<\/p>\n<h2>Was ist der Zweck von Baccarat?<\/h2>\n<p>Der Zweck von Baccarat ist es, auf die Hand zu setzen, von der Sie glauben, dass sie gewinnen wird. Sie m\u00fcssen nicht nur auf eigene Hand (Spielerhand) wetten, sondern auch auf die Hand des Dealers (Bankier). Die Karten werden dann ausgeteilt und das Blatt mit den meisten Punkten gewinnt. Wenn Sie Ihr Geld daf\u00fcr verwendet haben, werden Sie auch gewinnen.<\/p>\n<h2>Was ist der Wert von Karten bei Baccarat?<\/h2>\n<ul>\n<li>10, Landwirt, Frau und Herr sind 0 Punkte wert<\/li>\n<li>Ein Ass ist 1 Punkt wert<\/li>\n<li>Alle anderen Karten (2 bis 9) sind den Wert ihrer Karten wert<\/li>\n<li>Joker werden im Baccarat nicht verwendet<\/li>\n<\/ul>\n<p>Diese Bewertung unterscheidet sich von den meisten anderen Kartenspielen in Casinos. Es ist gut, diesen Punkt zu ber\u00fccksichtigen, wenn Sie weiterlesen.<\/p>\n<h2>Wie funktioniert die Bewertung von Baccarat?<\/h2>\n<p>Um die Punkte Ihrer Hand zu bestimmen, addieren Sie den Wert aller Karten zusammen und nehmen Sie nur die ganz rechte Zahl. Wenn Sie also eine 4 und eine 3 haben, z\u00e4hlen Sie sie auf und Sie haben 7 Punkte. Wenn Sie eine 7 und eine 4 haben, z\u00e4hlen Sie sie aufw\u00e4rts und Sie haben 11, aber dann m\u00fcssen Sie die ganz rechte Zahl nehmen, sodass Sie nur einen Punkt haben. So kann es passieren, dass Sie eine 6 und eine 4 haben und insgesamt 10 Punkte haben. Das bedeutet, dass Sie tats\u00e4chlich 0 Punkte haben, weil Sie die richtige Zahl haben m\u00fcssen.<\/p>\n<h2>Wann ziehst du eine Karte beim Baccarat?<\/h2>\n<p>Die Regeln, wann der Spieler oder der Bankier eine Karte zieht, sind im Online-Casino festgelegt. Sie k\u00f6nnen nicht selbst entscheiden, ob Sie eine zus\u00e4tzliche Karte wie Blackjack haben m\u00f6chten oder wollen. Der Bankier oder H\u00e4ndler folgt ebenfalls strengen Regeln. Zun\u00e4chst werden zwei Karten sowohl f\u00fcr den Spieler als auch f\u00fcr den Bankier ausgegeben. Die Punkte der Karten werden gez\u00e4hlt und dies bestimmt, ob Sie mehr Karten erhalten. Wenn eine der H\u00e4nde 8 oder 9 Punkte hat, stoppt das Spiel sofort und das Geld wird mit den h\u00f6chsten Punkten ausgezahlt.<\/p>\n<h2>Baccarat-Spielregeln<\/h2>\n<p>Die Karten werden mit dem Bild unten behandelt. Zuerst ein Spieler und dann ein Bankier. Dann eine zweite Karte f\u00fcr den Spieler und eine zweite f\u00fcr den Bankier. Dann werden beide Karten beider H\u00e4nde umgedreht und addiert. Der H\u00e4ndler gibt die Gesamtpunktzahl beider H\u00e4nde an.<\/p>\n<h2>Die dritte Karte regiert Baccarat<\/h2>\n<ul>\n<li>Jetzt werden voreingestellte Regeln angewendet, um basierend auf der Gesamtzahl der Punkte in beiden H\u00e4nden zu bestimmen, ob mehr Karten ausgeteilt werden. Im Folgenden erkl\u00e4ren wir, was mit den verschiedenen Optionen geschieht.<\/li>\n<li>Wenn ein Spieler oder Bankier in der ersten Runde insgesamt 8 oder 9 hat, werden keine zus\u00e4tzlichen Karten ausgeteilt und diejenige mit der h\u00f6chsten Punktzahl gewinnt. Wenn keiner der Spieler eine 8 oder 9 hat, wird das Spiel wie folgt fortgesetzt.<\/li>\n<li>Wenn die Anzahl der Spieler in der ersten Runde 0-5 betr\u00e4gt, erh\u00e4lt dieser Spieler eine einzelne Karte. Wenn ein Spieler insgesamt 6 oder 7 hat, ist dies angemessen und er erh\u00e4lt keine weitere Karte.<\/li>\n<li>Das Spiel des Bankiers h\u00e4ngt von seiner Hand ab, ob der Spieler eine Karte erhalten hat und welchen Wert die Karte hat, die dieser Spieler bekommen hat.<\/li>\n<li>Wenn ein Spieler keine Karte erhalten hat, nimmt ein Bankier eine Karte, wenn er insgesamt 0 bis 5 hat, und passt auf 6 und 7.<\/li>\n<li>Wenn ein Spieler eine 2 oder 3 hat, erh\u00e4lt der Bankier eine Karte mit einer Gesamtzahl von 0 bis 4, und er passt auf 5 bis 7.<\/li>\n<li>Wenn der Spieler eine 4 oder 5 erhalten hat, erh\u00e4lt der Bankier eine weitere Karte mit insgesamt 0 tpt 5 und eine Gesamtzahl von 6 bis 7.<\/li>\n<li>Wenn der Spieler eine 6 oder 7 erzielt hat, erh\u00e4lt der Bankier eine weitere Karte mit einer Gesamtzahl von 0 bis 6 und eine Gesamtzahl von 7.<\/li>\n<li>Wenn der Spieler eine 8 gezogen hat, erh\u00e4lt der Bankier eine weitere Karte mit einer Gesamtzahl von 0 bis 2 und eine Gesamtzahl von 6 bis 7<\/li>\n<li>Wenn der Spieler ein Ass oder ein anderes Bild (9 oder 10) erhalten hat, legt der Bankier eine Karte auf, wenn er insgesamt 0 bis 3 hat, und passt 4 bis 7 an.<\/li>\n<\/ul>\n<h2>Was sind die Zahlungen bei Baccarat?<\/h2>\n<p>Beim Baccarat k\u00f6nnen Sie auf die Spielerhand, die Bankhand und auf ein Unentschieden setzen. Wenn Sie auf die Hand des Spielers setzen, erhalten Sie eine Auszahlung von 1: 1. Wenn Sie also 1 Euro setzen, erhalten Sie 2 Euro zur\u00fcck und Sie haben 1 Euro Gewinn. Wenn Sie auf die Hand des Bankiers setzen, erhalten Sie 95 Euro pro Euro-Wette. Wenn Sie also 1 Euro setzen, erhalten Sie 1,95 zur\u00fcck und Sie haben einen Gewinn von 95 Cent. Dies liegt daran, dass die Hand des Bankiers etwas mehr gewinnt als die Hand des Spielers. Schlie\u00dflich k\u00f6nnen Sie auch auf ein Unentschieden setzen. Die Auszahlung daf\u00fcr ist oft sehr hoch und bringt 8 zu 1. Wenn Sie also 1 Euro setzen, erhalten Sie 9 Euro zur\u00fcck und Sie erzielen 8 Euro Gewinn. Das ist eine sch\u00f6ne Gewinnspanne, aber die Auslosung findet nat\u00fcrlich nicht oft statt. Bei Baccarat k\u00f6nnen Sie auf mehr als eine Hand setzen, so k\u00f6nnen Sie zum Beispiel immer einen Euro auf ein Unentschieden und ein paar Euro auf die Hand des Bankiers setzen. Dann haben Sie einen Gewinn, wenn der Bankier gewinnt, und Sie nehmen einen betr\u00e4chtlichen Betrag, wenn es ein Unentschieden ist.<\/p>\n<h2>Was ist Punto Banco?<\/h2>\n<p>Punto Banco ist ein anderer Name f\u00fcr Baccarat. Es ist die Standardform von Baccarat, die wir oben erl\u00e4utert haben und die immer in Online-Casinos gespielt wird. In Offline-Casinos gibt es andere Formen mit etwas anderen Regeln. Dann k\u00f6nnen zum Beispiel Spieler teilen und Sie k\u00f6nnen nicht auf mehrere Ergebnisse oder die Hand des Bankiers setzen. Bei Punto Banco wird die Hand des Spielers als Punto und die Hand des Bankiers als Banco bezeichnet. Dies ist der einzige echte Unterschied im Online-Casino. Es spielt also keine Rolle, ob Sie Baccarat oder Punto Banco spielen.<\/p>\n<h2>Baccarat-Strategien<\/h2>\n<p>Es gibt eine Reihe von Standardstrategien f\u00fcr Baccarat, die Sie verfolgen k\u00f6nnen, beispielsweise die Verdopplungsstrategie und das System 1.3.2.4.<\/p>\n<h2>Baccarat-Strategie &amp; Tipps<\/h2>\n<p>Gl\u00fcck oder Strategie? Baccarat ist vielen Leuten bekannt, unter anderem als das Lieblingsspiel von James Bond. Kennen Sie die Prinzipien des Baccarat? Sch\u00f6n! Dann lesen Sie schnell diese informative Seite \u00fcber die verschiedenen Strategien f\u00fcr Baccarat, die f\u00fcr den Anf\u00e4nger und den erfahrenen Spieler wertvoll sind.<\/p>\n<h2>Grundstrategie Baccarat<\/h2>\n<p>In dieser Grundstrategie \u00fcberpr\u00fcfen wir die Grunds\u00e4tze, die wichtig sind, wenn Sie Baccarat spielen. Damit setzen wir den Mythen, denen viele andere Standorte der Welt helfen, sofort ein Ende.<\/p>\n<h2>Verwalten Sie das Budget, mit dem Sie spielen m\u00f6chten<\/h2>\n<p>Nicht jeder hat so viel Gl\u00fcck wie James Bond. Spielen Sie daher nicht zu gierig und mit zu hohen Betr\u00e4gen des verf\u00fcgbaren Budgets, das Sie im Casino spielen m\u00f6chten. Eine gute Daumenregel ist, bis zu 10% Ihres verf\u00fcgbaren Budgets pro Zeit zu verwenden. Mit einem Budget von 100 Euro spielen Sie maximal: 100 Euro \/ 10 = 10 Euro gleichzeitig<\/p>\n<h2>Bestimmen Sie, wann Sie gewonnen haben<\/h2>\n<p>Dies widerspricht den Ratschl\u00e4gen vieler anderer Websites, aber es ist aus unserer Sicht zu bestimmen, wann Sie gewonnen haben. Legen Sie ein Ziel als Beispiel fest: 100 Euro, 500 Euro oder 1.000 Euro. Wenn Sie diesen Betrag erreicht haben, stoppen Sie und spielen Sie sp\u00e4ter, zahlen Sie einen Teil oder zahlen Sie sogar alles. Letztendlich hat das Casino immer den &#8220;Hausvorteil&#8221;, hier ist wenig zu tun, obwohl Sie immer mit anderen Strategien spielen k\u00f6nnen, wie in diesem Handbuch beschrieben.<\/p>\n<h2>Beachten Sie den Abzugsprozentsatz und bestimmen Sie Ihre Wette auf dieser Grundlage<\/h2>\n<p>Statistisch gesehen ist die Gewinnchance f\u00fcr die Bank immer etwas gr\u00f6\u00dfer als die des Spielers. Aus diesem Grund hat die Bank immer eine Provision auf die Gewinne, die Sie erhalten, wenn Sie auf die Bank wetten. Die normale Provision hierf\u00fcr betr\u00e4gt 5%, aber es gibt auch Online-Casinos, die weniger enthalten. In diesen Online Casinos ist es nat\u00fcrlich besonders interessant zu spielen. Die Auszahlung f\u00fcr das Wetten auf den Spieler betr\u00e4gt oft 1: 1, so dass sich Ihr Betrag verdoppelt. Ein Unentschieden bringt oft 8x so viel wie die Wette, 8: 1. Hier gibt es wenig Wert zu gewinnen: Viele Websites geben an, auf die Bank zu wetten, weil sie gr\u00f6\u00dfere Gewinnchancen hat, was wahr sein kann, aber effektiv bedeutet nicht, dass Sie mehr gewinnen, weil eine Provision auf die Gewinne einbehalten wird. Spieler, die mit der Martin-Gale-Strategie oder der Strategie 1,3,2,4 spielen, empfehlen wir sogar, auf Spieler zu wetten. Wetten auf die Bank funktioniert mit diesen Strategien nicht.<\/p>\n<h2>Martin Gale verdoppelt Strategie Baccarat<\/h2>\n<p>Martin-Gale-Strategie, auch Verdopplungsstrategie genannt. Diese Strategie wird h\u00e4ufig von Online-Roulette-Spielern verwendet, die auf Rot \/ Schwarz setzen. Die Strategie ist ziemlich einfach, erfordert jedoch eine gro\u00dfe Bankroll (Budget), um diese Strategie strukturell zu spielen. Die Strategie funktioniert wie folgt, Sie setzen einen vorbestimmten Einsatz auf &#8220;Spieler&#8221;, mit Gewinn wiederholen Sie, indem Sie genau denselben Einsatz erneut auf &#8220;Spieler&#8221; setzen. Verlierst du zum ersten Mal? Sie verdoppeln dann den Einsatz auf &#8220;Spieler&#8221;, um Ihren Verlust aus der letzten Runde auszugleichen. Wenn Sie erneut verlieren, verdoppeln Sie erneut, und Sie k\u00f6nnen dies so lange tun, bis Sie gewinnen. Stellen Sie sich beispielsweise das folgende Szenario vor:<\/p>\n<ul>\n<li>Der Spieler setzt 2 Euro und verliert 2 Euro<\/li>\n<li>Der Spieler setzt 4 Euro und verliert 4 Euro<\/li>\n<li>Der Spieler setzt 8 Euro und verliert 8 Euro<\/li>\n<li>Der Spieler setzt 16 Euro und verliert 16 Euro<\/li>\n<li>Der Spieler setzt 32 Euro und gewinnt 64 Euro<\/li>\n<\/ul>\n<p>Im obigen Szenario gewinnt der Spieler seinen Einsatz erst nach 6 Eins\u00e4tzen zur\u00fcck. Dies erfordert ein Budget von 2 + 4 + 8 + 16 + 32 = 62 Euro. Ein gro\u00dfes Budget und niedrige Eins\u00e4tze sind f\u00fcr diese Strategie wichtig.<\/p>\n<h2>1,3,2,4 System Baccarat<\/h2>\n<p>Dieses System wird oft als lustige Spielweise verwendet. Das System mit 1, 3, 2, 4 gibt an, wie oft Sie die &#8220;Startwette&#8221; starten. Bei Gewinnen multiplizieren Sie die Wette mit der n\u00e4chsten Zahl in der Reihenfolge 1, 3, 2, 4. Wenn Sie alle viermal gewinnen, kehren Sie nach dem Start wieder zur\u00fcck. Wenn Sie verlieren, gehen Sie auch nach dem Start zur\u00fcck.<\/p>\n<p>Sehen Sie sich die folgenden Beispiele an, bei denen Ihre &#8220;Startwette&#8221; 10 Euro betr\u00e4gt:<\/p>\n<ul>\n<li>Die erste Wette, die Sie verlieren, verliert 10 Euro<\/li>\n<li>Wenn Sie Ihre zweite Wette verlieren, verlieren Sie 20 Euro (das erste Mal, wenn Sie 10 Euro gewonnen haben)<\/li>\n<li>Wenn die dritte Wette verliert, gewinnen Sie 20 Euro (40 Euro Gewinn in den ersten beiden Wetten).<\/li>\n<li>Wenn Sie die vierte Wette verlieren, gewinnen Sie 20 Euro (60 Euro Gewinn aus der ersten Wette).<\/li>\n<li>Wenn Sie viermal hintereinander gewinnen, gewinnen Sie 100 Euro<\/li>\n<\/ul>\n<p>Beachten Sie, dass die Chance, dass Sie 4 Mal in Folge gewinnen, 1 zu 16 ist! Dies ist sicherlich nicht selbstverst\u00e4ndlich.<\/p>\n<h2>Fazit<\/h2>\n<p>Nachdem Sie diesen Artikel \u00fcber Baccarat gelesen haben, h\u00f6ren Sie nichts mehr an, um mit dem Spielen zu beginnen. Werfen Sie diese James Bond-F\u00e4higkeiten mit diesen Informationen in den Kampf, damit Sie sich wie er unbesiegbar f\u00fchlen. Es gibt heutzutage viele Online-Casinos, in denen Sie Baccarat spielen k\u00f6nnen. Siehe auch unsere Toplist. Diese Online-Casinos wenden die gleichen Regeln an, die Sie oben gelesen haben. Sie wissen jetzt genug, um mit Baccarat oder Punto Banco zu spielen und um sicherzustellen, dass Sie hier einen sch\u00f6nen Gewinn haben.<\/p>\n","protected":false},"excerpt":{"rendered":"<p>Baccarat Deutschland 2023 Baccarat ist ein aufregendes und gleichzeitig recht einfaches Casino-Spiel. Eigentlich m\u00fcssen Sie nichts selbst tun, au\u00dfer, um eine der drei Wettoptionen zu setzen. Bank, Spieler oder Krawatte. Wir werden im Folgenden die Punto Banco-Regeln erkl\u00e4ren. Das Baccarat-Ziel besteht zun\u00e4chst darin, dass Sie mehr Punkte als Ihr Gegner erhalten. der H\u00e4ndler oder Croupier. [&hellip;]<\/p>\n","protected":false},"author":1,"featured_media":0,"parent":0,"menu_order":0,"comment_status":"closed","ping_status":"closed","template":"","meta":{"footnotes":""},"categories":[],"tags":[],"class_list":["post-409","page","type-page","status-publish","hentry"],"aioseo_notices":[],"_links":{"self":[{"href":"https:\/\/pokiesportal.com\/de\/wp-json\/wp\/v2\/pages\/409","targetHints":{"allow":["GET"]}}],"collection":[{"href":"https:\/\/pokiesportal.com\/de\/wp-json\/wp\/v2\/pages"}],"about":[{"href":"https:\/\/pokiesportal.com\/de\/wp-json\/wp\/v2\/types\/page"}],"author":[{"embeddable":true,"href":"https:\/\/pokiesportal.com\/de\/wp-json\/wp\/v2\/users\/1"}],"replies":[{"embeddable":true,"href":"https:\/\/pokiesportal.com\/de\/wp-json\/wp\/v2\/comments?post=409"}],"version-history":[{"count":1,"href":"https:\/\/pokiesportal.com\/de\/wp-json\/wp\/v2\/pages\/409\/revisions"}],"predecessor-version":[{"id":999,"href":"https:\/\/pokiesportal.com\/de\/wp-json\/wp\/v2\/pages\/409\/revisions\/999"}],"wp:attachment":[{"href":"https:\/\/pokiesportal.com\/de\/wp-json\/wp\/v2\/media?parent=409"}],"wp:term":[{"taxonomy":"category","embeddable":true,"href":"https:\/\/pokiesportal.com\/de\/wp-json\/wp\/v2\/categories?post=409"},{"taxonomy":"post_tag","embeddable":true,"href":"https:\/\/pokiesportal.com\/de\/wp-json\/wp\/v2\/tags?post=409"}],"curies":[{"name":"wp","href":"https:\/\/api.w.org\/{rel}","templated":true}]}}