{"id":405,"date":"2019-02-04T12:40:05","date_gmt":"2019-02-04T12:40:05","guid":{"rendered":"https:\/\/pokiesportal.com\/de\/?page_id=405"},"modified":"2023-05-21T19:35:33","modified_gmt":"2023-05-21T19:35:33","slug":"roulette","status":"publish","type":"page","link":"https:\/\/pokiesportal.com\/de\/roulette\/","title":{"rendered":"roulette"},"content":{"rendered":"<h1>Roulette Spiele Deutschland 2023<\/h1>\n<p>Roulette zusammen mit Blackjack ist eines der beliebtesten Casino-Tischspiele. In jedem Casino, sowohl online als auch offline, finden Sie dieses klassische Casino-Spiel. Nat\u00fcrlich genie\u00dfen Sie die gesamte Umgebung in einem echten Casino, aber heutzutage ist dies auch online m\u00f6glich! Wie w\u00e4re es mit Live Roulette? Genie\u00dfen Sie die Atmosph\u00e4re des klassischen Roulette-Spiels mit einem echten Croupier von Ihrem eigenen Sessel aus. Sie k\u00f6nnen jetzt auf Ihrem Handy oder Tablet Roulette spielen, wo immer Sie sich gerade befinden. Viele M\u00f6glichkeiten zum Spielen von Roulette. Auf dieser Seite erkl\u00e4ren wir alles \u00fcber die Roulette-Regeln und wie man dieses Spiel spielt. Wir zeigen Ihnen auch das Labyrinth der verschiedenen Wettoptionen bei Roulette.<\/p>\n<h2>Kurz zusammengefasst<\/h2>\n<p>Kurz gesagt, Roulette ist ein Spiel, bei dem eine Kugel, die Kugel, in ein Rad, das Roulette-Rad, mit 37 oder 38 Feldern mit Zahlen und Farben umgewandelt wird. Die Spieler setzen Chips auf eine Reihe oder eine Reihe von Zahlen, auf eine Farbe oder andere Werte am Roulette-Tisch, von denen sie hoffen, dass der Ball auff\u00e4llt. Die Wetten, die der Box entsprechen, in der der Ball endet, gewinnen ein Vielfaches ihres Einsatzes.<\/p>\n<h2>Roulette-Spielregeln<\/h2>\n<p>Die Roulette-Spielregeln sind einfach. Um das Roulette-Spiel zu spielen, setzen Sie eine Wette auf die Zahl auf dem Spielfeld oder au\u00dferhalb.<\/p>\n<h2>Keine Wetten mehr<\/h2>\n<p>Wenn alle ihre Wetten auf dem Spielfeld platziert haben, dreht der Croupier das Rad und wirft den Ball. Er sagt dann: &#8220;Keine Wetten mehr&#8221; oder &#8220;Keine Wetten mehr&#8221;. Dies ist der Moment, in dem Sie Ihre Wetten nicht mehr anpassen k\u00f6nnen. Von da an muss man als Spieler warten, bis der Ball auf eine der Zahlen f\u00e4llt.<\/p>\n<h2>Dolly<\/h2>\n<p>Der Croupier setzt den &#8220;Dolly&#8221; auf die gewinnende Figur, nachdem der Ball gefallen ist, und holt dann alle Eins\u00e4tze ab, die nicht vom Tisch gewonnen wurden. Schlie\u00dflich zahlt er die Gewinner des Spiels aus.<\/p>\n<h2>Wetten beim Roulette<\/h2>\n<p>Sie k\u00f6nnen Roulette auf verschiedene Arten verwenden. Erstens k\u00f6nnen Sie so viel wetten, wie Sie Chips haben, solange eine einzelne Wette nicht h\u00f6her ist als die maximale Wette des Tisches, an dem Sie spielen. Der minimale und maximale Einsatz am Tisch ist normalerweise auf einem Plakat oder einem Plakat in der N\u00e4he des Roulette-Rads. Wenn nicht klar ist, was der minimale und der maximale Einsatz sind, fragen Sie den Croupier. Mit Roulette k\u00f6nnen Sie immer &#8216;Inside Bets&#8217; (Innenwetten) abschlie\u00dfen. Und &#8220;Au\u00dfenwetten&#8221; oder &#8220;Au\u00dfenwetten&#8221;. Die Innenwetten sind die Wetten, die direkt auf die Zahlen gesetzt werden, und die Au\u00dfenwetten sind die Wetten au\u00dferhalb der Zahlenbox, zum Beispiel rot oder schwarz, hoch oder niedrig, gerade oder ungerade und die Dutzend Wetten.<\/p>\n<h2>Innenwetten: Wetten Sie auf die Zahlen 0 bis 36<\/h2>\n<ul>\n<li>Gerade: 1 Ziffer<\/li>\n<li>Split: 2 Ziffern<\/li>\n<li>Stra\u00dfe: 3 Ziffern<\/li>\n<li>Ecke: 4 Ziffern<\/li>\n<li>Zeile: 6 Ziffern<\/li>\n<\/ul>\n<h2>Au\u00dfenwetten: Wetten auf Serien<\/h2>\n<ul>\n<li>Spalte: 12 Ziffern<\/li>\n<li>Dutzend: 12 Ziffern<\/li>\n<li>Rot oder schwarz<\/li>\n<li>Gerade oder ungerade<\/li>\n<li>Hohe oder niedrige Ziffern<\/li>\n<\/ul>\n<p>Neben den Innen- und Au\u00dfenwetten bieten einige Roulette-Tische auch das Begr\u00e4bnisspiel. Wie das funktioniert, lesen Sie weiter unten.<\/p>\n<h2>Wettregeln Roulette<\/h2>\n<p>Bevor Sie mit dem Spielen beginnen k\u00f6nnen, sollten Sie sich mit einer Reihe von Roulette-Regeln vertraut machen. Es ist h\u00e4ufig der Fall, dass es einen Mindesteinsatz f\u00fcr einen Tisch gibt und auch f\u00fcr einige Spielfelder ist ein Mindesteinsatz erforderlich. Wenn Sie sich nicht sicher sind, k\u00f6nnen Sie jederzeit den Croupier fragen oder die Roulette-Regeln auf der Internetseite lesen. Der Mindestbetrag, den Sie pro Spielfeld setzen m\u00fcssen, gilt f\u00fcr alle Wetten. Dies ist der Betrag, den Sie als niedrigsten Betrag f\u00fcr den Au\u00dfeneinsatz und den niedrigsten Gesamteinsatz verwenden k\u00f6nnen. In einem Online-Casino wird normalerweise ein Chip angezeigt, der den niedrigsten Einsatz zeigt.<\/p>\n<h2>Winkans und Auszahlung pro Wette<\/h2>\n<p>Je nach Art der Wette, der Wette, die Sie auf dem Roulette-Tisch platzieren, werden die Gewinne auf unterschiedliche Weise ausgezahlt. Die Auszahlung bezieht sich auf die statistische Quote der Wette. Das meiste Geld kann mit der Direktwette gewonnen werden, bei der eine einzelne Zahl verwendet wird. Der Straight Up zahlte 35 gegen 1 Out. Das hei\u00dft, wenn Sie 1 \u20ac auf die Zahl 17 setzen und der Ball auf diese Zahl f\u00e4llt, erhalten Sie Ihren Einsatz (1 \u20ac) plus das 35-fache Ihres Einsatzes (1 x 35 \u20ac) zur\u00fcck, also 1 + 35 = 36 \u20ac . Der Hausvorteil oder der &#8220;Hausvorteil&#8221; unterscheidet sich zwischen franz\u00f6sischem, europ\u00e4ischem und amerikanischem Roulette, wobei amerikanische die ung\u00fcnstigsten Quoten f\u00fcr den Spieler und das franz\u00f6sische Roulette das g\u00fcnstigste sind.<\/p>\n<h2>Roulette-Nachbarn Spiel<\/h2>\n<p>Wenn Sie regelm\u00e4\u00dfig am Roulette-Tisch sitzen, haben Sie dies zweifellos erlebt: Sie sind im Einsatz und sind von einem guten Ergebnis \u00fcberzeugt. Der Ball scheint gut zu fallen, aber wenn Sie erneut mit den Augen blinzeln, sehen Sie, dass Sie nur daneben sitzen: Der Ball ist auf die Nummer daneben gefallen. S\u00e4ure, weil Sie sehr nahe waren. Trotzdem ist dieses nervige Szenario durch das sogenannte Begr\u00e4bnisspiel recht einfach zu verhindern. Warum dieser M\u00f6glichkeit dieser Name gegeben wurde, k\u00f6nnen Sie jetzt erraten: Diese Option spielt auch auf den umliegenden Zahlen. Der Zweck davon? Nat\u00fcrlich, um das Verlustrisiko zu begrenzen.<\/p>\n<h2>Wie funktioniert das?<\/h2>\n<p>Auf keinen Fall kennt jeder das aufkeimende Spiel und genau dort liegt die \u00dcberraschung. Im Prinzip spielt es keine Rolle, wo Sie Roulette spielen, ob es offline oder online ist: Sie sollten diese praktische Strategie \u00fcberall anwenden k\u00f6nnen. Die Idee hier ist einfach: W\u00e4hlen Sie die gew\u00fcnschten Nummern, ber\u00fccksichtigen Sie die Nummern um sie herum und schalten Sie ein.<\/p>\n<h2>Welche M\u00f6glichkeiten haben Sie?<\/h2>\n<ul>\n<li>Genau wie im wirklichen Leben k\u00f6nnen Sie den Nachbarn, der drei T\u00fcren entfernt lebt, als Ihren Nachbarn betrachten. Im Burensgame ist etwas \u00c4hnliches los und Sie k\u00f6nnen daher auf verschiedene M\u00f6glichkeiten wetten:<\/li>\n<li>Direkte Nachbarn: Sie spielen auf beiden Seiten mit einem Nachbarn. Insgesamt geben Sie dem Croupier drei Chips, um zu wetten.<\/li>\n<li>Zwei Nachbarn: Hier konzentrieren Sie sich auf die gew\u00fcnschte Anzahl und auf jeder Seite zwei Nachbarn. Insgesamt werden also f\u00fcnf Nummern verwendet.<\/li>\n<li>Drei Nachbarn: In diesem Szenario w\u00e4hlen Sie die Zielnummer plus drei Nachbarn auf beiden Seiten. Mit sieben Zahlen ist die Wette daher viel breiter.<\/li>\n<li>Wenn Sie Ihre Gedanken loslassen m\u00f6chten, k\u00f6nnen Sie sich immer f\u00fcr eine der vorprogrammierten Wettoptionen entscheiden. Sie h\u00f6ren folgende Namen:<\/li>\n<li>Zero-Spiel: In diesem Fall setzen Sie auf 0\/3, 12\/15, 32\/35 und 26: Alle Optionen rund um die 0. Dann k\u00f6nnen Sie mit Zahlungen des 18- oder 36-Fachen Ihres Einsatzes im Falle von 26 rechnen. Die Quote ist nicht sehr hoch: 19% (Sie setzen auf 7 der 37 Zahlen).<\/li>\n<li>Serie 0\/2\/3: Dies wird f\u00fcr die Zahlen um 0, 2 und 3 verwendet. Das hei\u00dft also: 0\/2\/3, 4\/7, 12\/15, 18\/21. 19\/22, 25\/28, 26\/29 und 32\/35. Die Auszahlungen sind das 18 oder 12-fache Ihres Einsatzes (bei 0\/2\/3). Die Gewinnchance ist bereits etwas h\u00f6her als beim Nullspiel: 46%.<\/li>\n<li>Orphelins: Diese Option verwendet die Gruppen 1\/20\/14\/31\/9 und 6\/34\/17. Diese Zahlen stehen sich genau gegen\u00fcber. Die Auszahlungen betragen das 18 oder 36-fache des Einsatzes (bei 1). Da nur 8 der 37 Zahlen verwendet werden, betr\u00e4gt die Gewinnchance 22%.<\/li>\n<li>Serie 5\/8: Wetten werden jetzt auf die Zahlen 5, 8 und alles rund um sie gesetzt. In der Praxis bedeutet dies am 5\/8, 10\/11, 13\/16, 23\/24, 27\/30, 33\/36. Dich gewinnen Dann gewinnen Sie das 18-fache Ihres Einsatzes. Die Gewinnchance ist bereits viel h\u00f6her als bei der vorherigen Option: 32% (12\/37).<\/li>\n<\/ul>\n<h2>Arten von Roulette<\/h2>\n<p>Neben dem Standard &#8220;Europ\u00e4isches Roulette&#8221; k\u00f6nnen Sie beispielsweise auch franz\u00f6sisches oder amerikanisches Roulette spielen. Die Regeln f\u00fcr franz\u00f6sisches Roulette \u00e4hneln denen f\u00fcr europ\u00e4isches Roulette. Das gleiche Rad wird gedreht. Es enth\u00e4lt 37 Ziffern, darunter eine 0. Nur die verschiedenen Spielfelder f\u00fcr das Wetten \u00e4ndern sich und sehen anders aus. Die Regeln sind genau die gleichen. Der Unterschied zwischen franz\u00f6sischem \/ europ\u00e4ischem Roulette und amerikanischem Roulette ist gr\u00f6\u00dfer. Die Gewinne und Auszahlungen sind die gleichen, aber da American Roulette mit einer 0 und einer 00 arbeitet, ist der Gewinn f\u00fcr das Haus mit American Roulette viel gr\u00f6\u00dfer. Die Absicht dieses Spiels bleibt die gleiche: Erraten, welche Zahl der Ball fallen wird. Neben dem europ\u00e4ischen, franz\u00f6sischen und amerikanischen Roulette gibt es weitere Varianten. In den 80er Jahren gab es das Golden Ball Roulette, das wir derzeit in keinem anderen Casino finden k\u00f6nnen. Dar\u00fcber hinaus f\u00fchren verschiedene Spieleentwickler verschiedene Neuerungen ein, um das Roulette-Spiel noch mehr Spa\u00df zu machen. Evolution Gaming hat beispielsweise eine Live-Version, die &#8220;Lightning Roulette&#8221; entwickelt hat, und auch eine Version mit zwei Kugeln.<\/p>\n<h2>Franz\u00f6sisches Roulette<\/h2>\n<p>In einigen F\u00e4llen und in einigen Casinos wird franz\u00f6sisches Roulette angeboten. Franz\u00f6sisches Roulette bietet immer eine der folgenden Regeln.<\/p>\n<h2>Und Gef\u00e4ngnis<\/h2>\n<p>Wenn das Ergebnis 0 ist, k\u00f6nnen einige Casinos die H\u00e4lfte des Einsatzes an den Kunden zur\u00fcckgeben. Sie lassen dann die Wette vor\u00fcbergehend hinter &#8220;En Prison&#8221; im Gef\u00e4ngnis zur\u00fcck. Wenn die n\u00e4chste Runde erneut trifft und es wieder eine 0 gibt, verlieren Sie als Spieler immer noch den gesamten Betrag.<\/p>\n<h2>La Partage<\/h2>\n<p>Die &#8216;La Partage&#8217;-Regel \u00e4hnelt der&#8217; En Prison&#8217;-Regel. Sie verlieren wieder die H\u00e4lfte Ihres Einsatzes, aber Sie k\u00f6nnen dies f\u00fcr die n\u00e4chste Runde nicht ignorieren. Diese Regel gilt nur f\u00fcr die Wetten Rot \/ Schwarz, Hoch \/ Niedrig, Gerade \/ Ungerade. Sie erhalten also die H\u00e4lfte Ihres Geldes zur\u00fcck, wenn Sie auf eines davon gesetzt haben. Der Vorteil f\u00fcr das Haus verringert sich bei einem Zylinder mit einer 0 auf 1,65% und bei einem Zylinder mit zwei 00 auf 2,63%.<\/p>\n<h2>Roulette online versus Roulette offline<\/h2>\n<p>Sie k\u00f6nnen Roulette im klassischen Land Casino, aber auch im Online Casino spielen. Die Arten von Roulette und die Art, wie Sie Roulette spielen, sind die gleichen, aber es gibt Unterschiede. In einem Land Casino spielen Sie an einem echten Roulette-Tisch. Sie k\u00f6nnen diesen Roulette-Tisch sp\u00fcren, sehen und einige Spieler behaupten, dass der Tisch auch einen gewissen Casino-Geruch hat. Aber das sind die echten Fanatiker.<\/p>\n<h2>Live-Casino<\/h2>\n<p>In einem Online- oder Live-Casino gehen Sie in ein virtuelles Casino. Sie k\u00f6nnen sich den verf\u00fcgbaren Pl\u00e4tzen in einem Casino anschlie\u00dfen. Ob ein Tisch verf\u00fcgbar ist, kann in einem Online-Casino normalerweise ein gr\u00fcnes Licht angezeigt werden. Im Allgemeinen bieten Online-Casinos l\u00e4ngere \u00d6ffnungszeiten und Sie m\u00fcssen nicht auf einen Platz warten. Was Sie bevorzugen, ist eine andere pers\u00f6nliche Angelegenheit.<\/p>\n<h2>Landcasino<\/h2>\n<p>In einem Land-Casino haben Sie in der Regel weniger Auswahlm\u00f6glichkeiten, wenn es um die verschiedenen Arten von Roulette geht. Dies macht es auch einfacher, Online-Spielvarianten auszuprobieren als in einem Land-Casino. Das Online Casino verfolgt auch alle \u00dcbersichten, die Sie immer zur Hand haben. Da Sie zu Hause spielen, werden Sie oft weniger leicht von Umweltfaktoren wie attraktiven Spielern oder der Bar im Kasino abgelenkt, die Sie zu einem Imbiss lockt.<\/p>\n<h2>Vor- und Nachteile<\/h2>\n<p>In einem Online Casino sehen Sie nur eine grafische Darstellung des Spiels. Flexibilit\u00e4t, schneller Zugang, Komfort und eine informelle Erfahrung im Online Casino stehen vor der Aufregung und dem Nervenkitzel eines echten Casino-Besuchs.<\/p>\n<h2>Roulette-Begriffe<\/h2>\n<p>Die wichtigsten Roulette-Begriffe auf einen Blick: Amerikanisches Rad oder Amerikanisches Roulette-Rad: Roulette-Rad, das beim amerikanischen Roulette verwendet wird und aus 38 Schlitzen besteht; die Zahlen 1 bis 36 und die K\u00e4stchen 0 (Null) und 00 (Doppelte Nullen-R\u00fcckverfolgung: Rand oben am Roulette-Rad, wo die Kugel hineingeht.) Rad mit Vorspannung: Unreines Roulette-Rad Carr\u00e9: Auf Franz\u00f6sisch &#8216;Quadrat&#8217;. Gleichzeitiges Setzen auf vier Zahlen Sie platzieren Ihren Chip an der Kreuzung der vier Zahlen. Cheval: &#8220;Pferd&#8221; Wetten auf zwei Zahlen gleichzeitig. Chancen Einfach: Einzelchancen: 18 Zahlen: rot, schwarz, gerade, ungerade Eckwette: Wetten auf 1 von 4 nebeneinander liegenden Zahlen Dolly: Glasfigur, die den Croupier mit der Zahl, die gefallen ist, auf das gewinnende Quadrat setzt: Doppelte Null: Gr\u00fcne Box mit zwei Nullen (00) auf dem Roulettetisch Faites vos jeux: Croupier, der sagt: &#8220;Ihr &#8220;Bitte wetten&#8221;, bevor Sie den Zylinder drehen. Gr\u00fcns: 25 $ Chips. Hohe Wette: Wetten auf Top-Zahlen. Line Bet: Wetten auf sechs Zahlen in zwei Reihen. Martingale Gambling System: System, bei dem die Wette nach jedem Verlust verdoppelt wird Wette: Eine Wette auf Onev und Anzahl Quoten: Winkans einer bestimmten Wette Rote Wette: Wetten auf Red Reds: Red Chips Split Wette: Wette auf zwei Zahlen gleichzeitig. Table Hopping: \u00c4ndern des Spieltisches True Odds: Die Wahrscheinlichkeit, dass Sie eine Wette gewinnen. Wager: Wette<\/p>\n<h2>Spielen Sie Roulette auf Ihrem Handy<\/h2>\n<p>Sie k\u00f6nnen Roulette auch auf Ihrem Mobiltelefon spielen. In einem mobilen Casino nutzen Sie alle Optionen, die auch im Online Casino angeboten werden. Der Bildschirm Ihres Telefons passt sich einfach an das Spiel an, das Sie gerade spielen. Heutzutage macht das Spielen von Roulette-Spielen auf Ihrem Handy keinen Unterschied, wenn Sie Roulette auf Ihrem PC oder Tablet spielen. Es ist nur sehr n\u00fctzlich, dass Sie auch unterwegs spielen k\u00f6nnen.<\/p>\n<h2>Roulette-Strategie<\/h2>\n<p>Um Ihre Gewinnchancen beim Roulette zu erh\u00f6hen, gibt es bestimmte Strategien oder Systeme, die Sie verwenden k\u00f6nnen. Im Folgenden geben wir eine kurze Einf\u00fchrung in die drei bekanntesten und nennen andere Strategien. Wir werden dazu in Zukunft detailliertere Informationen geben. Das Martingale-System ist das bekannteste System, bei dem Sie sozusagen das Augenlicht verlieren. Sie tun dies, indem Sie Ihren Einsatz nach dem Verlust verdoppeln. Das Martingale-System wird auch als &#8220;Negatives Progressionssystem&#8221; bezeichnet. Sie verdoppeln Ihren Einsatz, solange Sie verlieren, und wenn Sie gewinnen, kehren Sie zu Ihrem Starteinsatz zur\u00fcck. Das Labouch\u00e8re-System, das R\u00fccknahmesystem oder das geteilte Martingale-System ist eine weitere bekannte Strategie f\u00fcr das Spielen von Roulette. Mit diesem System bestimmen Sie den gew\u00fcnschten Gewinnbetrag, bevor Sie spielen. Der Spieler erstellt eine Liste positiver Zahlen, die zusammen die Summe der Gewinne bilden. Pivot ist eine einfache Roulette-Strategie und wird daher h\u00e4ufig verwendet. Bei diesem System setzen Sie auf eine Zahl, die Sie im Voraus ausw\u00e4hlen. Wetten auf eine Zahl bietet den Vorteil, dass Ihre Gewinne schnell hoch werden k\u00f6nnen, da Ihr Einsatz mit einer Zahl multipliziert wird.<\/p>\n<ul>\n<li>Martingal<\/li>\n<li>La Bouchere<\/li>\n<li>Pivot<\/li>\n<li>Redbet<\/li>\n<li>Shotwell<\/li>\n<li>Spalten<\/li>\n<li>One Hit Wonder<\/li>\n<li>Unterschrift des H\u00e4ndlers<\/li>\n<li>Fibonacci<\/li>\n<li>d&#8217;Alembert<\/li>\n<li>Stornierungen<\/li>\n<\/ul>\n<h2>Roulette Tipps<\/h2>\n<ul>\n<li>Roulette Tipp 1:<\/li>\n<\/ul>\n<p>Haben Sie Lust, Roulette zu spielen? Spielen Sie dann verantwortungsbewusst und \u00fcberlegen Sie, wie viel Sie im Voraus wetten m\u00f6chten. Auf diese Weise werden Sie nicht in Schwierigkeiten geraten und das Spiel verantwortungsvoll genie\u00dfen.<\/p>\n<ul>\n<li>Roulette Tipp 2:<\/li>\n<\/ul>\n<p>Wetten Sie auf rote, schwarze, gerade, ungerade, hohe oder niedrige Spalten oder Zehner. Die Renditen sind hier nicht gro\u00df und die Gewinnchancen bei der Auswahl eines Songs sind viel gr\u00f6\u00dfer. Nat\u00fcrlich ist die Auszahlung bei der Auswahl einer Zahl etwas gr\u00f6\u00dfer, da Ihr Einsatz dann mit dieser Zahl multipliziert wird.<\/p>\n<ul>\n<li>Roulette Tipp 3:<\/li>\n<\/ul>\n<p>Achten Sie beim Roulette darauf, dass Sie aufmerksam sind. Um ein Beispiel zu nennen; Wenn die Kugel immer wieder rot wird, werden die Chancen, dass dies geschieht, mit der Zeit immer geringer.<\/p>\n<ul>\n<li>Roulette Tipp 4:<\/li>\n<\/ul>\n<p>Bevor Sie um Geld spielen, ist es ratsam, Roulette kostenlos zu spielen. Wenn Sie kostenlos spielen, lernen Sie das Spiel auf entspannte Weise kennen, und das ist der beste Weg, um es zu lernen. Das Freispiel bietet auch die M\u00f6glichkeit, verschiedene Spielstrategien auszuprobieren. Sie k\u00f6nnen dann leicht herausfinden, welche Strategie oder welches System zu Ihrer Spielweise passt.<\/p>\n<ul>\n<li>Roulette Tipp 5:<\/li>\n<\/ul>\n<p>Wenn Sie beim Roulette einen Gewinn erzielen, verwenden Sie einen Teil des Gewinns, um mit dem Spielen fortzufahren. Auf diese Weise vermeiden Sie es, mit gro\u00dfen Verlusten nach Hause zu gehen, und Roulette zu spielen macht Spa\u00df und ist verantwortlich. Dies ist ein Tipp f\u00fcr verantwortungsbewusstes Spielen, denn dies ist \u00e4u\u00dferst wichtig, wenn Sie das Roulette-Spiel maximal genie\u00dfen m\u00f6chten.<\/p>\n<ul>\n<li>Roulette-Tipp 6:<\/li>\n<\/ul>\n<p>Unser sechster Tipp ist eine offene T\u00fcr. Wenn Sie Roulette spielen, spielen Sie franz\u00f6sisches Roulette und nicht die amerikanische Version des Spiels. Amerikanisches Roulette hat zwei Nullen und das macht Ihre Gewinnchancen etwas geringer.<\/p>\n<ul>\n<li>Roulette-Tipp 7:<\/li>\n<\/ul>\n<p>Spielen Sie in zuverl\u00e4ssigen Casinos. Dies sind die Casinos, die Lizenzen besitzen und in denen Sie in einer sicheren (Online-Umgebung) spielen. In einem hochwertigen Online-Casino werden Ihre Daten verschl\u00fcsselt gespeichert und niemals an Dritte weitergegeben.<\/p>\n<h2>Fazit<\/h2>\n<p>Nachdem Sie sich mit Roulette vertraut gemacht haben und die grundlegenden Roulette-Regeln kennen, k\u00f6nnen Sie Ihr Wissen testen und kostenlos Roulette spielen. Versuchen Sie auch Live Roulette oder Roulette auf Ihrem Handy. Roulette ist das bekannteste Spiel im Casino und das Lieblingsspiel vieler Casino-Besucher. Nicht umsonst, denn Roulette ist aufregend und mit etwas Gl\u00fcck gewinnt man in einem Zug viel Geld. Wenn Sie noch nie zuvor Roulette gespielt haben, ist Ihnen m\u00f6glicherweise anfangs schwindlig, mit all diesen Feldern, Zahlen und Wettoptionen. Gl\u00fccklicherweise ist Roulette ein einfaches Spiel, bei dem Sie schnell die Regeln lernen. Nach unserer obigen Erkl\u00e4rung spielen Sie im Handumdrehen Roulette als Profi. Was guckst du &#8230; Erste Schritte!<\/p>\n","protected":false},"excerpt":{"rendered":"<p>Roulette Spiele Deutschland 2023 Roulette zusammen mit Blackjack ist eines der beliebtesten Casino-Tischspiele. In jedem Casino, sowohl online als auch offline, finden Sie dieses klassische Casino-Spiel. Nat\u00fcrlich genie\u00dfen Sie die gesamte Umgebung in einem echten Casino, aber heutzutage ist dies auch online m\u00f6glich! Wie w\u00e4re es mit Live Roulette? Genie\u00dfen Sie die Atmosph\u00e4re des klassischen [&hellip;]<\/p>\n","protected":false},"author":1,"featured_media":0,"parent":0,"menu_order":0,"comment_status":"closed","ping_status":"closed","template":"","meta":{"footnotes":""},"categories":[],"tags":[],"class_list":["post-405","page","type-page","status-publish","hentry"],"aioseo_notices":[],"_links":{"self":[{"href":"https:\/\/pokiesportal.com\/de\/wp-json\/wp\/v2\/pages\/405","targetHints":{"allow":["GET"]}}],"collection":[{"href":"https:\/\/pokiesportal.com\/de\/wp-json\/wp\/v2\/pages"}],"about":[{"href":"https:\/\/pokiesportal.com\/de\/wp-json\/wp\/v2\/types\/page"}],"author":[{"embeddable":true,"href":"https:\/\/pokiesportal.com\/de\/wp-json\/wp\/v2\/users\/1"}],"replies":[{"embeddable":true,"href":"https:\/\/pokiesportal.com\/de\/wp-json\/wp\/v2\/comments?post=405"}],"version-history":[{"count":1,"href":"https:\/\/pokiesportal.com\/de\/wp-json\/wp\/v2\/pages\/405\/revisions"}],"predecessor-version":[{"id":1001,"href":"https:\/\/pokiesportal.com\/de\/wp-json\/wp\/v2\/pages\/405\/revisions\/1001"}],"wp:attachment":[{"href":"https:\/\/pokiesportal.com\/de\/wp-json\/wp\/v2\/media?parent=405"}],"wp:term":[{"taxonomy":"category","embeddable":true,"href":"https:\/\/pokiesportal.com\/de\/wp-json\/wp\/v2\/categories?post=405"},{"taxonomy":"post_tag","embeddable":true,"href":"https:\/\/pokiesportal.com\/de\/wp-json\/wp\/v2\/tags?post=405"}],"curies":[{"name":"wp","href":"https:\/\/api.w.org\/{rel}","templated":true}]}}