{"id":402,"date":"2019-02-04T12:13:15","date_gmt":"2019-02-04T12:13:15","guid":{"rendered":"https:\/\/pokiesportal.com\/de\/?page_id=402"},"modified":"2023-05-21T19:30:28","modified_gmt":"2023-05-21T19:30:28","slug":"neue-casinos","status":"publish","type":"page","link":"https:\/\/pokiesportal.com\/de\/neue-casinos\/","title":{"rendered":"neue casinos"},"content":{"rendered":"<h1>Neue Casinos Deutschland 2023<\/h1>\n<p>Es gibt mehr als genug Gr\u00fcnde, nach einem neuen Online-Casino zu suchen. Deshalb haben wir diesen Bereich auf unserer Website gratisspins.org erstellt. In der nachstehenden \u00dcbersicht haben wir die neuesten neuen Online-Casinos f\u00fcr Sie aufgef\u00fchrt. Die neuen Spieler erhalten h\u00e4ufig etwas kostenlos, wie Freispiele und keine Einzahlungsangebote. Es ist auch \u00fcblich, dass die Casinos neuen Spielern gro\u00dfz\u00fcgige Einzahlungsangebote anbieten. Auf dieser Seite erhalten Sie ausf\u00fchrliche Informationen zu den Casinos, damit Sie sich ein besseres Bild von diesen neuen Online-Casinos machen k\u00f6nnen. Um detaillierte Informationen dazu zu erhalten, bl\u00e4ttern Sie einfach durch diese Website. Wie Sie vielleicht bemerkt haben, hat die Welt der Online-Casinos in den letzten zehn Jahren an Bedeutung gewonnen. Immer mehr Menschen entscheiden sich f\u00fcr ein Online-Gl\u00fccksspiel, anstatt die traditionellen Spielhallen oder Casinos zu besuchen. Dies ist auch nicht \u00fcberraschend angesichts der Vorteile, die Gl\u00fccksspielseiten bieten. Jeden Tag kommen neue Internet-Casinos auf den Markt und leider gibt es Anbieter, die sich nicht so an die Regeln halten. Es sollte klar sein, dass wir diese Kosten um jeden Preis vermeiden m\u00fcssen. Das bedeutet jedoch nicht, dass es keine zuverl\u00e4ssigen und sicheren Websites gibt. Aus diesem Grund haben wir die neuesten Anbieter auf dieser Seite in Schl\u00fcsselpunkten wie Lizenzen, Zahlungen, Werbeaktionen und allgemeinem Spielerlebnis \u00fcberpr\u00fcft. Online-Anbieter, die unsere Tests bestanden haben, finden Sie in unserer Toplist auf der Homepage.<\/p>\n<h2>Testfaktoren<\/h2>\n<p>Bei der \u00dcberpr\u00fcfung neuer Online-Casinos gibt es eine Reihe wichtiger Faktoren, auf die wir achten m\u00fcssen. Denken Sie an Eigenschaften wie Legalit\u00e4t (Lizenzen), Spielangebot, Werbeaktionen, Bankgesch\u00e4fte und mehr. Wir werden diese Faktoren weiter diskutieren und wie sie im Rest dieses Artikels bewertet werden.<\/p>\n<h2>Legitimit\u00e4t<\/h2>\n<p>Einer der wichtigsten Faktoren bei der \u00dcberpr\u00fcfung verschiedener Online-Casinos ist die Rechtm\u00e4\u00dfigkeit \/ Legitimit\u00e4t. Tats\u00e4chlich beziehen wir uns auf die Lizenzen eines Anbieters von Online-Gl\u00fccksspielen. Wie Sie vielleicht bemerkt haben, sind in den letzten 10 Jahren viele neue Anbieter auf den Markt gekommen. Mit jedem Tag, der vergeht, werden neue Casino-Websites hinzugef\u00fcgt. Es gibt weltweit verschiedene Regierungsbeh\u00f6rden, die den Online-Gl\u00fccksspielmarkt regulieren. Ein Lizenzierungssystem gew\u00e4hrleistet einerseits die Sicherheit und andererseits eine sichere Umgebung f\u00fcr die Spieler aufgrund der damit verbundenen Bedingungen. Eine Gl\u00fccksspiel-Site, die ohne die erforderlichen Lizenzen arbeitet, ist einfach nicht legitim und daher im Voraus unzuverl\u00e4ssig. Es wird daher empfohlen, immer zu pr\u00fcfen, ob ein bestimmtes Unternehmen \/ eine bestimmte Website im Besitz einer Genehmigung ist. Gl\u00fccklicherweise haben wir dies bereits f\u00fcr Sie getan, so dass Sie es NICHT untersuchen m\u00fcssen. Dar\u00fcber hinaus gibt es Gl\u00fccksspiel-Websites, die auf der Grundlage von Lizenzen bestimmter L\u00e4nder \/ Beh\u00f6rden arbeiten, die weniger strenge Regeln auferlegen. Dadurch werden auch Alarmglocken ausgel\u00f6st. Daher sind nicht alle Lizenzen gleich zuverl\u00e4ssig. Beispiele f\u00fcr solche L\u00e4nder sind Costa Rica und Antigua &amp; Barbuda. Im Allgemeinen haben Online-Casinos, die Lizenzen aus solchen L\u00e4ndern besitzen, nicht die strengsten Regeln. Sie m\u00fcssen sie daher der Sicherheit halber vermeiden. In Europa gibt es mehrere L\u00e4nder, die ein Lizenzsystem zur Regulierung von Online-Gl\u00fccksspielen eingerichtet haben. Einige Beispiele sind: Deutschland (Bundesland Schleswig-Holstein), Vereinigtes K\u00f6nigreich (United Kingdom Gambling Commission), Malta (Malta Gaming Authority) und D\u00e4nemark (Danish Gambling Authority). Normalerweise kann ein Online-Casino als sicher und zuverl\u00e4ssig eingestuft werden, wenn es auf der Grundlage einer Lizenz der Malta Gaming Authority (MGA) und \/ oder der United Kingdom Gambling Commission (UKGC) betrieben wird. Wenn beide Lizenzen im Besitz sind, k\u00f6nnen Sie sich einer sicheren und fairen Spielumgebung sicher sein.<\/p>\n<h2>Zunehmende Anzahl rechtlicher Anbieter<\/h2>\n<p>Die Anzahl der Anbieter von Online-Casinos und Sportwetten steigt st\u00e4ndig. Zum Beispiel gibt es jeden Monat neue Casinos, die eine Lizenz durch die Spielkommission erhalten haben. Wir m\u00f6chten Ihnen auch versichern, dass wir nur die gesetzlichen Anbieter auf unserer Website erw\u00e4hnen. Das Praktische an einem Online Casino ist, dass Sie oft ein paar Spiele kostenlos testen k\u00f6nnen. Sie k\u00f6nnen Tests wie Online-Video-Slots, Spielautomaten, Poker, Online-Roulette und Blackjack spielen. Dies ist jedoch nicht alles, denn Sie k\u00f6nnen auch die beliebten W\u00fcrfelspiele online spielen. Bei Carousel.be k\u00f6nnen Sie zum Beispiel eine ganze Reihe verschiedener W\u00fcrfelspiele anbieten. Mysterybox, Take it or Not, Pirates Dices und die verschiedenen Online-Dices-Slots von Produweb Gaming. Nat\u00fcrlich k\u00f6nnen Sie auch herk\u00f6mmliche Videospielautomaten spielen.<\/p>\n<h2>Das Spielangebot<\/h2>\n<p>Ein weiteres Element, auf das wir bei der Online-\u00dcberpr\u00fcfung eines Casinos Wert legen, ist das Spielangebot. Bei Online-Casinospielen ist darauf hinzuweisen, dass Anbieter diese nicht selbst entwickeln. Es gibt Dutzende verschiedener Softwareanbieter, die Spiele entwickeln und Internet-Casinos anbieten. Diese werden daher von Dritten bezogen. Gro\u00dfe Namen in der Casino-Software-Branche sind Net Entertainment (NetEnt), Microgaming, Play &#8216;n GO, Yggdrasil, NYX, Williams Interactive, Novomatic (Greentube), Merkur Gaming, Quickspin, Thunderkick, Playtech, Aristocrat, Betsoft, Big Time Gaming und Barcrest. Es gibt auch eine Reihe mittelgro\u00dfer Softwareanbieter wie Rabcat, 1X2 Gaming, 2by2 Gaming, Ainsworth, Casino-Technologie, ELK-Studios, High-5-Spiele, Leander, Lightning-Box-Spiele, Playson, Red Tiger-Spiele, Skillz Gaming, WagerMill und mehr. Sie fragen sich wahrscheinlich, worauf wir beim Angebot genau achten. Zun\u00e4chst legen wir Wert auf Vielfalt. Je mehr Variation, desto besser. Schlie\u00dflich wollen wir ab und zu verschiedene Arten von Spielen ausprobieren. Wir halten die Vielfalt der Online-Spielautomaten sowie verschiedene Arten von Casino-Spielen f\u00fcr wichtig. Ein Online-Casino, das beispielsweise Spielautomaten, Live-Spiele, Video Poker, Bingo, Keno, Sportwetten und Rubbelkarten anbietet, ist ein Allround-Anbieter. F\u00fcr jeden etwas. Dar\u00fcber hinaus ist Popularit\u00e4t ein wichtiges Element, wenn es um Spiele geht. Casinos, die beliebte Spiele von Anbietern wie Novomatic, Play &#8216;n GO, NetEnt und Microgaming anbieten, erzielen in unseren Tests eine h\u00f6here Punktzahl. Schlie\u00dflich achten wir auch auf die Qualit\u00e4t der Spiele. Denken Sie vor allem an Grafik, Spielerfahrung, Zusatzfunktionen und nat\u00fcrlich Bonus- und \/ oder Freispiele.<\/p>\n<h2>Die schnelle Onlinewelt<\/h2>\n<p>Die Welt der Online-Casinos \u00e4ndert sich von Tag zu Tag. Neue Software, neue Online Casino Spiele, neue Boni und Promotionen &#8230; aber nat\u00fcrlich auch v\u00f6llig neue Online Casinos! Diese neuen Online-Casinos fordern die alten Hasen des Spiels heraus, st\u00e4ndig innovativ zu sein und sicherzustellen, dass Sie als Spieler von den Besten des Marktes profitieren k\u00f6nnen. Sie brechen alte Muster auf und treiben die Entwicklung von Online-Casinospielen voran. So haben Sie f\u00fcr das neue Online-Casino keine Einzahlungsoption oder neue Casinoseiten, die Bitcoin zum Bezahlen anbieten. Oder wie w\u00e4re es mit den neuen Online-Casino-Boni?<\/p>\n<h2>Bef\u00f6rderungen<\/h2>\n<p>Ein dritter wichtiger Punkt, nach dem unsere Rezensenten suchen, sind die Casino-Promotions, die sowohl neuen als auch bestehenden Spielern angeboten werden. Das alles beginnt mit dem sogenannten Willkommensbonus. In fast allen Online-Casinos gibt es eine willkommene Aktion, mit der neue Spieler begr\u00fc\u00dft werden. In den meisten F\u00e4llen erhalten Sie einen zus\u00e4tzlichen Bonus und \/ oder Freispiele f\u00fcr die erste Einzahlung. Einige Anbieter haben ein Willkommenspaket, das nicht nur einen Bonus auf die erste Einzahlung, sondern beispielsweise auf die ersten 3 oder 5 Einzahlungen bietet. Beim Ersteinzahlungsbonus beachten wir den Bonusprozentsatz, den Bonuswert, die Bonusbedingungen und eventuelle Extras in Form von Freispielen.<\/p>\n<h2>Casino Bonus als Promotion f\u00fcr Neue und Bestehende Spieler<\/h2>\n<p>Der Hauptgrund, warum Casino-Websites Boni vergeben, ist die Gewinnung neuer Spieler. Dies kann in Form eines Willkommensbonus oder eines Ersteinzahlungsbonus erfolgen, andererseits mit einem Bonus ohne Einzahlung oder einer kostenlosen Geldaktion. Mit einem Willkommensbonus oder Bonus bei der ersten Einzahlung geben die meisten Online-Casinos 50% bis 100% zus\u00e4tzliches Geld mit einem H\u00f6chstbetrag von bis zu 500 \u20ac. Zum Beispiel, der Spieler zahlt 200 \u20ac ein, bekommt aber 400 \u20ac (Bonus von 100%) zum Spielen. Die Absicht ist, dass der Spieler diese Summe mehrmals eingesetzt hat, bevor der Bonusbetrag freigeschaltet wurde. Sobald das Geld freigeschaltet ist, kann das Geld eingesammelt werden.<\/p>\n<h2>Neues Online Casino Keine Einzahlung<\/h2>\n<p>Bei einem No Deposit Bonus oder Bonus ohne Einzahlung muss der Spieler nur ein Casino-Konto erstellen und seine Identit\u00e4t \u00fcberpr\u00fcfen, um kostenlos Geld von dem betreffenden Casino zu erhalten. Hierbei handelt es sich in der Regel um einen Betrag zwischen 5 und 25 \u20ac. Dasselbe Prinzip der Freischaltung gilt auch f\u00fcr diese Art von Bonus: Der Spieler muss den Betrag x so oft setzen, bis der Bonusbetrag freigegeben wird. Dies ist eine der interessantesten Funktionen der neuen Online-Casinos, die wir derzeit sehen. N\u00e4mlich einen sehr netten Service: das Spielen der Online-Casino-Spiele, ohne selbst eine Einzahlung t\u00e4tigen zu m\u00fcssen (keine Einzahlung bedeutet ohne Einzahlung). So k\u00f6nnen Sie ein Konto erstellen und beispielsweise die Spielautomaten oder Online-Blackjack-Spiele in Ruhe ausprobieren, ohne selbst einen Cent verdienen zu m\u00fcssen. Sie spielen mit falschem Geld oder mit falschen Spielmarken und Sie k\u00f6nnen ein Spiel vollst\u00e4ndig ausprobieren. In neuen Online-Casinos wird h\u00e4ufig keine Anzahlung angeboten, um mit den \u00e4lteren etablierten Online-Casinos mithalten zu k\u00f6nnen. Nutzen Sie das!<\/p>\n<h2>Zahlen Sie in neuen Casinos mit Bitcoin<\/h2>\n<p>Neben dem offensichtlichen Vorteil der neuen Online-Casinos ohne Einzahlungsschema k\u00f6nnen derzeit weitere revolution\u00e4re Neuerungen in den neuen Casinos beobachtet werden. Wie w\u00e4re es mit der Zahlungsm\u00f6glichkeit mit Bitcoin! Die neuen Online-Casinos wissen, dass der moderne Casino-Enthusiast mit seinen Daten vorsichtiger sein m\u00f6chte oder einfach mit Kryptow\u00e4hrungen bezahlen m\u00f6chte. Immer h\u00e4ufiger sehen wir, dass es eine solche M\u00f6glichkeit unter den Zahlungsm\u00f6glichkeiten der neuen Casino-Websites im Jahr 2019 gibt. Ihr Bitcoin bietet mehr als nur eine interessante Investition f\u00fcr den Online-Handel!<\/p>\n<h2>H\u00e4ufig gestellte Fragen (FAQ)<\/h2>\n<p>Wenn es um neue Online-Casinos geht, stellen wir fest, dass Sie, die Besucher, h\u00e4ufig eine Reihe von Fragen stellen. Wir haben die drei am h\u00e4ufigsten gestellten Fragen bereits beantwortet, um Zweifel und Missverst\u00e4ndnisse \u00fcber die neuen Online-Casinos zu vermeiden.<\/p>\n<h2>Zuverl\u00e4ssig?<\/h2>\n<p>Es kann vorkommen, dass keine \u00dcberpr\u00fcfung eines neuen Online-Casinos verf\u00fcgbar ist und Sie nicht viel \u00fcber den Ruf des neuen Casinos wissen (besuchen Sie zuerst unsere Bewertungsseite!). \u00dcberpr\u00fcfen Sie in diesem Fall immer, ob ein neues Online-Casino eine Lizenz besitzt oder ob das Casino reguliert ist. Dann wissen Sie, ob externe unabh\u00e4ngige Organisationen das neue Casino im Auge behalten. Die Faustregel lautet auch: Je mehr Zahlungsmethoden: Je zuverl\u00e4ssiger, da die \u00dcberpr\u00fcfungsprozesse jeder Zahlungsmethode erneut zeigen, dass das Unternehmen solide ist.<\/p>\n<h2>Sind Neue Casinos weniger Gut als die Erfahrenen Alten Casinos?<\/h2>\n<p>Nein, das muss sicherlich nicht der Fall sein. Neue Online-Casinos arbeiten oft mit Softwareanbietern zusammen, die seit Jahren im Spiel sind. Die Spiele sind daher von hoher Qualit\u00e4t und zeigen keine &#8220;Kinderkrankheiten&#8221;. Neue Online-Casinos haben oft ein Auge f\u00fcr Dinge, die Besucher seit Jahren brauchen, wurden aber von den alten H\u00e4nden nie bemerkt. Ber\u00fccksichtigen Sie Transparenz und Geschwindigkeit bei Transaktionen, Online-Casinos ohne Einzahlung und Zahlen mit Bitcoin.<\/p>\n<h2>Warum zu einem Neuen Online Casino wechseln?<\/h2>\n<p>Sie brauchen nat\u00fcrlich nichts, wenn Sie nicht zu einem neuen Online-Casino wechseln m\u00f6chten, da Sie bereits \u00fcberzeugt sind, dass dies kein Problem darstellt. Aber was ist mit den neuen Online-Casino-Boni? Diese k\u00f6nnen sehr hoch sein und geben Ihrer Bankroll ein sch\u00f6nes zweites Leben. Dar\u00fcber hinaus k\u00f6nnen Sie im neuen Online-Casino ohne Einzahlung spielen. Das bedeutet, dass Sie die Spiele ohne Einzahlung im Demo-Modus ausprobieren k\u00f6nnen. Auf diese Weise verlieren Sie keinen Besuch, Sie k\u00f6nnen jederzeit zu Ihrem alten, vertrauensw\u00fcrdigen Online-Casino zur\u00fcckkehren!<\/p>\n<h2>Warum sollten Sie ein Neues Casino ausprobieren?<\/h2>\n<p>Praktisch jede Woche tritt ein neues Online Casino auf. Sie k\u00f6nnen sehen, wie sie in einem Werbespot auf dem Fernsehger\u00e4t erscheinen oder wenn Sie online surfen. Es gibt viele, dass es schwierig ist, die Spreu vom Weizen zu trennen. Weil einige Casinos gut sind und andere nicht besucht werden k\u00f6nnen. Sind Sie ein Spieler, der kostenlose Werbegeschenke erhalten m\u00f6chte, dann sind Sie hier genau richtig. Auf dieser Seite werden Sie keine neuen Casinos finden, in denen Sie spielen k\u00f6nnen, aber wir sammeln nur das Beste im Bereich des Freispielens und des Gewinnens von Geld. Nat\u00fcrlich m\u00fcssen Sie mehr Aktionen ausf\u00fchren, wenn Sie in einem neuen Casino spielen m\u00f6chten, insbesondere wenn Sie dies mit einem Casino vergleichen, in dem Sie bereits registriert sind. Sie m\u00fcssen Ihre pers\u00f6nlichen Daten erneut eingeben und wenn Sie auch Geld abheben m\u00f6chten, m\u00fcssen Sie wahrscheinlich auch Dokumente einreichen. Auf der anderen Seite k\u00f6nnen Sie an Promotionen teilnehmen, die f\u00fcr Sie als Casino-Spieler von gro\u00dfem Vorteil sind.<\/p>\n<p>Hier sind drei Gr\u00fcnde, warum es gut ist, ein neues Casino auszuprobieren.<\/p>\n<ul>\n<li>1. Es ist sehr einfach, zuverl\u00e4ssige Online-Casinos auf unserer Website zu finden<\/li>\n<li>2. Sie erhalten bei der Registrierung kostenloses Geld oder Freispiele<\/li>\n<li>3. Sie verdoppeln, verdreifachen oder vervierfachen Ihr Geld bei einer Einzahlung<\/li>\n<li>4. Nach der Registrierung werden Sie immer \u00fcber die bevorstehenden Aktionen informiert.<\/li>\n<\/ul>\n<p>Es gibt drei Gr\u00fcnde, warum es nicht gut ist, ein neues Casino auszuprobieren.<\/p>\n<ul>\n<li>1. Der Registrierungsvorgang in einem neuen Casino ben\u00f6tigt Zeit<\/li>\n<li>2. Wenn Sie gewinnen, m\u00fcssen Sie wahrscheinlich neue Dokumente senden.<\/li>\n<\/ul>\n<p>Zusammenfassend gibt es bei der Casino-Jagd Plus- und Minuspunkte f\u00fcr neue Promotionen. Aufgrund unserer Erfahrung k\u00f6nnen wir jedoch feststellen, dass dies zahlreiche Vorteile mit sich bringt, weshalb sich die Suche nach einem neuen Casino mehr als lohnt. Aus diesem Grund haben wir auch diesen Bereich auf der Website eingerichtet, um Sie \u00fcber die neuesten Ereignisse in der Welt der Online-Casinos auf dem Laufenden zu halten.<\/p>\n<h2>Neue Online Casinos Fazit<\/h2>\n<p>Die neuen Online-Casinos bieten 2019 Vorteile, die nicht oft gesehen wurden. Die Einstellung dieser Online Casinos scheint sehr kundenorientiert zu sein. Zum Beispiel werden Zahlungsmethoden wie iDeal und Bitcoin angeboten, die Bonusse und Promotionen sind sehr attraktiv und der Kundenservice ist schnell und einfach f\u00fcr den Besucher. Die neuen Online-Casinos wagen auch Konzepte und Kombinationen, die f\u00fcr einen frischen Wind in der Online-Spielewelt sorgen. Erlebe es selbst! Werfen Sie einen Blick auf unsere f\u00fcnf vorgeschlagenen Top-Ergebnisse und erfahren Sie, was der Begriff &#8220;neues Online-Casino&#8221; eigentlich bedeutet.<\/p>\n","protected":false},"excerpt":{"rendered":"<p>Neue Casinos Deutschland 2023 Es gibt mehr als genug Gr\u00fcnde, nach einem neuen Online-Casino zu suchen. Deshalb haben wir diesen Bereich auf unserer Website gratisspins.org erstellt. In der nachstehenden \u00dcbersicht haben wir die neuesten neuen Online-Casinos f\u00fcr Sie aufgef\u00fchrt. Die neuen Spieler erhalten h\u00e4ufig etwas kostenlos, wie Freispiele und keine Einzahlungsangebote. Es ist auch \u00fcblich, [&hellip;]<\/p>\n","protected":false},"author":1,"featured_media":0,"parent":0,"menu_order":0,"comment_status":"closed","ping_status":"closed","template":"","meta":{"footnotes":""},"categories":[],"tags":[],"class_list":["post-402","page","type-page","status-publish","hentry"],"aioseo_notices":[],"_links":{"self":[{"href":"https:\/\/pokiesportal.com\/de\/wp-json\/wp\/v2\/pages\/402","targetHints":{"allow":["GET"]}}],"collection":[{"href":"https:\/\/pokiesportal.com\/de\/wp-json\/wp\/v2\/pages"}],"about":[{"href":"https:\/\/pokiesportal.com\/de\/wp-json\/wp\/v2\/types\/page"}],"author":[{"embeddable":true,"href":"https:\/\/pokiesportal.com\/de\/wp-json\/wp\/v2\/users\/1"}],"replies":[{"embeddable":true,"href":"https:\/\/pokiesportal.com\/de\/wp-json\/wp\/v2\/comments?post=402"}],"version-history":[{"count":1,"href":"https:\/\/pokiesportal.com\/de\/wp-json\/wp\/v2\/pages\/402\/revisions"}],"predecessor-version":[{"id":996,"href":"https:\/\/pokiesportal.com\/de\/wp-json\/wp\/v2\/pages\/402\/revisions\/996"}],"wp:attachment":[{"href":"https:\/\/pokiesportal.com\/de\/wp-json\/wp\/v2\/media?parent=402"}],"wp:term":[{"taxonomy":"category","embeddable":true,"href":"https:\/\/pokiesportal.com\/de\/wp-json\/wp\/v2\/categories?post=402"},{"taxonomy":"post_tag","embeddable":true,"href":"https:\/\/pokiesportal.com\/de\/wp-json\/wp\/v2\/tags?post=402"}],"curies":[{"name":"wp","href":"https:\/\/api.w.org\/{rel}","templated":true}]}}