{"id":394,"date":"2019-02-02T13:25:02","date_gmt":"2019-02-02T13:25:02","guid":{"rendered":"https:\/\/pokiesportal.com\/de\/?page_id=394"},"modified":"2019-02-04T16:33:32","modified_gmt":"2019-02-04T16:33:32","slug":"slotty-vegas-casino","status":"publish","type":"page","link":"https:\/\/pokiesportal.com\/de\/slotty-vegas-casino\/","title":{"rendered":"slotty vegas casino"},"content":{"rendered":"<h1>Slotty Vegas Casino Bewertung Deutschland 2019<\/h1>\n<p>Slotty Vegas \u00f6ffnete seine virtuellen T\u00fcren im Jahr 2014 und begann tats\u00e4chlich mit einem fliegenden Start. Sie sind bereits f\u00fcr ihre blitzschnellen Auszahlungen, ihre gro\u00dfe Spielesammlung und ihren hervorragenden Kundenservice bekannt. Slotty Vegas ist von den Gl\u00fccksspielbeh\u00f6rden von Malta und Gro\u00dfbritannien lizenziert und ist ein Casino, das sich dem BETAT Casino angeschlossen hat, das ebenfalls einen hervorragenden Ruf hat: Die Integration namhafter Softwareanbieter, darunter Net Entertainment, Quickspin, Microgaming und Leander Games , Rabcat und Genesis Gaming bietet auch den erfahrensten Spielern Abwechslung und stundenlangen Spa\u00df. Alle Spiele k\u00f6nnen auf Ihrem PC oder auf Ihren mobilen Ger\u00e4ten gespielt werden.<\/p>\n<h2>Zuverl\u00e4ssig und Sicher<\/h2>\n<p>Slotty Vegas ist der Markenname, mit dem der Besitzer NRR Entertainment herauskommt. Das Unternehmen unterliegt einer Casino-Lizenz, die ihm von der Lotteries and Gaming Authority of Malta f\u00fcr seine Spiele erteilt wurde, und hat den Segen der UK Gambling Commission, der Gl\u00fccksspielbeh\u00f6rde von England.<\/p>\n<h2>Software &amp; Slotty Vegas Casino-Spiele<\/h2>\n<p>Mit Spielen von Microgaming und Netent bietet Slotty Vegas ein umfangreiches Spieleangebot, bei dem &#8211; und wie k\u00f6nnte es anders sein &#8211; mit einem solchen Namen &#8211; der Fokus eindeutig auf den Slots oder den Online-Spielautomaten liegen. Slotty Vegas ist ein Flash Casino, dh Sie k\u00f6nnen schnell loslegen, weil Sie \u00fcber Ihren Internetbrowser spielen k\u00f6nnen. Es gibt keine schwere Casino Slotty Vegas Casino Software, die Sie herunterladen m\u00fcssen, und die Registrierung ist ebenfalls reibungslos. Sie k\u00f6nnen sich sogar \u00fcber Ihr Facebook-Konto anmelden. Das Look &amp; Feel der Website ist erfrischend, kein klassisches Casino-Interieur, sondern frische Farben und ein cooles Design. F\u00fcr die Pr\u00e4sentation der Spiele, die in klaren, gro\u00dfen Symbolen pr\u00e4sentiert werden, wurde bemerkenswert viel Platz reserviert.<\/p>\n<h2>Slotty Vegas Willkommensbonus<\/h2>\n<p>Sobald Sie Ihre Gratisdrehungen aufgebraucht haben, k\u00f6nnen Sie auch einen gro\u00dfen Bonus f\u00fcr Ihre erste Einzahlung erwarten. Slotty Vegas verdoppelt Ihre erste Einzahlung um bis zu 150 \u20ac. Wenn Sie also 150 \u20ac einzahlen, erhalten Sie zus\u00e4tzlich 150 \u20ac in Form von Bonusgeld. Dar\u00fcber hinaus erhalten Sie weitere 50 Freispiele, die Sie auf fast allen Spielautomaten verwenden k\u00f6nnen.<\/p>\n<h2>Aufgeladene Gewinne<\/h2>\n<p>Wenn Sie sich in der Lobby von Slotty Vegas umsehen, werden Sie feststellen, dass bei fast allen Spielen das Logo SUPERCHARGED ist. Was hei\u00dft das Das bedeutet, dass Sie bis zu 20% zus\u00e4tzliche Gewinne von Slotty erhalten, wenn Sie an diesem Spielautomaten gewinnen. Wie funktioniert das? Besonders einfach: Wenn Sie eine Runde gewinnen, zum Beispiel an einem Spielautomaten oder im Live-Casino, erhalten Sie nat\u00fcrlich Ihre Gewinne, aber Sie erhalten einen weiteren Prozentsatz von Slotty Vegas. Dies gilt f\u00fcr alle Spiele mit dem Supercharged-Logo. Fast alle g\u00e4ngigen Spielautomaten und alle Spiele im Live-Casino sind mit Aufladung ausgestattet! Obwohl Slotty Vegas ein aufregendes VIP-Programm hat, ben\u00f6tigen Sie f\u00fcr diese Supercharged-Siege keinen VIP-Status. Jeder bei Slotty bekommt es einfach durch Spielen!<\/p>\n<h2>Turbolader Gewinne<\/h2>\n<p>Als ob das nicht genug w\u00e4re, werden alle neuen Spielautomaten jedes Mal, wenn sie herauskommen, 48 Stunden lang mit Turbocharged betrieben. Sie geben also noch mehr als Supercharged Wins und viel mehr als gew\u00f6hnliche Gewinne! Sie k\u00f6nnen weitere 20% extra bekommen! 10% Cashback auf alle Ihre Verluste garantiert! Wenn Sie ein Spiel mit dem Supercharged-Logo spielen, erhalten Sie einen garantierten Cashback. Auf alle Ihre Verluste an einem bestimmten Supercharged-Spielautomaten erhalten Sie 10% als Cashback. Sie erhalten diesen Cashback an jedem Tag des Jahres. Es ist sicherlich ein sch\u00f6ner Trostpreis f\u00fcr diejenigen, die an einem bestimmten Tag zu viel verloren haben.<\/p>\n<h2>Einfache Registrierung<\/h2>\n<p>Wenn Sie noch nicht bei Slotty Vegas registriert sind, k\u00f6nnen Sie unseren Link f\u00fcr ein gro\u00dfartiges Angebot nutzen. Unser exklusives Freispielangebot &#8211; 25 Freispiele auf Starburst, nat\u00fcrlich ohne Einzahlung. Um sich zu qualifizieren, m\u00fcssen Sie in einem der folgenden L\u00e4nder leben: Deutschland, Gro\u00dfbritannien, Australien, Neuseeland, Kanada, \u00d6sterreich, Schweiz, Norwegen, Schweden, Finnland, Gr\u00f6nland, Island, Irland, Niederlande, Portugal oder Russland .<\/p>\n<h2>Slotty Vegas Spiele<\/h2>\n<p>Slotty Vegas verf\u00fcgt \u00fcber eine sehr sch\u00f6ne Sammlung von Spielautomaten, Tischspielen und einem Live-Casino. Hier finden Sie Spielautomaten namhafter Hersteller wie Microgaming, NetEnt und Play&#8217;n Go, aber auch kleinere Hersteller wie Cryptologic (WagerLogic), NextGen Gaming, 1x2Gaming, Genesis Gaming, Leander-Spiele, Quickspin, Rabat, Big Time Gaming, Elk Studios, Push-Gaming. Was wir originell und sicherlich n\u00fctzlich finden, ist, dass Sie bei Slotty Vegas zwischen Spielen mit vielen Gewinnen oder Spielen mit gro\u00dfen Gewinnen w\u00e4hlen k\u00f6nnen. Jeder Spieler hat einen anderen Geschmack und durch das Schieben einer praktischen Leiste haben Sie die Wahl zwischen diesen Spielarten.<\/p>\n<h2>Slots<\/h2>\n<p>Die Spielautomaten bei Slotty Vegas sind besonders gut ausgew\u00e4hlt. Auffallend ist, dass fast alle Slots, die wir zu den Besten z\u00e4hlen w\u00fcrden, das SUPERCHARGED-Logo tragen, sodass sie bis zu 20% Aufpreis zahlen. Sie finden das aufgeladene Logo auf Spielautomaten wie Berryburst MAX, Immortal Romance, Jurassic World, Jumanji, Thunderstruck II und vielem mehr. Hier finden Sie auch Jackpot-Spielautomaten mit dem Logo, wie beispielsweise Divine Fortune, Super Lucky Frog, Mega Joker und Cosmic Fortune. Slotty Vegas ist auch ein Spezialist f\u00fcr Spiele von Play&#8217;n Go mit 35 Play&#8217;n Go-Spielen wie Book of Dead, Legacy of Egypt, Pimped und Reactoonz.<\/p>\n<h2>Live Casino<\/h2>\n<p>Das Live Casino von Slotty Vegas ist es definitiv wert. Hier finden Sie nur Tische von NetEnt (NetEnt war urspr\u00fcnglich ein Hersteller von Spielautomaten, aber jetzt gibt es auch Live-Casinos, die immer von hervorragender Qualit\u00e4t sind!). Sie finden nur Roulette und Blackjack, die f\u00fcr 16 Tische geeignet sind. Kein Baccarat oder Casino Poker, was sehr schade ist, obwohl Sie diese Spiele als virtuelle Tischspiele finden k\u00f6nnen.<\/p>\n<h2>Slotty Vegas Mobile Seite<\/h2>\n<p>Slotty Vegas verf\u00fcgt \u00fcber eine hervorragende mobile Website. Der Standort wechselte 2018 den Besitzer und wurde umfassend \u00fcberarbeitet. Das Design ist glatt, klar und klar. Die Navigation ist auch hier sehr einfach und die Website ist an alle modernen Browser und Ger\u00e4te angepasst. Alle Spiele funktionieren perfekt auf iOS, Android, Windows und Mac. Gut zu wissen ist auch, dass alle Promotions, einschlie\u00dflich des Willkommensbonus mit Freispielen, und nat\u00fcrlich die Supercharged-Gewinne auch f\u00fcr die mobile Version gelten.<\/p>\n<h2>Hotlist<\/h2>\n<p>Praktisch ist die Slotty Vegas Casino Hotlist &#8211; auf einen Blick die L\u00e4ufer auf einem silbernen Teller, damit Sie nicht durch die gesamte Lobby gehen m\u00fcssen. Es gibt attraktive Titel wie den Mega Moolah-Spielautomaten mit einem progressiven Jackpot-Stand von fast 3 Millionen Euro! Praktisch ist die Slotty Vegas Casino Hotlist &#8211; auf einen Blick die L\u00e4ufer auf einer silbernen Platte. Wie bereits erw\u00e4hnt, weisen die Spielkategorien vor allem auf Slotty Vegas Casino-Slots hin, die in modernste Video-Slots, klassische Slotmaschinen und Jackpot-Slots unterteilt sind. Einige Titel, die der Liebhaber wie Musik klingen wird: Online-Spielautomat Fisty Cuffs, EggOmatic, Spielautomat Robin Hood Shifting Riches und der Jurassic Park-Spielautomat.<\/p>\n<h2>Klassiker<\/h2>\n<p>Obwohl der Name etwas anderes vermuten l\u00e4sst, k\u00f6nnen Sie in Slotty Vegas auch reine Casino-Klassiker wie Roulette, Blackjack, Baccarat und sogar ein Spiel mit Online-Pontoon spielen. Ponton-Spiele k\u00f6nnen in keinem Casino gespielt werden. Schlie\u00dflich bietet Slotty Vegas wegen der Beliebtheit des Spiels in England Pontoon an.<\/p>\n<h2>Slotty Vegas Casino-Boni<\/h2>\n<p>Mit Ausnahme des Slotty Vegas Casino-Willkommensbonus gibt es einen Tell-a-Friend-Bonus. Der Willkommensbonus berechtigt neue Spieler zu maximal 100 Euro und 25 Freispielen, w\u00e4hrend der Bonus f\u00fcr einen Freund 50 Freirunden ist.<\/p>\n<h2>Zahlungsmethoden<\/h2>\n<p>Ausreichende Casino-Zahlungsmethoden in diesem Casino, die von der Zahlung mit Ihrer Kreditkarte (Visa, Mastercard) bis zum Internet-Banking, mit oder ohne Vermittlungsweg oder E-Wallet reichen, was wiederum Ihre Anonymit\u00e4t ausmacht. Sicheres Bezahlen ist in Slotty Vegas unumstritten. Das Unternehmen arbeitet nur mit den bekannten Casino-Zahlungsmethoden. Machen Sie sich also keine Sorgen. In Slotty Vegas Casino ist das Bezahlen mit iDeal (noch) nicht m\u00f6glich.<\/p>\n<h2>Kundenservice von Slotty Vegas<\/h2>\n<p>Sie k\u00f6nnen live mit Slotty Vegas chatten, um mit dem Kundenservice in Kontakt zu treten. E-Mail- oder Telefonnummern befinden sich nicht auf der Website oder sind gut versteckt. Test gemacht und gefragt, ob sie auch Niederl\u00e4ndisch sprechen, aber das war leider nicht der Fall. Ich erhielt jedoch sofort die Antwort auf meine Frage. Erst dann habe ich die bekannten Sprachfahnen gesehen, die darauf hindeuten, dass die Casinos etwa 10 verschiedene Sprachen unterst\u00fctzen.<\/p>\n<h2>Fazit<\/h2>\n<p>Das Maskottchen von Slotty Vegas ist eine Smeagol-artige Kreatur, die nach seinem geliebten Goldschatz sucht. Und das ist f\u00fcr dieses Casino sehr angemessen. Es ist ein Casino, das Sie einfach mehr belohnt als andere Casinos. Da Sie in diesem Casino dank Supercharged Wins bis zu 20% mehr gewinnen k\u00f6nnen als in anderen Casinos und dank des t\u00e4glichen Cashbacks auch 10% weniger verlieren, ist dies definitiv ein Casino, das mithalten kann. Wir k\u00f6nnen uns kaum ein anderes Casino vorstellen, das konsequent so gute Promotionen anbietet. Dar\u00fcber hinaus verf\u00fcgen sie \u00fcber eine exzellente Auswahl an Spielautomaten der besten Anbieter und ein anst\u00e4ndiges Live-Casino. Wenn Sie wissen, dass Sie in diesem Casino f\u00fcr dasselbe Spiel mehr als in anderen Casinos erhalten k\u00f6nnen, ist die Entscheidung schnell getroffen.<\/p>\n","protected":false},"excerpt":{"rendered":"<p>Slotty Vegas Casino Bewertung Deutschland 2019 Slotty Vegas \u00f6ffnete seine virtuellen T\u00fcren im Jahr 2014 und begann tats\u00e4chlich mit einem fliegenden Start. Sie sind bereits f\u00fcr ihre blitzschnellen Auszahlungen, ihre gro\u00dfe Spielesammlung und ihren hervorragenden Kundenservice bekannt. Slotty Vegas ist von den Gl\u00fccksspielbeh\u00f6rden von Malta und Gro\u00dfbritannien lizenziert und ist ein Casino, das sich dem [&hellip;]<\/p>\n","protected":false},"author":1,"featured_media":396,"parent":0,"menu_order":0,"comment_status":"closed","ping_status":"closed","template":"page-casino-review.php","meta":{"footnotes":""},"categories":[],"tags":[],"class_list":["post-394","page","type-page","status-publish","has-post-thumbnail","hentry"],"aioseo_notices":[],"_links":{"self":[{"href":"https:\/\/pokiesportal.com\/de\/wp-json\/wp\/v2\/pages\/394","targetHints":{"allow":["GET"]}}],"collection":[{"href":"https:\/\/pokiesportal.com\/de\/wp-json\/wp\/v2\/pages"}],"about":[{"href":"https:\/\/pokiesportal.com\/de\/wp-json\/wp\/v2\/types\/page"}],"author":[{"embeddable":true,"href":"https:\/\/pokiesportal.com\/de\/wp-json\/wp\/v2\/users\/1"}],"replies":[{"embeddable":true,"href":"https:\/\/pokiesportal.com\/de\/wp-json\/wp\/v2\/comments?post=394"}],"version-history":[{"count":0,"href":"https:\/\/pokiesportal.com\/de\/wp-json\/wp\/v2\/pages\/394\/revisions"}],"wp:featuredmedia":[{"embeddable":true,"href":"https:\/\/pokiesportal.com\/de\/wp-json\/wp\/v2\/media\/396"}],"wp:attachment":[{"href":"https:\/\/pokiesportal.com\/de\/wp-json\/wp\/v2\/media?parent=394"}],"wp:term":[{"taxonomy":"category","embeddable":true,"href":"https:\/\/pokiesportal.com\/de\/wp-json\/wp\/v2\/categories?post=394"},{"taxonomy":"post_tag","embeddable":true,"href":"https:\/\/pokiesportal.com\/de\/wp-json\/wp\/v2\/tags?post=394"}],"curies":[{"name":"wp","href":"https:\/\/api.w.org\/{rel}","templated":true}]}}