{"id":388,"date":"2019-01-29T12:35:19","date_gmt":"2019-01-29T12:35:19","guid":{"rendered":"https:\/\/pokiesportal.com\/de\/?page_id=388"},"modified":"2023-05-21T19:29:04","modified_gmt":"2023-05-21T19:29:04","slug":"mobile-casinos","status":"publish","type":"page","link":"https:\/\/pokiesportal.com\/de\/mobile-casinos\/","title":{"rendered":"mobile casinos"},"content":{"rendered":"<h1>Mobile Casinos Deutschland 2023<\/h1>\n<p>Immer mehr Menschen spielen Casino-Spiele \u00fcber ihr Mobiltelefon oder Tablet, und das ist nicht \u00fcberraschend. Es bietet viel Flexibilit\u00e4t und Benutzerfreundlichkeit. Sie k\u00f6nnen spielen, wenn Sie im Zug sind oder wenn Sie auf den Bus warten. Sie k\u00f6nnen auch im Urlaub spielen. Sie ben\u00f6tigen lediglich ein Telefon und eine Internetverbindung. Mobiles Spiel ist daher der ideale Zeitvertreib f\u00fcr die leeren Stunden. Immer mehr Online-Casinos versuchen, auf diesen wachsenden Trend mit hochwertigen Casino-Apps zu reagieren. Wenn Sie ein Fan von Casino-Spielen sind, freuen Sie sich, dass Sie Ihre Lieblings-Online-Spiele nicht nur \u00fcber Ihren Computer, sondern auch \u00fcber Ihr Tablet und Ihr Handy spielen k\u00f6nnen. Da sich die M\u00f6glichkeiten des Internets auf Ihrem Telefon in den letzten Jahren drastisch verbessert haben, ist es endlich m\u00f6glich, Casino-Spiele auf Ihrem Telefon zu spielen. Der mobile Casino-Markt hat in den letzten Jahren so gro\u00dfe Spr\u00fcnge gemacht, dass es schwierig ist, das beste mobile Casino zu w\u00e4hlen. Es gibt so viele M\u00f6glichkeiten und wenn Sie spezielle Bed\u00fcrfnisse haben. Sie ben\u00f6tigen auf jeden Fall einen Leitfaden, der Ihnen hilft, das zu finden, wonach Sie suchen. Wir haben weit und breit nach den besten mobilen Online-Casinos gesucht. Wir k\u00f6nnen Ihnen helfen, das beste iPhone, iPad, Android oder WP Casino zu w\u00e4hlen. Finden Sie heraus, welche Websites den Titel des besten mobilen Casinos mit Willkommensboni und Promotions, Sicherheit und vielen tollen Spielen verdient haben!<\/p>\n<h2>Dein Smartphone<\/h2>\n<p>Es ist egal, welche Art von Smartphone Sie haben, fast jedes Smartphone eignet sich f\u00fcr Online-Gl\u00fccksspiele. Verschiedene Spieleentwickler haben Spiele entwickelt, die auf kleineren Bildschirmen mit Touchscreen-Bedienung gut gespielt werden k\u00f6nnen. F\u00fcr jeden ist es daher m\u00f6glich, sich mit Ihrem Handy zu setzen und ein sch\u00f6nes Spiel in mobilen Casinos zu spielen. W\u00e4hlen Sie aus vielen Casino-Boni und spielen Sie online!<\/p>\n<h2>Mobile Casinosysteme und Registrierung<\/h2>\n<p>Mobile CasinoZum Anfang ist es wichtig zu wissen, ob Sie Ihr Handy zur Installation von Online-Casino-Apps verwenden k\u00f6nnen. Dies ist bei den meisten Android-Betriebssystemen und bei den meisten iPhone und iPads (aus der dritten Generation) m\u00f6glich. Selbst wenn Sie keine Apps installieren k\u00f6nnen, k\u00f6nnen Sie \u00fcber Ihren Browser spielen, ohne etwas herunterzuladen. Wie bei anderen mobilen Apps ist es ziemlich einfach, die Apps auf Ihrem Handy zu installieren, so dass Sie sich keine Sorgen machen m\u00fcssen. Oft m\u00fcssen Sie sich registrieren, bevor Sie im Online Casino spielen k\u00f6nnen. Folgen Sie dazu den Anweisungen des jeweiligen Casinos. Diese finden Sie h\u00e4ufig unter &#8220;Registrieren&#8221; oder &#8220;Konto erstellen&#8221;. Das Erstellen eines Kontos ist in der Regel in wenigen Minuten erledigt, Sie sind registriert und k\u00f6nnen sofort mit dem Spielen beginnen! Die Einf\u00fchrung des iPhones stellte sicher, dass die Spieleentwickler nach neuen Wegen suchten, um ihre Produkte f\u00fcr eine Zielgruppe attraktiv zu machen, die nach der neuesten Technologie suchte. Schauen wir uns die Unterschiede und Gemeinsamkeiten zwischen Android-Ger\u00e4ten und iPhones genauer an:<\/p>\n<ul>\n<li>iOs unterst\u00fctzt fast jedes Spiel, das Sie in einem Online-Casino finden k\u00f6nnen. Obwohl einige Slot-Spiele aufgrund der grafischen Anforderungen nur auf dem PC oder Laptop gespielt werden k\u00f6nnen, gibt es dennoch eine gro\u00dfe Auswahl. Wie w\u00e4re es beispielsweise mit einem Blackjack- oder Roulette-Spiel? Gleiches gilt f\u00fcr die Ger\u00e4te, auf denen Android l\u00e4uft. Das Betriebssystem von Google bietet Ihnen fast dieselbe Erfahrung wie ein Online-Casino f\u00fcr einen PC, das liefert. Android-Ger\u00e4te erhalten h\u00e4ufig auch ein praktisches Update. F\u00fcr die iPhones ist dies eine etwas andere Geschichte, die \u00e4lteren Generationen sind aufgrund des Alters langsamer, aber auch aufgrund von Updates der iOs.<\/li>\n<li>Eine gro\u00dfe Anzahl von Casino-Spielen kann sowohl auf Android als auch auf dem iPhone gespielt werden. Der gr\u00f6\u00dfte Unterschied besteht darin, dass es f\u00fcr Android-Benutzer schwierig sein kann, eine Casino-App zu finden, da Google seinen Play Store nicht f\u00fcr Android-Casinos \u00f6ffnet, in denen Sie mit echtem Geld spielen k\u00f6nnen. Da alle iPhone-Apps direkt aus Apples App Store stammen, ist dies f\u00fcr Apple-Benutzer kein Problem. Sie finden schnell ein Casino, in dem das gro\u00dfe Geld gespielt werden kann. F\u00fcr Android-Benutzer bedeutet dies nicht unbedingt ein gro\u00dfes Problem. Der durchschnittliche Android-Benutzer, der sich im Internet auskennt, wird nicht lange suchen m\u00fcssen, bevor er ein geeignetes Casino gefunden hat, in das er dann einfach seine Euro stecken kann.<\/li>\n<\/ul>\n<h2>Android Casinos Herunterladen<\/h2>\n<p>Android Casinos haben zwei Varianten; Kein Download und Download von Casinos. Wie die Namen vermuten lassen, m\u00fcssen Sie nichts f\u00fcr ein No-Download-Casino und ein Download-Casino herunterladen und installieren. Obwohl beide Arten von Casinos reibungslos laufen, sind heruntergeladene Anwendungen in der Regel etwas besser als nicht heruntergeladene Casinos, einfach weil es weniger \u00e4u\u00dfere Einfl\u00fcsse gibt. Die gute Nachricht ist, dass die HTML5-Spiele, die auf allen Plattformen ausgef\u00fchrt werden, keine Flash-Installation auf Ihrem Handy erfordern. Die Ehrlichkeit sagt uns, dass, obwohl die meisten Casinospiele in einem mobilen Browser die oberste Rolle spielen, es Beispiele f\u00fcr Spiele gibt, wie z. B. Slots, die manchmal unter Verz\u00f6gerungen leiden, einfach weil die Spiele viel von Ihrem Ger\u00e4t verlangen. Wenn Sie davon ausgehen, dass Ihr Telefon leistungsf\u00e4hig genug ist und Sie \u00fcber ausreichend freien Speicher verf\u00fcgen, um eine Anwendung herunterzuladen, empfehlen wir Ihnen, in einem Download-Casino zu spielen. Auf diese Weise k\u00f6nnen Sie die App jederzeit \u00f6ffnen. Ein weiterer gro\u00dfer Vorteil ist, dass das Spiel Ihren gesamten Bildschirm ausf\u00fcllt, im Gegensatz zum No Download Casino, das nicht im Vollbildmodus l\u00e4uft. Beispielsweise ist die Adressleiste Ihres Browsers immer sichtbar. Wenn wir das gesegnet haben, kehren wir zu unserem fr\u00fcheren Punkt zur\u00fcck: der aktuelle Stand der Dinge in Bezug auf Google Play und die Tatsache, dass Google Nutzern nicht erlaubt, Casino-Spiele herunterzuladen, bei denen echtes Geld gespielt wird. Sie k\u00f6nnen nur f\u00fcr Speck und Bohnen spielen, nur zum Spa\u00df, nicht f\u00fcr die Pfennige. Wenn Sie um echtes Geld spielen m\u00f6chten, empfehlen wir Ihnen unbedingt, ein Casino ohne Download in Ihrem Browser zu betreiben.<\/p>\n<h2>FAQ<\/h2>\n<ul>\n<li>Muss ich mich registrieren, um spielen zu k\u00f6nnen?<br \/>\nNein, Sie m\u00fcssen sich nicht immer registrieren, wenn Sie nur zum Spa\u00df spielen.<\/li>\n<li>Was soll sich mein Handy zum Spielen treffen?<br \/>\nSie ben\u00f6tigen lediglich eine Internetverbindung, um spielen zu k\u00f6nnen.<\/li>\n<li>Wie viel kostet es mich, Spiele herunterzuladen und zu spielen?<br \/>\nDas Herunterladen kostet kein Geld, aber Ihr Telefonanbieter berechnet m\u00f6glicherweise etwas f\u00fcr die WAP \/ GPRS-Daten\u00fcbertragung.<\/li>\n<li>Wie lange dauert das Herunterladen eines Spiels?<br \/>\nDas Herunterladen eines Spiels sollte je nach Verbindungsgeschwindigkeit nicht l\u00e4nger als einige Minuten dauern.<\/li>\n<li>Ist es sicher \u00fcber mein Handy zu spielen?<br \/>\nWenn Sie \u00fcber ein lizenziertes Casino spielen, ist das Spielen zu 100% sicher und zuverl\u00e4ssig. Diese Casinos werden streng kontrolliert.<\/li>\n<li>Ist mein Telefonanbieter geeignet?<br \/>\nFast alle Anbieter sind kompatibel. Wenden Sie sich an Ihren Provider, um weitere Informationen zu erhalten.<\/li>\n<\/ul>\n<h2>Beste mobile Casinos und Apps f\u00fcr 2023<\/h2>\n<p>Es ist m\u00f6glicherweise nicht leicht, das beste mobile Casino auszuw\u00e4hlen. Aber wir haben viel gesucht und sind \u00fcberzeugt, dass wir Ihnen helfen k\u00f6nnen, die beste Entscheidung zu treffen. Was macht ein tolles mobiles Casino aus? Sehen Sie sich nur einige der Faktoren an, die wir ber\u00fccksichtigt haben.<\/p>\n<h2>Qualit\u00e4t<\/h2>\n<p>Da viele Entwickler von Casino-Spielen die M\u00f6glichkeiten von Mobiltelefonen sehen, werden viele Spiele f\u00fcr Smartphones entwickelt. Daher k\u00f6nnen Sie davon ausgehen, dass die Qualit\u00e4t dieser Spiele die Qualit\u00e4t der Spiele, die Sie auf Ihrem Computer oder beispielsweise in einem echten Casino spielen, sicherlich nicht beeintr\u00e4chtigt. Das Spielen \u00fcber Ihr Telefon ist genauso aufregend wie auf einem anderen Ger\u00e4t. Dar\u00fcber hinaus k\u00f6nnen diese Spiele genauso profitabel sein wie die anderen Spiele. Wenn Sie darauf achten, wie das Spiel funktioniert, und eine gute Strategie entwickeln, ist mit den Handyspielen alles m\u00f6glich.<\/p>\n<h2>\u00dcberall zug\u00e4nglich<\/h2>\n<p>Da Sie Ihr Smartphone fast immer und \u00fcberall dabei haben, k\u00f6nnen Sie auch \u00fcberall spielen. Wenn Sie sich also beim Warten auf den Bus einmal langweilen, einen langweiligen Geburtstag haben oder eine Stunde frei haben, k\u00f6nnen Sie Ihr Handy nehmen und ein Spiel spielen. Je \u00f6fter Sie spielen, desto mehr Gewinn k\u00f6nnen Sie erzielen. Mobiles Spielen ist tats\u00e4chlich besonders rentabel, weil es einfacher ist, sich Zeit daf\u00fcr zu nehmen.<\/p>\n<h2>Willkommensboni<\/h2>\n<p>Nat\u00fcrlich ist es auch in mobilen Casinos m\u00f6glich, einen erheblichen Willkommensbonus zu erhalten. Gleich nach der Anmeldung erhalten Sie oft einen wundervollen Bonus &#8211; zum Beispiel eine gro\u00dfe Anzahl von Freispielen oder einen sch\u00f6nen Startbetrag, mit dem Sie gut anfangen k\u00f6nnen. Mobile Casinos geh\u00f6ren daher auch nicht zu den Casinos anderer Ger\u00e4te. Nat\u00fcrlich ist es auch m\u00f6glich, ohne echtes Geld zu spielen. Zum Beispiel k\u00f6nnen Sie zuerst \u00fcben und eine gute Strategie \u00fcberdenken, zum Beispiel bevor Sie Ihr Geld sofort riskieren. Nehmen Sie hier einen Willkommensbonus.<\/p>\n<h2>Kostenlose Casino-Apps<\/h2>\n<p>Heutzutage gibt es viele kostenlose Casino-Apps, und jedes Jahr werden mehr ver\u00f6ffentlicht. Sie k\u00f6nnen die Apps \u00fcber den Google App Store oder den iPhone Store installieren, um ein Symbol auf Ihrem Telefon oder Tablet zu erhalten. Durch Klicken auf dieses Symbol \u00f6ffnen Sie sofort das Spiel. Wohlgemerkt: Dies sind kostenlose Spiele, also k\u00f6nnen Sie nicht mit echtem Geld wetten. Bei Google Play k\u00f6nnen Sie keine Apps herunterladen, bei denen Sie um echtes Geld spielen k\u00f6nnen.<\/p>\n<h2>Spiel um Geld<\/h2>\n<p>M\u00f6chten Sie um echtes Geld spielen und tolle Preise gewinnen? Dann m\u00fcssen Sie die Casino-Apps direkt von der Site des Online-Casinos auf Ihr Handy herunterladen. Wenn Sie sich als neuer Spieler registrieren, erhalten Sie h\u00e4ufig eine Reihe von Freispielen und \/ oder Einzahlungsboni. Wir empfehlen neuen Spielern immer, einige Casino-Apps auszuprobieren, da diese sich hinsichtlich Navigation, Spracheinstellungen und Ladezeit unterscheiden k\u00f6nnen. Ein Android Casino unterscheidet sich auch von einem iPad Casino oder iPhone Casino.<\/p>\n<h2>Zahlungsmethoden in einem Mobile Casino<\/h2>\n<p>Mobile Casino Zahlungsmethoden In den meisten Online-Casinos k\u00f6nnen Sie um Geld und unverbindlich spielen. Wenn Sie um Geld spielen m\u00f6chten, sind PayPal, Kreditkarte und iDeal die bekanntesten Zahlungsmethoden. iDeal-Gl\u00fccksspiele sind in den Niederlanden nat\u00fcrlich am h\u00e4ufigsten. Bei allen iDeal-Casinos ist das Geld bei Ihrer Einzahlung direkt auf Ihrem Online-Casino-Konto sichtbar. Sie k\u00f6nnen sofort loslegen und keinen Spa\u00df verlieren. Ein Maestro-Casino ist ein Online-Casino, das von Maestro als allgemein g\u00fcltige Zahlungsmethode akzeptiert wird. Wenn ein Online-Casino Maestro als g\u00fcltige Zahlungsmethode akzeptiert, k\u00f6nnen Sie mit Ihrem aktuellen Konto und der entsprechenden Debitkarte in dieses Casino gehen. Lesen Sie mehr \u00fcber die verschiedenen Zahlungsmethoden, indem Sie auf das iPhone klicken, oder gehen Sie zu Zahlungsmethoden. Wenn Sie sich f\u00fcr echtes Gl\u00fccksspiel entscheiden, werfen Sie einen Blick auf unsere Top-Liste. Neben Zuverl\u00e4ssigkeit und Sicherheit bieten diese Casinos auch gewaltige Boni, die Hunderte von Euro betragen k\u00f6nnen! In dieser Liste finden Sie auch mobile Casinos, die einen Bonus ohne Einzahlung anbieten. Dies bedeutet, dass Sie diese Boni auch ohne Einzahlung genie\u00dfen k\u00f6nnen.<\/p>\n<h2>Was ist mit meinen Gewinnen in einem mobilen Casino?<\/h2>\n<p>Wenn Sie sich f\u00fcr ein mobiles Casino-Spiel entscheiden, haben Sie die Wahl, ein kostenloses Spiel zu spielen oder ein Spiel, bei dem Sie f\u00fcr echtes Geld spielen (abh\u00e4ngig von Ihrem Ger\u00e4tetyp). Sie haben die Wahl! Zuversichtlich genug, um echtes Geld zu verdienen? Nun kann es passieren, dass Ihre urspr\u00fcngliche Einzahlung in sehr kurzer Zeit verdoppelt oder sogar verdreifacht wird. Um ehrlich zu sein, macht das Spielen von Freispielen gro\u00dfen Spa\u00df, aber es ist kein echtes Geldspiel. Sobald Sie Ihre Gewinne sicher gespielt haben, k\u00f6nnen Sie sie jederzeit ausbezahlen lassen. Alles, was Sie tun m\u00fcssen, ist, Ihre Auszahlungspr\u00e4ferenz zu bezahlen, woraufhin das Casino ausbezahlt wird. Egal, ob Sie in einem mobilen Casino in einem Pokerraum spielen oder sich lieber einem Blackjack-Tisch anschlie\u00dfen, es ist alles gleicherma\u00dfen fantastisch und reibungslos. Sobald Sie Ihre Kontoinformationen eingegeben haben, k\u00f6nnen Sie spielen, Geld einzahlen und Gewinne abheben. Stell dir vor! Sie stehen im Stau und warten auf die langen Rei\u00dfverschlussautos, die langsam krabbeln, w\u00e4hrend Sie Hunderte von Euro oder sogar Millionen (wenn Sie auf progressiven Slots spielen) schlagen.<\/p>\n<h2>Ihre Wahl<\/h2>\n<p>Am Anfang ist es besonders schwer zu \u00fcberlegen, welche Art von Spielen Sie spielen m\u00f6chten. Schlie\u00dflich gibt es so viele M\u00f6glichkeiten, dass Sie kaum wissen, was Sie wollen. Ein Tipp ist, sich so viele Casinos wie m\u00f6glich anzusehen und nach und nach Ihre eigenen Vorlieben zu entwickeln. Auf diese Weise entdecken Sie, was Ihnen gef\u00e4llt und wie Sie glauben, dass Sie den gr\u00f6\u00dften Gewinn erzielen k\u00f6nnen. Bei der Auswahl Ihres Casinos m\u00fcssen Sie \u00fcber einige Punkte nachdenken. Nat\u00fcrlich m\u00f6chten Sie in einer zuverl\u00e4ssigen Firma spielen. Beachten Sie daher folgende Punkte:<\/p>\n<h2>Zuverl\u00e4ssigkeit<\/h2>\n<p>Der wichtigste Faktor ist, dass das von Ihnen gew\u00e4hlte mobile Casino zuverl\u00e4ssig sein muss. Sie spielen nicht nur ein lustiges Spiel, sondern vertrauen dem mobilen Casino auf Ihr hart verdientes Geld. Auf unserer Website k\u00f6nnen Sie mit Sicherheit ein Mobile Casino betreten. Wir bieten nur Casinos an, die die Genehmigungen und Regeln erf\u00fcllen, um ein zuverl\u00e4ssiges Casino zu sein.<\/p>\n<h2>Genehmigungen<\/h2>\n<p>Ein offizielles &#8220;echtes&#8221; Casino muss eine Lizenz besitzen, damit seine Kunden mit echtem Geld spielen k\u00f6nnen. Dies ist gesetzlich festgelegt. Jetzt bieten wir auf dieser Site nur zuverl\u00e4ssige Casinos an. Wenn Sie jedoch immer noch Zweifel haben, ob ein Casino zuverl\u00e4ssig ist, m\u00fcssen Sie lediglich pr\u00fcfen, ob das Casino die richtige Lizenz hat. Dies ist im Internet fast immer leicht zu finden. Wenn ein Casino die richtige Lizenz hat, wurde von einer Beh\u00f6rde festgestellt, dass das Casino zuverl\u00e4ssig ist. Sie k\u00f6nnen daher davon ausgehen, dass Sie Ihr Geld nicht auf unfaire Weise verlieren und dass Sie immer Ihre Gewinne erhalten.<\/p>\n<h2>Spielangebot<\/h2>\n<p>Bei der Auswahl eines Casinos ist es ratsam, die Spielangebote des Casinos sorgf\u00e4ltig zu betrachten. W\u00e4hlen Sie ein Casino mit einer Reihe von Spielen, die Sie ansprechen. Wie einer mit vielen Slots oder einem Casino, das auch Live Casino Games hat. Ein Telefonkasino ist ideal f\u00fcr Spiele wie Roulette, Blackjack und Slots. Die Quoten sind genau die gleichen wie bei den Online-Versionen. Mobiles Spielen hat den Vorteil, dass es bequem und praktisch ist. Die meisten Casinospiele k\u00f6nnen auch kostenlos gespielt werden, wobei Sie mit Spa\u00dfgutschriften spielen.<\/p>\n<h2>Spieleanbieter<\/h2>\n<p>Viele f\u00fchrende Casino-Softwareanbieter, die strikte Spielanforderungen erf\u00fcllen, einschlie\u00dflich Microgaming, IGT, WMS, Bally, Playtech, Betsoft und Net Entertainment, verf\u00fcgen \u00fcber eine mobile Plattform. Die Spiele arbeiten mit fortgeschrittenen Adobe Flash- oder HTML5-Techniken. Die Spiele verwenden modernste Grafiken und gro\u00dfartige Soundeffekte f\u00fcr ein optimales Casino-Erlebnis.<\/p>\n<h2>Sprachgebrauch<\/h2>\n<p>Wenn Sie lieber auf Niederl\u00e4ndisch kommunizieren m\u00f6chten, sollten Sie sich f\u00fcr ein niederl\u00e4ndischsprachiges Casino entscheiden. Auf diese Weise k\u00f6nnen Sie die Spiele am besten verstehen und es treten keine Kommunikationsfehler auf. Dies erh\u00f6ht Ihre Gewinnchance.<\/p>\n<h2>Bonussystem<\/h2>\n<p>Viele Casinos arbeiten mit einem Bonussystem. Damit k\u00f6nnen Sie zu bestimmten Zeiten sch\u00f6ne Bonusse erhalten. Zum Beispiel k\u00f6nnen Sie bereits bei Ihrer Anmeldung einen Willkommensbonus erhalten. Es gibt aber auch Bonusse f\u00fcr Ihre Einzahlungen, zum Beispiel die erste, zweite oder dritte Einzahlung.<\/p>\n<h2>Live-Casino<\/h2>\n<p>Wenn Sie Live-Casinos m\u00f6gen, m\u00fcssen Sie pr\u00fcfen, ob Ihr Casino auch ein Live-Casino ist. In einem Live-Casino spielen Sie &#8220;live&#8221; gegen einen Dealer. Es gibt also einen echten Mitarbeiter, der Sie \u201eanspricht\u201c. Das macht das Spiel besonders aufregend.<\/p>\n<h2>Vorteile des mobilen Gl\u00fccksspiels<\/h2>\n<ul>\n<li>Du bist nicht an einen Ort gebunden. Weil Sie auf dem Handy spielen k\u00f6nnen, m\u00fcssen Sie nie irgendwo hin gehen, um zu spielen. Sie haben Ihr Handy immer dabei Sie brauchen nur Internet und etwas Zeit zum Spielen.<\/li>\n<li>Sie m\u00fcssen keine Eintrittsgeb\u00fchr bezahlen. In vielen physischen Casinos m\u00fcssen Sie eine Eintrittsgeb\u00fchr bezahlen, um teilnehmen zu k\u00f6nnen. Dies kann ziemlich teuer sein, vor allem wenn Sie \u00f6fter ins Casino gehen. Mit einem mobilen Casino werden Sie davon nicht gest\u00f6rt.<\/li>\n<li>Sie m\u00fcssen nicht f\u00fcr Getr\u00e4nke bezahlen. In physischen Casinos wird h\u00e4ufig erwartet, dass Sie eine Anzahl von Getr\u00e4nken bezahlen. Im Gegenzug k\u00f6nnen Sie so lange spielen, wie Sie m\u00f6chten. Diese Getr\u00e4nke sind jedoch meist sehr teuer. Und nat\u00fcrlich m\u00f6chte niemand unn\u00f6tig Geld ausgeben. Beim mobilen Spielen m\u00fcssen Sie sich nie wieder mit diesem Problem befassen.<\/li>\n<li>Sie k\u00f6nnen kostenlos spielen. In mobilen Casinos ist es oft m\u00f6glich, die Spiele kostenlos zu spielen. So k\u00f6nnen Sie \u00fcben oder sich einfach mit einem Spiel entspannen, ohne sich anstrengen zu m\u00fcssen, da Sie sonst Geld verlieren k\u00f6nnen.<\/li>\n<li>Sie k\u00f6nnen Boni verdienen. Um mobile Casinos attraktiver zu machen, arbeiten viele Casino-Inhaber mit Boni. Dies macht das mobile Casino f\u00fcr Sie als Spieler noch profitabler. Es gibt gute mobile Casinos in der Tabelle oben!<\/li>\n<\/ul>\n<h2>Was macht ein mobiles Top-Casino aus?<\/h2>\n<p>Wir haben die besten (und die schlechtesten) mobilen Casinos, die angeboten werden, recherchiert, gespielt und erforscht. Sie m\u00fcssen das also nicht tun. Es ist unsere Pflicht sicherzustellen, dass Sie wissen, welche mobilen Casinos die besten Casinospiele anbieten. H\u00e4ufige Werbeaktionen, die Ihnen helfen, der Bank einen Schub zu geben und die besten Erfahrungen mit mobilen Casinos zu machen. Lesen Sie weiter und erfahren Sie mehr dar\u00fcber, welche Casinospiele Sie in den besten derzeit verf\u00fcgbaren mobilen Casinos spielen sollten. Sie werden auch erfahren, warum das Spielen in einem mobilen Casino die M\u00f6glichkeit sein k\u00f6nnte, das Casino-Erlebnis auf ein h\u00f6heres Niveau zu bringen!<\/p>\n<h2>Faktoren<\/h2>\n<p>Einer der wichtigsten Faktoren bei der Wahl des richtigen mobilen Casinos nach Ihren Bed\u00fcrfnissen ist die Auswahl. Es muss eine gro\u00dfe Auswahl an mobilen Casino-Spielen geben, aus denen Sie w\u00e4hlen k\u00f6nnen, damit Sie nie stecken bleiben oder gezwungen werden, ein bestimmtes Spiel zu w\u00e4hlen, wenn Sie es vorziehen, etwas anderes zu spielen. Was auch immer Ihre perfekte Wahl f\u00fcr ein mobiles Casino-Spiel sein mag, ob klassische Slots, 3D-Slots, Poker, Roulette oder Baccarat, Sie sollten die Wahl haben. Nat\u00fcrlich m\u00fcssen alle diese mobilen Casino-Spiele so gestaltet sein, dass Sie auf jedem mobilen Ger\u00e4t, auf dem Sie spielen m\u00f6chten, das beste Spielerlebnis bieten. Die besten mobilen Casinos unterst\u00fctzen sie alle. Android, iPhone, iPad, wie Sie es nennen, diese Casinos unterst\u00fctzen es! Eine gro\u00dfe \u00dcberlegung f\u00fcr viele Spieler sind die vielen fantastischen Aktionen und Casino-Boni, die von mobilen Casinos angeboten werden. Sehen Sie sich unsere aufgelisteten Mobile Casino Bonusangebote an und es wird zweifellos eine zwischen Ihnen und Ihrer Pr\u00e4ferenz geben!<\/p>\n<h2>Mobile Casino: Die Zukunft von Online Casinos<\/h2>\n<p>Vor etwa zwanzig Jahren war es undenkbar, jederzeit eine Wette riskieren zu k\u00f6nnen. Nein, die Zeiten waren anders. Um den Nervenkitzel eines Kasinos zu erleben, mussten die Spieler ganze Fahrten mit dem Fahrrad, mit dem Auto oder mit dem Zug unternehmen und im schlimmsten Fall sogar das Flugzeug in ein physisches Kasino bringen. Zum Gl\u00fcck f\u00fcr unsere Spieler haben sich die Zeiten ge\u00e4ndert. Dank moderner, zeitgem\u00e4\u00dfer Technologie ist die heutige Realit\u00e4t viel angenehmer. Vorbei sind die Zeiten, in denen die Spieler viel zu teure Flugtickets und noch teurere Hotelzimmer buchen mussten und dann zu Gl\u00fccksspielen wie Vegas oder Reno reisen mussten. Heute hat jeder Spieler ein Smartphone, Tablet oder ein anderes Gadget, mit dem er das Gl\u00fccksspiel eines Casinos zu Hause, auf der Couch oder in einem bequemen Sessel erleben kann.<\/p>\n<h2>Fazit<\/h2>\n<p>Mit extraterrestrischen Boni, atemberaubenden Grafiken und unendlichen M\u00f6glichkeiten in Ihrer Hand sind mobile Casinos die wahre Verk\u00f6rperung der Zukunft, die die Online-Gl\u00fccksspiel-Welt zu bieten hat. Davon konnten Sie vor wenigen Jahren nur tr\u00e4umen! Mobile Casinos sind ideal f\u00fcr Online-Spieler, die die neuesten technologischen Entwicklungen nicht missen m\u00f6chten. Laden Sie eine der gro\u00dfartigen Apps herunter, die Sie heute auf unserer Website finden. Lehnen Sie sich zur\u00fcck und genie\u00dfen Sie die wunderbare Reise, die die Zukunft Ihnen bringen wird!<\/p>\n","protected":false},"excerpt":{"rendered":"<p>Mobile Casinos Deutschland 2023 Immer mehr Menschen spielen Casino-Spiele \u00fcber ihr Mobiltelefon oder Tablet, und das ist nicht \u00fcberraschend. Es bietet viel Flexibilit\u00e4t und Benutzerfreundlichkeit. Sie k\u00f6nnen spielen, wenn Sie im Zug sind oder wenn Sie auf den Bus warten. Sie k\u00f6nnen auch im Urlaub spielen. Sie ben\u00f6tigen lediglich ein Telefon und eine Internetverbindung. Mobiles [&hellip;]<\/p>\n","protected":false},"author":1,"featured_media":0,"parent":0,"menu_order":0,"comment_status":"closed","ping_status":"closed","template":"","meta":{"footnotes":""},"categories":[],"tags":[],"class_list":["post-388","page","type-page","status-publish","hentry"],"aioseo_notices":[],"_links":{"self":[{"href":"https:\/\/pokiesportal.com\/de\/wp-json\/wp\/v2\/pages\/388","targetHints":{"allow":["GET"]}}],"collection":[{"href":"https:\/\/pokiesportal.com\/de\/wp-json\/wp\/v2\/pages"}],"about":[{"href":"https:\/\/pokiesportal.com\/de\/wp-json\/wp\/v2\/types\/page"}],"author":[{"embeddable":true,"href":"https:\/\/pokiesportal.com\/de\/wp-json\/wp\/v2\/users\/1"}],"replies":[{"embeddable":true,"href":"https:\/\/pokiesportal.com\/de\/wp-json\/wp\/v2\/comments?post=388"}],"version-history":[{"count":2,"href":"https:\/\/pokiesportal.com\/de\/wp-json\/wp\/v2\/pages\/388\/revisions"}],"predecessor-version":[{"id":994,"href":"https:\/\/pokiesportal.com\/de\/wp-json\/wp\/v2\/pages\/388\/revisions\/994"}],"wp:attachment":[{"href":"https:\/\/pokiesportal.com\/de\/wp-json\/wp\/v2\/media?parent=388"}],"wp:term":[{"taxonomy":"category","embeddable":true,"href":"https:\/\/pokiesportal.com\/de\/wp-json\/wp\/v2\/categories?post=388"},{"taxonomy":"post_tag","embeddable":true,"href":"https:\/\/pokiesportal.com\/de\/wp-json\/wp\/v2\/tags?post=388"}],"curies":[{"name":"wp","href":"https:\/\/api.w.org\/{rel}","templated":true}]}}