{"id":373,"date":"2019-01-28T15:50:49","date_gmt":"2019-01-28T15:50:49","guid":{"rendered":"https:\/\/pokiesportal.com\/de\/?page_id=373"},"modified":"2019-01-28T15:50:49","modified_gmt":"2019-01-28T15:50:49","slug":"casino-joy","status":"publish","type":"page","link":"https:\/\/pokiesportal.com\/de\/casino-joy\/","title":{"rendered":"casino joy"},"content":{"rendered":"<h1>Casino Joy Bewertung Deutschland 2019<\/h1>\n<p>Unter dem Namen Casino Joy steht ein neues Online Casino zur Verf\u00fcgung. Das Casino ist Teil von Genesis Global Limited. Genesis verf\u00fcgt bereits \u00fcber eine Reihe hervorragender Online-Casinos wie den neuen und erfrischenden Vegas Hero, Casino Cruise, SpinIt, Sloty, Genesis Casino und das k\u00fcrzlich eingef\u00fchrte Spela. Das Casino Joy hat viel Zeit investiert und \u00fcbertrifft seine bestehenden Casinos. Zumindest hat das Logo ein schlankes und frisches Design. Die Website des neuen Casinos hat die gleichen Farben wie Blau und Rosa. Sie haben Zugriff auf das neue Online-Casino \u00fcber Desktop, Laptop und nat\u00fcrlich alle g\u00e4ngigen mobilen Ger\u00e4te. Sie k\u00f6nnen sich sofort registrieren und spielen, ohne sie herunterzuladen. Auf diese Weise k\u00f6nnen Sie jederzeit und \u00fcberall auf Android und iOS spielen. Casino Joy bietet Ihnen ein einzigartiges Spielerlebnis f\u00fcr alle f\u00fcnf Sinne. Drehen, gewinnen und l\u00e4cheln wie nie zuvor! Casino Joy erkl\u00e4rt seine Bonusse als &#8220;Wir haben Frieden in eine gesch\u00e4ftige Welt gebracht, mit einem Willkommensangebot, das genauso chillig ist wie Sie&#8221;. Das h\u00f6rt sich sehr einfach an und es stellte sich auch heraus, dass es nicht einfacher sein k\u00f6nnte, Ihre Willkommensangebote hier zu behaupten. Tats\u00e4chlich m\u00f6chte Casino Joy eine Formel beibehalten, wenn es um Werbeaktionen geht: einfach + solide. Es scheint, dass alles einfach und lustig sein kann (Freude)!<\/p>\n<h2>Bonus bei Casino Joy<\/h2>\n<p>Der Willkommensbonus verteilt sich auf Ihre ersten vier Einzahlungen. F\u00fcr Ihre erste Einzahlung erhalten Sie einen Matchbonus und Freispiele, w\u00e4hrend Sie bei den verbleibenden Einzahlungen nur Matchboni erhalten. Dies stellt ein umfangreiches Paket dar, daher ist es ratsam, dies nicht zu \u00fcbersehen! Wenn Sie nicht jeden Bonus im Willkommenspaket beanspruchen m\u00f6chten, haben Sie diese Option. Wenn Sie beispielsweise den Ersteinzahlungsbonus aus irgendeinem Grund \u00fcberspringen m\u00f6chten, Ihr Angebot jedoch nachtr\u00e4glich bei der zweiten Anzahlung in Anspruch nehmen m\u00f6chten, k\u00f6nnen Sie dies problemlos tun. Denken Sie auch daran, dass Sie Ihren Bonus f\u00fcr die meisten Spiele verwenden k\u00f6nnen. Jackpot-Spiele, Live-Spiele und Video-Poker-Spiele sind jedoch ausgeschlossen. Genau wie eine ausgew\u00e4hlte Anzahl von Slotspielen. Es gelten die Allgemeinen Gesch\u00e4ftsbedingungen. Der Willkommensbonus ist ein 100% Ersteinzahlungsbonus, bis zu 200 \u20ac und 200 Freispiele f\u00fcr Starburst. Weitere Bonusse werden f\u00fcr die Einzahlung 2 &#8211; 4 angeboten. Die Wettanforderungen mit unterschiedlichen Spielgewichten gelten f\u00fcr alle Bonus- und Gratis-Spin-Angebote. Nur 18+ und spielen Sie verantwortungsbewusst! Nat\u00fcrlich gibt es auch einen VIP-Bereich im Casino Joy. Wenn Sie sich offiziell VIP nennen k\u00f6nnen, erwarten Sie verschiedene exklusive Services. Denken Sie zum Beispiel an einen dedizierten Account Manager, exklusive (und pers\u00f6nliche) Boni und exklusive VIP-Events. Aber auch eine monatliche Verlosung von VIP-Preisen, personalisierte Geburtstagsgeschenke, Urlaubspakete, einen pers\u00f6nlichen Auszahlungsservice und exklusive Angebote. Klingt nicht alles sehr attraktiv f\u00fcr Sie? Sehen Sie sich hier alle Casino Boni an.<\/p>\n<h2>Das Willkommensbonuspaket<\/h2>\n<p>Der Willkommensbonus von Casino Joy: 1.000 \u20ac + 200 Freispiele. Wir freuen uns sehr \u00fcber den Willkommensbonus. Sie erhalten nicht nur Einzahlungsboni f\u00fcr die ersten 4 Einzahlungen, Sie erhalten auch weitere 200 Freispiele bei Starburst. Und das alles gegen sehr anst\u00e4ndige Bonusbedingungen. Sie m\u00fcssen also nur etwa 40-mal Bonusse spielen und spielen immer zuerst mit Ihrem eigenen Geld und dann nur mit Bonusgeld. Der Gesamtwert des Willkommenspakets betr\u00e4gt \u20ac 1.000 + 200 Freispiele.<\/p>\n<p>Sie erhalten einen Einzahlungsbonus f\u00fcr die ersten 4 Einzahlungen:<\/p>\n<ul>\n<li>1. Einzahlung: 100% bis zu 200 \u20ac + 200 Freispiele bei Starburst<\/li>\n<li>2. Einzahlung: 50% bis zu 200 \u20ac (WJOY2)<\/li>\n<li>3. Einzahlung: 25% bis zu 300 \u20ac (WJOY3)<\/li>\n<li>4. Einzahlung: 25% bis zu 300 \u20ac (WJOY4)<\/li>\n<\/ul>\n<h2>Bonusbedingungen Casino Joy<\/h2>\n<p>Wie Sie von uns erwarten, schauen wir bei einem Casino-Bonus etwas weiter als nur Prozents\u00e4tze und H\u00f6chstbetr\u00e4ge. Wir betrachten immer genau die Bedingungen, die mit dem Bonus verbunden sind. Ein Willkommensbonus, bei dem zu hohe Spielbedingungen oder unfaire Auszahlungslimits zum Stehen bleiben, die Sie besser \u00fcberspringen k\u00f6nnen. Gl\u00fccklicherweise ist das bei Casino Joy nicht der Fall. Sch\u00f6n ist auch, dass Sie selbst angeben k\u00f6nnen, ob Sie einen Willkommensbonus erhalten m\u00f6chten. Manche Menschen ziehen es vor, \u00fcberhaupt keinen Willkommensbonus zu erhalten.<\/p>\n<p>Eine Zusammenfassung der Bonusbedingungen:<\/p>\n<ul>\n<li>Sie k\u00f6nnen maximal 5 \u20ac pro Spin mit Bonusgeld auf Slots setzen<\/li>\n<li>Sie k\u00f6nnen maximal 30 \u20ac pro Spielzug mit Bonusgeld auf Tischspiele setzen<\/li>\n<li>Spielautomaten tragen zu 100%, Blackjack zu 5% und andere Tischspiele zu 10% bei.<\/li>\n<li>Die maximale Auszahlung bei Freispielen betr\u00e4gt 100 \u20ac<\/li>\n<li>Der Bonus muss 40 Mal eingesetzt werden, bevor er in echtes Geld umgewandelt wird<\/li>\n<li>Die Mindesteinzahlung f\u00fcr die Verwendung eines Bonus betr\u00e4gt 10 \u20ac<\/li>\n<li>Einzahlungen mit Skrill- oder Neteller-Einzahlungen berechtigen nicht zu einem Bonus<\/li>\n<\/ul>\n<p>Sie spielen zuerst mit Ihrem eigenen Geld, dann mit Bonusgeld. Wenn Sie, w\u00e4hrend Sie noch mit Ihrem eigenen Geld spielen, eine hohe Auszahlung erzielen, k\u00f6nnen Sie den Bonus fallen lassen und den Betrag sofort abheben. Alles in allem ist dies sein feiner und klarer Bonus, der Ihnen eine realistische Chance gibt, den Willkommensbonus freizuschalten und in echtes Geld umzuwandeln, das ausbezahlt werden kann.<\/p>\n<h2>Wie ist das Casino Joy Game-Angebot?<\/h2>\n<p>Worauf warten Sie in der Lobby des Casino Joy? Die Auswahl an Jackpots wird auf der Website des Casinos hochgelobt, daher haben wir es zuerst versucht. Und wir waren ziemlich beeindruckt! Es gibt hier einige wichtige Jackpot-Essentials wie Mega Moolah, Gonzos Quest, Mega Moolah, Butterfly Staxx und Aloha! Cluster zahlt sich aus. Wenn gew\u00f6hnliche Slots eher Ihre Sache sind, hat Casino Joy auch mehr als genug Auswahl. Es gibt eine Lobby, die ua von Microgaming, NetEnt, Nyx, Play&#8217;n GO, Quickspin und Evolution betrieben wird. Was ist eine Garantie f\u00fcr Qualit\u00e4t. Als wir diese Namen auf dem Bildschirm sahen, wussten wir genau, was uns erwartet. Wenn Sie Spiele von gro\u00dfen Anbietern wie diesem haben, k\u00f6nnen Sie mehr als ein paar Titel finden, die in Bezug auf Funktionen wirklich experimentieren. Welche gibt Ihnen einzigartige M\u00f6glichkeiten, um zu gewinnen. Einer unserer Favoriten in der Casino Joy-Lobby ist Halloween Jack, ein NetEnt-Titel, bei dem Sie mit toller Grafik und einem omin\u00f6sen Soundtrack begeistert sind. Die Abschnitte der Tischspiele und Live-Spiele passen gut zu dem, was bereits diskutiert wurde. Es gibt alle \u00fcblichen Standardtitel, um die meisten Spieler gl\u00fccklich zu machen, und ein paar andere f\u00fcr neugierige Spieler. Im Bereich der Tischspiele finden Sie beispielsweise Spiele wie Beat Me und Super Fun 21 sowie Titel wie Single Deck Blackjack und Roulette Master. Nichts zu schwer, aber trotzdem keine Titel, die Sie \u00fcberall sehen werden. Bei Live-Spielen haben wir uns haupts\u00e4chlich f\u00fcr Live Casino Dream Catcher interessiert.<\/p>\n<h2>Zahlungsm\u00f6glichkeiten<\/h2>\n<p>Es gibt ein Wort, das jeder lesen m\u00f6chte, wenn es um Bankgesch\u00e4fte geht: direkt. Wir freuen uns, Ihnen mitteilen zu k\u00f6nnen, dass es sich bei allen Einzahlungen um direkte Transaktionen handelt, sodass Sie sofort Ihre Lieblingsspiele spielen k\u00f6nnen. Die Zulassungen sind ebenfalls sehr schnell und die l\u00e4ngste Option, die sie anbieten, liegt mit nur wenigen Methoden zwischen 3-5 Tagen. Es muss darauf hingewiesen werden, dass es verschiedene Zahlungsmethoden gibt. Dazu geh\u00f6ren Kredit- und Debitkarten wie Visa, E-Wallets wie EcoPayz, Prepaid-Karten wie EntroPay und Online-Bank\u00fcberweisungen.<\/p>\n<p>Positiv: Casino Joy berechnet niemals eine Anzahlung, auch wenn Sie mit Ihrer Kreditkarte zahlen.<\/p>\n<p>Die Mindestauszahlung betr\u00e4gt ebenfalls nur \u20ac 10 und auch f\u00fcr Auszahlungen: Diese sind immer kostenlos. Alle Zahlungen werden innerhalb von 1 bis 5 Arbeitstagen (mit E-Wallets sogar noch schneller) abgewickelt und es gelten maximal 22.000 EUR pro Monat und 5.500 EUR pro Woche.<\/p>\n<h2>Zuverl\u00e4ssigkeit<\/h2>\n<p>\u00dcber das Support-Team von Casino Joy ist nicht viel zu sagen. Nicht weil es unauff\u00e4llig ist, sondern weil sie alle Kontaktm\u00f6glichkeiten haben, die Sie in einem Casino dieser Gr\u00f6\u00dfenordnung erwarten w\u00fcrden: E-Mail, Live-Chat und Telefon. Bitte beachten Sie, dass es unterschiedliche E-Mails f\u00fcr unterschiedliche Zwecke gibt. Inklusive allgemeiner Unterst\u00fctzung, Versand von Unterlagen und Beschwerden. Es kann als eine kleine Unannehmlichkeit erscheinen, immer nach der gew\u00fcnschten E-Mail zu suchen. Es dient jedoch nur dazu, das Support-Team noch organisierter und effizienter zu machen.<\/p>\n<h2>Funktionen von Casino Joy<\/h2>\n<ul>\n<li>Unterst\u00fctzte Sprachen: Englisch, Deutsch, Finnisch, Norwegisch und Schwedisch<\/li>\n<li>Anzahl der Spiele: 1.300+ auf dem Desktop und 500 auf mobilen Ger\u00e4ten<\/li>\n<li>W\u00e4hrungen: EUR, GBP, USD, CAD, ZAR, SEK, NOK + andere internationale W\u00e4hrungen<\/li>\n<li>Lizenzen: UK Gambling Commission und Malta Gaming Authority<\/li>\n<\/ul>\n<p>Es gibt noch eine weitere coole Unterst\u00fctzungsfunktion, die wir erw\u00e4hnen m\u00f6chten. Wenn Sie Ihr Passwort vergessen haben, k\u00f6nnen Sie einfach ein kleines Formular in der Seitenleiste der Hilfe ausf\u00fcllen. Das ist alles, was Sie tun m\u00fcssen und Sie sparen ein paar Klicks. Dies ist eine gro\u00dfartige M\u00f6glichkeit, Dinge effizienter zu erledigen.<\/p>\n<h2>Zusammenfassend<\/h2>\n<ul>\n<li>Schnelle Auszahlungen<\/li>\n<li>Gute Bonusbedingungen<\/li>\n<li>Zuverl\u00e4ssige Genehmigungen und bew\u00e4hrte Geschichte<\/li>\n<li>Fr\u00f6hliches und farbenfrohes Design<\/li>\n<li>Eine sehr schnelle Seite mit kurzen Ladezeiten<\/li>\n<li>Niedrige Mindesteinlagen<\/li>\n<\/ul>\n<p>Es ist ein buntes und fr\u00f6hliches Online-Casino, in dem Spa\u00df und Unterhaltung im Vordergrund stehen. Dies zeigt sich nicht nur am Namen, sondern auch an der blau-rosa Farbgebung. Wir sind sehr zufrieden mit Casino Joy, das seine Angelegenheiten in Ordnung bringt. Der einzige wirkliche Nachteil ist die begrenzte Auswahl an Spielen, obwohl Netent nat\u00fcrlich ein sehr starkes und abwechslungsreiches Portfolio hat. Wenn wir alle Vor- und Nachteile auflisten, ist unser endg\u00fcltiges Urteil zu Casino Joy mehr als ausreichend. Wir empfehlen daher Casino Joy ohne Zweifel.<\/p>\n","protected":false},"excerpt":{"rendered":"<p>Casino Joy Bewertung Deutschland 2019 Unter dem Namen Casino Joy steht ein neues Online Casino zur Verf\u00fcgung. Das Casino ist Teil von Genesis Global Limited. Genesis verf\u00fcgt bereits \u00fcber eine Reihe hervorragender Online-Casinos wie den neuen und erfrischenden Vegas Hero, Casino Cruise, SpinIt, Sloty, Genesis Casino und das k\u00fcrzlich eingef\u00fchrte Spela. Das Casino Joy hat [&hellip;]<\/p>\n","protected":false},"author":1,"featured_media":377,"parent":0,"menu_order":0,"comment_status":"closed","ping_status":"closed","template":"page-casino-review.php","meta":{"footnotes":""},"categories":[],"tags":[],"class_list":["post-373","page","type-page","status-publish","has-post-thumbnail","hentry"],"aioseo_notices":[],"_links":{"self":[{"href":"https:\/\/pokiesportal.com\/de\/wp-json\/wp\/v2\/pages\/373","targetHints":{"allow":["GET"]}}],"collection":[{"href":"https:\/\/pokiesportal.com\/de\/wp-json\/wp\/v2\/pages"}],"about":[{"href":"https:\/\/pokiesportal.com\/de\/wp-json\/wp\/v2\/types\/page"}],"author":[{"embeddable":true,"href":"https:\/\/pokiesportal.com\/de\/wp-json\/wp\/v2\/users\/1"}],"replies":[{"embeddable":true,"href":"https:\/\/pokiesportal.com\/de\/wp-json\/wp\/v2\/comments?post=373"}],"version-history":[{"count":0,"href":"https:\/\/pokiesportal.com\/de\/wp-json\/wp\/v2\/pages\/373\/revisions"}],"wp:featuredmedia":[{"embeddable":true,"href":"https:\/\/pokiesportal.com\/de\/wp-json\/wp\/v2\/media\/377"}],"wp:attachment":[{"href":"https:\/\/pokiesportal.com\/de\/wp-json\/wp\/v2\/media?parent=373"}],"wp:term":[{"taxonomy":"category","embeddable":true,"href":"https:\/\/pokiesportal.com\/de\/wp-json\/wp\/v2\/categories?post=373"},{"taxonomy":"post_tag","embeddable":true,"href":"https:\/\/pokiesportal.com\/de\/wp-json\/wp\/v2\/tags?post=373"}],"curies":[{"name":"wp","href":"https:\/\/api.w.org\/{rel}","templated":true}]}}