{"id":366,"date":"2019-01-28T15:26:32","date_gmt":"2019-01-28T15:26:32","guid":{"rendered":"https:\/\/pokiesportal.com\/de\/?page_id=366"},"modified":"2019-01-28T15:32:25","modified_gmt":"2019-01-28T15:32:25","slug":"lucky-dino-casino","status":"publish","type":"page","link":"https:\/\/pokiesportal.com\/de\/lucky-dino-casino\/","title":{"rendered":"lucky dino casino"},"content":{"rendered":"<h1>Lucky Dino Casino Bewertung Deutschland 2019<\/h1>\n<p>Die Zahl 7 ist die Gl\u00fcckszahl, das muss also ein sehr sch\u00f6nes Er\u00f6ffnungsangebot sein. So etwas muss man bei Lucky Dino gedacht haben. F\u00fcr jeden, der ein Konto in diesem fr\u00f6hlichen Online-Casino erstellt, gibt es einen Bonus von 7 Freispielen. Sie m\u00fcssen keine Einzahlung t\u00e4tigen, um diese 7 Freispiele zu erhalten. Lucky Dino hat haupts\u00e4chlich ein sehr sch\u00f6nes Spielangebot. Das Spielangebot umfasst die WMS-Spielautomaten. Sie werden wahrscheinlich die WMS-Spielautomaten vom Holland Casino erkennen. Lucky Dino bietet auch Spielautomaten von Net Entertainment und MicroGaming an. Mit der Gl\u00fcckszahl 7 in Freispielen beginnen Sie auf jeden Fall in der Dinosty von Lucky Dino.<\/p>\n<h2>Spielen Sie bei Lucky Dino<\/h2>\n<p>Die Palette der Casino-Spiele richtet sich haupts\u00e4chlich an Online-Spielautomaten und Video-Spielautomaten von Entwicklern wie NetEnt, der vollst\u00e4ndigen Auswahl an Williams (WMS), einem f\u00fchrenden Anbieter von Spielautomaten, der auch bei Holland Casino, Play n Go, Quickfire usw. gespielt werden kann. MicroGaming, Barcrest und Shufflemaster. Besonders die WMS-Sammlung ist absolut spielenswert. Bekannte Spiele wie Kronos, Raging Rhino und Zeus, um nur einige Beispiele f\u00fcr echte Klassiker zu nennen. Die Sammlung macht Spa\u00df und ist recht umfangreich.<\/p>\n<h2>Gl\u00fccklicher Dino Casino Bonus<\/h2>\n<p>Wenn Sie bei Lucky Dino ein kostenloses Konto einrichten, ist ein Bonus ohne Einzahlung verf\u00fcgbar. Sie erhalten 20 kostenlose Runden (Freispiele) auf einem NetEnt-Spielautomaten. Sie k\u00f6nnen die Freispiele an den Slots Starburst, Gonzo, Spinata Grande oder Tornado verwenden. Zus\u00e4tzlich zu diesem kostenlosen Bonus ohne Einzahlung erhalten Sie einen Willkommensbonus, der sehr sch\u00f6n zu erw\u00e4hnen ist. Der erste Bonus bei der Einzahlung betr\u00e4gt 100% bis zu 200 \u20ac. Zahlen Sie zum ersten Mal 200 \u20ac ein? Dann spielen Sie mit 400 \u20ac und Sie erhalten 50 Freispiele (kostenlose Runden an einem Online-Spielautomaten). Geliefert und ausgezahlt? Der zweite Bonus wartet auf Sie! Wenn Sie zum zweiten Mal auf Lucky Dino einzahlen, erhalten Sie weitere 50% bis zu 200 \u20ac und erneut 50 Freispiele. Im Lucky Dino Casino erhalten Sie einen 5-Euro-Bonus, um das Casino auszuprobieren. Dieser 5-Euro-Bonus ist v\u00f6llig kostenlos und unverbindlich. Und das Tolle ist: Sie k\u00f6nnen bei Lucky Dino auf jeden Slot 5 Euro setzen und das gewonnene Geld bezahlen. Nat\u00fcrlich gibt es einige Regeln dazu:<\/p>\n<ul>\n<li>Die maximale Auszahlung betr\u00e4gt 500 Euro<\/li>\n<li>Der Bonus muss 50 Mal eingesetzt werden, bevor er in echtes Geld umgewandelt wird<\/li>\n<li>Der Bonus muss innerhalb von 7 Tagen verwendet werden<\/li>\n<\/ul>\n<p>Zu allen vern\u00fcnftigen Bedingungen, wenn Sie uns fragen. Sicher ist die maximale Auszahlung von 500 Euro etwas, was wir mit einem kostenlosen Casino-Bonus ohne Einzahlung fast nie sehen. 100% Bonus bis zu 200 Euro f\u00fcr neue Lucky Dino-Kunden. In Bezug auf Bonusse hat Lucky Dino auch viel zu bieten. Neukunden erhalten bei der ersten Einzahlung einen Einzahlungsbonus von 100% bis 200 Euro. Zus\u00e4tzlich erhalten Sie noch 10 weitere Freispiele bei Big Bang als Geschenk. Wenn Sie sich f\u00fcr eine zweite Einzahlung entscheiden, erhalten Sie 50% Bonus bis zu 200 Euro und 10 Freispiele bei Twin Spin. Wenn Sie mehr als 100 Euro einzahlen, erhalten Sie 50 Freispiele statt zehn. Und was ist ein gro\u00dfer Vorteil bei Lucky Dino: Alle Gewinne, die Sie aus diesen Freispielen erzielen, haben keine schwierige Wettaufgabe, alles, was Sie gewinnen, ist sofort du<\/p>\n<h2>Die neuesten Slots<\/h2>\n<p>Mit dem fr\u00f6hlichen und zuverl\u00e4ssigen Lucky Dino spielen Sie die besten und neuesten Online-Slots von Netent, WMS und Microgaming. Insgesamt gibt es bei Lucky Dino mehr als 300 Titel. Das Angebot an WMS-Slots ist besonders beeindruckend: Regelm\u00e4\u00dfige Besucher des Holland Casino und Las Vegas k\u00f6nnen sich mit WMS-Klassikern wie Zeus III, Raging Rhino, Wizard oder Oz Ruby Slippers und Bier Haus verw\u00f6hnen lassen. Sogar Rom und \u00c4gypten sowie eine Super Jackpot Party finden Sie bei Lucky Dino!<\/p>\n<h2>Vorteile<\/h2>\n<ul>\n<li>Bonus ohne Einzahlung! (keine Anzahlung)<\/li>\n<li>Vollst\u00e4ndiges WMS-Angebot online<\/li>\n<li>Sehr schneller Auszahlungsgewinn<\/li>\n<li>Guter Helpdesk<\/li>\n<\/ul>\n<h2>Nachteile<\/h2>\n<ul>\n<li>Kein Live-Casino<\/li>\n<\/ul>\n<h2>Lucky Dino Auszahlung<\/h2>\n<p>Bei Lucky Dino k\u00f6nnen Sie bequem \u00fcber die bekannten deutschen Zahlungsmethoden wie Bank\u00fcberweisung bezahlen. Die Mindesteinzahlung betr\u00e4gt 20 Euro. Au\u00dferdem k\u00f6nnen Sie davon ausgehen, dass die Gewinne blitzschnell ausgezahlt werden. Die Verbindung ist mit SSL gesichert, wodurch Ihre Daten sicher verschl\u00fcsselt werden. Bei Lucky Dino sind diese Zahlungsarten m\u00f6glich: Skrill, Neteller, Paysafecard, Visa und Mastercard.<\/p>\n<h2>Ist Lucky Dino zuverl\u00e4ssig?<\/h2>\n<p>Das Casino verf\u00fcgt \u00fcber drei Spiellizenzen. Zum Beispiel hat das Casino die MGA-Lizenz, die Curacao-Lizenz und die sehr streng kontrollierte britische Gl\u00fccksspielkommission. F\u00fcr Fragen und weitere Informationen \u00fcber das Casino oder Hilfe bei Zahlungen und Auszahlungen k\u00f6nnen Sie im Live-Chat im Lucky Dino Casino gehen. Der Helpdesk ist freundlich und schnell und wird Sie professionell beantworten.<\/p>\n<h2>Kundendienst<\/h2>\n<p>Wir hatten mehrmals Kontakt mit dem Helpdesk und k\u00f6nnen nur zu dem Schluss kommen, dass sie freundlich, schnell und kompetent sind.<\/p>\n<h2>Fazit<\/h2>\n<p>Lucky Dino ist in den Niederlanden ein immer beliebteres Casino. Aufgrund des netten Spielangebots und des seri\u00f6sen Spielautomaten von Williams (WMS) spricht das Casino ein breites Publikum an. Im Lucky Dino Test gibt es genug Aspekte, die das Casino positiv bewerten. Die Vorteile sind die schnellen Zahlungen und die g\u00fcnstigen Bedingungen f\u00fcr den Bonus ohne Einzahlung. Kurz gesagt: Lucky Dino ist ein sehr sch\u00f6nes und abwechslungsreiches Online Casino. Besuchen Sie Lucky Dino noch heute und sichern Sie sich einen 5-Euro-Casino-Bonus ohne Einzahlung!<\/p>\n","protected":false},"excerpt":{"rendered":"<p>Lucky Dino Casino Bewertung Deutschland 2019 Die Zahl 7 ist die Gl\u00fcckszahl, das muss also ein sehr sch\u00f6nes Er\u00f6ffnungsangebot sein. So etwas muss man bei Lucky Dino gedacht haben. F\u00fcr jeden, der ein Konto in diesem fr\u00f6hlichen Online-Casino erstellt, gibt es einen Bonus von 7 Freispielen. Sie m\u00fcssen keine Einzahlung t\u00e4tigen, um diese 7 Freispiele [&hellip;]<\/p>\n","protected":false},"author":1,"featured_media":370,"parent":0,"menu_order":0,"comment_status":"closed","ping_status":"closed","template":"page-casino-review.php","meta":{"footnotes":""},"categories":[],"tags":[],"class_list":["post-366","page","type-page","status-publish","has-post-thumbnail","hentry"],"aioseo_notices":[],"_links":{"self":[{"href":"https:\/\/pokiesportal.com\/de\/wp-json\/wp\/v2\/pages\/366","targetHints":{"allow":["GET"]}}],"collection":[{"href":"https:\/\/pokiesportal.com\/de\/wp-json\/wp\/v2\/pages"}],"about":[{"href":"https:\/\/pokiesportal.com\/de\/wp-json\/wp\/v2\/types\/page"}],"author":[{"embeddable":true,"href":"https:\/\/pokiesportal.com\/de\/wp-json\/wp\/v2\/users\/1"}],"replies":[{"embeddable":true,"href":"https:\/\/pokiesportal.com\/de\/wp-json\/wp\/v2\/comments?post=366"}],"version-history":[{"count":0,"href":"https:\/\/pokiesportal.com\/de\/wp-json\/wp\/v2\/pages\/366\/revisions"}],"wp:featuredmedia":[{"embeddable":true,"href":"https:\/\/pokiesportal.com\/de\/wp-json\/wp\/v2\/media\/370"}],"wp:attachment":[{"href":"https:\/\/pokiesportal.com\/de\/wp-json\/wp\/v2\/media?parent=366"}],"wp:term":[{"taxonomy":"category","embeddable":true,"href":"https:\/\/pokiesportal.com\/de\/wp-json\/wp\/v2\/categories?post=366"},{"taxonomy":"post_tag","embeddable":true,"href":"https:\/\/pokiesportal.com\/de\/wp-json\/wp\/v2\/tags?post=366"}],"curies":[{"name":"wp","href":"https:\/\/api.w.org\/{rel}","templated":true}]}}