{"id":363,"date":"2019-01-28T15:16:08","date_gmt":"2019-01-28T15:16:08","guid":{"rendered":"https:\/\/pokiesportal.com\/de\/?page_id=363"},"modified":"2019-01-28T17:05:15","modified_gmt":"2019-01-28T17:05:15","slug":"lapalingo-casino","status":"publish","type":"page","link":"https:\/\/pokiesportal.com\/de\/lapalingo-casino\/","title":{"rendered":"lapalingo casino"},"content":{"rendered":"<h1>Lapalingo Casino Bewertung Deutschland 2019<\/h1>\n<p>Das Lapalingo Casino hat sich unter den Spielern auf der ganzen Welt einen hervorragenden Ruf erworben. Dieses Online Casino von Rabbit Entertainment Limited Casinos hat wirklich alles getan, um dieses Online Casino zu einem Top zu machen. Mit Softwareanbietern wie Real Time Gaming, NetEnt, Betsoft, Bally, iSoftBet, GameART und Microgaming \u00fcberrascht es uns nicht, warum dieses Casino der Favorit vieler Online-Spieler ist. Das 2015 gegr\u00fcndete Casino Lapalingo geh\u00f6rt den deutschen L\u00f6wen, die aus den vielen Spielhallen Deutschlands bekannt sind. Wer in Deutschland jemals ein Gl\u00fccksspiel gespielt hat, hat von diesem Namen geh\u00f6rt. Die Website des Lapalingo Casinos sieht gut aus. Alle Casino-Spiele sind \u00fcbersichtlich angeordnet, so dass alles leicht zu finden ist. Sie finden auch Casino-Spiele von renommierten Softwareanbietern wie Netent, Microgaming, Playtech und Play &#8216;N Go.<\/p>\n<h2>Willkommensbonus Lapalingo Casino<\/h2>\n<p>Im Lapalingo Casino k\u00f6nnen Sie einen sehr attraktiven Willkommensbonus als neuen Spieler nutzen. Wenn Sie sich \u00fcber unsere Website im Lapalingo Casino registrieren, erhalten Sie nach Erstellung eines Kontos 10 Euro v\u00f6llig kostenlos. Sie m\u00fcssen lediglich Ihre Handynummer eingeben. Das Casino Lapalingo sendet Ihnen eine SMS mit einem Code. Wenn Sie den Code eingeben, werden Ihrem Spielerkonto sofort 10 Euro gutgeschrieben. Dieser Bonus kann nat\u00fcrlich nicht sofort ausgezahlt werden. Dieser Bonus ohne Einzahlung muss wie fast jeder Bonus freigeschaltet werden. Wir empfehlen Ihnen immer, die Bonusbedingungen zu lesen, bevor Sie einen Bonus annehmen. So wissen Sie immer genau, wo Sie stehen. Wenn Sie zum ersten Mal eine Einzahlung t\u00e4tigen, wartet auch ein sch\u00f6ner Bonus auf Sie. Ein 200% Einzahlungsbonus, der bis zu 400 Euro betragen kann. Das bedeutet, dass Sie bei einer Einzahlung von 200 Euro Ihrem Spielerkonto 600 Euro gutschreiben. Ein sehr gro\u00dfz\u00fcgiger Kasinobonus f\u00fcr uns. Zun\u00e4chst bietet dieses Online-Casino seinen Neulingen einen No-Deposit-Bonus von 10 Euro an, der offensichtlich dazu gedacht ist, sich mit dem Casino vertraut zu machen. Das bedeutet jedoch nicht, dass Sie mit diesem Bonus keinen netten Gewinn gewinnen k\u00f6nnen, denn das ist tats\u00e4chlich m\u00f6glich und Sie m\u00fcssen sich nur registrieren und ein Spielerkonto erstellen. Dann erhalten Sie einen Code auf Ihrem Mobiltelefon, den Sie auf Ihrem Konto ausf\u00fcllen m\u00fcssen, und der Bonus wird direkt Ihrem Spielerkonto gutgeschrieben. Bitte beachten Sie, dass dies Spielgeld ist und Sie daher einige Bedingungen erf\u00fcllen m\u00fcssen, bevor Sie das Geld bezahlen k\u00f6nnen. Um dies zu erf\u00fcllen, m\u00fcssen Sie den Bonus in H\u00f6he von 75 \u20ac 75 \u20ac verwenden, was insgesamt 750 \u20ac entspricht. Aber lassen Sie sich nicht abschrecken, denn dies ist, wie bereits erw\u00e4hnt, leicht zu erreichen, wenn Sie das Geld herumspielen oder einen der Spielautomaten freischalten. Dar\u00fcber hinaus bietet dieses Online-Casino auch einen hervorragenden Willkommensbonus f\u00fcr Neuank\u00f6mmlinge. Dies ist nicht nur ein Bonus, denn in diesem Online-Casino erhalten Sie nicht weniger als 100% des Einzahlungsbetrags von bis zu 500 \u20ac und 20 Freispins Sie k\u00f6nnen es auf den dedizierten Spielautomaten verwenden. Hier m\u00fcssen Sie diesen Bonus jedoch nur 35-mal zahlen, bevor Sie die Gewinne bezahlen k\u00f6nnen.<\/p>\n<h2>Lapalingo Bonus ohne Einzahlung<\/h2>\n<p>Lapalingo bietet einen attraktiven Willkommensbonus f\u00fcr neue Spieler. Sie k\u00f6nnen 10 Euro Spielgeld beantragen, ohne vorher eine Einzahlung t\u00e4tigen zu m\u00fcssen. Nat\u00fcrlich gibt es einige strengere Bedingungen. Sie k\u00f6nnen also mit diesem Geld nicht an Slots mit progressivem Jackpot spielen. Dar\u00fcber hinaus m\u00fcssen Sie den Betrag von 10 Euro 75-mal spielen, bevor Sie eine Auszahlung beantragen k\u00f6nnen. Dies ist auch auf maximal 100 Euro begrenzt. Nat\u00fcrlich k\u00f6nnen Sie sich auch daf\u00fcr entscheiden, das Geld nicht ausgezahlt zu bekommen und weiter damit zu spielen.<\/p>\n<h2>Lapalingo Freispiele<\/h2>\n<p>Das Lapalingo Casino bietet keine Freispiele als Bonus f\u00fcr neue Spieler. Sie erhalten jedoch 10 Euro Spielgeld, mit denen Sie an den meisten Spielautomaten spielen k\u00f6nnen, ohne eine Einzahlung t\u00e4tigen zu m\u00fcssen. Das ist also im Grunde dasselbe. Wenn Sie Geld eingezahlt haben, erhalten Sie regelm\u00e4\u00dfig Angebote per E-Mail f\u00fcr zus\u00e4tzliche Boni, die Sie verwenden k\u00f6nnen. Achten Sie immer auf die daf\u00fcr geltenden Round-Playing-Bedingungen.<\/p>\n<h2>Spielangebot<\/h2>\n<p>Im Lapalingo Casino finden Sie eine hervorragende Auswahl an Casino-Spielen. Es gibt Hunderte verschiedener Video-Slots, und auch die Tischspiele sind gut vertreten. Alle bekannten Softwareanbieter sind in diesem Casino anwesend. Weniger bekannte Namen wie Pragmatic Play, Merkur und Reel Time Gaming finden Sie hier. Deshalb finden Sie bei Lapalingo eine sehr abwechslungsreiche Auswahl an Spielen. Neben der gro\u00dfen Auswahl an Casino-Spielen gibt es auch ein hervorragendes Live-Casino. Das Live Casino l\u00e4uft auf der Netent Software. Als Ergebnis erhalten Sie gestochen scharfe Bilder und professionelle Croupiers, die das Spiel begleiten. Und wenn das alles nicht reicht, steht auch ein Sportwettenbuch zur Verf\u00fcgung. Hier k\u00f6nnen Sie viele verschiedene Wetten auf Sportwetten abschlie\u00dfen. Alles in allem ein sehr komplettes Casino. Das Lapalingo Casino bietet eine gro\u00dfe Auswahl an Spielen. Mit Top-Anbietern wie NetEnt, iSoftBet, Microgaming und Betsoft k\u00f6nnen Sie sich auf fantastische Slots mit beeindruckenden audiovisuellen Elementen verlassen, die nat\u00fcrlich ein gro\u00dfartiges Spielerlebnis bieten. Au\u00dferdem k\u00f6nnen Sie in diesem Casino eine Reihe innovativer Spielautomaten genie\u00dfen, die speziell von Lionline und Edict f\u00fcr dieses Casino entwickelt wurden. Sie werden also nirgendwo anders anzutreffen sein. Wenn Sie jedoch etwas anderes als Spielautomaten m\u00f6chten, k\u00f6nnen Sie im Lapalingo Casino mit einer gro\u00dfen Anzahl von Tischspielen und anderen Casino-Spielen wie Blackjack, Poker, Keno, Baccarat, Roulette usw. Ihr Herz abholen. Nicht nur, weil Sie es m\u00f6gen Das Lapalingo Casino hat ein aufregendes Live-Casino geschaffen, in dem Sie gegen die Live-Croupiers spielen k\u00f6nnen, die Ihnen das Gef\u00fchl geben, in einem physischen Casino zu sein. Kurz gesagt, in diesem Casino werden Sie nicht an Spielen mangeln.<\/p>\n<h2>Roulette<\/h2>\n<p>Sie k\u00f6nnen Roulette auf zwei Arten spielen. Sie k\u00f6nnen daf\u00fcr einen der Spielautomaten verwenden, bei dem Sie nur gegen den Computer spielen. Sie k\u00f6nnen aber auch das Live-Casino besuchen. Hier k\u00f6nnen Sie zu einem der Roulettetische gehen und zusammen mit anderen Besuchern unter Anleitung eines erfahrenen Croupiers spielen.<\/p>\n<h2>Blackjack<\/h2>\n<p>Sie k\u00f6nnen auch in Lapalingo Blackjack spielen. Besuchen Sie das Live-Casino und spielen Sie unter der Anleitung eines charmanten H\u00e4ndlers. Sie k\u00f6nnen auch einen der Spielautomaten mit Blackjack in verschiedenen Varianten w\u00e4hlen. Es ist auch m\u00f6glich, Live-Baccarat zu spielen.<\/p>\n<h2>Slots<\/h2>\n<p>Bei Lapalingo k\u00f6nnen Sie aus Hunderten von Slotspielen w\u00e4hlen. Von einfachen Obstschr\u00e4nken bis zu den fortschrittlichsten Videospielen. Egal, ob Sie nur auf einer einfachen Obstmaschine oder dem neuesten Spiel eines bekannten Anbieters spielen m\u00f6chten, Sie werden alle finden. Verschiedene Slots mit progressivem Jackpot sind ebenfalls verf\u00fcgbar. Sie haben also die Chance, Million\u00e4r zu werden. Lapalingo bietet Slots von allen bekannten Anbietern wie NetEnt und Microgaming, aber auch von vielen anderen Entwicklern.<\/p>\n<h2>Live Casino<\/h2>\n<p>Das Live-Casino von Lapalingo erf\u00fcllt alle Anforderungen eines modernen Online-Casinos. Tabellen der Softwarehersteller Evolution Gaming und NetEnt sind beide vorhanden.<\/p>\n<h2>Sportwetten<\/h2>\n<p>Sie k\u00f6nnen auch auf Sportergebnisse bei Lapalingo wetten. Dies kann \u00fcber Sportwetten und Sportwetten live erfolgen. Sie k\u00f6nnen aus verschiedenen Sportarten und innerhalb des Sports aus verschiedenen Wettbewerben w\u00e4hlen. Pro Team oder Athlet wird angegeben, welchen Nutzen es hat, wenn Sie das Ergebnis richtig vorhersagen. Sie k\u00f6nnen Lapalingo auch perfekt \u00fcber Ihr Tablet oder Smartphone spielen, indem Sie sich mit Ihrem Browser bei Ihrem Konto anmelden.<\/p>\n<h2>Zuverl\u00e4ssigkeit Lapalingo Casino<\/h2>\n<p>Mit einer Casino-Lizenz von der MGA ist es sicherer Schnurrbart. Sie erhalten eine MGA-Lizenz nur, wenn Sie als Online-Casino Ihr Gesch\u00e4ft in Ordnung haben. Selbst wenn wir die Erfahrungen anderer Spieler betrachten, sehen wir im Allgemeinen nur positive Reaktionen. Neben der MGA-Lizenz finden Sie auch Casinospiele von zuverl\u00e4ssigen Anbietern, deren Spiele regelm\u00e4\u00dfig von unabh\u00e4ngigen Kontrollagenturen \u00fcberpr\u00fcft werden. Das Lapalingo Casino besitzt neben der MGA-Lizenz (Malta Gaming Authority) auch eine Reihe von Zuverl\u00e4ssigkeitszertifikaten von Gaming Labs und AskGamblers, die die Spiele regelm\u00e4\u00dfig genau testen, sodass Sie hier mit Sicherheit spielen k\u00f6nnen. Die gro\u00dfe Auswahl an Spielen und der Willkommensbonus machen dieses Online-Casino noch attraktiver. Au\u00dferdem verf\u00fcgt das Casino \u00fcber eine hervorragende mobile Version, sodass Sie problemlos von Ihrem Smartphone oder Tablet aus spielen k\u00f6nnen.<\/p>\n<h2>Kundendienst<\/h2>\n<p>Hast du eine Frage? Der Kundenservice im Lapalingo Casino ist 24 Stunden am Tag ge\u00f6ffnet. \u00dcber den Live-Chat k\u00f6nnen Sie schnell und einfach alle Ihre Fragen stellen. Die Mitarbeiter des Kundendienstes sind alle gut informiert und Sie erhalten immer eine schnelle und gute Antwort auf alle Ihre Fragen. Das Casino verf\u00fcgt \u00fcber einen ausgezeichneten Kundenservice, der von 9:00 bis 23:00 Uhr im Live-Chat zur Verf\u00fcgung steht. Wenn Sie au\u00dferhalb dieser Zeiten Hilfe ben\u00f6tigen, k\u00f6nnen Sie ihnen auch eine E-Mail an support@lapalingo.com senden oder die FAQ-Seite aufrufen. Leider sind sie nicht telefonisch verf\u00fcgbar und der Grund ist uns unbekannt. Das Support-Team des Lapalingo Casino ist nicht nur per Telefon erreichbar, sondern auch professionell und effizient.<\/p>\n<h2>Geldangelegenheiten im Lapalingo Casino<\/h2>\n<p>Es ist sehr einfach, im Lapalingo Casino Geld zu \u00fcberweisen. Zahlen Sie bei Neteller, Skrill, Paypal, Sofort, Paysafecard, Trustly, Visa oder Mastercard ein. Sie k\u00f6nnen eine Einzahlung von 10 Euro machen. Eine Auszahlung ist auch ab 10 Euro m\u00f6glich. Es gibt keine maximale Auszahlungssumme, wodurch das Casino auch f\u00fcr Spieler mit hohen Betr\u00e4gen ideal ist. Sie zahlen f\u00fcr jede angeforderte Zahlung 1 Euro Transaktionskosten. Das ist nicht viel, aber wir sehen immer noch keine Kosten f\u00fcr Zahlungen von Casino Tester.<\/p>\n<h2>Information<\/h2>\n<ul>\n<li>Website: https:\/\/www.lapalingo.com<\/li>\n<li>Besitzer: Rabbit Entertainment Ltd Casinos<\/li>\n<li>Gegr\u00fcndet: 2015<\/li>\n<li>Lizenzen: Malta<\/li>\n<li>Mindesteinzahlung: \u20ac 10, &#8211;<\/li>\n<li>Mindestzahlung: \u20ac 10, &#8211;<\/li>\n<li>Maximale Auszahlung: unbegrenzt<\/li>\n<\/ul>\n<h2>Vorteile<\/h2>\n<ul>\n<li>\u20ac 10, &#8211; frei nach Anmeldung<\/li>\n<li>200% Einzahlungsbonus<\/li>\n<li>Viele Promotionen<\/li>\n<li>Sicheres Casino<\/li>\n<\/ul>\n<h2>Nachteile<\/h2>\n<ul>\n<li>\u20ac 1, &#8211; Kosten pro Zahlung<\/li>\n<\/ul>\n<h2>Unser Fazit<\/h2>\n<p>Lapalingo ist ein sehr umfangreiches Casino mit hunderten von Spieloptionen. Jeder, der ein Gl\u00fccksspiel spielen m\u00f6chte, wird sicherlich etwas damit zu tun haben. Der Bonus ohne Einzahlung von 10 Euro ist eine attraktive M\u00f6glichkeit, sich mit dem Casino vertraut zu machen. Wenn Sie es nicht m\u00f6gen, k\u00f6nnen Sie Ihr Gl\u00fcck anderswo versuchen, ohne eine Einzahlung gemacht zu haben. Die Rundenbedingungen f\u00fcr den Willkommensbonus sind schwierig.<\/p>\n","protected":false},"excerpt":{"rendered":"<p>Lapalingo Casino Bewertung Deutschland 2019 Das Lapalingo Casino hat sich unter den Spielern auf der ganzen Welt einen hervorragenden Ruf erworben. Dieses Online Casino von Rabbit Entertainment Limited Casinos hat wirklich alles getan, um dieses Online Casino zu einem Top zu machen. Mit Softwareanbietern wie Real Time Gaming, NetEnt, Betsoft, Bally, iSoftBet, GameART und Microgaming [&hellip;]<\/p>\n","protected":false},"author":1,"featured_media":365,"parent":0,"menu_order":0,"comment_status":"closed","ping_status":"closed","template":"page-casino-review.php","meta":{"footnotes":""},"categories":[],"tags":[],"class_list":["post-363","page","type-page","status-publish","has-post-thumbnail","hentry"],"aioseo_notices":[],"_links":{"self":[{"href":"https:\/\/pokiesportal.com\/de\/wp-json\/wp\/v2\/pages\/363","targetHints":{"allow":["GET"]}}],"collection":[{"href":"https:\/\/pokiesportal.com\/de\/wp-json\/wp\/v2\/pages"}],"about":[{"href":"https:\/\/pokiesportal.com\/de\/wp-json\/wp\/v2\/types\/page"}],"author":[{"embeddable":true,"href":"https:\/\/pokiesportal.com\/de\/wp-json\/wp\/v2\/users\/1"}],"replies":[{"embeddable":true,"href":"https:\/\/pokiesportal.com\/de\/wp-json\/wp\/v2\/comments?post=363"}],"version-history":[{"count":0,"href":"https:\/\/pokiesportal.com\/de\/wp-json\/wp\/v2\/pages\/363\/revisions"}],"wp:featuredmedia":[{"embeddable":true,"href":"https:\/\/pokiesportal.com\/de\/wp-json\/wp\/v2\/media\/365"}],"wp:attachment":[{"href":"https:\/\/pokiesportal.com\/de\/wp-json\/wp\/v2\/media?parent=363"}],"wp:term":[{"taxonomy":"category","embeddable":true,"href":"https:\/\/pokiesportal.com\/de\/wp-json\/wp\/v2\/categories?post=363"},{"taxonomy":"post_tag","embeddable":true,"href":"https:\/\/pokiesportal.com\/de\/wp-json\/wp\/v2\/tags?post=363"}],"curies":[{"name":"wp","href":"https:\/\/api.w.org\/{rel}","templated":true}]}}