{"id":343,"date":"2019-01-28T13:37:56","date_gmt":"2019-01-28T13:37:56","guid":{"rendered":"http:\/\/pokiesportal.com\/de\/?page_id=343"},"modified":"2019-01-28T14:28:46","modified_gmt":"2019-01-28T14:28:46","slug":"sloty-casino","status":"publish","type":"page","link":"https:\/\/pokiesportal.com\/de\/sloty-casino\/","title":{"rendered":"sloty casino"},"content":{"rendered":"<h1>Sloty Casino Bewertung Deutschland 2019<\/h1>\n<p>Sloty ist ein brandneues Online-Casino, das im Juli 2017 zum ersten Mal seine T\u00fcren \u00f6ffnete. Sloty Casino geh\u00f6rt Genesis Global Limited Casinos, die auch die Online-Casinos Vegas Hero, Spinit und Casino Cruise betreiben. Bei Sloty spielen Sie derzeit mehr als 150 Spielautomaten und Casino-Spiele von Netent. Die Liebhaber von Netent-Spielautomaten k\u00f6nnen Spa\u00df haben, wenn sie sich f\u00fcr Sloty Casino entscheiden. Dieses brandneue Online Casino, das im Juli 2017 zum ersten Mal das Licht sah, nennt sich nicht die City of Slots. Sloty Casino geh\u00f6rt Genesis Global Limited Casinos, zu denen auch die Online-Casinos Spinit und Casino Cruise geh\u00f6ren. Zumindest eine Party mit langj\u00e4hriger Erfahrung im Bereich Online Casinos. Und das merkt man auch in allen Bereichen des Sloty Casino. Die Seite sieht attraktiv aus, der Registrierungsprozess ist einfach und alle Spiele sind leicht zu finden.<\/p>\n<h2>Zuverl\u00e4ssigkeit<\/h2>\n<p>Wir k\u00f6nnen nur zufrieden sein. Die Malta Gaming Authority \u00fcberpr\u00fcft Sloty regelm\u00e4\u00dfig, da die Website eine maltesische Lizenz besitzt. Dar\u00fcber hinaus sehen wir eine Lizenz der Gambling Commission in Gro\u00dfbritannien. Alle \u00fcber die Website gesendeten Informationen erfolgen \u00fcber eine besonders sichere SSL-Verbindung. Sloty verwendet spezielle Techniken und Verfahren, um Kunden beim verantwortungsvollen Spielen zu helfen. Dar\u00fcber hinaus bietet Sloty progressive Jackpots in Echtzeit, verifizierte Software (pr\u00fcft, ob sich die Spiele fair auszahlen) und stellt sicher, dass alle Zahlungen p\u00fcnktlich erfolgen. Zuverl\u00e4ssig? Ja!<\/p>\n<h2>Der Willkommensbonus von Sloty: 1.500 \u20ac Bonus + 300 Freispiele<\/h2>\n<p>Sloty Freispiele BonusDas Willkommensbonuspaket von Sloty Casino ist ein Traum. In jedem Fall erhalten Sie einen Einzahlungsbonus f\u00fcr Ihre ersten vier Einzahlungen. Der Gesamtbetrag der kostenlosen Casino-Boni kann nicht weniger als 1.500 Euro betragen.<\/p>\n<p>Um das Ganze abzurunden, bietet Sloty einem anderen neuen Spieler einen Bonus von 300 Freispielen f\u00fcr 4 der beliebtesten Netent-Slots.<\/p>\n<ul>\n<li>1. Einzahlung: Erhalten Sie 100% Bonus bis zu 300 \u20ac<\/li>\n<li>300 Freispiele f\u00fcr Aloha, Starburst, Rotk\u00e4ppchen oder Gonzo&#8217;s Quest<\/li>\n<li>2. Einzahlung: 50% Bonus bis zu 400 \u20ac<\/li>\n<li>3. Einzahlung: Erhalten Sie einen 25% Bonus bis zu 400 \u20ac<\/li>\n<li>4. Einzahlung: 25% Bonus bis zu 400 \u20ac<\/li>\n<\/ul>\n<p>Das gesamte Willkommenspaket hat einen Wert von 1.500 Euro und 300 Freispiele und besteht aus 4 Teilen. Das Sch\u00f6ne am Freispiel-Bonus ist nicht nur, dass Sie mit Ihrer ersten Einzahlung so viele Freispiele erhalten, sondern auch, dass Sie ausw\u00e4hlen k\u00f6nnen, welche der 4 Netent-Spielautomaten Sie f\u00fcr die Freispiele verwenden m\u00f6chten. W\u00e4hlen Sie aus den beliebten Spielautomaten Starburst, Gonzo&#8217;s Quest , Aloha und Rotk\u00e4ppchen.<\/p>\n<h2>Die Bonusbedingungen<\/h2>\n<p>Die Bonusbedingungen bei Sloty Casino sind in Ordnung. Stellen Sie sicher, dass Sie die Bonusregeln einhalten, um zu verhindern, dass Bonuszahlungen und Gewinne aufgrund von Bonusmissbrauch ablaufen.<\/p>\n<ul>\n<li>Es gibt eine Runde Spielbedingung von 40-mal dem Bonus<\/li>\n<li>Die 300 Freispiele k\u00f6nnen f\u00fcr Starburst, Aloha, Gonzo&#8217;s Quest oder Red Riding Hood verwendet werden<\/li>\n<li>Einige Spielautomaten sind vom Bonusgeld ausgeschlossen: Lesen Sie die Bedingungen sorgf\u00e4ltig durch, bevor Sie spielen!<\/li>\n<li>Der maximale Einsatz mit Bonusgeld betr\u00e4gt 5 Euro pro Runde an Spielautomaten<\/li>\n<li>Der maximale Einsatz mit Bonusgeld betr\u00e4gt 30 Euro pro Runde f\u00fcr Tischspiele<\/li>\n<li>Alle normalen Spielautomaten tragen 100% und &#8220;klassische&#8221; Spielautomaten 75% bei.<\/li>\n<li>Tischspiele tragen 10% und Video Poker 5% bei<\/li>\n<\/ul>\n<p>Bitte beachten Sie auch, dass Sie keinen Anspruch auf den Willkommensbonus haben, wenn Sie \u00fcber Neteller oder Skrill einzahlen. Wenn Sie eine andere Einzahlungsmethode verwenden, k\u00f6nnen Sie nat\u00fcrlich das gro\u00dfe Willkommenspaket mit Bonusse genie\u00dfen.<\/p>\n<h2>Slots<\/h2>\n<p>Sloty gibt es schon lange nicht mehr, hat aber seit seiner Gr\u00fcndung das Sortiment erweitert. Gl\u00fccklicherweise startet die Website nicht am Anfang, sondern beginnt mit den letzten freigegebenen Slots. Auf dieser Gl\u00fccksspielseite finden Sie auch alte und authentische Spielautomaten wie Jackpot 6000, Super Nudge 6000, Mega Joker und Magic Love. Neben dieser Auswahl finden Sie auch eine Registerkarte mit Video-Slots. Klicken Sie darauf und Ihr Herz wird schneller schlagen! Schl\u00e4ge wie Twin Spin, Butterfly Staxx, Joker Pro, G\u00f6ttliches Gl\u00fcck, Starburst und Ahola kommen vorbei.<\/p>\n<h2>Zus\u00e4tzliche Werbeaktionen bei Sloty<\/h2>\n<p>Sloty Casino hat viele feste Aktionen f\u00fcr seine regul\u00e4ren Spieler, mit denen Sie viele zus\u00e4tzliche Freispiele und Einzahlungsboni spielen k\u00f6nnen.<\/p>\n<ul>\n<li>Spiel der Woche &#8211; erhalten Sie jeden Montag einen zus\u00e4tzlichen Einzahlungsbonus und Freispiele f\u00fcr das Spiel der Woche<\/li>\n<li>T\u00e4gliche Happy Hours &#8211; Mit Ihrer Einzahlung erhalten Sie kostenlose Spins<\/li>\n<li>Jeden Freitag: 50% Bonus bis zu 100 \u20ac<\/li>\n<\/ul>\n<h2>Live-Casino<\/h2>\n<p>Wie k\u00f6nnte es anders sein: Wir finden ein sch\u00f6nes Live-Casino unter einem eigenen Tab! Begleitet von (meist) sch\u00f6nen Frauen k\u00f6nnen Sie Blackjack oder Roulette spielen. Das Sortiment kann unserer Meinung nach etwas erweitert werden, da wir keine Live-Baccarat-Spiele oder Caribbean Poker sehen. Wir sind mit dem Anbieter sehr zufrieden, denn die Live-Spiele stammen von NetEnt. Eine nette Best\u00e4tigung, dass das Spiel niemals abst\u00fcrzt oder ins Stocken ger\u00e4t!<\/p>\n<h2>Poker<\/h2>\n<p>Aus unserer Sicht kann das Sortiment in diesem Bereich etwas erweitert werden. Bist du ein gro\u00dfer Fan von Poker? Dann wird Sloty nicht Ihre Lieblingswebsite sein. Live Poker finden wir nicht, nur Video Poker. Wenn Sie uns fragen, ist dies nicht wirklich eine L\u00f6sung f\u00fcr den Poker-Fan, also vielleicht ein Verbesserungspunkt f\u00fcr die Zukunft. Sie spielen Video Poker mit Variationen wie Joker Wild Double Up, Deuces Wild, All American und Jacks or Better.<\/p>\n<h2>Anzahlung \/ Bezahlung<\/h2>\n<p>Sloty wendet strikte Zahlungsrichtlinien an. Sie k\u00f6nnen also sicher sein, dass die Einzahlung und der Empfang in gutem Zustand sind. Sie k\u00f6nnen nur das sehen, was sich in der H\u00f6he der Zahlungsoptionen widerspiegelt. Wir haben 13 gez\u00e4hlt! Von Kreditkarten bis Ewallets. Alles ist gut organisiert.<\/p>\n<h2>Mobile Erfahrung<\/h2>\n<p>Wenn das Leben zu langweilig wird, nehmen Sie Ihr Handy und betreten Sie die Welt des Vergn\u00fcgens. Sloty bringt Sie zu beispiellosen H\u00f6hen im Sloty Mobile Casino! Die Website sieht auf Ihrem Telefon und Tablet genauso aus wie auf Ihrem Desktop. Die Animationen, progressive Jackpots und Live-Tischspiele sorgen f\u00fcr dieselbe Aufregung. Nahezu alle Spiele stehen f\u00fcr ein mobiles Erlebnis zur Verf\u00fcgung. Nicht schlecht<\/p>\n<h2>Andere Spiele<\/h2>\n<p>Wir sehen verschiedene Intermediate-K\u00f6pfe auf der Website, wo Sie andere Spiele spielen k\u00f6nnen. Denken Sie an Rubbelkarten, Bingo, Keno und Minispiele. Die letzte Option ist sicherlich unser Favorit. Bei den Minispielen spielen Sie eine leichte Version von Roulette oder Blackjack. Dar\u00fcber hinaus finden wir die automatisierten Tischspiele sehr unterhaltsam. Wir spielten franz\u00f6sisches Roulette, Red Dog Progressive und Baccarat.<\/p>\n<h2>Unterst\u00fctzung<\/h2>\n<p>In der oberen rechten Ecke der Website wird ein Fragezeichen angezeigt. Es ist eine Suche, aber das ist das Zeichen f\u00fcr den Kundenservice. Diese freundlichen Menschen stehen Ihnen jeden Tag zur Verf\u00fcgung, um alle Ihre Fragen zu beantworten. Sie k\u00f6nnen nat\u00fcrlich eine Liste mit h\u00e4ufig gestellten Fragen verwenden. Wir bevorzugen den Live-Chat, bei dem wir nur unsere E-Mail-Adresse und unseren Namen eingeben m\u00fcssen. Eine freundliche Jessica rief uns an und beantwortete rasch alle unsere Fragen. M\u00fcssen Sie mit jemandem am Telefon sprechen? Sloty hat auch sieben verschiedene Nummern, die Sie anrufen k\u00f6nnen. Hinter jeder Zeile steht ein Kundenservice, der eine andere Sprache spricht. Top!<\/p>\n<h2>Jackpots<\/h2>\n<p>Die Jackpots, denen Sie bei Sloty begegnen, sind alles andere als niedrig! Genau wie beim Schwester-Casino Spinit. Machen Sie einen Schuss auf die h\u00f6chsten Gewinne des World Wide Web und entscheiden Sie sich f\u00fcr einen progressiven Jackpot. Reisen Sie durch die virtuelle Welt und geben Sie vor, Million\u00e4r in einem Spiel von Mega Fortune oder Mega Moolah zu sein. Springe auf dem mystischen wei\u00dfen Pferd in G\u00f6ttliches Gl\u00fcck oder nimm die G\u00f6tter in Hall of God an. Wir k\u00f6nnten Sloty auch &#8220;das Jackpot-Casino&#8221; nennen: Alles dreht sich um Boni, Freispiele, kostenloses Geld oder den Jackpot!<\/p>\n<h2>Positive Punkte<\/h2>\n<ul>\n<li>Bonus von 100% bis 300 Euro und 300 Freispiele<\/li>\n<li>W\u00e4hlen Sie selbst aus, welchen Slot die Freispiele nutzen sollen<\/li>\n<li>Klares und schlankes Design<\/li>\n<li>Mehr als 150 Casino-Spiele von Netent<\/li>\n<li>Auch Tischspiele und Live Casino<\/li>\n<li>G\u00fcnstige Bonusbedingungen<\/li>\n<li>Kaution ab 10 Euro<\/li>\n<li>Keine Kosten beim Bezahlen<\/li>\n<\/ul>\n<h2>Negative Punkte<\/h2>\n<ul>\n<li>Der Willkommensbonus gilt nicht f\u00fcr Einzahlungen bei Neteller oder Skrill<\/li>\n<li>Begrenztes Spielangebot (nur Netent)<\/li>\n<\/ul>\n<h2>Fazit<\/h2>\n<p>Wir waren ein Fan der ersten Stunde! Sloty ist ein relativ neues Online Casino, aber eines mit einer gro\u00dfen Auswahl an Spielen. Diese Website, oder besser gesagt: Die Stadt der Slots mit einem schlanken Design und einer gro\u00dfen Auswahl an Spielen, macht definitiv einen unterhaltsamen Abend. Sloty ist ganz dem Himmel und dem Himmel gewidmet. Das sehen Sie nicht nur im Design, sondern auch in den M\u00f6glichkeiten. Der Himmel ist die Grenze! Nutzen Sie jetzt das Bonusangebot und starten Sie mit einem Vorsprung!<\/p>\n","protected":false},"excerpt":{"rendered":"<p>Sloty Casino Bewertung Deutschland 2019 Sloty ist ein brandneues Online-Casino, das im Juli 2017 zum ersten Mal seine T\u00fcren \u00f6ffnete. Sloty Casino geh\u00f6rt Genesis Global Limited Casinos, die auch die Online-Casinos Vegas Hero, Spinit und Casino Cruise betreiben. Bei Sloty spielen Sie derzeit mehr als 150 Spielautomaten und Casino-Spiele von Netent. Die Liebhaber von Netent-Spielautomaten [&hellip;]<\/p>\n","protected":false},"author":1,"featured_media":345,"parent":0,"menu_order":0,"comment_status":"closed","ping_status":"closed","template":"page-casino-review.php","meta":{"footnotes":""},"categories":[],"tags":[],"class_list":["post-343","page","type-page","status-publish","has-post-thumbnail","hentry"],"aioseo_notices":[],"_links":{"self":[{"href":"https:\/\/pokiesportal.com\/de\/wp-json\/wp\/v2\/pages\/343","targetHints":{"allow":["GET"]}}],"collection":[{"href":"https:\/\/pokiesportal.com\/de\/wp-json\/wp\/v2\/pages"}],"about":[{"href":"https:\/\/pokiesportal.com\/de\/wp-json\/wp\/v2\/types\/page"}],"author":[{"embeddable":true,"href":"https:\/\/pokiesportal.com\/de\/wp-json\/wp\/v2\/users\/1"}],"replies":[{"embeddable":true,"href":"https:\/\/pokiesportal.com\/de\/wp-json\/wp\/v2\/comments?post=343"}],"version-history":[{"count":0,"href":"https:\/\/pokiesportal.com\/de\/wp-json\/wp\/v2\/pages\/343\/revisions"}],"wp:featuredmedia":[{"embeddable":true,"href":"https:\/\/pokiesportal.com\/de\/wp-json\/wp\/v2\/media\/345"}],"wp:attachment":[{"href":"https:\/\/pokiesportal.com\/de\/wp-json\/wp\/v2\/media?parent=343"}],"wp:term":[{"taxonomy":"category","embeddable":true,"href":"https:\/\/pokiesportal.com\/de\/wp-json\/wp\/v2\/categories?post=343"},{"taxonomy":"post_tag","embeddable":true,"href":"https:\/\/pokiesportal.com\/de\/wp-json\/wp\/v2\/tags?post=343"}],"curies":[{"name":"wp","href":"https:\/\/api.w.org\/{rel}","templated":true}]}}