{"id":338,"date":"2019-01-28T13:30:18","date_gmt":"2019-01-28T13:30:18","guid":{"rendered":"http:\/\/pokiesportal.com\/de\/?page_id=338"},"modified":"2019-01-28T14:24:41","modified_gmt":"2019-01-28T14:24:41","slug":"omnislots-casino","status":"publish","type":"page","link":"https:\/\/pokiesportal.com\/de\/omnislots-casino\/","title":{"rendered":"omnislots casino"},"content":{"rendered":"<h1>Omnislots Casino Bewertung Deutschland 2019<\/h1>\n<p>Dieses ziemlich neue Online Casino wurde im M\u00e4rz 2015 er\u00f6ffnet. Der Besitzer des Online-Casinos ist Dialinvest International N.V. und sie m\u00f6chten vor allem Spielautomaten unterhalten. Es ist keine vollst\u00e4ndige \u00dcberraschung, dass Omni Slots ins Niederl\u00e4ndische \u00fcbersetzt werden: &#8220;Alle Spielautomaten&#8221; bedeutet. Magst du keine Spielautomaten oder m\u00f6chtest du lieber ein anderes Spiel spielen? Dann m\u00fcssen Sie die Omni Slots nicht sofort entfernen. Auch f\u00fcr die Fans von Roulette, Blackjack oder beispielsweise Punto Banco gibt es viele verschiedene Spiele. Ein sch\u00f6nes Online-Casino mit eigenem Design und eigenem Look. Wenn Sie die Site \u00f6ffnen, sehen Sie, dass diese sehr klar ist und Sie eine Auswahl treffen k\u00f6nnen, um ein Spiel zu spielen. Die Boni lohnen sich auch im Omnislots Casino. Alles kann mobil gespielt werden, Boni k\u00f6nnen auch \u00fcber Ihr Handy gesammelt werden. Worauf warten Sie noch? Zuerst kann eine Gratiswette gewagt werden und wenn Sie es m\u00f6gen, k\u00f6nnen Sie ein Konto erstellen und alle Vorteile genie\u00dfen. Im bekannten Omnislots Casino finden Sie auch viele Spiele, die t\u00e4glich angeboten werden. Das Casino hat eine Lizenz in Cura\u00e7ao, so dass Sie sicher sind, dass Sie hier sicher wetten k\u00f6nnen! Machen Sie sich keine Sorgen \u00fcber das Geld, das Sie hier einzahlen m\u00f6chten, alles wird direkt auf Ihrem Konto verbucht und Sie k\u00f6nnen im Omnislots Casino spielen.<\/p>\n<h2>Vor allem<\/h2>\n<p>Sie m\u00fcssen keine Software herunterladen, um bei Omni Slots spielen zu k\u00f6nnen. Die Seite ist modern und einfach, was sicherlich keine schlechte Sache ist. Die Einfachheit erleichtert die Navigation auf der Website und Ihr Lieblingsspiel ist in Reichweite. Bemerkenswert ist auch, dass Sie mit Omco Slots Bitcoins einzahlen k\u00f6nnen. Wenn Sie dies haben und versuchen m\u00f6chten, die Anzahl Ihrer Bitcoins zu verdoppeln, k\u00f6nnen Sie sich an Omni Slots wenden.<\/p>\n<h2>Spielesammlung von Omni Slots<\/h2>\n<p>Wir haben Ihnen bereits gesagt, dass der Fokus dieses Online-Casinos auf der Unterhaltung des Spielautomaten liegt. Es gibt 480 Video-Slots mit allen bekannten Titeln wie Gonzo&#8217;s Quest, Game of Thrones und Frankenstein. Wei\u00dft du, es gibt 12 klassische Spielautomaten, solche Schr\u00e4nke wie Lucky 7 und Jackpot 6000, die du in jedem Caf\u00e9 und jeder Snackbar gefunden hast. Omni Slots bietet au\u00dferdem 48 verschiedene Spielautomaten. Vielleicht denken Sie jetzt, Sie werden die progressiven Spielautomaten vermissen, machen Sie sich keine Sorgen! Es gibt 12 verschiedene Slots mit einem progressiven Jackpot.<\/p>\n<h2>Online Casino<\/h2>\n<p>Wir haben Ihnen am Anfang dieser Erfahrung gesagt, dass es sich bei Omni Slots nicht nur um Spielautomaten handelt. Sie haben jetzt gelesen, dass sie viel im Sortiment haben. Sie k\u00f6nnen weiterhin Roulette, Blackjack, Punto Banco und Txs Hold&#8217;em im Bereich &#8220;Casino&#8221; spielen. Keno-Fans k\u00f6nnen bei Omni Slots aus vier verschiedenen Spielen w\u00e4hlen. Es folgen acht Video-Poker-Spiele, die unter anderem aus Jacks and better und Deuces Wild bestehen. Vielleicht nicht das gr\u00f6\u00dfte Casinospielsortiment, das Sie je gesehen haben, bemerken Sie, dass die verf\u00fcgbaren Spiele von h\u00f6chster Qualit\u00e4t sind.<\/p>\n<h2>Live-Casino<\/h2>\n<p>Wenn das regul\u00e4re &#8220;Casino&#8221; f\u00fcr Sie nicht \u00fcberzeugend genug ist, dann wetten wir darauf, dass das Live Casino ist! Omni Slots verwendet das Live Casino von Evolution Gaming. Bedeutet dir das nicht etwas? Kein problem Die Spiele, die Sie im Live-Casino spielen k\u00f6nnen, sind Roulette, Blackjack, Casino Holds und Baccarat. Mit Live-Roulette k\u00f6nnen Sie ab 0,50 Cent spielen und der maximale Einsatz betr\u00e4gt 1800 \u20ac. Die verf\u00fcgbaren Spiele sind Immersives Roulette, Auto-Roulette (la partage), VIP-Roulette und die Variante mit dem besten Vorteil f\u00fcr den Spieler. Franz\u00f6sisch Roulette Gold. Live-Blackjack hat viele Tische, da pro Tisch nur 7 Spieler teilnehmen k\u00f6nnen. Wenn Sie Live-Blackjack spielen m\u00f6chten, ist es ratsam, sich zun\u00e4chst die Tischlimits genau anzusehen, die von Tisch zu Tisch variieren k\u00f6nnen. Der Mindesteinsatz f\u00fcr Live-Blackjack betr\u00e4gt 0,50 \u20ac und der maximale Einsatz betr\u00e4gt 1000 \u20ac pro Runde. Omni Slots gibt Ihnen die M\u00f6glichkeit, Casino Hold&#8217;em zu spielen. Da eine unbegrenzte Anzahl von Spielern gleichzeitig teilnehmen kann, gibt es nur einen Tisch. Sie k\u00f6nnen ab \u20ac 1, &#8211; spielen und k\u00f6nnen maximal 500 \u20ac pro Runde setzen. Die letzte Kategorie ist Baccarat. Die verschiedenen Baccarat-Spiele, die Sie bei Omni Slots spielen k\u00f6nnen, sind: Geschwindigkeits-Baccarat, Baccarat Control Squeeze, Baccarat Squeeze und der regul\u00e4re Baccarat. Baccarat ist ein Spiel f\u00fcr Spieler mit einer gro\u00dfen Geldb\u00f6rse, und wir sehen das direkt an den Tischlimits: Der minimale Einsatz betr\u00e4gt 1 Euro und der maximale Einsatz 10.000 Euro.<\/p>\n<h2>Beratungsstelle von Omni Slots<\/h2>\n<p>Sie k\u00f6nnen sich an den Omni Slots-Kundendienst wenden. In der kurzen Existenz von Omni Slots haben sie bereits viele (legitime) Fragen von ihren G\u00e4sten erhalten. Um es Ihnen und ihnen leichter zu machen, haben sie die h\u00e4ufig gestellten Fragen zusammen mit der Antwort auf ihrer FAQ-Seite. Ist Ihre Frage nicht aufgelistet? Sie k\u00f6nnen sie dann \u00fcber den Live-Chat oder per E-Mail kontaktieren. Der Live-Chat ist zwischen 09:00 und 01:00 Uhr ge\u00f6ffnet. Wenn Sie Ihre (nicht sehr dringende) Frage per E-Mail gestellt haben, erhalten Sie innerhalb von 24 Stunden eine Antwort. Die letzte M\u00f6glichkeit ist, Ihre Frage \u00fcber Social Media zu stellen. Hier k\u00f6nnen Sie zwischen Twitter und Facebook w\u00e4hlen. Im \u00dcbrigen k\u00f6nnen Sie diese Seiten und ihren Youtube-Kanal trotzdem verfolgen, um \u00fcber die neuesten Entwicklungen des Online-Casinos auf dem Laufenden zu bleiben. Die neuesten Casino-Spiele werden immer zuerst angek\u00fcndigt!<\/p>\n<h2>Omni Slots gegen Spielsucht<\/h2>\n<p>Sie k\u00f6nnen bei Omni Slots mit Zuversicht spielen. Omni Slots ist ein Bef\u00fcrworter des &#8220;spielbewussten Prinzips&#8221; und tut alles, um eine spielsuchende Umgebung zu schaffen. Wir alle spielen ein Gl\u00fccksspiel, aber es muss immer Spa\u00df machen und Sie k\u00f6nnen sich niemals selbst riskieren. Die Mitarbeiter von Omni Slots werden in der Erkennung von Spielsucht ausgebildet und in Bezug auf die Weitergabe von Personen, die Hilfe ben\u00f6tigen. Klingt alles schwer und die Chance, dass Sie dies brauchen, ist gering. Es ist jedoch sch\u00f6n zu wissen, dass das Spielen bei Omni Slots ein Ort ist, an dem Sie sich nicht in eine Verdammnis bringen k\u00f6nnen.<\/p>\n<h2>Aktionen und Boni<\/h2>\n<p>Wenn Sie bei Omni Slots spielen m\u00f6chten, werden Sie mit einem 100% -Bonus bis einschlie\u00dflich 300 \u20ac + 50 Freispielen begr\u00fc\u00dft, die Sie bei Starbust verwenden k\u00f6nnen. Wir k\u00f6nnen uns vorstellen, dass Sie \u00f6fter als einmal einzahlen m\u00f6chten. Bei Omni Slots verstehen sie das auch. Deshalb erhalten Sie bei Omni Slots bei Ihrer zweiten Einzahlung einen 50% -Bonus mit einem Maximalbetrag von 200 \u20ac + 20 Freispielen, den Sie im Theme Park verwenden k\u00f6nnen, wobei Sie an h\u00f6here Boni, spezielle VIP-Aktionen, mehr Freispiele und vieles mehr denken m\u00fcssen mehr Extras. Sind Sie jemand, der viel in einem Online-Casino oder f\u00fcr h\u00f6here Betr\u00e4ge spielt? Melden Sie sich bei Omni Slots an und senden Sie eine E-Mail an vip@omnislots.com.<\/p>\n<h2>Zug\u00e4nglichkeit<\/h2>\n<p>Um an Omni-Slots weiter drehen zu k\u00f6nnen, m\u00fcssen Sie das Online-Casino auf allen Ger\u00e4ten besuchen und &#8211; was noch wichtiger ist &#8211; spielen k\u00f6nnen. Die Website ist sehr ansprechend: Dies bedeutet, dass Sie bei Omni Slots \u00fcber Ihren gigantischen Smart-TV bis hin zum kleinsten Smartphone spielen k\u00f6nnen, das es gibt. Dass Sie auf allen m\u00f6glichen Ger\u00e4ten spielen k\u00f6nnen, ist sch\u00f6n. Wichtig ist aber auch, dass die Spiele gut und schnell geladen werden. Ein Online-Casino, das Fehlermeldungen ausgibt oder sehr langsam ist, ist ein gro\u00dfes No-Go. Wir haben Omni Slots auf einem Samsung S6, iPad Air 2 und einem &#8220;normalen&#8221; Laptop getestet. Das Internet, das wir verwendeten, war Wifi von KPN (Internet und TV-Basis) und das mobile Internet von KPN. Es gab keine St\u00f6rungen oder Verz\u00f6gerungen, und sowohl die Website als auch die Spiele werden sehr schnell geladen!<\/p>\n<h2>Verschiedene Sprachen<\/h2>\n<p>Der Einfachheit halber gehen wir davon aus, dass Sie Niederl\u00e4ndisch und Englisch sprechen und verstehen. Wenn Sie mehr Sprachen haben, k\u00f6nnen Sie dieses Wissen bei Omni Slots in die Praxis umsetzen, wenn es eine der folgenden Sprachen ist: Deutsch, Spanisch, Franz\u00f6sisch, Russisch, Norwegisch, Schwedisch, Finnisch und nat\u00fcrlich Englisch.<br \/>\nSie k\u00f6nnen die Omni Slots-Website auf die oben genannten Sprachen einstellen. Die niederl\u00e4ndische Sprache ist bei Omni Slots nicht verf\u00fcgbar, aber das ist leider nicht bei einem Online-Casino m\u00f6glich.<\/p>\n<h2>Auszahlen und einzahlen<\/h2>\n<p>Omni Slots h\u00e4lt verschiedene Einzahlungsm\u00f6glichkeiten f\u00fcr seine G\u00e4ste bereit. Sie wissen besser als jeder andere, dass jeder eine andere Art der Geldeinzahlung bevorzugt. Um so viele Menschen wie m\u00f6glich unterzubringen, bieten sie folgende Methoden an:<\/p>\n<ul>\n<li>Bank\u00fcberweisung<\/li>\n<li>Paysafecard<\/li>\n<li>Skrill<\/li>\n<li>Visa, Mastercard<\/li>\n<li>Sofort Banking<\/li>\n<li>Bitcoin<\/li>\n<\/ul>\n<p>Der Mindestbetrag, den Sie pro Transaktion auf Ihr Omni Slots-Konto \u00fcberweisen m\u00fcssen, betr\u00e4gt 10 \u20ac. Der H\u00f6chstbetrag pro Transaktion betr\u00e4gt \u20ac 1.000. Transaktionen werden sofort abgewickelt und nat\u00fcrlich entstehen keine Kosten. Dies gilt f\u00fcr alle oben genannten Zahlungsm\u00f6glichkeiten.<\/p>\n<h2>Erhalten Sie Ihr gewonnenes Geld<\/h2>\n<p>Mit etwas Gl\u00fcck ist es Ihnen nat\u00fcrlich gelungen zu gewinnen und Sie m\u00f6chten Ihren &#8220;Preis&#8221; auf Ihrem Konto hinterlegen lassen. Das Verfahren bei Omni Slots ist einfach und geht sehr schnell vonstatten. Sie klicken im Men\u00fc auf &#8216;Kasse&#8217;. Es \u00f6ffnet sich ein Men\u00fc, in dem Sie auf &#8216;Abheben&#8217; klicken k\u00f6nnen. Sie k\u00f6nnen die Zahlungsoptionen Bank\u00fcberweisung und Skrill w\u00e4hlen. Nachdem Sie sich f\u00fcr eine der beiden Methoden entschieden haben, m\u00fcssen Sie den Betrag und die Daten eingeben und auf &#8220;Senden&#8221; klicken. Omni Slots bearbeiten Ihre Anfrage innerhalb von 24 Stunden und haben Ihr Geld h\u00e4ufig innerhalb von zwei Werktagen auf Ihrem Konto eingezahlt. Bitte beachten Sie, dass alle Boni, die noch nicht gespielt wurden, zum Zeitpunkt Ihrer Auszahlung aus Ihrem Konto entfernt werden.<\/p>\n<h2>Gut<\/h2>\n<ul>\n<li>Hunderte von Video-Slots mit zwei Mausklicks verf\u00fcgbar<\/li>\n<li>Viele Gratisdrehungen und kontinuierliche Werbeaktionen<\/li>\n<li>Erhalten Sie schnell Ihr Geld und spielen Sie mit Bitcoins<\/li>\n<\/ul>\n<h2>Schlecht<\/h2>\n<ul>\n<li>Das Spielangebot ist sehr auf Spielautomaten ausgerichtet<\/li>\n<\/ul>\n<h2>Fazit<\/h2>\n<p>Omni Slots ist das Online-Casino f\u00fcr Spieler, die Spielautomaten lieben. Mit fast 550 unterschiedlichen Spielautomaten k\u00f6nnen Sie hier rund um die Uhr spielen. Aber das ist noch nicht alles: Der einzahlende Spieler erh\u00e4lt jede Woche Freispiele und es gibt einen sch\u00f6nen Bonus f\u00fcr die erste und zweite Einzahlung. Au\u00dferdem macht sich das schnell bezahlt und Sie k\u00f6nnen mit Bitcoins spielen.<\/p>\n","protected":false},"excerpt":{"rendered":"<p>Omnislots Casino Bewertung Deutschland 2019 Dieses ziemlich neue Online Casino wurde im M\u00e4rz 2015 er\u00f6ffnet. Der Besitzer des Online-Casinos ist Dialinvest International N.V. und sie m\u00f6chten vor allem Spielautomaten unterhalten. Es ist keine vollst\u00e4ndige \u00dcberraschung, dass Omni Slots ins Niederl\u00e4ndische \u00fcbersetzt werden: &#8220;Alle Spielautomaten&#8221; bedeutet. Magst du keine Spielautomaten oder m\u00f6chtest du lieber ein anderes [&hellip;]<\/p>\n","protected":false},"author":1,"featured_media":341,"parent":0,"menu_order":0,"comment_status":"closed","ping_status":"closed","template":"page-casino-review.php","meta":{"footnotes":""},"categories":[],"tags":[],"class_list":["post-338","page","type-page","status-publish","has-post-thumbnail","hentry"],"aioseo_notices":[],"_links":{"self":[{"href":"https:\/\/pokiesportal.com\/de\/wp-json\/wp\/v2\/pages\/338","targetHints":{"allow":["GET"]}}],"collection":[{"href":"https:\/\/pokiesportal.com\/de\/wp-json\/wp\/v2\/pages"}],"about":[{"href":"https:\/\/pokiesportal.com\/de\/wp-json\/wp\/v2\/types\/page"}],"author":[{"embeddable":true,"href":"https:\/\/pokiesportal.com\/de\/wp-json\/wp\/v2\/users\/1"}],"replies":[{"embeddable":true,"href":"https:\/\/pokiesportal.com\/de\/wp-json\/wp\/v2\/comments?post=338"}],"version-history":[{"count":0,"href":"https:\/\/pokiesportal.com\/de\/wp-json\/wp\/v2\/pages\/338\/revisions"}],"wp:featuredmedia":[{"embeddable":true,"href":"https:\/\/pokiesportal.com\/de\/wp-json\/wp\/v2\/media\/341"}],"wp:attachment":[{"href":"https:\/\/pokiesportal.com\/de\/wp-json\/wp\/v2\/media?parent=338"}],"wp:term":[{"taxonomy":"category","embeddable":true,"href":"https:\/\/pokiesportal.com\/de\/wp-json\/wp\/v2\/categories?post=338"},{"taxonomy":"post_tag","embeddable":true,"href":"https:\/\/pokiesportal.com\/de\/wp-json\/wp\/v2\/tags?post=338"}],"curies":[{"name":"wp","href":"https:\/\/api.w.org\/{rel}","templated":true}]}}