{"id":335,"date":"2019-01-28T13:37:24","date_gmt":"2019-01-28T13:37:24","guid":{"rendered":"http:\/\/pokiesportal.com\/de\/?page_id=335"},"modified":"2019-01-28T14:22:55","modified_gmt":"2019-01-28T14:22:55","slug":"karamba-casino","status":"publish","type":"page","link":"https:\/\/pokiesportal.com\/de\/karamba-casino\/","title":{"rendered":"karamba casino"},"content":{"rendered":"<h1>Karamba Casino Bewertung Deutschland 2019<\/h1>\n<p>Karamba Casino wurde 2005 von einem erfahrenen und leidenschaftlichen Team gegr\u00fcndet. Das Online Casino befindet sich in Malta und der Hauptsitz in Sliema. Karamba ist ein langj\u00e4hriges Casino und seit \u00fcber 10 Jahren in den Niederlanden aktiv!<br \/>\nKaramba ist aufgrund seiner zahlreichen Casino-Spiele so popul\u00e4r geworden, dass sie sich sicherlich als einer der gro\u00dfen Marktf\u00fchrer in der Welt der Online-Casinos bezeichnen k\u00f6nnen. Das Casino ist die Heimat von Spielautomaten und Spa\u00df. Sie streben nach h\u00f6chster Qualit\u00e4t und Unterhaltung. Karamba entwickelt sich st\u00e4ndig weiter, so dass immer die beste Auswahl an Spielen f\u00fcr Sie bereitsteht. Wenn Sie die Site \u00f6ffnen, werden Sie sofort die warme Atmosph\u00e4re, die fr\u00f6hlichen Farben und die klaren Informationen sp\u00fcren. Dies wird die Spieler sicherlich dazu bringen, ins Casino zur\u00fcckzukehren. Neben den Slots ist Karamba auch f\u00fcr seine Online-Rubbelkarten, fantastischen Boni und Freispiele bekannt. Es wird daher dringend empfohlen, das Casino zu besuchen und eines seiner vielversprechenden Spiele zu spielen. Dar\u00fcber hinaus hat Karamba Casino eine App entwickelt, mit der alle Spieler jederzeit ihre Lieblingscasinospiele spielen k\u00f6nnen!<\/p>\n<h2>Ein echtes Slot-Casino<\/h2>\n<p>Karamba ist ein unterhaltsames, zuverl\u00e4ssiges und gut organisiertes Online-Casino mit einer fairen und sicheren Spielumgebung. Das starke Bonussystem ermutigt Sie sicherlich, zur\u00fcck zu kommen. Und wenn Sie ein Fan von Spielautomaten sind, sind Sie hier ganz bei Ihnen. Entdecken Sie die lustige Atmosph\u00e4re und besuchen Sie Karamba.<\/p>\n<h2>Umfangreiches Angebot an Online-Slots<\/h2>\n<p>Karamba konzentriert sich haupts\u00e4chlich auf Online-Slots. Als Spieler k\u00f6nnen Sie auch aus einer Vielzahl von Online-Slots w\u00e4hlen. Sobald ein neuer Slot ver\u00f6ffentlicht wird, k\u00f6nnen Sie ihn auch schnell in diesem Online-Casino spielen. Neben den bekannten und beliebten wie Gonzo&#8217;s Quest und Starburst finden Sie auch viele Slots, mit denen Sie m\u00f6glicherweise nicht vertraut sind. Das Spielangebot von Karamba wird von NeoGames, NetEnt und Microgaming entwickelt. Slots werden auch mit progressiven Jackpots angeboten, die garantiert eine Million Euro enthalten. Sie k\u00f6nnen hier auch Online-Rubbelkarten finden, die sicherlich sehr interessant sind. Damit k\u00f6nnen Sie bis zu 5.000 \u20ac pro Monat und f\u00fcr die n\u00e4chsten 15 Jahre gewinnen. Noch sch\u00f6n Dar\u00fcber hinaus gibt es die traditionellen Casino-Spiele wie Roulette, Blackjack, Joker Poker und Jacks oder besser. Die Auswahl an traditionellen Tischspielen ist jedoch minimal.<\/p>\n<h2>Karamba Casino Spiele &amp; Slots<\/h2>\n<h2>Slots<\/h2>\n<p>Auf der Karamba-Website finden Sie zahlreiche Casino-Spiele. Dies liegt daran, dass Karamba Casino-Spiele von mehreren Software-Plattformen anbietet, zum Beispiel von Softwareanbietern wie den Marktf\u00fchrern NetEnt, Betsoft, Yggdrasill und vielen anderen. Daher ist die Auswahl an Spielautomaten sehr umfangreich und es gibt eine gro\u00dfe Auswahl. Jedes Spiel hat ein eigenes Thema, so dass es gen\u00fcgend Variationen gibt, so dass jeder Spieler einen Spielautomaten findet, der zum Spieler passt.<\/p>\n<h2>Online Rubbelkarten<\/h2>\n<p>Neben den vielen Online-Slots bietet Karamba Casino eines der gr\u00f6\u00dften Online-Rubbelkarten-Spiele. Die meisten Online-Rubbelkartenspiele sind einigerma\u00dfen normal und einfach, aber Karamba stellt fest, dass dies f\u00fcr die niederl\u00e4ndischen Spieler sehr gut ist. Dar\u00fcber hinaus ist das Rubbellos-Spielangebot gro\u00df genug und es gibt eine sch\u00f6ne Auswahl an Spielen dazwischen, obwohl die Spiele einfach sind und dennoch alle einen einzigartigen und einzigartigen Charakter haben.<\/p>\n<h2>Tischspiele<\/h2>\n<p>Neben Spielautomaten und Online-Rubbelkarten bietet Karamba auch Tischspiele an. Hier k\u00f6nnen Sie an Spiele wie Roulette, Blackjack und Poker denken. H\u00e4ufige Spieler suchen h\u00e4ufig nach mehr Interaktion. Dann ist die Teilnahme an einem Live-Casino die perfekte Option. Dies ist sicherlich auch eine zus\u00e4tzliche Bereicherung f\u00fcr ein Online-Casino. Es ist sehr einfach, an einem Spiel teilzunehmen, und wenn Sie an einem Tisch mitspielen, haben Sie das Gef\u00fchl, in einem physischen Casino zu sein.<\/p>\n<h2>Karamba-Boni und Freispiele<\/h2>\n<p>Karamba Casino ist bekannt f\u00fcr ihren Spa\u00df und seine abwechslungsreichen Bonusse und Promotionen. Die Boni sind nicht nur f\u00fcr neue Spieler attraktiv, sondern auch daf\u00fcr, dass Karambo sch\u00f6ne Boni und Promotionen f\u00fcr die treuen Spieler bereitstellt. Nachfolgend haben wir die verschiedenen Bonusse f\u00fcr Sie aufgelistet. Wir haben auch einen exklusiven Bonus von Karamba Casino, der nur \u00fcber NederlandseGokkasten.com erhalten werden kann. Diese werden weiter unten erl\u00e4utert.<\/p>\n<h2>Der Willkommensbonus<\/h2>\n<p>Der Willkommensbonus ist eine Art Bonus, den die Spieler erhalten, sobald sie ein Konto bei einem der Online-Casinos erstellt haben. Spieler, die sich bei Karamba anmelden, erhalten sofort einen sch\u00f6nen Willkommensbonus. Sie erhalten 25 Freispiele, ohne daf\u00fcr etwas bezahlen zu m\u00fcssen! Dies ist ein exklusiver Bonus, der nur bei NederlandseGokkasten.com erh\u00e4ltlich ist. Dies ist nicht alles, denn wenn Sie Ihre erste Einzahlung bei Karamba t\u00e4tigen, erhalten Sie au\u00dferdem einen Bonus von 100% bis zu 200 \u20ac auf Ihre erste Einzahlung und au\u00dferdem 20 Freispiele!<\/p>\n<h2>Einzahlungsboni<\/h2>\n<p>Da wir Ihnen den 1. Einzahlungsbonus bereits erkl\u00e4rt haben, bietet Karamba viele weitere Spa\u00dfeinzahlungsboni. Wenn Sie Ihre erste Einzahlung get\u00e4tigt haben und am n\u00e4chsten Tag eine weitere Einzahlung von mindestens 20 Euro t\u00e4tigen, erhalten Sie nicht weniger als 40 Freispiele auf Starburst und wenn Sie eine Einzahlung von mindestens 20 Euro am Tag machen, erhalten Sie weitere 40 Freispiele bei Starburst. Die Einzahlungsboni sind nicht sehr klar, aber Sie k\u00f6nnen sie im Text auf der Casino-Seite finden, wenn Sie Ihren Bonus beanspruchen!<\/p>\n<h2>Freispiele<\/h2>\n<p>Freispiele oder Freispiele sind eine Anzahl von Freispielen, die Sie erhalten und auf verschiedenen Spielautomaten und Spielautomaten verwenden k\u00f6nnen. In diesem Fall erhalten Sie 20 Freespins von Karamba bei Ihrer ersten Einzahlung und 40 Freespins auf Starburst f\u00fcr die zweite und dritte Einzahlung! Wenn Sie mit diesen Freispins einen Gewinn erzielt haben, erhalten Sie diesen Betrag, wenn Sie den gesamten Bonus freischalten.<\/p>\n<h2>Attraktive Promotionen<\/h2>\n<p>Wenn Sie gerne an einem Slot spielen, sind Sie bei Karamba gut, denn die Boni und Treueprogramme dieses Online-Casinos sind mehr als durchschnittlich. Als neuer Spieler werden Sie zuerst mit einem Einzahlungsbonus von 100% begr\u00fc\u00dft, wenn Sie 10 \u20ac oder mehr einzahlen, maximal jedoch 200 \u20ac. Wenn Sie also zum ersten Mal 200 \u20ac einzahlen, k\u00f6nnen Sie an den vielen Slots Ihr Herz rausholen, denn dann k\u00f6nnen Sie mit 400 \u20ac Ihre Chance nutzen. Zus\u00e4tzlich zu diesem Willkommensbonus in harten Euro erhalten Sie auch Freispiele. Sie erhalten 20 Freispiele, wenn Sie ein Konto er\u00f6ffnen, ohne eine Einzahlung vorzunehmen. Am zweiten Tag erhalten Sie 40 Freispiele mit einer Einzahlung von mindestens \u20ac 20, und am dritten Tag erhalten Sie weitere 40 Freispiele plus eine zus\u00e4tzliche \u00dcberraschung. Neben dem Willkommensbonus und Freispielen verf\u00fcgt Karamba auch \u00fcber t\u00e4gliche und monatliche Boni. Damit k\u00f6nnen Sie Punkte verdienen, die Geld wert sind, oder Freispiele, die Sie nat\u00fcrlich auf Ihren bevorzugten Slot setzen k\u00f6nnen. Es gibt auch ein Treueprogramm, bei dem h\u00e4ufige Spieler mit Vorteilen belohnt werden. Diejenigen, die regelm\u00e4\u00dfig in diesem Online-Casino spielen, k\u00f6nnen ihr Niveau verbessern und im VIP-Club landen. Als VIP-Spieler erhalten Sie w\u00f6chentliche Freispiele, zus\u00e4tzliche Boni und einen monatlichen Cashback. Kurz gesagt, Karamba wei\u00df, wie man treue Spieler belohnt.<\/p>\n<h2>Karamba Mobile &amp; App<\/h2>\n<p>Im Jahr 2005 hat Karamba die Online-Casino-Welt wiederbelebt. Sie haben eine App mit benutzerfreundlicher Navigation entwickelt, die eine gro\u00dfe Auswahl an Casino-Spielen bietet. Sie k\u00f6nnen an die klassischen Spiele wie Blackjack und Roulette denken, aber auch die gro\u00dfe Auswahl an Spielautomaten steht in der App f\u00fcr Sie bereit. Es ist auch sehr einfach, die App \u00fcber die App Stores herunterzuladen. Die App ist f\u00fcr Android und Apple verf\u00fcgbar. Dar\u00fcber hinaus verf\u00fcgt die App \u00fcber ein gro\u00dfes Treue- und Bonusprogramm, bei dem sich Karamba sicherlich von den anderen Online-Casinos unterscheidet. Dies hat die Online-Casinos zum Nachdenken gebracht und der Markt f\u00fcr mobile Casinos wird zunehmend zu einem wettbewerbsintensiven Markt. Die App verwendet die neueste HTML5-Technologie. Dies gew\u00e4hrleistet, dass die Qualit\u00e4t hoch bleibt. Die Karamba-App wurde f\u00fcr eine einfache Navigation angepasst. Sie werden nicht mit Textfetzen oder einer nicht aufzuhaltenden Liste verschiedener Spiele bombardiert. Stattdessen werden Tabellen f\u00fcr eine einfache Navigation angezeigt. Die App kann auch einfach \u00fcber das Internet heruntergeladen werden, sodass Sie schnell alle Casino-Spiele genie\u00dfen k\u00f6nnen, die die App zu bieten hat. Dies ist nat\u00fcrlich sehr einfach, wenn Sie unterwegs sind, sodass Sie Ihr Lieblingsspiel jederzeit buchstabieren k\u00f6nnen. Sie m\u00fcssen nur ein Konto erstellen, um die Karamba-App verwenden zu k\u00f6nnen. Was willst du mehr?<\/p>\n<h2>Karamba Kundendienst<\/h2>\n<p>Karamba ist der Meinung, dass es sehr wichtig ist, eine gute Beziehung zu den Spielern aufzubauen und aufrechtzuerhalten, weshalb sie einen sehr netten Kundenservice mit freundlichem Personal bieten. Sie k\u00f6nnen hier mit allen Fragen und Ratschl\u00e4gen, die Sie ben\u00f6tigen, anreisen. Die Mitarbeiter sind immer bereit, Ihnen zu helfen. Der Kundendienst ist von 8.00 Uhr bis 01.00 Uhr (MEZ) und 7 Tage die Woche ge\u00f6ffnet. Sie k\u00f6nnen den Live-Chat auf der Website leicht finden, da das Symbol auf jeder Seite angezeigt wird. Wenn kein Kundenservice zur Verf\u00fcgung steht, k\u00f6nnen Sie jederzeit eine E-Mail an care@karamba.com senden. Karamba wird so schnell wie m\u00f6glich antworten, normalerweise innerhalb von 24 Stunden.<\/p>\n<h2>Karamba-Auszahlungen und Einzahlungen<\/h2>\n<p>Sie m\u00fcssen immer ein registriertes Konto haben, um eine Einzahlung oder Auszahlung vornehmen zu k\u00f6nnen. Wenn Sie ein Konto f\u00fcr ein Konto erstellen m\u00f6chten, klicken Sie auf den anderen Anspruchsbonus auf unserer Website, damit Sie zu Karamba.com weitergeleitet werden. Wenn Sie die Site erreicht haben, klicken Sie oben rechts in der Navigation auf die Schaltfl\u00e4che &#8220;Konto er\u00f6ffnen&#8221;. Eine Einzahlung kann auf verschiedene Arten erfolgen, z. B. per Bankkonto, Visa, MasterCard, EcoPays, Neteller, Paysafecard, Skrill, iDeal. Bei Karamba k\u00f6nnen Sie sogar mit Bitcoins bezahlen. Es gibt also viele M\u00f6glichkeiten zu bezahlen. Die Auszahlung unterscheidet sich nat\u00fcrlich je nach Zahlungsmethode. In der Regel ist das Geld innerhalb von 3 bis 5 Werktagen auf Ihrem Konto. Aufgrund der Spielregeln ist f\u00fcr alle Karamba-Spieler eine Authentifizierung erforderlich. Dieser Vorgang wird normalerweise w\u00e4hrend der ersten Einzahlung oder Auszahlung auf Ihr Konto abgeschlossen. Dies kann die erste Aufnahmezeit etwas verz\u00f6gern, dies ist jedoch ein einmaliger Vorgang. Sie k\u00f6nnen diesen Vorgang beschleunigen, indem Sie alle Dokumente pr\u00fcfen, die von karamba rechtzeitig gepr\u00fcft werden. Karamba Casino verf\u00fcgt \u00fcber SSL-Verschl\u00fcsselung auf allen Seiten seiner mobilen und Desktop-Site. Diese Sicherheitstechnologie gew\u00e4hrleistet, dass die finanziellen und pers\u00f6nlichen Informationen der Spieler gesch\u00fctzt werden.<\/p>\n<h2>Karamba Casino Zusammenfassung<\/h2>\n<ul>\n<li>Bonus ohne Einzahlung: Ja<\/li>\n<li>Willkommensbonus: Ja, 100%<\/li>\n<li>Freispiele: Ja, 125<\/li>\n<li>Mindesteinzahlung: 20 Euro<\/li>\n<li>Mindestzahlung: 20 Euro<\/li>\n<li>Bearbeitungszeit Auszahlung: max. 5 tage<\/li>\n<li>Umsatzanforderung: 35x<\/li>\n<\/ul>\n<h2>Endg\u00fcltige Schlussfolgerung<\/h2>\n<p>Wenn wir \u00fcber eine sichere Casino-Umgebung sprechen, sprechen wir \u00fcber das Karamba Casino. Dies ist ein sehr wichtiger Punkt f\u00fcr uns von Dutch Slots, da Zuverl\u00e4ssigkeit und Sicherheit an erster Stelle stehen. Wir k\u00f6nnen also davon ausgehen, dass es sich bei uns um ein professionelles Online Casino handelt und dass Karamba sicherlich Pluspunkte hat! Au\u00dferdem kann das Design der Website auch durch einen Klingelton erhalten werden. Erst wenn wir die Website \u00f6ffnen, sind wir mit fr\u00f6hlichen Farben und dynamischen Grafiken \u00fcberlastet. Das macht das Spielen auf dieser Plattform schon so richtig Spa\u00df. Das Karamba Casino bietet eine gro\u00dfe Auswahl an Casino-Spielen, was f\u00fcr Spieler mit unterschiedlichen Interessen von Vorteil ist. Ob Sie sich f\u00fcr Scratch Cards interessieren oder lieber an einem virtuellen Blackjack-Tisch Platz nehmen m\u00f6chten; hier ist alles m\u00f6glich. Ein Besuch im Karamba Casino lohnt sich auf jeden Fall, dank eines beeindruckenden Spieleportfolios, eines sch\u00f6nen Willkommensbonus und einer Plattform, auf der viel Arbeit erforderlich ist. Ein nettes Plus von Karamba ist nat\u00fcrlich die speziell entwickelte Anwendung, die Sie ganz einfach auf Ihr Smartphone herunterladen k\u00f6nnen.<\/p>\n","protected":false},"excerpt":{"rendered":"<p>Karamba Casino Bewertung Deutschland 2019 Karamba Casino wurde 2005 von einem erfahrenen und leidenschaftlichen Team gegr\u00fcndet. Das Online Casino befindet sich in Malta und der Hauptsitz in Sliema. Karamba ist ein langj\u00e4hriges Casino und seit \u00fcber 10 Jahren in den Niederlanden aktiv! Karamba ist aufgrund seiner zahlreichen Casino-Spiele so popul\u00e4r geworden, dass sie sich sicherlich [&hellip;]<\/p>\n","protected":false},"author":1,"featured_media":337,"parent":0,"menu_order":0,"comment_status":"closed","ping_status":"closed","template":"page-casino-review.php","meta":{"footnotes":""},"categories":[],"tags":[],"class_list":["post-335","page","type-page","status-publish","has-post-thumbnail","hentry"],"aioseo_notices":[],"_links":{"self":[{"href":"https:\/\/pokiesportal.com\/de\/wp-json\/wp\/v2\/pages\/335","targetHints":{"allow":["GET"]}}],"collection":[{"href":"https:\/\/pokiesportal.com\/de\/wp-json\/wp\/v2\/pages"}],"about":[{"href":"https:\/\/pokiesportal.com\/de\/wp-json\/wp\/v2\/types\/page"}],"author":[{"embeddable":true,"href":"https:\/\/pokiesportal.com\/de\/wp-json\/wp\/v2\/users\/1"}],"replies":[{"embeddable":true,"href":"https:\/\/pokiesportal.com\/de\/wp-json\/wp\/v2\/comments?post=335"}],"version-history":[{"count":0,"href":"https:\/\/pokiesportal.com\/de\/wp-json\/wp\/v2\/pages\/335\/revisions"}],"wp:featuredmedia":[{"embeddable":true,"href":"https:\/\/pokiesportal.com\/de\/wp-json\/wp\/v2\/media\/337"}],"wp:attachment":[{"href":"https:\/\/pokiesportal.com\/de\/wp-json\/wp\/v2\/media?parent=335"}],"wp:term":[{"taxonomy":"category","embeddable":true,"href":"https:\/\/pokiesportal.com\/de\/wp-json\/wp\/v2\/categories?post=335"},{"taxonomy":"post_tag","embeddable":true,"href":"https:\/\/pokiesportal.com\/de\/wp-json\/wp\/v2\/tags?post=335"}],"curies":[{"name":"wp","href":"https:\/\/api.w.org\/{rel}","templated":true}]}}