{"id":328,"date":"2019-01-26T18:20:46","date_gmt":"2019-01-26T18:20:46","guid":{"rendered":"http:\/\/pokiesportal.com\/de\/?page_id=328"},"modified":"2019-01-26T18:22:01","modified_gmt":"2019-01-26T18:22:01","slug":"slotsmillion-casino","status":"publish","type":"page","link":"https:\/\/pokiesportal.com\/de\/slotsmillion-casino\/","title":{"rendered":"slotsmillion casino"},"content":{"rendered":"<h1>SlotsMillion Casino Bewertung Deutschland 2019<\/h1>\n<p>SlotsMillion wurde 2014 lanciert und ist heute eines der gr\u00f6\u00dften und modernsten Online-Casinos. Und wie der Name vermuten l\u00e4sst; Hier finden Sie viele fantastische Online-Slots. Momentan schreiben wir das, der Z\u00e4hler befindet sich bereits auf mehr als 1.200 verschiedenen Slots. Sobald Sie das Casino besuchen, erhalten Sie sofort Zugriff auf die modernsten Video-Slots, Jackpot-Slots und andere gro\u00dfartige Slotspiele. Wo immer Sie sich gerade befinden, k\u00f6nnen Sie sich einfach \u00fcberall einloggen, um Ihren bevorzugten Online-Slot zu spielen. zu Hause von Ihrem PC, im Urlaub von Ihrem iPad oder im Zug auf Ihrem Smartphone. Und \u00fcberall ist das Erlebnis dasselbe: makellos, komplett und nat\u00fcrlich aufregend. SlotsMillion hat auch ein Virtual Reality Casino, in dem Sie durchgehen, eine Chance nutzen und andere Spieler treffen k\u00f6nnen. Sie k\u00f6nnen dieses einzigartige Erlebnis nicht verpassen.<\/p>\n<h2>Attraktives Willkommenspaket<\/h2>\n<p>Neue Spieler werden vom Online Casino SlotsMillion mit einem Willkommenspaket begr\u00fc\u00dft. Sie erhalten alle Arten von Extras an mindestens 5 aufeinander folgenden Tagen. Zun\u00e4chst erhalten Sie nach Ihrer ersten Einzahlung einen Bonus von 100% bis zu einem H\u00f6chstbetrag von \u20ac 100, &#8211; + 100 Freispielen. Die ersten 20 Freispiele (von 100) gelten f\u00fcr den Gonzo&#8217;s Quest-Slot. Die 4 Tage danach erhalten Sie jeden Tag 20 Freispiele. Am zweiten Tag k\u00f6nnen Sie auf Twin Spin, den dritten Tag auf Jack und die Beanstalk, den vierten Tag auf Spinata Grande und am Tag 5 die letzten 20 Freispiele im Slot Fruit Shop setzen. Das kostenlose Spin-Paket kann pro Tag aktiviert werden und verf\u00e4llt nach 7 Tagen. Lesen Sie die Bedingungen sorgf\u00e4ltig durch.<\/p>\n<h2>Noch mehr Freispiele und Nette Extras<\/h2>\n<p>Dies h\u00f6rt jedoch nicht auf, da dieses Online-Casino jeden Monat 20 Freispiele an Neulinge verschenkt, ohne daf\u00fcr extra bezahlen zu m\u00fcssen. Treue SlotsMillion Spieler k\u00f6nnen sogar hunderte von Freispielen gewinnen. T\u00e4glich um die Mittagszeit bricht die Zeit des Essens und Spa\u00dfes zusammen. Wenn Sie zwischen 11:00 und 13:00 Uhr Geld einzahlen, erhalten Sie 20 Freispiele. Jeden Freitag feiern sie diese Woche &#8220;fast&#8221; vor\u00fcber und umarmen das &#8220;Freitag-Gef\u00fchl&#8221; mit Happy Hour. Sie erhalten einen Bonus von 50% auf Ihre Einzahlung bis zu 100 \u20ac. Sind Sie ein VIP-Spieler und haben Sie keinen Bonus von 100 \u20ac? Wenden Sie sich einfach an das Online-Casino, und Sie erhalten m\u00f6glicherweise einen zus\u00e4tzlichen Bonus. Loyale Spieler werden mit allen m\u00f6glichen Extras belohnt. Sobald Sie anfangen zu spielen, k\u00f6nnen Sie Punkte sammeln und je mehr Punkte Sie haben, desto mehr Extras k\u00f6nnen Sie erwarten, z. B. Freispiele, Cashbacks, keine Einzahlungsboni und h\u00f6here Einzahlungslimits. Das kann nicht so sein!<\/p>\n<h2>Hunderte verschiedene Online-Slots<\/h2>\n<p>Wie bereits erw\u00e4hnt, finden Sie bei SlotsMillion hunderte verschiedene Online-Slots. Sie haben hier nicht nur die meisten Spielautomaten, sondern auch die besten. In diesem Online-Casino finden Sie viele bekannte Slot-Entwickler wie NetEnt, Microgaming, Betsoft, Thunderkick, Playtech und Quickspin. Was ist zum Beispiel mit Twin Spin, Starburst und Cloud Quest? Nat\u00fcrlich k\u00f6nnen Sie auch die Millionen in einem der Jackpot-Slots ausprobieren. Es muss sehr verr\u00fcckt sein, wenn Ihr Lieblings-Slot nicht in diesem Online-Casino zu finden ist. Wenn Sie sich aus mehr als 1.000 verschiedenen Spielautomaten entscheiden m\u00fcssen, k\u00f6nnen Sie sich vorstellen, dass Sie den Wald nicht durch die B\u00e4ume sehen k\u00f6nnen. Gl\u00fccklicherweise hat SlotsMillion eine perfekte L\u00f6sung daf\u00fcr gefunden. Sie k\u00f6nnen auf einfache Weise eine Auswahl treffen, z. B. nach Slot-Typ (klassisch, Jackpot, beliebt, neu) oder nach Entwickler, nach Thema und sogar nach Gewinnlinien und Funktionen. Auf diese Weise k\u00f6nnen Sie einen Slot ausw\u00e4hlen, der nicht nur von links nach rechts bezahlt wird, sondern auch umgekehrt oder einen Slot mit einem Bonusspiel. Einfach richtig?! Wirklich einzigartig ist das gro\u00dfartige Virtual Reality Casino. Wenn Sie hier herumlaufen, gehen Sie zwischen lebensechten Schlitzen. Au\u00dferdem st\u00f6\u00dft man auf andere Spieler und man kann sogar an der Bar etwas trinken oder sich mit dem Barkeeper \/ der Frau oder anderen Besuchern unterhalten. Das Virtual Reality Casino von SlotsMillion ist wirklich die ultimative Imitation eines &#8220;echten Casinos&#8221;.<\/p>\n<h2>Online Slots<\/h2>\n<p>Wie der Name des Casinos sagt, ist das SlotsMillion Casino ein wahres Paradies. Es gibt eine riesige Anzahl von Videospots von mehr als 10 Spieleanbietern. Es gibt viele verschiedene Variationen, Themen und Bonusoptionen in dieser super Auswahl an Slots. Praktischerweise ist es sehr einfach, die vielen Funktionen aller Steckpl\u00e4tze herauszufiltern. In diesem echten Slot-Casino m\u00fcssen Sie sich also keinen Moment langweilen. Liebhaber von Video-Slots k\u00f6nnen aufh\u00f6ren zu suchen. Dies ist das perfekte Casino f\u00fcr Sie! SlotsMillion Casino bietet nur Automatenspiele an, so dass Sie hier weder Tischspiele noch Poker spielen k\u00f6nnen. Spieler, die nach Roulette- oder Blackjack-Spielen suchen, werden diese bei SlotMillions Casino nicht finden. Es gibt auch kein Live Casino bei SlotsMillion, es ist ausschlie\u00dflich auf Slots ausgerichtet. Aber sie sind auch sehr gut darin! Eine sehr sch\u00f6ne Erg\u00e4nzung des Casinos ist die Option f\u00fcr virtuelle Realit\u00e4t. Bei SlotsMillion Casino k\u00f6nnen Sie mit Ihrer VR-Brille ein echtes Casino-Erlebnis zu Hause erleben. Sie m\u00fcssen dazu einige Software herunterladen, aber das sollte den Spa\u00df nicht beeintr\u00e4chtigen.<\/p>\n<h2>Tischspiele<\/h2>\n<p>SlotsMillion Casino bietet nur Automatenspiele an, so dass Sie hier weder Tischspiele noch Poker spielen k\u00f6nnen. Spieler, die nach Roulette- oder Blackjack-Spielen suchen, werden diese bei SlotMillions Casino nicht finden und k\u00f6nnen zwischen den anderen Casinos einen genaueren Blick werfen. Es gibt auch kein Live Casino bei SlotsMillion, es ist ausschlie\u00dflich auf Slots ausgerichtet. Aber sie sind auch sehr gut darin! Eine sehr sch\u00f6ne Erg\u00e4nzung des Casinos ist die Option f\u00fcr virtuelle Realit\u00e4t. Bei SlotsMillion Casino k\u00f6nnen Sie mit Ihrer VR-Brille ein echtes Casino-Erlebnis zu Hause erleben. Sie m\u00fcssen dazu einige Software herunterladen, aber das sollte den Spa\u00df nicht beeintr\u00e4chtigen. Trotz des Fehlens von Tischspielen oder Live-Casinos ist das SlotsMillion Casino sehr zu empfehlen, insbesondere aufgrund der gro\u00dfen Auswahl an Automatenspielen. Es richtet sich ausschlie\u00dflich an Spieler, die Spielautomaten suchen. Hier finden Sie alle bekannten und beliebten Spielautomaten und Casino-Boni.<\/p>\n<h2>Ein zuverl\u00e4ssiges und hilfreiches Casino<\/h2>\n<p>SlotsMillion ist ein zuverl\u00e4ssiges Online-Casino. Sie haben eine Casino-Lizenz auf Malta und Cura\u00e7ao. Dies, kombiniert mit der Tatsache, dass alle Online-Slots von zuverl\u00e4ssigen Entwicklern stammen, gibt Ihnen die Gewissheit, hier eine Chance zu ergreifen. Das Guthaben kann auf verschiedene Arten erworben werden, z. B. mit Visa \/ Mastercard, \u00fcber Neteller, Skrill oder eine Paysafecard. Pers\u00f6nliche Daten werden vertraulich behandelt und keinesfalls an Dritte weitergegeben. Der Helpdesk ist 24 Stunden am Tag und 7 Tage die Woche \u00fcber ein praktisches Live-Chat-Fenster erreichbar. Das Support-Team steht Ihnen jederzeit zur Verf\u00fcgung. Sie k\u00f6nnen Ihre Frage nat\u00fcrlich auch per E-Mail oder telefonisch stellen.<\/p>\n<h2>Kundendienst<\/h2>\n<p>Das SlotsMillion Casino Kundendienstteam ist ein zuverl\u00e4ssiges Team, das daf\u00fcr sorgt, dass Sie nie lange warten m\u00fcssen. Ihre Fragen werden schnell \u00fcber die Live-Chat-Funktion auf der Website beantwortet. Sie unterhalten sich sofort mit einem Mitarbeiter des Kundensupports, und Ihnen wird sofort geholfen. Diese Live-Chat-Funktion ist t\u00e4glich von 10.00 bis 00.00 Uhr fast die gesamten 24 Stunden verf\u00fcgbar. Dar\u00fcber hinaus k\u00f6nnen Sie uns jederzeit per E-Mail kontaktieren oder das Casino telefonisch kontaktieren.<\/p>\n<h2>Ein unverwechselbares Online-Casino<\/h2>\n<p>SlotsMillion macht seinem Namen alle Ehre. Als echter Slot-Liebhaber k\u00f6nnen Sie sich hier wirklich am\u00fcsieren. Mit mehr als 1.200 Slots und einem erstaunlich sch\u00f6nen Virtual Reality Casino hebt sich dieses Online Casino von anderen ab. Die Fairness der Slots ist ein wichtiger Punkt f\u00fcr das Casino. Alle Slotspiele von SlotsMillion Casino werden daher von einer unabh\u00e4ngigen Partei gepr\u00fcft, um zu beweisen, dass sie zu 100% ehrlich sind. Spieler k\u00f6nnen daher davon ausgehen, dass sie bei allen SlotsMillion Casinos Spielen eine faire Gewinnchance haben.<\/p>\n<h2>Zusammenfassend<\/h2>\n<p>SlotsMillion Casino ist mit \u00fcber 1000 Video-Slots eines der gr\u00f6\u00dften Slot-Casinos der Branche. Magst du Slots? Dann sind Sie bei uns genau richtig! Holen Sie sich den netten Willkommensbonus und lernen Sie dieses verr\u00fcckte Slot-Casino kennen.<\/p>\n","protected":false},"excerpt":{"rendered":"<p>SlotsMillion Casino Bewertung Deutschland 2019 SlotsMillion wurde 2014 lanciert und ist heute eines der gr\u00f6\u00dften und modernsten Online-Casinos. Und wie der Name vermuten l\u00e4sst; Hier finden Sie viele fantastische Online-Slots. Momentan schreiben wir das, der Z\u00e4hler befindet sich bereits auf mehr als 1.200 verschiedenen Slots. Sobald Sie das Casino besuchen, erhalten Sie sofort Zugriff auf [&hellip;]<\/p>\n","protected":false},"author":1,"featured_media":330,"parent":0,"menu_order":0,"comment_status":"closed","ping_status":"closed","template":"page-casino-review.php","meta":{"footnotes":""},"categories":[],"tags":[],"class_list":["post-328","page","type-page","status-publish","has-post-thumbnail","hentry"],"aioseo_notices":[],"_links":{"self":[{"href":"https:\/\/pokiesportal.com\/de\/wp-json\/wp\/v2\/pages\/328","targetHints":{"allow":["GET"]}}],"collection":[{"href":"https:\/\/pokiesportal.com\/de\/wp-json\/wp\/v2\/pages"}],"about":[{"href":"https:\/\/pokiesportal.com\/de\/wp-json\/wp\/v2\/types\/page"}],"author":[{"embeddable":true,"href":"https:\/\/pokiesportal.com\/de\/wp-json\/wp\/v2\/users\/1"}],"replies":[{"embeddable":true,"href":"https:\/\/pokiesportal.com\/de\/wp-json\/wp\/v2\/comments?post=328"}],"version-history":[{"count":0,"href":"https:\/\/pokiesportal.com\/de\/wp-json\/wp\/v2\/pages\/328\/revisions"}],"wp:featuredmedia":[{"embeddable":true,"href":"https:\/\/pokiesportal.com\/de\/wp-json\/wp\/v2\/media\/330"}],"wp:attachment":[{"href":"https:\/\/pokiesportal.com\/de\/wp-json\/wp\/v2\/media?parent=328"}],"wp:term":[{"taxonomy":"category","embeddable":true,"href":"https:\/\/pokiesportal.com\/de\/wp-json\/wp\/v2\/categories?post=328"},{"taxonomy":"post_tag","embeddable":true,"href":"https:\/\/pokiesportal.com\/de\/wp-json\/wp\/v2\/tags?post=328"}],"curies":[{"name":"wp","href":"https:\/\/api.w.org\/{rel}","templated":true}]}}