{"id":304,"date":"2019-01-26T17:32:40","date_gmt":"2019-01-26T17:32:40","guid":{"rendered":"http:\/\/pokiesportal.com\/de\/?page_id=304"},"modified":"2019-01-26T17:32:59","modified_gmt":"2019-01-26T17:32:59","slug":"trada-casino","status":"publish","type":"page","link":"https:\/\/pokiesportal.com\/de\/trada-casino\/","title":{"rendered":"trada casino"},"content":{"rendered":"<h1>Trada Casino Bewertung Deutschland 2019<\/h1>\n<p>Trada Casino ist ein modernes Online Casino. Spieler im Trada Casino k\u00f6nnen aus einer Vielzahl von Slots, Tischspielen und anderen Casino-Spezialit\u00e4ten von Microgaming, NetEnt und Pariplay w\u00e4hlen. Die Site ist auch auf mobilen Ger\u00e4ten verf\u00fcgbar. Das Trada Casino ist in englischer Sprache erh\u00e4ltlich, bietet Live-Support von neun Uhr morgens bis elf Uhr abends und ist von der Regierung der Isle of Man lizenziert. Die Casinos wurden vom PokiesPortal-Team als zuverl\u00e4ssig befunden.<\/p>\n<h2>Spielangebot bei Trada<\/h2>\n<p>Slot-Liebhaber werden mit der gro\u00dfen Auswahl an Bonus-Video-Slots sowie klassischen Obstmaschinen bestens bedient. Dazu geh\u00f6ren Titel von Microgaming und Pariplay, darunter beliebte Favoriten wie Immortal Romance, Avalon II, Tomb Raider, Big Bad Wolf, Hase im Hut, Jurassic Park und viele weitere Top-Spiele. Das Trada Casino bietet au\u00dferdem eine au\u00dfergew\u00f6hnliche Auswahl an Bingo, Keno, Rubbelkarten und speziellen Spielen von Microgaming und Pariplay. Bingo-Spieler k\u00f6nnen aus verschiedenen Varianten dieses Spiels w\u00e4hlen, wie Maya Bingo, Super Bonus Bingo und Samba Bingo. Liebhaber von Rubbelkarten k\u00f6nnen ihr Gl\u00fcck mit Spielen wie Whack a Jackpot, Slam Funk und Turtley Awesome versuchen. Es gibt auch mehrere Arcade-Spiele, darunter Hairy Fairies.<\/p>\n<h2>Tischspiele<\/h2>\n<p>Tisch-Enthusiasten k\u00f6nnen im Trada Casino zwischen verschiedenen Roulette- und Blackjack-Varianten w\u00e4hlen, darunter klassischer Blackjack, spanischer Blackjack, Vegas Strip Blackjack, amerikanischem Roulette, Premier Roulette Diamond und franz\u00f6sischem Roulette. Dar\u00fcber hinaus bietet dieses Casino auch Cyberstud Poker, Baccarat Gold und Casino War an. Das von Trada Casino angebotene Video Poker von Microgaming ist sehr umfangreich, viele davon werden sowohl als Single-Hand- als auch als Multi-Hand-Version angeboten. Zu den verf\u00fcgbaren Varianten geh\u00f6ren Aces &amp; Faces, Deuces Wild, Double Double Bonus, Louisiana Double, Zehner oder besser, Joker Poker und Buben oder besser. Auch hier gibt es eine gro\u00dfe Auswahl<\/p>\n<h2>Trada Casino Boni<\/h2>\n<p>Trada zeichnet sich aus, tut aber gleichzeitig das, was alle anderen Casinos tun: Neue und bestehende Mitglieder erhalten Bonusse. Nat\u00fcrlich nur gut, weil wir uns nat\u00fcrlich ein wenig verw\u00f6hnen lassen wollen, wenn wir ein bestimmtes Casino w\u00e4hlen, oder? Im Trada Casino wissen sie das und deshalb haben sie nicht nur einen netten Willkommensbonus, der auf Sie wartet, sondern verw\u00f6hnen Sie jeden Tag, wenn Sie dem Clan beitreten. Seien Sie vorsichtig mit Ihrer Anmeldung, da die Chancen, dass die unten aufgef\u00fchrten Boni zum Zeitpunkt des Lesens dieses Artikels nicht mehr g\u00fcltig sind, sehr wahrscheinlich sind. Besuchen Sie daher schnell die Website von Trada Casino, um die neuesten Boni und Promotionen zu entdecken!<\/p>\n<h2>Willkommensbonus<\/h2>\n<p>Wie in jedem anderen Online-Casino k\u00f6nnen Sie auch im Trada Casino mit einem Willkommensgeschenk rechnen. Wenn Sie sich zum ersten Mal im Casino anmelden, erhalten Sie sogar Geschenke, ohne daf\u00fcr Geld zahlen zu m\u00fcssen. Wenn Sie sich einfach anmelden, erhalten Sie bereits 50 Freispiele f\u00fcr den megapopularen Starburst-Slot. Eine sch\u00f6ne Ankunft! Wenn Sie sich entscheiden, nach der Anmeldung Geld auf Ihr Konto einzuzahlen, erh\u00e4lt Trada Casino einen Einzahlungsbonus von 200% auf diese erste Einzahlung. Die Mindesteinzahlung, um sich f\u00fcr diesen Bonus zu qualifizieren, betr\u00e4gt 5 Euro. Der maximale Betrag, den Sie mit diesem Registrierungsbonus eingeben k\u00f6nnen, betr\u00e4gt 25 Euro.<\/p>\n<h2>T\u00e4glich wechselnde Boni<\/h2>\n<p>Neue Spieler sind nat\u00fcrlich immer willkommen. Aber wenn Ihre treuen Mitglieder mit B\u00fcschen weggehen, machen Sie als Online-Casino etwas falsch. Das Trada Casino hat den &#8220;Daily Promotions Calender&#8221; ver\u00f6ffentlicht. W\u00f6rtlich kommen sie jeden Tag mit neuen Boni und Promotionen. Von Freispielen \u00fcber Cashback-Aktionen bis hin zu zus\u00e4tzlichen Einzahlungsboni. Sie werden automatisch erkannt, wenn Sie auf der Website angemeldet sind. Sie sind in Ihrem Konto eindeutig angegeben, so dass Sie niemals eine verr\u00fcckte Aktion verpassen.<\/p>\n<h2>Trada Casino zuverl\u00e4ssig?<\/h2>\n<p>Trada Casino l\u00e4uft seit 2011 in der Welt der Online-Casinos. Wenn es eine Welt gibt, in der Sie hart beschuldigt werden, wenn Sie unzuverl\u00e4ssig sind, dann ist es die Welt des Online-Gl\u00fccksspiels. Die Leute spielen mit ihrem eigenen hart verdienten Geld (und manchmal auch mit einem netten Bonus, aber sie m\u00fcssen trotzdem selbst Geld einzahlen). Niemand wird es akzeptieren, wenn sich herausstellt, dass das betreffende Online Casino b\u00f6sartig ist. Insofern wurde die Frage nach der Zuverl\u00e4ssigkeit des Trada Casinos sofort beantwortet. Das Spielen in diesem Casino ist 100% sicher. TradaGames Limited (Inhaber von Trada Casino) besitzt alle Lizenzen, die zum Betreiben eines Online-Casinos erforderlich sind, und ist in England unter der Aufsicht der UK Gambling Commission geregelt. Wenn Sie die Website nutzen, geschieht dies immer \u00fcber eine verschl\u00fcsselte Internetverbindung. Durch diese sichere Verbindung k\u00f6nnen b\u00f6swillige Parteien niemals sensible Informationen abfangen. Au\u00dferdem k\u00f6nnen Sie Ihre Bankgesch\u00e4fte nur \u00fcber sichere Zahlungsmethoden regeln. M\u00f6glich sind unter anderem Kreditkarte, PaySafe Card, Skrill, Klarna und Neteller.<\/p>\n<h2>Hat Trada Casino eine mobile Website oder App?<\/h2>\n<p>Sie k\u00f6nnen auch von Ihrem Smartphone oder Tablet aus im Casino spielen. Sie haben keine spezielle App f\u00fcr Ihre Apple- oder Android-Ger\u00e4te, aber die mobile Version der Website l\u00e4sst sich gut auf Ihren Smart-Ger\u00e4ten laden. Unterwegs k\u00f6nnen Sie alle Ihre Lieblingscasinospiele im Trada Casino spielen.<\/p>\n<h2>Service und Unterst\u00fctzung<\/h2>\n<p>Das Trada Casino verf\u00fcgt \u00fcber einen praktischen Live-Chat-Service, den Sie zwischen 09:00 Uhr und 23:00 Uhr \u00fcber die Website abrufen k\u00f6nnen. Der Chat ist nicht immer sofort besetzt, aber wenn dies der Fall ist, wird schnell \u00fcber die Mail geantwortet, was nat\u00fcrlich in Ordnung ist. Spieler k\u00f6nnen eine E-Mail an das Casino senden, wenn niemand antwortet, und normalerweise eine Antwort innerhalb von 24 Stunden erhalten.<\/p>\n<h2>Sicherheit und Fairplay<\/h2>\n<p>Alle Trada Casino-Webseiten sind nach dem Industriestandard von 128-Bit-SSL-Comodo, einem f\u00fchrenden Sicherheitsunternehmen, codiert. Diese Technologie ist das gleiche Protokoll, das Banken verwenden, um private Daten geheim zu halten. So k\u00f6nnen die Spieler sicher sein, dass ihre Informationen sicher sind. Als Teil der Lizenzbestimmungen der Isle of Man pr\u00fcft Trada Casino seine Spiele regelm\u00e4\u00dfig durch unabh\u00e4ngige Agenturen TST und iTech Labs. Diese \u00dcberpr\u00fcfungen zeigen, dass alle Spiele im Trada Casino wirklich zuf\u00e4llig sind.<\/p>\n<h2>Zusammenfassend<\/h2>\n<p>Alles in allem haben Sie keinen Grund, noch l\u00e4nger zu warten, um sich anzumelden. Melden Sie sich schnell bei Trada Casino an, l\u00f6sen Sie die Free Spins ein und fordern Sie den sch\u00f6nen Willkommensbonus an, bevor es zu sp\u00e4t ist!<\/p>\n","protected":false},"excerpt":{"rendered":"<p>Trada Casino Bewertung Deutschland 2019 Trada Casino ist ein modernes Online Casino. Spieler im Trada Casino k\u00f6nnen aus einer Vielzahl von Slots, Tischspielen und anderen Casino-Spezialit\u00e4ten von Microgaming, NetEnt und Pariplay w\u00e4hlen. Die Site ist auch auf mobilen Ger\u00e4ten verf\u00fcgbar. Das Trada Casino ist in englischer Sprache erh\u00e4ltlich, bietet Live-Support von neun Uhr morgens bis [&hellip;]<\/p>\n","protected":false},"author":1,"featured_media":306,"parent":0,"menu_order":0,"comment_status":"closed","ping_status":"closed","template":"page-casino-review.php","meta":{"footnotes":""},"categories":[],"tags":[],"class_list":["post-304","page","type-page","status-publish","has-post-thumbnail","hentry"],"aioseo_notices":[],"_links":{"self":[{"href":"https:\/\/pokiesportal.com\/de\/wp-json\/wp\/v2\/pages\/304","targetHints":{"allow":["GET"]}}],"collection":[{"href":"https:\/\/pokiesportal.com\/de\/wp-json\/wp\/v2\/pages"}],"about":[{"href":"https:\/\/pokiesportal.com\/de\/wp-json\/wp\/v2\/types\/page"}],"author":[{"embeddable":true,"href":"https:\/\/pokiesportal.com\/de\/wp-json\/wp\/v2\/users\/1"}],"replies":[{"embeddable":true,"href":"https:\/\/pokiesportal.com\/de\/wp-json\/wp\/v2\/comments?post=304"}],"version-history":[{"count":0,"href":"https:\/\/pokiesportal.com\/de\/wp-json\/wp\/v2\/pages\/304\/revisions"}],"wp:featuredmedia":[{"embeddable":true,"href":"https:\/\/pokiesportal.com\/de\/wp-json\/wp\/v2\/media\/306"}],"wp:attachment":[{"href":"https:\/\/pokiesportal.com\/de\/wp-json\/wp\/v2\/media?parent=304"}],"wp:term":[{"taxonomy":"category","embeddable":true,"href":"https:\/\/pokiesportal.com\/de\/wp-json\/wp\/v2\/categories?post=304"},{"taxonomy":"post_tag","embeddable":true,"href":"https:\/\/pokiesportal.com\/de\/wp-json\/wp\/v2\/tags?post=304"}],"curies":[{"name":"wp","href":"https:\/\/api.w.org\/{rel}","templated":true}]}}