{"id":286,"date":"2019-01-26T15:57:53","date_gmt":"2019-01-26T15:57:53","guid":{"rendered":"http:\/\/pokiesportal.com\/de\/?page_id=286"},"modified":"2023-05-21T20:53:06","modified_gmt":"2023-05-21T20:53:06","slug":"bester-casino-bonus-deutschland","status":"publish","type":"page","link":"https:\/\/pokiesportal.com\/de\/bester-casino-bonus-deutschland\/","title":{"rendered":"bester casino bonus deutschland"},"content":{"rendered":"<h1>Bester Online Casino Bonus 2023<\/h1>\n<p>M\u00f6chten Sie auch den besten Online Casino Bonus erhalten? Dann wissen Sie, dass es viele Casinos gibt, die Online Casino Boni anbieten, die Sie verwenden k\u00f6nnen. Diese Online Casinos bieten Spielern Einzahlungsboni, Freispiele, Live-Casinoboni und Willkommensbonus. Mit einem besten Kasinobonus k\u00f6nnen Sie bei den Casinospielen besonders lange spielen und dabei auch gro\u00dfe Gewinne erzielen. Mit diesen Extras gibt es keine Schlangen im Gras. Schlie\u00dflich sind immer klare Bonusbedingungen festgelegt, die Sie als Spieler einhalten sollten. Ein Beispiel ist der Willkommensbonus. Sie m\u00fcssen einen Willkommensbonus freigeben, indem Sie den Betrag des Bonus setzen. Das bedeutet, dass Sie den Bonus X-mal zahlen m\u00fcssen. Auf unserer Website werden die verschiedenen Online-Casino-Boni n\u00e4her erl\u00e4utert. Auf jeder Seite werden Sie auf eine dieser Bedingungen sto\u00dfen und wir werden erkl\u00e4ren, damit Sie wissen, wo Sie stehen!<\/p>\n<h2>Erhalten Sie online den besten Casino Bonus<\/h2>\n<p>Den besten Online-Casino-Bonus finden Sie in allen Online-Casinos, die wir auf unserer Website erw\u00e4hnen. Wir haben nicht nur eine Anzeige von Bonus-Typen, sondern auch Casino-Bewertungen. Hiermit zeigen wir nur zuverl\u00e4ssige Online Casinos mit einem hohen Bonus, so dass auch Sie Boni erhalten und fair spielen k\u00f6nnen. Was tun, um einen Casino-Bonus zu erhalten? Das h\u00e4ngt vom jeweiligen Casino-Bonus ab. Es gibt Casino-Boni, f\u00fcr die Sie keine Einzahlung vornehmen m\u00fcssen, und Online-Casino-Boni, f\u00fcr die eine Einzahlung erforderlich ist. Ein Willkommensbonus ist beispielsweise ein solcher. Der Unterschied zwischen einem Willkommensbonus und einem Freispielbonus besteht darin, dass Sie eine Einzahlung t\u00e4tigen m\u00fcssen, um sich zu qualifizieren. Sicher ist jedoch, dass Sie mit all diesen kostenlosen Casinos einen Online-Casino-Bonus erhalten, den Sie f\u00fcr alle Arten von Casino-Spielen verwenden k\u00f6nnen. Denken Sie an Roulette, Blackjack, Spielautomaten, Video-Slots und Live-Casino-Spiele. M\u00f6chten Sie auch einen Online-Casino-Bonus nutzen k\u00f6nnen? Schauen Sie sich auf unserer Website um, denn Promotionen sind mehr als genug!<\/p>\n<h2>Einzahlungsbonus oder Reload Bonus<\/h2>\n<p>Einer der besten Online-Casino-Boni ist der Einzahlungsbonus. Ein Einzahlungsbonus sagt es selbst. Wenn Sie eine Einzahlung t\u00e4tigen, k\u00f6nnen Sie einen Casino-Bonus erhalten. Oft wird diese Einzahlung mit dem Willkommensbonus verwechselt, der speziell f\u00fcr neue Spieler gilt. Ein Einzahlungsbonus gilt f\u00fcr Spieler, die \u00f6fter wiederkommen und mehrmals gelten. Sie k\u00f6nnen daher fast bei jeder Einzahlung einen zus\u00e4tzlichen Cash-Bonus oder einen Reload-Bonus erhalten. Auf diese Weise k\u00f6nnen Sie h\u00e4ufiger und l\u00e4nger an Casinospielen spielen, die Sie m\u00f6gen!<\/p>\n<h2>Freispiele Bonus<\/h2>\n<p>Mit einem kostenlosen Spins-Bonus weist ein Online-Casino Sie auf die angebotenen Spielautomaten und Video-Slots hin. Videoslots mit Freispielen sind digitale Slots mit einem einzigartigen Design und verf\u00fcgen \u00fcber die besten Funktionen, auf die Sie sich verlassen k\u00f6nnen. Mit einem kostenlosen Spins-Bonus k\u00f6nnen Sie auf den Video-Slots spielen, ohne eine Einzahlung t\u00e4tigen zu m\u00fcssen. Ein Online-Casino bietet Ihnen die M\u00f6glichkeit, sich mit allen Video-Slots vertraut zu machen. Zum Beispiel bietet das Eskimo Casino einen Bonus von 10 Freispielen auf die neuesten Video-Slots, um sich mit ihnen vertraut zu machen. Ist das nicht eine gute M\u00f6glichkeit, ein Online-Casino kennenzulernen?<\/p>\n<h2>Live Casino Bonus<\/h2>\n<p>Ein Live-Casino-Bonus ist ein Bonus, den Sie beim Spielen von Live-Casino-Spielen verwenden k\u00f6nnen. Sie wissen nicht, was Live Casino Spiele sind? Dann werden wir das kurz erkl\u00e4ren. Live Casino Spiele sind Spiele, die vom Online Casino angeboten werden. Im Live-Casino-Portal des Online-Casinos k\u00f6nnen Sie Live-Blackjack, Live-Roulette, Live-Casino-Holdem und Live-Baccarat spielen. Das Einzigartige an den Live-Casinospielen ist, dass Sie mit mehreren Personen an einem Tisch spielen k\u00f6nnen und dass ein echter Live-Croupier oder Live-Dealer im Spiel ist. Magst du Live Casino Spiele? Dann machen Sie eine erste Einzahlung und erhalten sofort einen Live-Casino-Bonus.<\/p>\n<h2>Willkommensbonus<\/h2>\n<p>Ein Willkommensbonus gibt es fast in jedem Online-Casino. Zumindest in den Online-Casinos, die wir in Zukunft hier haben, k\u00f6nnen Sie einen Willkommensbonus erhalten. Das Eskimo Casino bietet beispielsweise einen Willkommensbonus von 100 Prozent, der bis zu 100 Euro betragen kann. Das Omnislots Casino bietet einen Willkommensgutschein \u00fcber 300 Euro und ist nicht weniger als 100 Prozent. Das Turbo Casino bietet au\u00dferdem einen 100% -Bonus und das sind \u20ac 151 mit nicht weniger als 151 Freispielen. Ein Willkommensbonus gilt f\u00fcr Spieler, die eine erste Einzahlung t\u00e4tigen. Ein Online-Casino kann beispielsweise f\u00fcr bestimmte Spieler interessant sein. Besonders f\u00fcr Spieler, die Casino-Boni lieben. Spieler, die regelm\u00e4\u00dfig oder regelm\u00e4\u00dfig spielen, k\u00f6nnen in einem Online-Casino mit hohem Bonus viel besser spielen.<\/p>\n","protected":false},"excerpt":{"rendered":"<p>Bester Online Casino Bonus 2023 M\u00f6chten Sie auch den besten Online Casino Bonus erhalten? Dann wissen Sie, dass es viele Casinos gibt, die Online Casino Boni anbieten, die Sie verwenden k\u00f6nnen. Diese Online Casinos bieten Spielern Einzahlungsboni, Freispiele, Live-Casinoboni und Willkommensbonus. Mit einem besten Kasinobonus k\u00f6nnen Sie bei den Casinospielen besonders lange spielen und dabei [&hellip;]<\/p>\n","protected":false},"author":1,"featured_media":0,"parent":0,"menu_order":0,"comment_status":"closed","ping_status":"closed","template":"","meta":{"footnotes":""},"categories":[],"tags":[],"class_list":["post-286","page","type-page","status-publish","hentry"],"aioseo_notices":[],"_links":{"self":[{"href":"https:\/\/pokiesportal.com\/de\/wp-json\/wp\/v2\/pages\/286","targetHints":{"allow":["GET"]}}],"collection":[{"href":"https:\/\/pokiesportal.com\/de\/wp-json\/wp\/v2\/pages"}],"about":[{"href":"https:\/\/pokiesportal.com\/de\/wp-json\/wp\/v2\/types\/page"}],"author":[{"embeddable":true,"href":"https:\/\/pokiesportal.com\/de\/wp-json\/wp\/v2\/users\/1"}],"replies":[{"embeddable":true,"href":"https:\/\/pokiesportal.com\/de\/wp-json\/wp\/v2\/comments?post=286"}],"version-history":[{"count":1,"href":"https:\/\/pokiesportal.com\/de\/wp-json\/wp\/v2\/pages\/286\/revisions"}],"predecessor-version":[{"id":1007,"href":"https:\/\/pokiesportal.com\/de\/wp-json\/wp\/v2\/pages\/286\/revisions\/1007"}],"wp:attachment":[{"href":"https:\/\/pokiesportal.com\/de\/wp-json\/wp\/v2\/media?parent=286"}],"wp:term":[{"taxonomy":"category","embeddable":true,"href":"https:\/\/pokiesportal.com\/de\/wp-json\/wp\/v2\/categories?post=286"},{"taxonomy":"post_tag","embeddable":true,"href":"https:\/\/pokiesportal.com\/de\/wp-json\/wp\/v2\/tags?post=286"}],"curies":[{"name":"wp","href":"https:\/\/api.w.org\/{rel}","templated":true}]}}