{"id":285,"date":"2019-01-26T15:55:46","date_gmt":"2019-01-26T15:55:46","guid":{"rendered":"http:\/\/pokiesportal.com\/de\/?page_id=285"},"modified":"2019-01-26T15:55:46","modified_gmt":"2019-01-26T15:55:46","slug":"oshi-casino","status":"publish","type":"page","link":"https:\/\/pokiesportal.com\/de\/oshi-casino\/","title":{"rendered":"oshi casino"},"content":{"rendered":"<h1>Oshi Casino Bewertung Deutschland 2019<\/h1>\n<p>Treffen Sie die Mutter aller Casinos. Oshi Casino hat \u00fcber 500 Spiele von 19 f\u00fchrenden Anbietern, darunter NetEnt, Betsoft und iSoftBet. Wenn Spieler, die das Oshi Online Casino zum ersten Mal besuchen, neugierig auf die Herkunft dieses Casinos sind, bleibt keine Frage offen: eine \u00fcbersichtliche Startseite mit einem Abschnitt mit allen m\u00f6glichen Zusatzinformationen \u00fcber das Casino und das Team Hinter den Kulissen herrscht eine vertrauliche Atmosph\u00e4re, und viele Spieler sch\u00e4tzen diese Offenheit sicherlich. Es ist ein Casino mit einer gemischten Plattform in Bezug auf Software, die haupts\u00e4chlich Bitcoin als W\u00e4hrung verwendet. Das Oshi Casino ist ein gemeinsames Eigentum der Firma &#8217;90 Ltd. &#8216;und SoftSwiss und verf\u00fcgt \u00fcber eine Lizenz in Cura\u00e7ao. Daher wird es auch von den Gl\u00fccksspielbeh\u00f6rden von Cura\u00e7ao reguliert.<\/p>\n<h2>Mehr \u00fcber das Oshi Casino<\/h2>\n<p>Oshi Casino ist eine Lizenz f\u00fcr Bitcoin und Fiat Money Casino in Curacao. Sie bieten faires Spielen und eine gro\u00dfe Auswahl an Slots und Casino-Spielen mit mehr als 500 Titeln! Die Website hat 19 verschiedene Softwareanbieter, akzeptiert neun verschiedene W\u00e4hrungen und ist offen und ehrlich in Bezug auf Boni. Die Leute hinter Ohsi haben sorgf\u00e4ltig ein Casino, in dem es um die Spiele geht. Sie haben alle auff\u00e4lligen Grafiken entfernt, verkaufen sich hart und lassen die Spiele durch. Sie sind f\u00fcr alle Spieler n\u00fctzlich und einladend und Sie brauchen sie, und sie stehen Ihnen jederzeit zur Verf\u00fcgung. Die Website bietet auch ihre Oshi-Wissensdatenbank, die viele n\u00fctzliche Informationen zum Casino enth\u00e4lt.<\/p>\n<h2>Mobile<\/h2>\n<p>Das Casino ist mobil und kann auf fast jedem Ger\u00e4t gespielt werden. Das einfache Design ist durchdacht und \u00e4u\u00dferst benutzerfreundlich und leicht zu navigieren.<\/p>\n<h2>Auszahlungen<\/h2>\n<p>Das Casino akzeptiert Bitcoin, Visa, Mastercard, Maestro, Neteller, Skrill und Paysafe Card. Weil sie ein Bitcoin Casino sind, bieten sie auch sofortige Auszahlungen an. Ihre minimalen Auszahlungen sind im Vergleich zu anderen Casinos sehr niedrig, so dass Sie im Wesentlichen den Gegenwert von 0,05 US-Dollar plus Sie \u00fcber Ihr Konto mit einem Betrag zahlen, den Sie dank keiner Provision auf die Zahlungen m\u00f6gen!<\/p>\n<h2>Thema<\/h2>\n<p>Die Site entscheidet sich daf\u00fcr, das Scrollen von Bannern und das Blinken von Grafiken zu vermeiden. Sie haben versprochen, den Platz f\u00fcr ihre Spieler entspannt und entspannt zu halten, ohne dabei von Ihren Lieblingsspielen abgelenkt zu werden. Jetzt k\u00f6nnen wir mit an Bord gehen!<\/p>\n<h2>Fordern Sie Ihren exklusiven Oshi Casino Bonus an!<\/h2>\n<ul>\n<li>Erste Einzahlung: 125% Bonus bis zu 400 AUD + 180 Freispiele<\/li>\n<li>2. Einzahlungsbonus: 50% Bonus bis zu 200 AUD<\/li>\n<li>3. Einzahlungsbonus: 50% Bonus bis zu 200 AUD<\/li>\n<li>4. Einzahlung: 125% Bonus bis zu 400 AUD + 45 Freispiele<\/li>\n<\/ul>\n<p>Tipp: Der Willkommensbonus, der aus Einzahlungsboni f\u00fcr Ihre erste, zweite, dritte und vierte Einzahlung besteht, wird automatisch Ihrem Konto hinzugef\u00fcgt: Wenn Sie ohne Bonus spielen m\u00f6chten, k\u00f6nnen Sie in das entsprechende Feld &#8220;Opt -out oder Bonusangebote &#8216;, die Sie in der Kasse finden.<\/p>\n<h2>Bonusbedingungen<\/h2>\n<ul>\n<li>Exklusiver Bonus nur f\u00fcr neue australische Oshi-Spieler verf\u00fcgbar<\/li>\n<li>Mindestanzahlung ist erforderlich<\/li>\n<li>Maximaler Einsatz gilt<\/li>\n<li>Alle Boni haben Wettanforderungen<\/li>\n<li>Bonusbedingungen gelten<\/li>\n<\/ul>\n<h2>Vorteile<\/h2>\n<ul>\n<li>Exklusiver Einzahlungsbonus f\u00fcr die erste, zweite, dritte und vierte Einzahlung<\/li>\n<li>T\u00e4gliche &#8220;zuf\u00e4llige&#8221; Boni<\/li>\n<li>Kostenlose Spin-Promos<\/li>\n<li>Vollst\u00e4ndig integrierte Softwareplattform<\/li>\n<li>Haus-Rand-Diagramm: Dies ist ein Schema mit Angaben zum prozentualen Vorteil von &#8216;Haus&#8217; pro Spiel<\/li>\n<li>Praktische Suchfunktion, mit der Sie Spiele nach Softwareanbieter filtern k\u00f6nnen<\/li>\n<\/ul>\n<h2>Nachteile<\/h2>\n<ul>\n<li>Nur Bitcoins und Euro als aktuelle W\u00e4hrung<\/li>\n<li>Konten, die 180 Tage oder l\u00e4nger inaktiv sind, werden ausgesetzt und der verbleibende Saldo wird eingezogen<\/li>\n<li>Reload-Boni, die jeden Montag, Mittwoch und Freitag angeboten werden, k\u00f6nnen nur einmal pro Woche beansprucht werden<\/li>\n<li>Es gibt keine ausf\u00fchrlichen Regeln und Bedingungen f\u00fcr Boni<\/li>\n<\/ul>\n<h2>Spielautomaten und Spiele im Oshi Casino<\/h2>\n<p>Jedes Spiel ist perfekt katalogisiert. Ihre Filter erm\u00f6glichen es Ihnen, direkt nach unten zu suchen und zwischen den Spielen zu suchen, die Sie gerne spielen werden. Die Filter umfassen Themen-, Bonusspiele, Anzahl der Rollen, Wilds, Scatter, Anzahl der WINS-Linien, Leichtigkeit des Spiels und Volatilit\u00e4t. Spieler k\u00f6nnen auch nach ihren bevorzugten Providern suchen, so dass Sie zwischen NextGen oder NetEnt, Amatic oder Ezugi w\u00e4hlen k\u00f6nnen! Wir finden auch, dass jedes Spiel eine schnelle Videovorschau hat, so dass Sie einen Eindruck bekommen, was Sie erwartet, bevor Sie Ihre Wahl treffen. Sobald Sie ein paar Mal besucht haben, k\u00f6nnen ihre Algorithmen ein paar Vorschl\u00e4ge f\u00fcr Spiele herausbringen, die Ihnen gefallen, so dass es sich anf\u00fchlt, als w\u00e4re das Casino f\u00fcr Sie ma\u00dfgeschneidert! Zu ihren beliebtesten Titeln geh\u00f6ren Fruit Zen, Pyramidenbuch, Wildhai, Cherry Fiesta, Eye of Ra, Zuckerpuppe, V\u00f6gel und Boomanji! Hier gibt es eine Reihe brillanter Spiele mit wirklich innovativen Softwareentwicklungsprogrammen. Denken Sie daran, dass Sie sie kostenlos testen k\u00f6nnen, bevor Sie um echtes Geld spielen. Eine gute M\u00f6glichkeit zu entscheiden, ob Sie die Spiele m\u00f6gen, bevor Sie ein hart verdientes Geld einsetzen.<\/p>\n<ul>\n<li>Beliebte Slots: Platinum Lightning, Safari, House of Fun, Satoshis Geheimnis, Mehr Gold Diggin, Jetsetter, The Slotfather, Frankslots Monster, Fruit Zen, A Christmas Carol, Hawaii-Cocktails, Lucky Blue, Fantasy Park, 4 Seasons und Undines Deep.<\/li>\n<li>Progressive Jackpot-Spiele: Auf der Copa, Good Girl Bad Girl, Gierige Goblins, Tycoons Plus, Eine Nacht in Paris, Mr. Vegas, The Ghouls, Glam Life Jackpot Jamba und Diamond Jackpot.<\/li>\n<li>Video Poker: Wildes Texas, Split Way Royal, Doppel Bonus Poker, Bonus Poker, Bonus Deuces, 10er oder besser, Zweien &amp; Joker, Double Joker Poker, Jacks or Better und alle Amerikaner.<\/li>\n<li>Tischspiele: Blackjack, Roulette, Ride&#8217;m Poker, Draw Hi Lo, 21 Burn, Pontoon, Hi-Lo Switch, Doppelbelichtung, Craps, Baccarat und Pirat 21.<\/li>\n<\/ul>\n<p>Abgesehen von den Spielautomaten bietet das Oshi Casino zahlreiche Tischspiele. Von Ezugi betriebene Live-Spiele umfassen Roulette, Baccarat, Blackjack, Keno und Sede. Als Teil des Table Games-Pakets erhalten Sie die \u00fcbliche Mischung von Spielen mit verschiedenen Wendungen bei Casino-Staples wie Roulette und Blackjack. Sie werden auch eine sehr gute Auswahl an Tisch- und Video-Poker finden. Wenn Sie also ein Fan des Spiels sind, haben Sie Gl\u00fcck! Die Spiele sind nachweislich fair und von den iTechLabs getestet. Ihr WilleKeurig-Nummerngenerator-Zertifikat befindet sich in der Oshi-Wissensdatenbank. Sie haben sogar Zugriff auf RTP-Statistiken f\u00fcr die meisten Spiele, sodass Sie die Spiele finden k\u00f6nnen, die Ihnen die besten Chancen bieten.<\/p>\n<h2>Kundendienst<\/h2>\n<p>Wenn Sie etwas Hilfe ben\u00f6tigen, haben Sie einen rund um die Uhr verf\u00fcgbaren Kundendienst, der in drei Sprachen funktioniert und per Live-Chat und E-Mail verf\u00fcgbar ist.<br \/>\nE-Mail: Verwenden Sie das Webformular, das Sie im Men\u00fc &#8220;Kontakt&#8221; finden.<br \/>\nTelefon: n \/ a<\/p>\n<h2>Wo es sich dreht<\/h2>\n<p>Oshi Casino steht auf Platz 85 der Liste von 1649 Casinos, die mit einem Ergebnis von 4,3 von 275 Stimmen bewertet wurden, und verf\u00fcgt \u00fcber 1218 Slots von Microgaming, Net Entertainment, BetSoft und 11 anderen, die eine durchschnittliche Bewertung von 3,3 von 199206 Stimmen haben<\/p>\n<h2>Zusammenfassung<\/h2>\n<p>Oshi Casino ist ein aufregender Ort zum Spielen. Sie betreiben ein No-Nonsense-Casino mit einer gro\u00dfen Flexibilit\u00e4t f\u00fcr ihre Spieler, einschlie\u00dflich ihres &#8220;Build your bonus&#8221; f\u00fcr neue Spieler! Die gemischte Software-Plattform bietet mehr als 200 Spiele, darunter 125 von Betsoft, 34 von Endorphina und 40 von Softswiss, so dass die Unterhaltung vielf\u00e4ltig ist. Weitere Informationen zu den Bonusregeln und den allgemeinen Gesch\u00e4ftsbedingungen sollten zur Verf\u00fcgung gestellt werden, da Sie zum jetzigen Zeitpunkt nur sehen k\u00f6nnen, was Sie durch die Bedingungen spielen m\u00fcssen: Bisher gibt es keine Beschwerden, aber ein Spieler muss wissen, was er oder sie nicht tut darf mit dem Bonus tun, um nicht zu riskieren, dass seine Gewinne storniert werden! Eine Unterst\u00fctzung f\u00fcr mehrere W\u00e4hrungen w\u00e4re auch eine gute Sache, insbesondere im Hinblick auf den k\u00fcrzlich angek\u00fcndigten &#8220;Brexit&#8221;. Wenn Sie gerne mit Bitcoin und ohne Bonus spielen, sind Sie im Oshi Casino an der richtigen Adresse.<\/p>\n","protected":false},"excerpt":{"rendered":"<p>Oshi Casino Bewertung Deutschland 2019 Treffen Sie die Mutter aller Casinos. Oshi Casino hat \u00fcber 500 Spiele von 19 f\u00fchrenden Anbietern, darunter NetEnt, Betsoft und iSoftBet. Wenn Spieler, die das Oshi Online Casino zum ersten Mal besuchen, neugierig auf die Herkunft dieses Casinos sind, bleibt keine Frage offen: eine \u00fcbersichtliche Startseite mit einem Abschnitt mit [&hellip;]<\/p>\n","protected":false},"author":1,"featured_media":288,"parent":0,"menu_order":0,"comment_status":"closed","ping_status":"closed","template":"page-casino-review.php","meta":{"footnotes":""},"categories":[],"tags":[],"class_list":["post-285","page","type-page","status-publish","has-post-thumbnail","hentry"],"aioseo_notices":[],"_links":{"self":[{"href":"https:\/\/pokiesportal.com\/de\/wp-json\/wp\/v2\/pages\/285","targetHints":{"allow":["GET"]}}],"collection":[{"href":"https:\/\/pokiesportal.com\/de\/wp-json\/wp\/v2\/pages"}],"about":[{"href":"https:\/\/pokiesportal.com\/de\/wp-json\/wp\/v2\/types\/page"}],"author":[{"embeddable":true,"href":"https:\/\/pokiesportal.com\/de\/wp-json\/wp\/v2\/users\/1"}],"replies":[{"embeddable":true,"href":"https:\/\/pokiesportal.com\/de\/wp-json\/wp\/v2\/comments?post=285"}],"version-history":[{"count":0,"href":"https:\/\/pokiesportal.com\/de\/wp-json\/wp\/v2\/pages\/285\/revisions"}],"wp:featuredmedia":[{"embeddable":true,"href":"https:\/\/pokiesportal.com\/de\/wp-json\/wp\/v2\/media\/288"}],"wp:attachment":[{"href":"https:\/\/pokiesportal.com\/de\/wp-json\/wp\/v2\/media?parent=285"}],"wp:term":[{"taxonomy":"category","embeddable":true,"href":"https:\/\/pokiesportal.com\/de\/wp-json\/wp\/v2\/categories?post=285"},{"taxonomy":"post_tag","embeddable":true,"href":"https:\/\/pokiesportal.com\/de\/wp-json\/wp\/v2\/tags?post=285"}],"curies":[{"name":"wp","href":"https:\/\/api.w.org\/{rel}","templated":true}]}}