{"id":276,"date":"2019-01-26T15:11:27","date_gmt":"2019-01-26T15:11:27","guid":{"rendered":"http:\/\/pokiesportal.com\/de\/?page_id=276"},"modified":"2019-01-26T15:11:27","modified_gmt":"2019-01-26T15:11:27","slug":"mobilbet-casino","status":"publish","type":"page","link":"https:\/\/pokiesportal.com\/de\/mobilbet-casino\/","title":{"rendered":"mobilbet casino"},"content":{"rendered":"<h1>Mobilbet Casino Bewertung Deutschland 2019<\/h1>\n<p>Mobilbet Casino ist ein Online-Casino, das den Spielern ein einfaches Sofort-Spielerlebnis auf praktisch jedem Ger\u00e4t bietet. Es bietet mehr als 300 Slots von Microgaming, NetEnt, Playtech, Genesis Gaming, Leander Games, NextGen Gaming, Evolution Gaming, Play&#8217;n GO, Thunderkick und Yggdrasil Gaming. Die Seite bietet auch Live-Casino-Spiele und ist mit einem Online-Sportwetten und einem Pokerraum integriert. Das Mobilebet Casino ist von den Regierungen von Malta, Cura\u00e7ao und der UK Gambling Commission lizenziert. Mobilebet Casino erlaubt keine Spieler aus Cura\u00e7ao, Frankreich, Spanien, der T\u00fcrkei und den Vereinigten Staaten. Au\u00dferdem k\u00f6nnen Spieler aus einigen anderen L\u00e4ndern und Gebieten bestimmte Spiele nicht spielen. Ausf\u00fchrliche Informationen finden Sie unter Bedingung 7.3 auf der Website von Mobilebet Casino.<\/p>\n<h2>Spielangebot<\/h2>\n<p>Spieler finden mehr als 300 verschiedene Slots im Mobilbet Casino. Bei den meisten handelt es sich um Bonus-Video-Slots, die verschiedene Themen enthalten und unterschiedliche Funktionen und Zahlungspl\u00e4ne bieten. Dies sind beliebte Titel wie &#8220;Immortal Romance&#8221;, &#8220;Thunderstruck II&#8221;, &#8220;Jack Hammer&#8221;, &#8220;Jack Hammer 2&#8221;, &#8220;Gonzos Quest&#8221;, &#8220;Twin Spin&#8221;, &#8220;Mr. Cashback, Sherlock Mystery, Energoonz, Lady of Fortune und Hunderte mehr!<br \/>\nDas MobileBet Casino verf\u00fcgt \u00fcber eine sehr umfangreiche Auswahl an Slots, von denen mehr als 500 zur Verf\u00fcgung stehen. Die meisten davon sind moderne Video Slots mit einem festen Jackpot. Der Rest der Slotsammlung besteht aus einer Handvoll klassischer Slots mit drei Walzen und einigen progressiven Jackpots. Die Slots stammen von insgesamt f\u00fcnf verschiedenen Anbietern: Microgaming, NetEnt, Play&#8217;n Go, Yggdrasil und WMS. Alle diese Spielautomaten werden von den Spielautomaten und anderen Ca-Sin-Spielen, die sie herausgebracht haben, hoch gesch\u00e4tzt, so dass Sie sicherlich viele Spielautomaten finden werden, die Sie im Casino genie\u00dfen werden. Einige der beliebtesten im heutigen Casino sind Starburst, Twin Spider, Vikings Go Berzerk, Aloha! Cluster Pays und Hugo 2 &#8211; jeder von ihnen w\u00e4re ein gro\u00dfartiger Slot, um mit dem Spielen zu beginnen, wenn Sie sich im Casino anmelden.<\/p>\n<h2>Tischspiele<\/h2>\n<p>Mobilbet Casino bietet auch viele virtuelle Tischspiele. Diejenigen, die nach Blackjack-Spielen suchen, finden 6 verschiedene Varianten (einschlie\u00dflich Blackjack Single Deck und Blackjack Switch). Es gibt auch eine F\u00fclle von Roulette-Spielen (einschlie\u00dflich 3D-Roulette, Europ\u00e4isches Roulette und Franz\u00f6sisches Roulette). Wie andere wie Baccarat, Red Dog, Oasis Poker, Casino Hold&#8217;em und Caribbean Stud. Videopokerspieler finden im Mobilebet Casino mehr als 8 verschiedene Varianten. Dazu geh\u00f6ren Jacks or Better, Joker Poker, All American, Deuces Wild, Jackpot Poker und Joker Wild. Die meisten davon sind in Multi-Hand-Formaten erh\u00e4ltlich. Auf diese Weise k\u00f6nnen Spieler ihre Wetten entsprechend ihrem pers\u00f6nlichen Spielstil verteilen. Die Spieler im Mobilebet Casino finden auch verschiedene Rubbelkartenspiele wie &#8220;Max Win&#8221; und &#8220;Bubbles&#8221; sowie &#8220;Max Damage Alien Attack&#8221; und Keno.<\/p>\n<h2>Live Casino<\/h2>\n<p>Mobilbet Casino hat ein umfangreiches Live-Casino von Evolution Gaming. Die aktuelle Auswahl umfasst Live Blackjack, Live Roulette, Live VIP Roulette, Live Roulette, Live Casino Hold&#8217;em und Live Three Card Poker. Diese Spiele bieten dieselbe Spielumgebung, die ein landbasiertes Casino bietet, einschlie\u00dflich interaktiver Chat-Funktionen.<\/p>\n<h2>Mobiles Casino<\/h2>\n<p>Wie der Name vermuten l\u00e4sst, bietet Mobilebet Casino verschiedene Spielautomaten und einige andere Casino-Spiele f\u00fcr Spieler an, die unterwegs sind. Diese stammen von NetEnt, Play&#8217;n GO und Microgaming. Die mobile Version der Website kann durch \u00d6ffnen der Website auf einem kompatiblen Smartphone oder Tablet aufgerufen werden.<\/p>\n<h2>Kundendienst<\/h2>\n<p>Spieler des Mobilbet Casino k\u00f6nnen sich 7 Tage die Woche an einen Kundendienstmitarbeiter wenden. Obwohl die Arbeitszeit begrenzt ist (t\u00e4glich von 12.00 bis 21.00 Uhr MEZ), stellt das Live-Chat-Interface sicher, dass Spieler niemals l\u00e4nger als einige Minuten warten m\u00fcssen, um Hilfe zu erhalten. Spieler k\u00f6nnen auch eine E-Mail an das Casino senden und erwarten eine Antwort innerhalb von 24 Stunden.<\/p>\n<h2>Sicherheit und Ehrlichkeit<\/h2>\n<p>Alle Webseiten von Mobilbet Casino sind mit dem Goldstandard der 128-Bit-SSL-Verschl\u00fcsselung codiert. Bei dieser Technologie werden vertrauliche Details wie Kennw\u00f6rter, Bankdaten und andere pers\u00f6nliche und finanzielle Daten verborgen, um betr\u00fcgerische Aktivit\u00e4ten zu verhindern. Alle Spiele im Mobilebet Casino wurden von unabh\u00e4ngigen Pr\u00fcfern als fair befunden.<\/p>\n<h2>Fazit<\/h2>\n<p>MobilBet Casino ist ein gro\u00dfes Online Casino, das zur etablierten Marke MobileBet geh\u00f6rt. Das Casino verf\u00fcgt \u00fcber eine ziemlich beeindruckende Spielesammlung und bietet auch ein Sportwetten-Angebot mit Wetten auf eine Vielzahl von M\u00e4rkten. Wie der Name schon sagt, ist es normalerweise auf mobilen Ger\u00e4ten verf\u00fcgbar. Mit seinem mobilen Casino und seiner App, beide f\u00fcr Smartphone- und Tablet-Benutzer. Melden Sie sich noch heute an und denken Sie daran, dass jede Runde z\u00e4hlt!<\/p>\n","protected":false},"excerpt":{"rendered":"<p>Mobilbet Casino Bewertung Deutschland 2019 Mobilbet Casino ist ein Online-Casino, das den Spielern ein einfaches Sofort-Spielerlebnis auf praktisch jedem Ger\u00e4t bietet. Es bietet mehr als 300 Slots von Microgaming, NetEnt, Playtech, Genesis Gaming, Leander Games, NextGen Gaming, Evolution Gaming, Play&#8217;n GO, Thunderkick und Yggdrasil Gaming. Die Seite bietet auch Live-Casino-Spiele und ist mit einem Online-Sportwetten [&hellip;]<\/p>\n","protected":false},"author":1,"featured_media":278,"parent":0,"menu_order":0,"comment_status":"closed","ping_status":"closed","template":"page-casino-review.php","meta":{"footnotes":""},"categories":[],"tags":[],"class_list":["post-276","page","type-page","status-publish","has-post-thumbnail","hentry"],"aioseo_notices":[],"_links":{"self":[{"href":"https:\/\/pokiesportal.com\/de\/wp-json\/wp\/v2\/pages\/276","targetHints":{"allow":["GET"]}}],"collection":[{"href":"https:\/\/pokiesportal.com\/de\/wp-json\/wp\/v2\/pages"}],"about":[{"href":"https:\/\/pokiesportal.com\/de\/wp-json\/wp\/v2\/types\/page"}],"author":[{"embeddable":true,"href":"https:\/\/pokiesportal.com\/de\/wp-json\/wp\/v2\/users\/1"}],"replies":[{"embeddable":true,"href":"https:\/\/pokiesportal.com\/de\/wp-json\/wp\/v2\/comments?post=276"}],"version-history":[{"count":0,"href":"https:\/\/pokiesportal.com\/de\/wp-json\/wp\/v2\/pages\/276\/revisions"}],"wp:featuredmedia":[{"embeddable":true,"href":"https:\/\/pokiesportal.com\/de\/wp-json\/wp\/v2\/media\/278"}],"wp:attachment":[{"href":"https:\/\/pokiesportal.com\/de\/wp-json\/wp\/v2\/media?parent=276"}],"wp:term":[{"taxonomy":"category","embeddable":true,"href":"https:\/\/pokiesportal.com\/de\/wp-json\/wp\/v2\/categories?post=276"},{"taxonomy":"post_tag","embeddable":true,"href":"https:\/\/pokiesportal.com\/de\/wp-json\/wp\/v2\/tags?post=276"}],"curies":[{"name":"wp","href":"https:\/\/api.w.org\/{rel}","templated":true}]}}