{"id":267,"date":"2019-01-26T14:46:37","date_gmt":"2019-01-26T14:46:37","guid":{"rendered":"http:\/\/pokiesportal.com\/de\/?page_id=267"},"modified":"2023-05-21T19:37:00","modified_gmt":"2023-05-21T19:37:00","slug":"spielautomaten-online","status":"publish","type":"page","link":"https:\/\/pokiesportal.com\/de\/spielautomaten-online\/","title":{"rendered":"spielautomaten online"},"content":{"rendered":"<h1>Online Spielautomaten Spiele in Deutschland 2023<\/h1>\n<p>Online Spielautomaten, auch als ein Einarmiger Bandit und Video Slot bezeichnet, sind heutzutage sehr beliebt. Dies ist haupts\u00e4chlich auf die Beliebtheit der Spielautomaten im Casino zur\u00fcckzuf\u00fchren. Online-Spielautomaten sind genau das Gleiche, aber mit dem Vorteil, dass Sie Ihr Gl\u00fcck von zu Hause aus versuchen k\u00f6nnen!<\/p>\n<p>M\u00f6chten Sie im Internet eine Chance nutzen und auf einem der verf\u00fcgbaren Online-Spielautomaten spielen? Dann haben Sie immer eine gro\u00dfe Auswahl verschiedener Online-Casinos. Die vielen verschiedenen Online-Gl\u00fccksspielanbieter haben immer eine gro\u00dfe Auswahl, wenn es um verschiedene Spielautomaten geht. Im Online-Casino k\u00f6nnen Sie beispielsweise oft aus Hunderten von Slotmaschinen ausw\u00e4hlen, die alle unterschiedlich sind. Hier finden Sie klassische Spielautomaten, die Sie aus dem Caf\u00e9 kennen, aber es gibt auch weniger bekannte Automaten, an denen es sich lohnt zu spielen.<\/p>\n<h2>Spielautomaten um echt Geld spielen<\/h2>\n<p>Wenn Sie sich f\u00fcr Online-Slots entscheiden, sollten Sie wissen, dass es mehrere Optionen gibt, wenn es um Geldautomaten geht. Mit Geld zu spielen ist nat\u00fcrlich nicht nur aufregend, weil man damit Geld gewinnen kann, auch die vielen M\u00f6glichkeiten spielen dabei eine Rolle. Es gibt verschiedene Einsatzlimits f\u00fcr Anwendungen in den vielen Online-Slots, die Sie finden k\u00f6nnen. Das Wetten ist bereits ab 10 Cent pro Klick m\u00f6glich und gibt Ihnen die Chance, mit wenig Geld zu gewinnen. Das Risiko gro\u00dfer Verluste wird somit mit kleinen Eins\u00e4tzen auf ein Minimum reduziert. Wenn Sie schneller und schneller Geld gewinnen m\u00f6chten, m\u00fcssen Sie sich nat\u00fcrlich auch ein bisschen mehr riskieren. Es gibt viele Spielautomaten, die die M\u00f6glichkeit haben, h\u00f6here Eins\u00e4tze zu platzieren als beim Blackjack mit hohen Eins\u00e4tzen. Die Chance, mit der richtigen Kombination mehr zu gewinnen, ist nat\u00fcrlich wesentlich gr\u00f6\u00dfer. Welche Art von Wetten Sie spielen, h\u00e4ngt ganz von Ihnen selbst ab. Dies h\u00e4ngt m\u00f6glicherweise mit dem Budget oder der Bereitschaft zusammen, die Risiken einzugehen, die mit dem Betrachten von Online-Spielautomaten verbunden sind.<\/p>\n<h2>Kostenlose Spielautomaten<\/h2>\n<p>M\u00f6chten Sie Slots als Spieler spielen, ohne ein Risiko einzugehen, k\u00f6nnen Sie sich immer daf\u00fcr entscheiden, kostenlose Slotmaschinen online zu spielen. Sie erhalten kostenlose Gutschriften vom Casino, mit denen Sie auf den Spielautomaten wetten k\u00f6nnen, ohne Geld zu verlieren oder zu gewinnen. Nat\u00fcrlich ist es sch\u00f6n, sorglos spielen zu k\u00f6nnen, aber nat\u00fcrlich kann man nicht das wirkliche Spielerlebnis des Gewinnens erreichen. Ein weiterer Grund, kostenlose Spielautomaten zu spielen, ist nat\u00fcrlich, dass Sie einen Spielautomaten kostenlos kennenlernen k\u00f6nnen. Bevor Sie einen Euro verlieren, haben Sie die M\u00f6glichkeit, alle Optionen eines Spielautomaten zu erlernen, so dass Sie beim Geldspielen einige Vorteile haben.<\/p>\n<h2>Verschiedene Themen auf Spielautomaten online<\/h2>\n<p>Jeder Slot, den Sie online finden, hat ein anderes Aussehen, wobei die Spiele nicht immer sehr unterschiedlich sind. Das Spielprinzip bleibt bei allen Automaten gleich. Sie m\u00fcssen die Rollen laufen lassen, um sicherzustellen, dass Sie die richtigen Kombinationen ausf\u00fchren. Damit k\u00f6nnen Sie Punkte f\u00fcr eine gute Kombination gewinnen, die selbstverst\u00e4ndlich als Geld ausgezahlt werden kann. Jede Kombination von Symbolen berechtigt zu einem anderen Preis, wobei dies auch von der Anzahl der gedrehten Symbole abh\u00e4ngen kann. Spielen Sie jetzt zuverl\u00e4ssig an einem der Online-Slots, die Sie m\u00f6gen, und vielleicht gewinnen Sie riesige Preise!<\/p>\n<h2>Handy Online Spielautomaten spielen<\/h2>\n<p>Der Vorteil von Online-Casinos ist nat\u00fcrlich, dass Sie nicht die T\u00fcr zum Spielen verlassen m\u00fcssen. Was Sie nicht vergessen sollten ist, dass Sie auch Online-Spielautomaten mobil spielen k\u00f6nnen. M\u00f6chten Sie einen der beliebtesten Online-Slots mobil spielen? Dann wissen Sie, dass Sie keine separate App oder andere Software ben\u00f6tigen. Alles was du tun musst Dies ist die Website einer Online-Casino-Er\u00f6ffnung, auf der diese f\u00fcr Ihren mobilen Bildschirm angepasst wird. So k\u00f6nnen Sie die besten und auch die neuesten Slots mit den gleichen Regeln im Vollbildmodus spielen, wie diese online gespielt werden k\u00f6nnen. Das mobile Display unterscheidet sich offensichtlich von dem, wenn Sie auf einem Computer oder Laptop spielen. Dies ist auf den kleineren Bildschirm zur\u00fcckzuf\u00fchren, bei dem oft nur die Tasten etwas kompakter sind. Dar\u00fcber hinaus l\u00e4sst die Spielumgebung sicherlich keine W\u00fcnsche offen.<\/p>\n<h2>Globales Design der Spielautomaten<\/h2>\n<p>Klassische Slots haben in vielen F\u00e4llen drei Rollen, anstelle der normalerweise f\u00fcnf oder mehr Rollen, die die moderneren Video-Slots haben. \u00dcbrigens k\u00f6nnen die klassischen Slots auch die Verwendung mehrerer Rollen oder sogar mehrerer Bildschirme verhindern, wie dies bei Mega Joker und Joker&#8217;s Gold der Fall ist. In den meisten F\u00e4llen k\u00f6nnen Sie mit Gewinnen spielen, um Ihre Gewinne zu verdoppeln oder anderweitig zu vervielfachen. Dann sagen Sie zum Beispiel voraus, welche Spielkarte als n\u00e4chstes gezogen wird. Wenn Sie es richtig haben, wird Ihr Gewinnbetrag multipliziert.<\/p>\n<p>Im Vergleich zu modernen Videoslots sind die klassischen Slots eher traditionell und enthalten weniger (unn\u00f6tigen) Aufwand. In Videoslots werden mehr Animationen verwendet, um anzuzeigen, wann Sie etwas gewonnen haben. Es gibt auch mehr (oder spektakul\u00e4rere) Bonusspiele in modernen Videoslots. Wenn Sie es jedoch einfach m\u00f6gen, sind die klassischen Online-Spielautomaten besser geeignet.<\/p>\n<h2>Slots oder Videoslots, gibt es einen Unterschied?<\/h2>\n<p>Vermutlich kann man an den obigen St\u00fccken schon erkennen, dass es tats\u00e4chlich einen Unterschied zwischen (klassischen) Spielautomaten und (modernen) Videoslots gibt. Kurz gesagt, der Unterschied zwischen den beiden ist, dass Video-Slots eine modernere Version sind. Slots sind im Allgemeinen einfacher zu spielen und haben weniger Tasten oder Spezialfunktionen. Videoslots haben oft den zus\u00e4tzlichen Bonus, dass sogenannte Wilds (oder Joker) vorhanden sind und Sie in Bonusspielen landen k\u00f6nnen. Bei den Preisen k\u00f6nnen diese sowohl bei Spielautomaten als auch bei Video-Slots recht hoch sein.<\/p>\n<h2>Chancen, Jackpot Spielautomaten zu spielen<\/h2>\n<p>Die Chance, einen Jackpot an einem Spielautomaten zu gewinnen, ist relativ gr\u00f6\u00dfer als der Gewinn einer Million Lotterie. Im Allgemeinen gilt: Je h\u00f6her der Einsatz pro Spin, desto h\u00f6her sind Ihre Gewinne. Der Auszahlungsprozentsatz bleibt gleich. Nat\u00fcrlich kann der Jackpot auch mit einem niedrigen Einsatz gewonnen werden. Es gibt viele Geschichten dar\u00fcber. Der Auszahlungsprozentsatz von Online-Casino-Slots liegt im Durchschnitt bei 97% &#8211; in der Regel h\u00f6her als in einem physischen Casino.<\/p>\n<h2>Geschichte Spielautomaten<\/h2>\n<p>Wann zum ersten Mal Slots entdeckt werden, ist nicht v\u00f6llig klar. Es gibt jedoch eine Geschichte von einer New Yorker Poker-Maschine, die 1891 von einem Sittman und Pitt entwickelt wurde. Dieses Ger\u00e4t zeigte Kombinationen von f\u00fcnf Karten in einer Reihe. Besucher, die darauf gespielt haben (und gewonnen haben), wurden mit Bier bezahlt. Warum im Bier? Weil das Gl\u00fccksspiel damals in Amerika verboten war. So ging es durch die ganze Geschichte: Einmal wurden Spielautomaten verboten, im n\u00e4chsten Moment wurden sie einfach begr\u00fc\u00dft.<\/p>\n<p>Der erste echte Spielautomat, den wir kennen, hie\u00df Liberty Bell. Dieses Spiel ist den Offline- und Online-Spielautomaten, die Sie heute noch spielen k\u00f6nnen, sehr \u00e4hnlich.<\/p>\n<p>Slots sind traditionell die beliebtesten Slotmaschinen in der breiten \u00d6ffentlichkeit, sowohl im Online Casino als auch anderswo. Dies liegt zum Teil an der niedrigen Schwelle, mit der diese Maschinen spielen.<\/p>\n<p>Online-Spielautomaten sind nicht mehr wirklich unterscheidbar und bieten dasselbe Gameplay wie die physischen Originalvarianten. Spielautomaten haben genau das Gameplay, das die Menschen anzieht, weil Gewinnkombinationen oft nicht einfach fallen, sondern der Spieler jederzeit die Chance hat, die richtige Gewinnkombination zu erhalten. Allerdings bieten Spielautomaten im Online-Casino gr\u00f6\u00dfere Chancen, da oft genug progressive Jackpots an den jeweiligen Spielautomaten gebunden sind.<\/p>\n<p>Die Auswahl an Online-Slots ist riesig. Sie k\u00f6nnen verschiedene Casinos besuchen, die verschiedene Arten von Spielen anbieten. Dies liegt daran, dass ein Online-Casino keinen physischen Speicherplatz ben\u00f6tigt und daher beliebig viele Spiele anbieten kann. Oft finden Sie 100 bis 250 verschiedene Slots pro Online-Casino, die alle in ihrem Spiel einzigartig sind. F\u00fcr einen aufregenden Spielautomaten m\u00fcssen Sie nicht mehr in ein Casino oder eine Spielhalle gehen, da Spiele jetzt auch direkt online von zu Hause aus gespielt werden k\u00f6nnen. Unterwegs k\u00f6nnen Sie Ihren Lieblingsautomaten auf Ihrem Tablet oder Smartphone \u00fcber das mobile Casino spielen. Wenn Sie ein festes Konto bei einem Casino erstellt haben, k\u00f6nnen Sie das Spiel dort fortsetzen, wo Sie aufgeh\u00f6rt haben, sodass Ihr Spiel nie verloren geht. Der andere Vorteil eines Online-Casinos besteht darin, dass Sie den ganzen Tag spielen k\u00f6nnen, da es keine \u00d6ffnungszeiten gibt. Das Casino ist rund um die Uhr an sieben Tagen in der Woche ge\u00f6ffnet, so dass Sie immer zu den Zeiten spielen, die Ihnen am besten passen.<\/p>\n<p>Das Online-Sortiment an Spielautomaten ist so umfangreich, dass die Auswahl oft schwierig ist, es sei denn, Sie haben einen Favoriten, den Sie gerne spielen. Sie k\u00f6nnen aus klassischen Slots w\u00e4hlen, aber auch Spielautomaten und moderne Slots sind in der Online-Gl\u00fccksspielwelt zu finden. Mit den Casino-Bonusspielen k\u00f6nnen Sie auf schnelle Weise viele Credits sammeln. Wenn Sie einen Spielautomaten ausprobieren m\u00f6chten, das Spiel aber noch nicht kennen, besteht die M\u00f6glichkeit, mit kostenlosen Gutschriften des Online-Casinos zu spielen. Au\u00dferdem kostet es Sie kein Geld, wenn Sie wetten, aber Sie k\u00f6nnen keine Gewinne auszahlen. Auf diese Weise lernen Sie das Spiel kennen, ohne Gefahr zu laufen.<\/p>\n<p>M\u00f6chten Sie den gro\u00dfen Gewinn erreichen? Schauen Sie sich die Video-Slots mit hohem Jackpot an. Sie finden diese h\u00e4ufig auf einer separaten Seite im Online-Casino. Der Jackpot wird mit jeder erzielten Spielrunde erh\u00f6ht. Dies wird f\u00fcr alle Spieler \u00fcberwacht, die zur gleichen Zeit am selben Slot spielen. Jedes Mal, wenn sich jemand bewegt, erh\u00f6ht sich der Jackpot um einen bestimmten Prozentsatz, bis er gewonnen wird. Danach beginnt der Jackpot wieder mit dem Basisbetrag und beginnt wieder mit dem Steigen. Wenn Spieler einen Jackpot-Gewinn wie \u00fcblich gewinnen, wird der Jackpot-Betrag au\u00dferhalb des Jackpots niemals nach unten korrigiert. Ihr Gewinn hat daher keinen Einfluss auf die H\u00f6he des Jackpots.<\/p>\n<p>Es gibt viele verschiedene Themen in allen Slots, aber die Art zu spielen bleibt oft gleich. Ein Spielautomat wird mit mindestens 3 Walzen gespielt und zielt darauf ab, eine Gewinnkombination auf einer von Ihnen aktivierten Gewinnlinie auszuf\u00fchren. Wenn Sie wissen m\u00f6chten, wie viel eine Kombination erzeugt, k\u00f6nnen Sie im Auszahlungsschema nachsehen. Hier erfahren Sie, wie die Auszahlung funktioniert und welche Kombinationen einen Gewinn erzielen. Zus\u00e4tzlich zum regul\u00e4ren Spiel auf dem Spielautomaten k\u00f6nnen Sie h\u00e4ufig ein Bonusspiel spielen. Es kann zum Beispiel aus einem sich drehenden Rad bestehen, das Sie anhalten m\u00fcssen. Die Box mit Credits, an der das Rad endet, wird Sie gewinnen, dies kann ein hoher Betrag sein, aber auch ein geringerer Betrag. Eines ist immer sicher: Sie werden immer etwas gewinnen, wenn Sie im Bonusspiel spielen d\u00fcrfen.<\/p>\n<h2>Slot Fragen und Antworten<\/h2>\n<h2>Wo kann ich mit Spielautomaten spielen?<\/h2>\n<p>Slot-Fragen-und-Antworten Fast alle Online-Casinos bieten moderne Slotmaschinen an. Es gibt Tausende von Online-Casinos. Manche sind gut, andere schlecht. Wenn Sie nicht genug Wissen haben, um ein gutes Casino zu finden, empfehlen wir Ihnen, eines von unserer Website zu w\u00e4hlen. Alle Casinos auf allgokkasten.nl wurden von unserem Team getestet und \u00fcberpr\u00fcft, sodass Sie sicher sein k\u00f6nnen, dass sie f\u00fcr alle Spieler sicher und gut sind.<\/p>\n<h2>Kann ich Spielautomaten kostenlos online spielen?<\/h2>\n<p>Sie k\u00f6nnen hier ohne Risiko mit Slots spielen, und das ist v\u00f6llig kostenlos, da normalerweise alle Casinoseiten eine kostenlose Version ihrer Casino-Spiele anbieten. Dies gilt auch f\u00fcr die Slotmaschinen. Allgokkasten.nl bietet auch kostenlose Spielautomaten f\u00fcr unsere Spieler an. Klicken Sie auf &#8220;Favoriten&#8221;, um einen Favoriten zu erstellen.<\/p>\n<h2>Kann ich mit einem Handy an Spielautomaten spielen?<\/h2>\n<p>Heute k\u00f6nnen Sie mit den meisten Casinos Spielautomaten mit Ihrem iPhone, iPad, Windows Phone und Android-Ger\u00e4ten spielen.<\/p>\n<h2>Auf wie viele Gewinnlinien sollte ich wetten?<\/h2>\n<p>Dies ist eine sehr schwierige Frage! Wenn Sie beispielsweise nur mit einer M\u00fcnze auf eine Gewinnlinie setzen, setzen Sie bei jeder Drehung nur eine M\u00fcnze. Und wenn Sie mit einer M\u00fcnze auf 6 Linien setzen, setzen Sie f\u00fcr jede Drehung 6 M\u00fcnzen. Hier gibt es keine endg\u00fcltige Antwort &#8211; Sie m\u00fcssen verschiedene Strategien ausprobieren und sehen, was f\u00fcr Sie funktioniert. Alles, was wir sagen k\u00f6nnen, ist, wenn Sie l\u00e4nger spielen m\u00f6chten, auf eine Linie setzen und wenn Sie mehr Aufregung und Action w\u00fcnschen &#8211; Sie entscheiden sich f\u00fcr mehr Gewinnlinien<\/p>\n<p>Ist es weniger wahrscheinlich, einen Jackpot zu erhalten, wenn jemand bereits einen Jackpot gewonnen hat?<\/p>\n<p>Theoretisch kann ein Spielautomat einen Jackpot in Folge geben. Die Chancen bleiben gleich, obwohl jemand einen gro\u00dfen progressiven Jackpot am selben Spielautomaten gewonnen hat.<\/p>\n<h2>Gibt es ein gutes System, um Online-Slots zu besiegen?<\/h2>\n<p>Nr. Was auch immer sie sagen oder versprechen, Slotmaschinen werden von RNGs verwaltet. Daher gibt es keine magischen Systeme, mit denen Sie Slotmaschinen schlagen k\u00f6nnen, wenn Sie spielen. Bezahle niemals jemanden, der sagt, dass es diese Methoden gibt, weil sie nicht existieren.<\/p>\n<h2>Was ist das Wild-Symbol?<\/h2>\n<p>Solange Sie ein Wild-Symbol in einer Zeile haben, k\u00f6nnen Sie mit nur zwei identischen Symbolen in dieser Zeile gewinnen. Wild (genau wie ein Joker im Poker) kann jedes andere Symbol ersetzen. Jede Maschine hat unterschiedliche Wild-Designs!<\/p>\n<h2>Was ist Scatter?<\/h2>\n<p>Mit Scatter-Symbolen k\u00f6nnen Sie verschiedene Preise gewinnen &#8211; M\u00fcnzen, Freispiele oder sogar Bonusspiele. Es ist keine bestimmte Bestellung oder Position erforderlich. Das ist richtig &#8211; solange auf dem Bildschirm nur 3 Scatter-Symbole sichtbar sind, k\u00f6nnen Sie sch\u00f6ne Preise verdienen. Neben Gratisdrehungen und Bonusrunden kann Scatter auch Multiplikatoren anbieten. Dies bedeutet, dass Scatter Ihre volle Punktzahl in einer Runde mit 2x, 3x oder sogar mehr multiplizieren kann. Aber Achtung, Wild-Symbole k\u00f6nnen nicht als Scatter-Symbole fungieren. Aber keine Sorge &#8211; Sie werden sie sicherlich bekommen!<\/p>\n","protected":false},"excerpt":{"rendered":"<p>Online Spielautomaten Spiele in Deutschland 2023 Online Spielautomaten, auch als ein Einarmiger Bandit und Video Slot bezeichnet, sind heutzutage sehr beliebt. Dies ist haupts\u00e4chlich auf die Beliebtheit der Spielautomaten im Casino zur\u00fcckzuf\u00fchren. Online-Spielautomaten sind genau das Gleiche, aber mit dem Vorteil, dass Sie Ihr Gl\u00fcck von zu Hause aus versuchen k\u00f6nnen! M\u00f6chten Sie im Internet [&hellip;]<\/p>\n","protected":false},"author":1,"featured_media":0,"parent":0,"menu_order":0,"comment_status":"closed","ping_status":"closed","template":"","meta":{"footnotes":""},"categories":[],"tags":[],"class_list":["post-267","page","type-page","status-publish","hentry"],"aioseo_notices":[],"_links":{"self":[{"href":"https:\/\/pokiesportal.com\/de\/wp-json\/wp\/v2\/pages\/267","targetHints":{"allow":["GET"]}}],"collection":[{"href":"https:\/\/pokiesportal.com\/de\/wp-json\/wp\/v2\/pages"}],"about":[{"href":"https:\/\/pokiesportal.com\/de\/wp-json\/wp\/v2\/types\/page"}],"author":[{"embeddable":true,"href":"https:\/\/pokiesportal.com\/de\/wp-json\/wp\/v2\/users\/1"}],"replies":[{"embeddable":true,"href":"https:\/\/pokiesportal.com\/de\/wp-json\/wp\/v2\/comments?post=267"}],"version-history":[{"count":1,"href":"https:\/\/pokiesportal.com\/de\/wp-json\/wp\/v2\/pages\/267\/revisions"}],"predecessor-version":[{"id":1003,"href":"https:\/\/pokiesportal.com\/de\/wp-json\/wp\/v2\/pages\/267\/revisions\/1003"}],"wp:attachment":[{"href":"https:\/\/pokiesportal.com\/de\/wp-json\/wp\/v2\/media?parent=267"}],"wp:term":[{"taxonomy":"category","embeddable":true,"href":"https:\/\/pokiesportal.com\/de\/wp-json\/wp\/v2\/categories?post=267"},{"taxonomy":"post_tag","embeddable":true,"href":"https:\/\/pokiesportal.com\/de\/wp-json\/wp\/v2\/tags?post=267"}],"curies":[{"name":"wp","href":"https:\/\/api.w.org\/{rel}","templated":true}]}}