{"id":266,"date":"2019-01-26T14:44:11","date_gmt":"2019-01-26T14:44:11","guid":{"rendered":"http:\/\/pokiesportal.com\/de\/?page_id=266"},"modified":"2019-01-26T14:45:01","modified_gmt":"2019-01-26T14:45:01","slug":"cherry-casino","status":"publish","type":"page","link":"https:\/\/pokiesportal.com\/de\/cherry-casino\/","title":{"rendered":"cherry casino"},"content":{"rendered":"<h1>Cherry Casino Bewertung Deutschland 2019<\/h1>\n<p>In den letzten 50 Jahren haben Cherry-Casino-Enthusiasten Spa\u00df gemacht und gro\u00dfe Gewinne erzielt, zuerst als Casino auf dem Festland und dann online. Cherryn war eines der ersten Unternehmen, das w\u00e4hrend des Internet-Booms ein Online-Casino er\u00f6ffnete. In den letzten f\u00fcnf Jahrzehnten hat sich das Unternehmen einen guten Ruf aufgebaut, der auf Respekt und Vertrauen basiert. Anstatt sich auf unseren Lorbeeren auszuruhen, versucht Cherry jedoch, der Beste zu sein. Im Jahr 2013 wurde das Cherry Casino einer kompletten Renovierung unterzogen, um sich in Bezug auf Design und Funktionalit\u00e4t auf die neuesten Trends einzustellen. Die neue Website ist stilvoll und stilvoll gestaltet, ohne st\u00f6rende Bilder und verwirrende Bilder. Es ist auch sehr einfach zu bedienen und zu navigieren. Einer der am meisten gesch\u00e4tzten Werte von Cherry Casino ist die Treue. Wir belohnen unsere h\u00e4ufigsten Kunden mit einigen der wettbewerbsf\u00e4higsten Boni auf dem Markt. Mit einem einladenden Willkommensbonus, regelm\u00e4\u00dfigen monatlichen Boni und h\u00e4ufigen Werbeangeboten wie Freispielen und Gewinnspielen kehren Kunden definitiv f\u00fcr mehr zur\u00fcck. Je mehr Kunden Einzahlungen t\u00e4tigen, desto h\u00f6her steigen sie auch die VIP-Leiter von Cherry Casino von Bronze auf Platin.<\/p>\n<h2>Spiele im Cherry Casino<\/h2>\n<p>Cherry Casino Bonus logoCherry Casino ist ein schickes NetEnt Casino, das seit 2000 in Betrieb ist und urspr\u00fcnglich als Offline Casino im Jahr 1963 gegr\u00fcndet wurde. Das Online Casino wird derzeit von Cherry Ltd. betrieben. Die Spiele des Casinos stammen von NetEnt, einem f\u00fchrenden Entwickler von Software in der Spielebranche. Von all den Spielen, die Cherry Casino zu bieten hat, bilden die beliebtesten Automatenspiele den Gro\u00dfteil ihres Angebots. Das Casino hat so ziemlich die gesamte NetEnt-Videoslotsammlung unter seinem virtuellen Dach, einschlie\u00dflich des gruseligen Mythic Maiden, der s\u00fcndigen Devil&#8217;s Delight und des magischen Jack und der Beanstalk. Sie bieten auch ein Dutzend Slots mit drei Rollen und verschiedene Schr\u00e4nke mit unterschiedlichen Themen und Gewinnlinien. Alle Slots bei Cherry Casino sind von h\u00f6chster grafischer Qualit\u00e4t, hier und da wundersch\u00f6ne 3D-Animationen.<\/p>\n<h2>Casino Bonus im Cherry Casino<\/h2>\n<p>Cherry Casino bietet einen 100% -Bonus bis zu einem Betrag von 200 \u20ac. 200 \u20ac Einzahlung bedeutet, mit 400 \u20ac zu spielen! Dar\u00fcber hinaus bietet das Casino regelm\u00e4\u00dfig Freispiele, Einzahlungsboni und Preisgelder wie Gadgets wie Ipad, Farb-LED-Fernseher und vieles mehr! Ein Casino, das Sie im Auge behalten sollten, und dies tun Sie am einfachsten, indem Sie ein Konto erstellen!<\/p>\n<h2>Tischspiele<\/h2>\n<p>Tischspiele sind im Cherry Casino auch mehr als genug. Sie bieten 3 verschiedene Roulette-Varianten an, darunter franz\u00f6sisches Roulette, 5 Blackjack-Arten, darunter Double Exposure, und eine Reihe weiterer Favoriten wie Baccarat, Let It Ride und Caribbean Stud Poker.<\/p>\n<h2>Unterst\u00fctzung<\/h2>\n<p>Die Vertreter von Cherry Casino unterst\u00fctzen die Arbeit rund um die Uhr, um sicherzustellen, dass keine Frage zu lange unbeantwortet bleibt. Aus Erfahrung k\u00f6nnen wir sagen, dass dies ein sehr guter Indikator f\u00fcr die Qualit\u00e4t des Casinos ist. Obwohl sie nicht \u00fcber den richtigen Live-Chat verf\u00fcgen, k\u00f6nnen Sie das Online-Kontaktformular ausf\u00fcllen. Solange Ihre Bewerbung auf Englisch ist, k\u00f6nnen Sie normalerweise eine Antwort innerhalb von 30 Minuten erwarten. Es steht Ihnen frei, Korrespondenz in anderen Sprachen zu verfassen. Es dauert jedoch l\u00e4nger, bis ein Vertreter Ihnen antwortet.<\/p>\n<h2>Sicherheit und Ehrlichkeit<\/h2>\n<p>Als ein Unternehmen mit einer langen Berufsgeschichte wei\u00df Cherry Casino, wie wichtig die Sicherheit der Spieler im Internet ist. Aus diesem Grund ist die gesamte Website mit SSL-Verschl\u00fcsselung gesch\u00fctzt, einem Sicherheitsprotokoll, das es niemandem unm\u00f6glich macht, die auf dem Cherry Casino-Server angezeigten Daten zu sehen. Dadurch sind Registrierung, Login, Banking und Spielen absolut sicher. Cherry Casino hat immer behauptet, dass ein faires Spiel von gr\u00f6\u00dfter Bedeutung ist. Aus diesem Grund wird die Fairplay-Seite f\u00fcr alle, die mehr \u00fcber ihren Zufallszahlengenerator erfahren m\u00f6chten, leicht zug\u00e4nglich. Diese Seite enth\u00e4lt die aktuellen Zertifizierungen von SKL und TST, zwei Wirtschaftspr\u00fcfungsgesellschaften, die zuverl\u00e4ssig die tats\u00e4chliche Zuf\u00e4lligkeit von Cherry Casino NetEnt-Spielen \u00fcberpr\u00fcft haben.<\/p>\n<h2>Fazit<\/h2>\n<p>Cherry Casino ist ein seri\u00f6ses und verantwortungsbewusstes Online Casino, das im Jahr 2000 gegr\u00fcndet wurde. Die Marke selbst besteht seit \u00fcber 40 Jahren und ist Teil der b\u00f6rsennotierten Cherry AB. Es ist eines der drei gr\u00f6\u00dften Casino-Unternehmen in der nordischen Region. Nehmen Sie ein Gl\u00fccksspiel und lassen Sie sich \u00fcberraschen von den vielen M\u00f6glichkeiten, die dieses Casino bietet.<\/p>\n","protected":false},"excerpt":{"rendered":"<p>Cherry Casino Bewertung Deutschland 2019 In den letzten 50 Jahren haben Cherry-Casino-Enthusiasten Spa\u00df gemacht und gro\u00dfe Gewinne erzielt, zuerst als Casino auf dem Festland und dann online. Cherryn war eines der ersten Unternehmen, das w\u00e4hrend des Internet-Booms ein Online-Casino er\u00f6ffnete. In den letzten f\u00fcnf Jahrzehnten hat sich das Unternehmen einen guten Ruf aufgebaut, der auf [&hellip;]<\/p>\n","protected":false},"author":1,"featured_media":269,"parent":0,"menu_order":0,"comment_status":"closed","ping_status":"closed","template":"page-casino-review.php","meta":{"footnotes":""},"categories":[],"tags":[],"class_list":["post-266","page","type-page","status-publish","has-post-thumbnail","hentry"],"aioseo_notices":[],"_links":{"self":[{"href":"https:\/\/pokiesportal.com\/de\/wp-json\/wp\/v2\/pages\/266","targetHints":{"allow":["GET"]}}],"collection":[{"href":"https:\/\/pokiesportal.com\/de\/wp-json\/wp\/v2\/pages"}],"about":[{"href":"https:\/\/pokiesportal.com\/de\/wp-json\/wp\/v2\/types\/page"}],"author":[{"embeddable":true,"href":"https:\/\/pokiesportal.com\/de\/wp-json\/wp\/v2\/users\/1"}],"replies":[{"embeddable":true,"href":"https:\/\/pokiesportal.com\/de\/wp-json\/wp\/v2\/comments?post=266"}],"version-history":[{"count":0,"href":"https:\/\/pokiesportal.com\/de\/wp-json\/wp\/v2\/pages\/266\/revisions"}],"wp:featuredmedia":[{"embeddable":true,"href":"https:\/\/pokiesportal.com\/de\/wp-json\/wp\/v2\/media\/269"}],"wp:attachment":[{"href":"https:\/\/pokiesportal.com\/de\/wp-json\/wp\/v2\/media?parent=266"}],"wp:term":[{"taxonomy":"category","embeddable":true,"href":"https:\/\/pokiesportal.com\/de\/wp-json\/wp\/v2\/categories?post=266"},{"taxonomy":"post_tag","embeddable":true,"href":"https:\/\/pokiesportal.com\/de\/wp-json\/wp\/v2\/tags?post=266"}],"curies":[{"name":"wp","href":"https:\/\/api.w.org\/{rel}","templated":true}]}}