{"id":263,"date":"2019-01-26T13:39:33","date_gmt":"2019-01-26T13:39:33","guid":{"rendered":"http:\/\/pokiesportal.com\/de\/?page_id=263"},"modified":"2023-05-21T20:52:06","modified_gmt":"2023-05-21T20:52:06","slug":"freispiele","status":"publish","type":"page","link":"https:\/\/pokiesportal.com\/de\/freispiele\/","title":{"rendered":"freispiele"},"content":{"rendered":"<h1>Freispiele Ohne Einzahlung Bonus Deutschland 2023<\/h1>\n<p>Casino Boni wie Free Spins sind eine M\u00f6glichkeit, bei der sich Casinos voneinander zu unterscheiden versuchen. F\u00fcr viele Spieler sind diese Extras wie Freispiele oft ein entscheidender Faktor bei der Auswahl eines bestimmten Online Casinos. Der Freispiele Bonus ist einer der beliebtesten Boni und Sie erhalten kostenlose Slots f\u00fcr Slots. Manchmal erhalten Sie es auch ohne Einzahlung. Slots sind derzeit eines der beliebtesten Casinospiele und daher ist dieser Bonus auch eine der am h\u00e4ufigsten verwendeten Bonusformen.<\/p>\n<h2>Was sind Freispiele?<\/h2>\n<p>Freispiele oder Freispiele sind Spielrunden, die Sie vom Casino (vom Haus) als Geschenk an einem Video- oder Spielautomaten erhalten. Manchmal k\u00f6nnen Sie sie f\u00fcr ein Spiel Ihrer Wahl ausgeben, aber oft m\u00fcssen sie f\u00fcr ein bestimmtes Spiel ausgegeben werden. Die besten Angebote werden von uns in der nachstehenden Tabelle ausgew\u00e4hlt.<\/p>\n<h2>Arten von Freispielen<\/h2>\n<p>Was muss ich noch \u00fcber dieses Thema wissen? Folgendes ist wichtig: Es gibt tats\u00e4chlich Unterschiede bei den Arten von Freispielen, die Sie bekommen k\u00f6nnen.<\/p>\n<p>Freispiele bleiben Freispiele, aber die Art und Weise, wie Sie sie erhalten und \/ oder ausgeben, wird anders sein. Dies h\u00e4ngt davon ab, welche Art von Bonus Sie erhalten oder welches Casino Sie spielen werden. Folgende Typen sind \u00fcblich:<\/p>\n<p>Kein Freispiele-Bonus f\u00fcr Einzahlungen: Diese Freispiele werden normalerweise in Form eines Willkommensbonus erhalten, wenn Sie zum ersten Mal ein Konto erstellen. Unmittelbar nach Ihrer Anmeldung erhalten Sie diesen Willkommensbonus in der Regel in Form von Guthabenpunkten oder Freispielen. Daher ist keine Anzahlung erforderlich, um diese freien Slots f\u00fcr Slots zu erhalten. Eine Registrierung ist jedoch erforderlich, dies geschieht jedoch in der Regel schnell.<\/p>\n<h2>Vorteile Freispiele ohne Einzahlung<\/h2>\n<p>Mit Gratisdrehungen ohne Einzahlung sind mehrere Vorteile verbunden. Sie werden sofort damit konfrontiert, wenn Sie davon profitieren. Wir erkl\u00e4ren Ihnen daher die Vorteile, damit Sie wissen, dass Sie diese Freispiele ohne Einzahlung nutzen k\u00f6nnen.<\/p>\n<p>Sie m\u00fcssen kein Geld einzahlen, dies bedeutet, dass es sich wirklich um Freispiele handelt, die Sie sammeln k\u00f6nnen. Es kostet Sie wirklich kein Geld, aber Sie k\u00f6nnen damit Preise gewinnen.<\/p>\n<p>Sie m\u00fcssen sich nur registrieren. Eine kleine Anstrengung, innerhalb weniger Minuten haben Sie ein Spielerkonto und k\u00f6nnen die Party beginnen. In einem Online-Casino k\u00f6nnen Sie im Voraus sehen, wie viele Freispiele Sie nach der Registrierung erhalten. Diese sind dann fast direkt auf Ihrem Spielerkonto.<\/p>\n<p>Sie k\u00f6nnen die Gewinne, die Sie mit den Freispielen erzielt haben, behalten. Es kostet Sie nichts, Sie m\u00fcssen sich nur registrieren und dann k\u00f6nnen Sie Freispiele sammeln und damit Geld verdienen. Es kann nicht einfacher sein, aber es gibt Ihnen viel Sch\u00f6nheit.<\/p>\n<p>Durch die Freispiele lernen Sie ein Online-Casino besser kennen. Sie erhalten Freispiele, die Sie auf einem oder mehreren Spielautomaten verwenden k\u00f6nnen. So erfahren Sie, wie ein Spiel funktioniert, aber Sie erfahren auch, wie schnell Gewinne erzielt werden k\u00f6nnen und wie ein Casino funktioniert. Um auch ein Casino besser kennenzulernen, sind die Freispiele ohne Einzahlung sehr attraktiv. Es kann der entscheidende Faktor sein oder dass Sie in diesem Casino um Geld spielen m\u00f6chten.<\/p>\n<p>Extra Bonus des Casinos, das Casino gibt Ihnen als neuer Spieler ein bisschen mehr. Zu Beginn zweifeln viele Spieler immer noch daran, ob sie mit echtem Geld spielen wollen oder nicht. Um Sie davon zu \u00fcberzeugen, erhalten Sie Freispiele ohne Einzahlung vom Casino, um das Casino besser kennenzulernen. Bitte wenden Sie sich an den Kundenservice, um zu sehen, wie schnell Ihre Fragen beantwortet werden. Guter Service ist auch ein Plus eines Casinos.<\/p>\n<p>\u2022 Einzahlungsbonus f\u00fcr Freispiele: Dies ist das Gegenteil des Bonus ohne Einzahlung. Mit beiden Boni erhalten Sie Freispiele, f\u00fcr den Einzahlungsbonus ist jedoch eine (erste) Einzahlung erforderlich. Der Einzahlungsbonus muss daher nicht immer ein Willkommensbonus sein. Sie k\u00f6nnen Freispiele zus\u00e4tzlich zu einer neuen Einzahlung erhalten, und in diesem Fall sprechen wir tats\u00e4chlich von einem Treuebonus. Sie werden f\u00fcr die R\u00fcckkehr in dieses Casino belohnt und als treuer Kunde erhalten Sie mit jeder Einzahlung, die Sie t\u00e4tigen, kostenlose Spins. Der Einzahlungs-Willkommensbonus funktioniert genauso, ist aber ein Dankesch\u00f6n f\u00fcr die neuen Spieler, die sich im Casino anmelden, und dies erfordert auch eine Einzahlung.<\/p>\n<h2>Wie bekommst du den Free Spins Bonus?<\/h2>\n<p>Wenn es sich bei dem Bonus um einen Willkommensbonus handelt, ist eine Registrierung \/ Registrierung im jeweiligen Casino erforderlich, um die Bonusrunden zu erhalten. Wenn Sie den Anweisungen \u00fcber den Anmelde-Link auf der Website folgen, ist dies in den meisten F\u00e4llen selbstverst\u00e4ndlich und in k\u00fcrzester Zeit haben Sie das Konto eingerichtet und die Drehungen wurden gutgeschrieben. Manchmal gibt es Bedingungen, und es ist gut, die Bonusbedingungen zu lesen. Handelt es sich bei dem Bonus um einen Einzahlungsbonus, ist eine Einzahlung erforderlich, um den Bonus zu erhalten. Abh\u00e4ngig von Ihrer Einzahlung erhalten Sie einen h\u00f6heren Bonus, wenn Sie mehr Geld auf Ihr Spielkonto einzahlen.<\/p>\n<h2>Vorteile<\/h2>\n<p>Es gibt mehrere Vorteile, von denen Sie als Spieler profitieren k\u00f6nnen. Wir sagen ausdr\u00fccklich &#8220;kann&#8221; davon profitieren, weil viele Spieler nicht alle Vorteile kennen, die damit verbunden sind. Wenn Sie alle Vorteile kennen, k\u00f6nnen Sie dieses attraktive Bonusformular optimal nutzen. Wir haben alle Vorteile f\u00fcr Sie aufgelistet:<\/p>\n<p>\u2022 Kostenloses Spielguthaben, mit dem Sie verschiedene Spiele ausprobieren k\u00f6nnen<br \/>\n\u2022 Sie k\u00f6nnen auf diese Weise auch verschiedene Casinos testen<br \/>\n\u2022 Spielen ohne Risiko (im Falle des kostenlosen Willkommensbonus ohne Einzahlung)<br \/>\n\u2022 Erstellen Sie zus\u00e4tzliche Spielstunden und probieren Sie neue Strategien kostenlos aus<br \/>\n\u2022 L\u00e4ngeres Spielen umsonst, also auch l\u00e4nger genie\u00dfen<\/p>\n<h2>Kostenlose Spins-Tipps<\/h2>\n<p>Vergleichen Sie die verschiedenen Boni in verschiedenen Casinos. So finden Sie schnell das beste Angebot. Nat\u00fcrlich k\u00f6nnen Sie auch Konten in verschiedenen Casinos erstellen (bitte beachten Sie: Erstellen Sie nicht mehrere Konten in einem Casino, in der Hoffnung, dass Sie dann mehrmals Freispiele erhalten k\u00f6nnen, da dies als Betrug angesehen wird!). Was sich auszahlt, ist herauszufinden, wie Sie die maximale Anzahl erreichen k\u00f6nnen. In der Regel muss hierf\u00fcr ein bestimmter Mindestbetrag eingezahlt werden. Verwenden Sie sie, um Spiele zu entdecken und Ihre Spieltaktik zu verbessern, und erwarten Sie nicht, sofort gro\u00dfe Geldpreise zu verdienen. Es macht Spa\u00df und der Spa\u00df des Spiels steht immer an erster Stelle!<\/p>\n<h2>Freispiele nach der Registrierung<\/h2>\n<p>Freispiele ohne Einzahlung werden Ihnen in der Regel ausgezahlt, wenn Sie sich gerade angemeldet haben. Sie m\u00fcssen sich nur registrieren und k\u00f6nnen dann um echtes Geld kostenlos spielen! Wussten Sie, dass Sie auch den erzielten Gewinn behalten k\u00f6nnen? Das ist f\u00fcr die meisten Leute ein Grund, es zu benutzen. So k\u00f6nnen Sie einen guten Weg in einem Online-Casino kennen lernen.<\/p>\n","protected":false},"excerpt":{"rendered":"<p>Freispiele Ohne Einzahlung Bonus Deutschland 2023 Casino Boni wie Free Spins sind eine M\u00f6glichkeit, bei der sich Casinos voneinander zu unterscheiden versuchen. F\u00fcr viele Spieler sind diese Extras wie Freispiele oft ein entscheidender Faktor bei der Auswahl eines bestimmten Online Casinos. Der Freispiele Bonus ist einer der beliebtesten Boni und Sie erhalten kostenlose Slots f\u00fcr [&hellip;]<\/p>\n","protected":false},"author":1,"featured_media":0,"parent":0,"menu_order":0,"comment_status":"closed","ping_status":"closed","template":"","meta":{"footnotes":""},"categories":[],"tags":[],"class_list":["post-263","page","type-page","status-publish","hentry"],"aioseo_notices":[],"_links":{"self":[{"href":"https:\/\/pokiesportal.com\/de\/wp-json\/wp\/v2\/pages\/263","targetHints":{"allow":["GET"]}}],"collection":[{"href":"https:\/\/pokiesportal.com\/de\/wp-json\/wp\/v2\/pages"}],"about":[{"href":"https:\/\/pokiesportal.com\/de\/wp-json\/wp\/v2\/types\/page"}],"author":[{"embeddable":true,"href":"https:\/\/pokiesportal.com\/de\/wp-json\/wp\/v2\/users\/1"}],"replies":[{"embeddable":true,"href":"https:\/\/pokiesportal.com\/de\/wp-json\/wp\/v2\/comments?post=263"}],"version-history":[{"count":1,"href":"https:\/\/pokiesportal.com\/de\/wp-json\/wp\/v2\/pages\/263\/revisions"}],"predecessor-version":[{"id":1005,"href":"https:\/\/pokiesportal.com\/de\/wp-json\/wp\/v2\/pages\/263\/revisions\/1005"}],"wp:attachment":[{"href":"https:\/\/pokiesportal.com\/de\/wp-json\/wp\/v2\/media?parent=263"}],"wp:term":[{"taxonomy":"category","embeddable":true,"href":"https:\/\/pokiesportal.com\/de\/wp-json\/wp\/v2\/categories?post=263"},{"taxonomy":"post_tag","embeddable":true,"href":"https:\/\/pokiesportal.com\/de\/wp-json\/wp\/v2\/tags?post=263"}],"curies":[{"name":"wp","href":"https:\/\/api.w.org\/{rel}","templated":true}]}}