{"id":250,"date":"2019-01-26T12:06:40","date_gmt":"2019-01-26T12:06:40","guid":{"rendered":"http:\/\/pokiesportal.com\/de\/?page_id=250"},"modified":"2023-05-21T20:52:37","modified_gmt":"2023-05-21T20:52:37","slug":"online-glucksspiel","status":"publish","type":"page","link":"https:\/\/pokiesportal.com\/de\/online-glucksspiel\/","title":{"rendered":"online gl\u00fccksspiel"},"content":{"rendered":"<h1>Online Gl\u00fccksspiel Deutschland 2023<\/h1>\n<p>Das Gl\u00fccksspiel ist f\u00fcr viele Menschen ein guter Weg, um einen sch\u00f6nen Preis zu gewinnen, aber auch um eine wunderbare Zeit zu genie\u00dfen, in der Sie die verschiedenen Spiele genie\u00dfen k\u00f6nnen. Gl\u00fccksspiel ist nicht nur eine M\u00f6glichkeit, mehr Geld zu verdienen, sondern auch ein lustiges Spiel zu spielen. Zum Beispiel spielen manche Leute gerne Sport, schauen fern oder treffen sich mit Freunden, aber andere spielen gerne Gl\u00fccksspiele und erleben die Spannung auf diese Weise. Gerade diese Spannung zieht viele Menschen im Gl\u00fccksspiel an. Wenn in einer Reihe anderer Formen der Unterhaltung beispielsweise Qualit\u00e4t und Fachwissen gefragt sind, ist das Gl\u00fccksspiel nie sicher, was dabei herauskommt. Einerseits ist dies f\u00fcr Anf\u00e4nger sehr interessant, zieht aber auch viele erfahrene Spieler an. Das Spielen stellt sicher, dass jeder zu gleichen Preisen tats\u00e4chlich die gleichen Chancen hat, und ist daher ein sehr faires Spiel, weshalb niemand bevorzugt wird. Genau aus diesem Grunde Gl\u00fccksspiel ist so interessant f\u00fcr eine gro\u00dfe Gruppe von Spielern, und es gibt immer mehr Menschen entdecken die verschiedenen Optionen und genie\u00dfen Sie sich weiter Weg mal mit verschiedenen Spielen.<\/p>\n<h2>Wie kannst du spielen?<\/h2>\n<p>Das Spielen kann nat\u00fcrlich auf viele verschiedene Arten erfolgen. Es ist zum Beispiel m\u00f6glich, f\u00fcr die Sportwettbewerbe zu w\u00e4hlen und mehr oder weniger vorherzusagen, wer bestimmte Spiele gewinnt oder wer an welchem \u200b\u200bPunkt punktet. Nat\u00fcrlich ist nicht jeder an den verschiedenen Sportarten gleicherma\u00dfen interessiert und es ist daher auch m\u00f6glich, eine allgemeinere Art des Gl\u00fccksspiels zu w\u00e4hlen. Diese Gruppe kann zum Spielen an den verschiedenen Verkaufsautomaten oder zum Spielen im Internet gehen. Das Internet-Gl\u00fccksspiel oder das Online-Gl\u00fccksspiel macht einen gro\u00dfen Fortschritt und wird daher bei einer gr\u00f6\u00dferen Gruppe von Spielern immer beliebter. Das Spielen an sich ist nicht anders als in einem regul\u00e4ren Wettb\u00fcro oder einem normalen Casino, aber die Menschen m\u00fcssen die T\u00fcr nicht mehr verlassen, was das Spielen erheblich vereinfacht.<\/p>\n<h2>Warum spielen?<\/h2>\n<p>Gl\u00fccksspiele sind nicht nur eine M\u00f6glichkeit, Geld zu verdienen, sondern es ist f\u00fcr viele Spieler ein wichtiger Grund. Wenn Sie in der Welt des Gl\u00fccksspiels zu Hause sind, gibt es unz\u00e4hlige M\u00f6glichkeiten, die f\u00fcr viel Unterhaltung sorgen. Jeder hat eine faire Chance, einen netten Preis in dieser Welt zu gewinnen, aber wenn er etwas l\u00e4nger dauert, sto\u00dfen sie auf alle m\u00f6glichen Optionen. So kann zum Beispiel sichergestellt werden, dass Langeweile keine Chance hat und es daher m\u00f6glich ist, l\u00e4ngerfristig zu spielen, ohne sich zu langweilen. Das Spielen ist daher f\u00fcr viele Spieler interessant, die zum Beispiel einige Stunden eines aufregenden Spiels genie\u00dfen m\u00f6chten und daher auch einen guten Preis erzielen m\u00f6chten.<\/p>\n<h2>Warum ist Online-Gl\u00fccksspiel so Beliebt?<\/h2>\n<p>Die Menschen suchen immer nach Unterhaltung, und das Internet ist keine Ausnahme. Neben vielen Neuigkeiten, Musik und Pornos ist es auch das ideale Medium f\u00fcr (Online-) Spiele. Somit sind auch f\u00fcr alle m\u00f6glichen Casino-Spiele die M\u00f6glichkeiten nahezu unbegrenzt.<\/p>\n<h2>Beliebtheit dank Zug\u00e4nglichkeit<\/h2>\n<p>Online Casinos sind einfach zug\u00e4nglicher als die physischen Standorte in unserem Land. Dies liegt daran, dass Sie sich nicht mit Schlie\u00dfzeiten besch\u00e4ftigen m\u00fcssen. Das Spielen in einem Online-Casino ist 24 Stunden am Tag und 7 Tage in der Woche m\u00f6glich. Es ist auch von Vorteil, dass Sie an einer Gl\u00fccksspiel-Site niemals verpflichtet sind, um Geld zu spielen. Bist du jemand, der sehen will, wo er zuerst steht? Dann k\u00f6nnen Sie die Casinospiele immer problemlos in einem Casino spielen. Dadurch k\u00f6nnen Sie \u00fcben, bevor Sie um echtes Geld spielen, und sogar eine Option, um zum Spa\u00df zu spielen.<\/p>\n<h2>Die Bequemlichkeit<\/h2>\n<p>Gl\u00fccksspiele gibt es schon seit Jahrhunderten, und die Menschen suchen immer nach Aufregung und schnellem Geld beim Wetten und Gl\u00fccksspiel. Online-Gl\u00fccksspiele sind mit der Ankunft des Internets sehr gut zug\u00e4nglich.<\/p>\n<h2>Lernen Sie die Spielregeln Kostenlos<\/h2>\n<p>Wei\u00dft du nicht, wie Blackjack genau funktioniert? In einem gew\u00f6hnlichen Casino trauen Sie sich nicht zu spielen, weil Sie Angst haben, dass Sie die falsche Entscheidung treffen. Mit den kostenlosen Online-Spielen und -Tutorials k\u00f6nnen Sie Schritt f\u00fcr Schritt lernen, wie Blackjack wirklich funktioniert. Und das Gute ist, dass es kein Geld kostet. Die Online-Casinos tun dies aus einem bestimmten Grund: Sie hoffen, dass Ihnen das Spiel gef\u00e4llt und Sie um echtes Geld spielen! Fast alle Casino-Spiele k\u00f6nnen kostenlos online gespielt und erlernt werden. Wenn Sie also kein Geld ausgeben m\u00f6chten, sind sie ein hervorragender Zeitvertreib. Aber auch die Online-Gl\u00fccksspiel-Websites wollen Geld verdienen und bieten aufregende Spiele mit modernen Schnittstellen f\u00fcr jedermann. Der \u00dcbergang wird durch das Spielen mit falschem Geld erleichtert. Der Vergleich mit modernen Videospielen ist schnell gemacht.<\/p>\n<h2>Der Verwendung von Prominenten mit Poker<\/h2>\n<p>Vor allem Online-Poker zieht vor allem M\u00e4nner an. Sie sehen auf t. Spieler gewinnen schwindelerregende Betr\u00e4ge, indem sie ein Spiel spielen, das will jeder! Sie werden zu Idolen f\u00fcr diejenigen, die dasselbe erreichen wollen. Die gro\u00dfen Pokerseiten bewerben ihr Produkt zum Teil aufgrund der Verwendung von Prominenten wie Fu\u00dfballern und anderen Sporthelden. Dies erh\u00f6ht den Glamour und die Aufregung, die leider nur wenigen vorbehalten ist. Die Mehrheit der Spieler verliert. Ist auch logisch, weil dieser teure Starspieler auch f\u00fcr seine Dienste bezahlt werden muss. Und der Pokeranbieter lebt auch nicht aus der Luft! Aber sie geben Ihnen die Chance, zu Hause oder unterwegs die gro\u00dfe Summe Geld zu gewinnen, von der Sie schon immer getr\u00e4umt haben. Und ehrlich gesagt haben Sie diese Chance!<\/p>\n<h2>Geschwindigkeit<\/h2>\n<p>Das Angebot und die Geschwindigkeit der Spiele beim Online-Gl\u00fccksspiel ist konkurrenzlos. Waren Sie schon einmal in einer Spielhalle oder einem Casino, wo Ihr Lieblingsspiel immer besch\u00e4ftigt ist? Sie werden dies online nicht erleben, weil Sie immer zu diesem speziellen Spielautomaten oder Roulette gehen k\u00f6nnen. In einer Gesellschaft, in der sich alles um Zeit und Geld dreht, ist es nicht so merkw\u00fcrdig, dass Online-Gl\u00fccksspiele sehr beliebt sind. Der Komfort, die Erreichbarkeit und die Anonymit\u00e4t gew\u00e4hrleisten nur mehr Kunden in den angesehenen Online-Casinos.<\/p>\n<h2>Tolles Angebot in Gl\u00fccksspielen<\/h2>\n<p>Das Spielangebot, das Sie online in Casinos finden k\u00f6nnen, l\u00fcgt nicht. Dass Sie in Casinos mit iDeal eine gr\u00f6\u00dfere Auswahl an Spielen genie\u00dfen k\u00f6nnen, ist sicherlich nicht verr\u00fcckt. Schlie\u00dflich sind die Gl\u00fccksspielmanager nicht an den physischen Platz im Internet gebunden. Dies erm\u00f6glicht ein unbegrenztes Angebot an Videoslots, Slots, Roulette, Blackjack, Punto Banco und Jackpots. Die Internet Casinos machen dies sicherlich dankbar. Vertr\u00e4ge werden regelm\u00e4\u00dfig mit mehreren Entwicklern geschlossen. Es ist sicherlich nicht \u00fcberraschend, dass Sie an einigen Standorten mehr als 500 Spielautomaten und Spielautomaten finden, um Ihre Preise zu erhalten.<\/p>\n<h2>Faire Einzahlungsmethoden<\/h2>\n<p>Casinos k\u00f6nnen Online-Gewinne nur anbieten, wenn Sie mit Ihrem eigenen Geld spielen k\u00f6nnen. Wie Sie zwischen den zahlreichen Zahlungsm\u00f6glichkeiten lesen k\u00f6nnen, ist es immer eine Option, um Ihr Guthaben sicher zu erh\u00f6hen. Dazu ben\u00f6tigen Sie ein Casino-Konto und m\u00fcssen auch die verf\u00fcgbaren Zahlungsmethoden nutzen k\u00f6nnen. Wie Sie wahrscheinlich verstehen, bevorzugen wir immer Sofort. Dies ist jedoch nicht die einzige Methode, die Sie w\u00e4hlen k\u00f6nnen. Eine Einzahlung mit Neteller, Skrill, PayPal, PaySafeCard, Mastercard und Visa Card ist in der Regel ebenfalls m\u00f6glich. W\u00e4hlen Sie eine elektronische Einzahlungsmethode? Dann ist das Geld immer sofort verf\u00fcgbar. Entscheiden Sie sich jedoch f\u00fcr eine manuelle \u00dcberweisung? Dann werden Sie sehen, dass Sie immer einige Tage warten m\u00fcssen, bevor Ihr Geld hinzugef\u00fcgt wird.<\/p>\n<h2>Die vielen verf\u00fcgbaren Casino Boni<\/h2>\n<p>Ein weiterer Vorteil von Gl\u00fccksspielen in Online Casinos ist, dass Sie dort Boni erhalten k\u00f6nnen. Die vielen verf\u00fcgbaren Casino-Boni k\u00f6nnen sowohl von neuen als auch von bestehenden Spielern verwendet werden. Wie hoch ein Bonus normalerweise ist, h\u00e4ngt von dem Betrag ab, den Sie mittels einer Einzahlung hinzuf\u00fcgen. Ihr Kontostand wird dann um einen Prozentsatz erh\u00f6ht. Dar\u00fcber hinaus m\u00fcssen Sie wissen, dass es nicht nur um freies Geld geht. Immerhin gibt es regelm\u00e4\u00dfig Freispiele, die Sie verwenden k\u00f6nnen, um an einem bestimmten Spielautomaten Preise zu gewinnen!<\/p>\n<h2>Gl\u00fccksspiel mit verschiedenen Boni<\/h2>\n<p>Wollen Sie auch online spielen und haben Sie das noch nicht gemacht? Dann wissen Sie, dass alle Arten von verschiedenen Casino-Boni erhalten werden k\u00f6nnen. Auf unserer Website erkl\u00e4ren wir Ihnen die verschiedenen Boni, aber auch in diesem Online-Gl\u00fccksspielartikel m\u00f6chten wir Sie nicht verpassen lassen. Es gibt Boni f\u00fcr neue Spieler und Sie k\u00f6nnen auch Extras erhalten, wenn Sie \u00f6fter in einem Casino spielen. Einige Casinos bieten Festtags-Promotionen an und Boni werden nach dem Zufallsprinzip ausgegeben. Welche Arten k\u00f6nnen Sie in Bezug auf Casino-Boni erwarten? Das Wichtigste f\u00fcr Sie haben wir unten aufgef\u00fchrt.<\/p>\n<ul>\n<li>\n<h2>\u00a0Willkommensbonus<\/h2>\n<p>Dieser Bonus wurde speziell f\u00fcr neue Spieler vergeben. Dies kann ein Paket sein, aber auch ein separater Bonus f\u00fcr die erste Einzahlung. Andererseits kann es sein, dass Sie den Willkommensbonus teilweise ohne Einzahlung erhalten und dass das kostenlose Geld auf mehrere Einzahlungen verteilt wird. Wenn es nicht genug ist, erhalten Sie auch Freispiele, um mit den meisten Willkommensboni zu spielen. M\u00f6glichkeiten f\u00fcr Gratispreise sind mehr als genug!<\/li>\n<li>\n<h2>\u00a0Freispiele Bonus<\/h2>\n<p>Ein Freispielbonus kann wie oben erw\u00e4hnt Bestandteil eines Willkommensbonus sein, dies ist jedoch nicht erforderlich. Es ist auch m\u00f6glich, dass Sie Freispiele als Zwischenaktion mit einer Einzahlung oder sogar kostenlos erhalten. Die meisten Freispiele werden ausgegeben, wenn ein neuer Slot in einem Online-Casino erscheint. Auf diese Weise wissen die Spieler, dass ein neuer Spielautomat gespielt werden kann, und Sie k\u00f6nnen sich als Spieler mit den erforderlichen Gewinnchancen vertraut machen.<\/li>\n<li>\n<h2>Bonusgeld<\/h2>\n<p>Online-Gl\u00fccksspiele bedeuten nicht nur Boni f\u00fcr neue Spieler, sondern auch Geld in Form von Geld f\u00fcr Spieler, die \u00f6fter wiederkommen. Fast jede Woche finden Sie in jedem Online-Casino die M\u00f6glichkeit, zus\u00e4tzliches Bonusgeld zu erhalten. Dies dann auf Basis einer Einzahlung in Kombination mit einem bestimmten Prozentsatz. Wie viel Geld Sie erhalten, wird in der Bonusaktion angegeben und der Prozentsatz kann auch variieren. Positiv zu berichten ist, dass die Bonusbedingungen immer sehr klar sind und Sie im Voraus wissen, wo Sie stehen.<\/li>\n<li>\n<h2>Cashback-Bonus<\/h2>\n<p>Der letzte Bonus ist der Cashback-Bonus. Wenn Sie dies in einem Casino erhalten, kann dies Standard sein oder w\u00e4hrend einer bestimmten Bonusperiode. Ein Cashback-Bonus ist f\u00fcr die unterlegenen Spieler gedacht. Verlieren Sie zum Beispiel am Tag X einen Betrag von 100 \u20ac? Dann k\u00f6nnen Sie immer noch 10 \u20ac Rabatt mit einem 10% Cashback-Absprung erhalten. Das Sch\u00f6ne ist, dass es f\u00fcr diesen Casino-Bonus oft keine kostenlosen Spielbedingungen gibt und dass Ihr Cashback oftmals als normal ausf\u00e4llt.<\/li>\n<\/ul>\n<h2>Sicheres Spielen dank Lizenzen<\/h2>\n<p>Viele Menschen bezweifeln die Ehrlichkeit eines Online-Casinos. Dennoch k\u00f6nnen wir uns kurz fassen. Wenn Sie in einem Online-Casino zum Spielen gehen, k\u00f6nnen Sie immer mit Lizenzen rechnen. Alle Casinos, die wir getestet haben, verf\u00fcgen beispielsweise \u00fcber eine Lizenz. Dies bedeutet, dass sie von einer Beh\u00f6rde gepr\u00fcft wurden. Sie haben wiederum entschieden, dass das Casino alle Anforderungen erf\u00fcllt und sie daher berechtigt sind, legitime Online-Gl\u00fccksspiele anzubieten. Details zu den Lizenzen finden Sie immer auf der Homepage eines Casinos. Eine bekannte Autorit\u00e4t f\u00fcr Gl\u00fccksspiele ist beispielsweise die Malta Gaming Authority (MGA).<\/p>\n<h2>Mit Online Gl\u00fccksspielseiten h\u00f6here Auszahlungsprozents\u00e4tze<\/h2>\n<p>Das letzte, was sicherlich ein Grund sein kann, bei iDeal mit Online Casinos zu spielen? Das ist die Tatsache, dass h\u00f6here Auszahlungsquoten f\u00fcr Online-Gl\u00fccksspielseiten gelten. Nicht ganz verr\u00fcckt, denn eine Online-Site hat viel weniger Fixkosten als eine normale Site. Wo Spielautomaten h\u00e4ufig zwischen 70% und 80% des Geldes zahlen, betr\u00e4gt dies f\u00fcr die meisten Online-Spielautomaten mindestens 92%. Es versteht sich von selbst, dass es f\u00fcr die Tischspiele auch h\u00f6here Auszahlungsquoten gibt und Ihre Gewinnchancen bei Jackpot-Slots sind sicherlich nicht gering!<\/p>\n<h2>Mobile Gl\u00fccksspiele auch m\u00f6glich<\/h2>\n<p>Sie k\u00f6nnen nicht nur online mit Computern oder Laptops spielen, sondern auch mit Mobiltelefonen oder Tablets. In diesem Fall sprechen wir von mobilem Gl\u00fccksspiel, aber Sie tun dies immer noch online, da Sie mit dem Internet verbunden sein m\u00fcssen. Wenn Sie auf einem Mobiltelefon oder Tablet spielen m\u00f6chten, sollten Sie wissen, dass dies ohne die Verwendung einer App m\u00f6glich ist. Alle Casinos bieten hierf\u00fcr eine responsive Website an. Dies bedeutet, dass die Website eines Online-Casinos Gl\u00fccksspiele auf mehreren Ger\u00e4ten zul\u00e4sst und sich an das Seitenverh\u00e4ltnis Ihres Ger\u00e4ts anpassen kann. Einmal die Website eines Casino-Handys ge\u00f6ffnet? Dann k\u00f6nnen Sie auch ausw\u00e4hlen, wie Sie spielen m\u00f6chten. Wenn Sie kostenlos spielen m\u00f6chten, k\u00f6nnen Sie dies auch ohne Konto tun. Spielen um Geld spielen Sie jedoch mit einem Konto, bei dem es sich um dasselbe Konto handeln kann, das Sie bereits online verwendet haben. Daher m\u00fcssen Sie nicht mehrere Anmeldedaten aufbewahren und k\u00f6nnen immer mit einem Guthaben f\u00fcr die Gewinne spielen.<\/p>\n<h2>5 Tipps f\u00fcr Online-Gl\u00fccksspiele<\/h2>\n<p>Neue Spieler in einem Online-Casino k\u00f6nnen problemlos beginnen, da Sie mit einer Anwendung lesen konnten. Au\u00dferdem gibt es immer einen Willkommensbonus, der wartet, und Sie k\u00f6nnen mit allen Arten von Boni rechnen, wenn Sie sich f\u00fcr mehr Gl\u00fccksspiel entscheiden. M\u00f6chten Sie auch online spielen, haben Sie dies jedoch noch nicht getan? Dann lesen Sie unten unsere 5 Tipps f\u00fcr Online-Gl\u00fccksspiele und starten Sie Ihr Online-Casino-Abenteuer auf sichere Weise!<\/p>\n<ul>\n<li>1. W\u00e4hlen Sie ein sicheres, lizenziertes Casino<\/li>\n<li>2. Spielen Sie zun\u00e4chst frei, um zu \u00fcben<\/li>\n<li>3. Geld \u00fcber seri\u00f6se Methoden einzahlen<\/li>\n<li>4. Spielen eines Casinospiels Ihrer Wahl<\/li>\n<li>5. Verwalten Sie Ihr Budget und verhindern Sie eine Sucht<\/li>\n<\/ul>\n<h2>Verantwortliches Online-Gl\u00fccksspiel<\/h2>\n<p>Genau wie die hier vorgestellten Online-Casinos ist es auch wichtig, auf die Wichtigkeit von verantwortungsbewusstem Spielen hinzuweisen. Mit Online-Gl\u00fccksspielen sind immer Risiken verbunden. Es ist zum Beispiel wichtig, sich Ihres Spielverhaltens bewusst zu sein und nicht mehr Geld daf\u00fcr auszugeben, als Sie speziell daf\u00fcr zur Verf\u00fcgung haben. Also mit einem Budget spielen. Wenn Sie regelm\u00e4\u00dfig Besucher sind, stellen Sie sicher, dass Sie zu einem Zeitpunkt mit einem festen Budget spielen und, wie erw\u00e4hnt, nur mit Geld, das Sie vermissen k\u00f6nnen. Haben Sie die Idee, dass Sie zu sehr mit dem Spiel zu tun haben und finden Sie es schwierig, damit aufzuh\u00f6ren? Dann ist es gut, sich dessen bewusst zu sein, und Sie k\u00f6nnen dies beim n\u00e4chsten Mal ber\u00fccksichtigen. Oder wenn das Spielen wirklich problematisch ist, k\u00f6nnen Sie Ma\u00dfnahmen auf unterschiedliche Weise ergreifen. Zum Beispiel, indem Sie Ihr Konto vor\u00fcbergehend vom Online-Casino sperren lassen. Oder wenn das nicht funktioniert, erm\u00f6glichen Sie professionelle Hilfe. Anf\u00e4nger, die mit Online-Gl\u00fccksspielen beginnen, sollten sich der Gefahren der Spielsucht bewusst sein. Spielen Sie nur, weil es Spa\u00df macht, zu spielen und es nicht zwanghaft werden zu lassen. Versuchen Sie beispielsweise, den Verlust nicht w\u00e4hrend Ihrer Spielsitzung zur\u00fcckzugewinnen, sondern p\u00fcnktlich anzuhalten und das n\u00e4chste Mal wieder fortzusetzen.<\/p>\n<h2>Fazit<\/h2>\n<p>Gl\u00fccksspiele gibt es schon seit Tausenden von Jahren. Es gibt genug arch\u00e4ologische Beweise daf\u00fcr, dass die Menschen dies seit sehr langer Zeit tun. Und heutzutage wird es dank Internet immer mehr zug\u00e4nglich. Es ist nicht nur in Deutschland zug\u00e4nglicher, es wird auch immer beliebter. Auf diese Weise k\u00f6nnen Sie Online-Gl\u00fccksspiele auf Ihrem Handy, Ihrem iPad oder Tablet oder auf Ihrem Laptop oder Desktop-Computer erstellen. Wir haben das Beste aus dem breiten Angebot an Online Casinos ausgew\u00e4hlt. Sie finden eine ausf\u00fchrliche Bewertung jedes Casinos. Alle Betreiber unserer Website sind zu 100% sicher und zuverl\u00e4ssig. Pr\u00fcfen Sie also zuerst, was Ihnen gef\u00e4llt und laden Sie die Software herunter. Sie k\u00f6nnen immer kostenlos testen, bevor Sie sich f\u00fcr die eigentliche Arbeit entscheiden. Sobald Sie Ihre Wahl getroffen haben, k\u00f6nnen Sie Ihre Chips mit Neteller bezahlen und sofort spielen. Viel Gl\u00fcck!<\/p>\n","protected":false},"excerpt":{"rendered":"<p>Online Gl\u00fccksspiel Deutschland 2023 Das Gl\u00fccksspiel ist f\u00fcr viele Menschen ein guter Weg, um einen sch\u00f6nen Preis zu gewinnen, aber auch um eine wunderbare Zeit zu genie\u00dfen, in der Sie die verschiedenen Spiele genie\u00dfen k\u00f6nnen. Gl\u00fccksspiel ist nicht nur eine M\u00f6glichkeit, mehr Geld zu verdienen, sondern auch ein lustiges Spiel zu spielen. Zum Beispiel spielen [&hellip;]<\/p>\n","protected":false},"author":1,"featured_media":0,"parent":0,"menu_order":0,"comment_status":"closed","ping_status":"closed","template":"","meta":{"footnotes":""},"categories":[],"tags":[],"class_list":["post-250","page","type-page","status-publish","hentry"],"aioseo_notices":[],"_links":{"self":[{"href":"https:\/\/pokiesportal.com\/de\/wp-json\/wp\/v2\/pages\/250","targetHints":{"allow":["GET"]}}],"collection":[{"href":"https:\/\/pokiesportal.com\/de\/wp-json\/wp\/v2\/pages"}],"about":[{"href":"https:\/\/pokiesportal.com\/de\/wp-json\/wp\/v2\/types\/page"}],"author":[{"embeddable":true,"href":"https:\/\/pokiesportal.com\/de\/wp-json\/wp\/v2\/users\/1"}],"replies":[{"embeddable":true,"href":"https:\/\/pokiesportal.com\/de\/wp-json\/wp\/v2\/comments?post=250"}],"version-history":[{"count":1,"href":"https:\/\/pokiesportal.com\/de\/wp-json\/wp\/v2\/pages\/250\/revisions"}],"predecessor-version":[{"id":1006,"href":"https:\/\/pokiesportal.com\/de\/wp-json\/wp\/v2\/pages\/250\/revisions\/1006"}],"wp:attachment":[{"href":"https:\/\/pokiesportal.com\/de\/wp-json\/wp\/v2\/media?parent=250"}],"wp:term":[{"taxonomy":"category","embeddable":true,"href":"https:\/\/pokiesportal.com\/de\/wp-json\/wp\/v2\/categories?post=250"},{"taxonomy":"post_tag","embeddable":true,"href":"https:\/\/pokiesportal.com\/de\/wp-json\/wp\/v2\/tags?post=250"}],"curies":[{"name":"wp","href":"https:\/\/api.w.org\/{rel}","templated":true}]}}