{"id":246,"date":"2019-01-26T11:42:57","date_gmt":"2019-01-26T11:42:57","guid":{"rendered":"http:\/\/pokiesportal.com\/de\/?page_id=246"},"modified":"2023-05-21T19:32:33","modified_gmt":"2023-05-21T19:32:33","slug":"casino-spiele","status":"publish","type":"page","link":"https:\/\/pokiesportal.com\/de\/casino-spiele\/","title":{"rendered":"casino spiele"},"content":{"rendered":"<h1>Online Casino Spiele Deutschland 2023<\/h1>\n<p>Online Casinos sind nicht an den physischen Raum gebunden, um ihre Spiele anzubieten. Daher \u00fcberrascht es nicht, dass Sie auf viele weitere Online-Casino-Spiele sto\u00dfen werden, wenn diese beispielsweise in einem &#8220;normalen&#8221; deutschen Casino angeboten werden. Wenn Sie sich f\u00fcr Online-Casino-Spiele entscheiden, k\u00f6nnen Sie auf die Spiele verschiedener Softwareentwickler setzen. Da die Casinoseiten nun mit mehreren Parteien zusammenarbeiten, ist das Angebot immer sehr breit. Hunderte von Video-Slots, Spielautomaten und andere Spiele stehen Tag und Nacht zur Verf\u00fcgung. Welche Arten von Casino-Spielen k\u00f6nnen online online gespielt werden? Wir bieten Ihnen einen umfassenden \u00dcberblick auf unserer Website. Alles, was Sie tun m\u00fcssen, ist die Wahl zwischen den besten Online-Casinos und dem Gl\u00fccksspiel. Sobald Sie eine Auswahl getroffen haben, k\u00f6nnen Sie sofort die Gewinne dieser Spiele gewinnen, die wir im Folgenden erl\u00e4utern:<\/p>\n<h2>Video-Slots<\/h2>\n<p>Wenn wir \u00fcber Videoslots sprechen, sprechen wir \u00fcber die Spielautomaten mit 5 Walzen. Diese sind auf Casinoseiten in gro\u00dfer Zahl vorhanden, da sie in Bezug auf Zusatzfunktionen viele sch\u00f6ne Preise erzielen k\u00f6nnen. Das moderne Design der Video-Slots sorgt daf\u00fcr, dass das Spielen noch spannender wird. Au\u00dferdem werden Sie in Bezug auf die Preise nie entt\u00e4uscht sein, denn es gibt auch viele Video-Slots, die mit einem Jackpot ausgestattet sind.<\/p>\n<h2>Slots<\/h2>\n<p>Online-Slots sind spezifischere Casino-Spiele, wie Sie sie in Caf\u00e9s und Arkaden finden k\u00f6nnen. Wir sprechen auch bald \u00fcber Spielautomaten, wenn es Fruchtsymbole gibt, um Ihre Preise zu gewinnen. Um online an einem Spielautomaten gewinnen zu k\u00f6nnen, m\u00fcssen Sie offensichtlich die richtigen Symbolkombinationen bilden. Welche Preise kann eine Kombination ergeben? Das ist f\u00fcr jeden Spielautomaten in Bezug auf die Anzahl der Credits unterschiedlich.<\/p>\n<h2>Tischspiele<\/h2>\n<p>Die Kategorie mit Tischspielen umfasst die Gl\u00fccksspiele, die mit und ohne H\u00e4ndler online gespielt werden k\u00f6nnen. Die ber\u00fchmtesten Tischspiele, die Casinoseiten zwischen den Casinospielen anbieten? Sie sind Roulette, Blackjack, Punto Banco und Poker. Wenn Sie andere Gl\u00fccksspiele online spielen m\u00f6chten, k\u00f6nnen Sie sich auf Craps und roten Hund verlassen. Schl\u00e4gt bekannte deutsche Casino-Spiele, die gro\u00dfe Gewinne erzielen k\u00f6nnen.<\/p>\n<h2>Videopoker<\/h2>\n<p>Nicht nur im Bereich der Tischspiele von Online-Casino-Sites k\u00f6nnen Sie sich auf Poker verlassen. Sie k\u00f6nnen auch Pokerspiele zwischen den vielen Spielautomaten finden. Wir reden \u00fcber Video Poker. Wenn Sie sich f\u00fcr Video Poker entscheiden, k\u00f6nnen Sie zwischen den Online-Casinospielen unterschiedliche Spieltypen finden. Sie k\u00f6nnen auch mit nur einer Hand gewinnen, aber auch mit manchmal 25 oder mehr H\u00e4nden spielen, was ganz Ihrer Wahl entspricht.<\/p>\n<h2>Live-Casino<\/h2>\n<p>Beim Live-Casino handelt es sich bei Online-Casino-Spielen nur um Spiele, die mit einem Dealer gespielt werden. Zum Beispiel k\u00f6nnen Sie Live-Roulette, Live-Blackjack und Live-Punto-Banco auf praktisch jeder Casino-Site ausw\u00e4hlen. Dar\u00fcber hinaus gibt es im Live-Casino auch umfangreichere Optionen f\u00fcr Casino-Spiele. Die Anwesenheit von Live-Lotto, Live-Keno und Live-Casino-Hold&#8217;em ist ein hervorragender Beweis daf\u00fcr.<\/p>\n<h2>Bingo<\/h2>\n<p>Liebhaber von Online-Bingo k\u00f6nnen vor allem das Spiel Keno besuchen. Sie k\u00f6nnen diese zwischen den Casinospielen online gegen die Software oder live bei echten H\u00e4ndlern spielen. Wenn Sie Keno spielen, w\u00e4hlen Sie selbst mehrere Zahlen, um Preise zu gewinnen. Auf der anderen Seite k\u00f6nnen Sie nat\u00fcrlich auch Bingo auf den bekannten Karten spielen. Dies kann durch Spielen von 75 Bingokugeln oder durch das Spielen von 90 Bingokugeln auf einer Casino-Site erfolgen.<\/p>\n<h2>Wetten auf Sportarten<\/h2>\n<p>Wenn Sie sich die Casino-Spiele anschauen, die Sie online finden k\u00f6nnen, platzieren Sie in der Tat mehrere Arten von Wetten, um Gewinne zu erzielen. Dies kann jedoch nicht nur spezifisch bei Online-Casinospielen sein, sondern auch bei der Platzierung von Sportwetten. In verschiedenen Casinos ist es jetzt m\u00f6glich, auf Sport zu wetten. Sie k\u00f6nnen zum Beispiel auf den Gewinner eines Fu\u00dfballspiels wetten, aber auch alle anderen bekannten Sportarten werden mit fairen Quoten behandelt. Wollen Sie auch beim Sport spielen? Dann wissen Sie, dass Sie dank der verschiedenen Wetten Ihre Chancen, Geldpreise zu gewinnen, sehr gut verbreiten k\u00f6nnen.<\/p>\n<h2>Der Benefit-Prozentsatz<\/h2>\n<p>Bevor Sie sich f\u00fcr ein bestimmtes Kasinospiel entscheiden, sollten Sie herausfinden, wie hoch der Auszahlungsprozentsatz ist. Auf diese Weise k\u00f6nnen Sie herausfinden, wie gut sich das Casino-Spiel auszahlt, und nat\u00fcrlich: Je h\u00f6her der Auszahlungsprozentsatz, desto h\u00f6her ist die Chance, das Casino zu gewinnen. Wir haben die 10 bestbezahlten Casinospiele f\u00fcr Sie aufgelistet.<\/p>\n<h2>Die Differenz zwischen dem Prozentsatz der Leistungen und dem Hausgeld<\/h2>\n<p>Die Begriffe Auszahlungsprozentsatz und Hausgeld haben viel miteinander zu tun, sind aber nicht gleich. Deshalb ist es gut, gut zu erkl\u00e4ren, was diese Begriffe bedeuten, bevor wir die 10 bestbezahlten Casinospiele zusammenstellen. Der Auszahlungsprozentsatz, der auch als Return To Player oder RTP bezeichnet wird, gibt an, wie viel ein Casino-Spiel langfristig an den Spieler zur\u00fcckgibt. Ein Spielautomat mit einem RTP von 96% gibt jedem Spieler bei jedem gesetzten 100 Euro 96 \u20ac zur\u00fcck. Beachten Sie, dass dies ein durchschnittlicher Prozentsatz ist, der \u00fcber Millionen m\u00f6glicher Einnahmen berechnet wird. Je h\u00f6her der RTP, desto besser. Der Hausvorteil spiegelt wider, wie viel das Casino dem Casino-Spiel \u00fcbrig hat. Angenommen, ein Casino-Spiel (beispielsweise Roulette) hat eine RTP von 97,3%. Der Hausvorteil des Casinos betr\u00e4gt dann 100% &#8211; 97,3% = 2,7%. Mit anderen Worten, das Casino beh\u00e4lt ungef\u00e4hr 2,7% von jedem verwendeten 100 Euro. Je niedriger der Hausvorteil, desto besser.<\/p>\n<h2>Gibt es Casinospiele, die mehr als 100% bezahlen?<\/h2>\n<p>Gibt es Casinospiele, die langfristig mehr als 100% zahlen? Und womit Sie garantiert Gewinn erzielen? Leider gibt es diese Casinospiele nicht. Ein Casino muss letztlich einen Gewinn erzielen, das hei\u00dft sein Existenzrecht. Ein Casino-Spiel mit negativem Hausvorteil w\u00fcrde den Bankrott des Casinos bedeuten. Es gibt jedoch Spiele, bei denen Sie einem Auszahlungsprozentsatz von 100% sehr nahe kommen. Und das bedeutet, dass Sie mit diesen Casinospielen Ihre Gewinnchancen f\u00fcr eine Sitzung erheblich erh\u00f6hen.<\/p>\n<h2>Gibt es bestimmte Arten von Casino-Spielen, die besser als andere zahlen?<\/h2>\n<p>Tischspiele zahlen im Allgemeinen besser als andere Casino-Spiele wie Spielautomaten. Manchmal ist es erforderlich, dass Sie die richtige Strategie einhalten (dies gilt insbesondere f\u00fcr Black Jack und Video Poker). Es macht auch einen gro\u00dfen Unterschied, welchen Spieltyp Sie w\u00e4hlen. Beispielsweise hat das europ\u00e4ische Roulette einen viel h\u00f6heren Auszahlungsprozentsatz als das amerikanische Roulette, da es 1 Null anstelle von 2 Nullen verwendet. In Bezug auf Online-Slots sehen wir auch einige auff\u00e4llige Trends. Zun\u00e4chst f\u00e4llt auf, dass Online-Slots von Netent und Thunderkick die besten Ergebnisse bringen. Au\u00dferdem empfehlen wir nicht, Spielautomaten mit einem progressiven Jackpot zu spielen. Sie behalten einen Prozentsatz bei jedem Zug, der zum progressiven Jackpot geht. Das bedeutet, dass der Auszahlungsprozentsatz des Grundspiels enorm reduziert wird (manchmal um bis zu 5% &#8211; 7%), um den gro\u00dfen progressiven Jackpot aufzuwerten.<\/p>\n<h2>Die 10 bestbezahlten Casinospiele<\/h2>\n<p>Wir haben die Top 10 der bestbezahlten Casinospiele in einer \u00dcbersicht zusammengefasst. Diese Liste ist eine Mischung aus Casino-Tischspielen, Video-Poker und Online-Slots. Auf diese Weise k\u00f6nnen Sie die beste Wahl treffen und das Spiel finden, das am besten zu Ihnen passt.<\/p>\n<ul>\n<li>1. Video Poker (Jacks or Better): 99,56%<\/li>\n<\/ul>\n<p>Video Poker, und besonders diese Jacks or Better-Version, ist fast zu 100% bezahlt, vorausgesetzt, Sie spielen die richtige Strategie und spielen maximal 5 M\u00fcnzen. Dieses Casino-Spiel bietet Spielern eine absurd hohe Auszahlungsquote von 99,56%.<\/p>\n<ul>\n<li>2. Blackjack: bis zu 99,5%<\/li>\n<\/ul>\n<p>An zweiter Stelle dieser Top 10 finden wir das edle Blackjack-Spiel. Dieses Kartenspiel hat einen Auszahlungsprozentsatz, der bis zu 99,5% betragen kann. Eine Voraussetzung ist hier, dass Sie die grundlegende Strategie f\u00fcr Blackjack anwenden, die vorschreibt, wann Sie passen, teilen, kaufen und verdoppeln m\u00fcssen. Blackjack kann sowohl automatisiert als auch in einem Live-Casino gespielt werden.<\/p>\n<ul>\n<li>3. Mega Joker (Netent): bis zu 99%<\/li>\n<\/ul>\n<p>Mega Joker ist ein Spielautomat im klassischen Netent-Stil, der bis zu 99% bezahlen kann. Diese extrem hohe Auszahlungsrate gilt allerdings nur f\u00fcr das Spitzenspiel. Nach unten ist der Prozentsatz der Auszahlungen viel niedriger. Es ist daher wichtig, im unteren Spiel so schnell wie m\u00f6glich Punkte zu sammeln und im Spitzenspiel zu verwenden. Auf diese Weise maximieren Sie Ihre Gewinnchancen.<\/p>\n<ul>\n<li>4. 1429 unbekannte Meere 200&#215;2004. 1429 Uncharted Seas (Thunderkick): 98,6%<\/li>\n<\/ul>\n<p>An vierter Stelle dieser Top 10 finden wir den zweiten Online-Slot. Es ist ein Titel des schwedischen Donnerkicks mit dem sch\u00f6nen Namen 1429 Uncharted Seas. Dieses Automatenspiel bietet Spielern einen Gratis-Spin mit knalligen Wilds und einen einzigartigen Grafikstil.<\/p>\n<p>Am beeindruckendsten ist jedoch der Auszahlungsprozentsatz von 98,6%.<\/p>\n<ul>\n<li>5. Blutsauger (Netent): 98%<\/li>\n<\/ul>\n<p>Blood Suckers ist eine Slotmaschine mit niedriger Varianz von Netent mit einer hohen Auszahlungsquote von 98%. Das macht diesen Spielautomaten zu einem idealen Kandidaten, um einen Willkommensbonus freizugeben. Deshalb haben die meisten Casinos dem Einhalt geboten: Blood Suckers ist fast \u00fcberall gesperrt, um mit Bonusgeld zu spielen. Deshalb k\u00f6nnen Sie Blood Suckers nat\u00fcrlich auch mit normalem Casino-Geld spielen. Dieser Horror-Spielautomat bietet Spielern 25 Gewinnlinien und zwei sch\u00f6ne Bonusrunden, die ebenfalls regelm\u00e4\u00dfig fallen.<\/p>\n<ul>\n<li>6. K\u00f6nige von Chicago (Netent): 97,8%<\/li>\n<\/ul>\n<p>Kings of Chicago ist eine Art Kreuzung zwischen einem Online-Spielautomaten und Videopoker. Mit 5 Gewinnlinien versuchen Sie, gewinnende Pokerkombinationen wie einen Flush, ein Full House und nat\u00fcrlich einen Royal Flush zu machen. Es gibt Joker, die den Gewinn verdoppeln, und es gibt einen kostenlosen Spins-Bonus, um zu gewinnen. Liebhaber von Video Poker werden sicherlich Kings of Chigaco zu sch\u00e4tzen wissen.<\/p>\n<ul>\n<li>7. Magicious (Thunderkick): 97,6%<\/li>\n<\/ul>\n<p>Magicious ist wieder ein Spielautomat von Thunderkick. Sie verw\u00f6hnen gerne die Spieler ihrer Spielautomaten mit hohen Auszahlungsprozenten. Magicious hat 10 Gewinnlinien, die Wilds zusammenbrechen und auf zwei Seiten zahlen. Die Magier zaubern auch einen 97,6% igen RTP-Wert &#8211; dieser Spielautomat ist ein Muss, wenn Sie gewinnen m\u00f6chten. Thunderkick macht sehr sch\u00f6ne Titel und Magicious ist sicherlich einer der besten.<\/p>\n<ul>\n<li>8. Devil&#8217;s Delight (Netent): 97,6%<\/li>\n<\/ul>\n<p>Devils&#8217;s Delight ist ein teuflisch hei\u00dfer Online-Spielautomat von Netent mit einer hervorragenden Auszahlungsquote von 97,6%. Nat\u00fcrlich gehen der Sensenmann, verschiedene Teufel und monstr\u00f6ser Abschaum vor\u00fcber. Sie k\u00f6nnen Freispiele, Wildeinst\u00fcrze und einen Ersparnisbonus gewinnen. Spielen Sie Devil&#8217;s Delight, aber nur, wenn Sie sich wirklich trauen.<\/p>\n<ul>\n<li>9. Esqueleto Explosivo (Thunderkick): 97,6%<\/li>\n<\/ul>\n<p>Als Thunderkick Esqueleto Explosivo ver\u00f6ffentlichte, wussten viele Spieler nicht, was sie damit anfangen sollten. Ein Spielautomat mit einem toten Mariachi-Band in der Haubenrolle, dessen K\u00f6pfe mit einer gewinnenden Kombination explodierten? Und ein goldener Elvis-Skelettkopf als Wildsymbol, komplett mit Sonnenbrille? Dieser Spielautomat ist so seltsam wie unterhaltsam. Sie k\u00f6nnen Multiplikatoren bis zu 32x gewinnen und der Auszahlungsprozentsatz liegt bei 97,6%.<\/p>\n<ul>\n<li>10. Roulette (europ\u00e4isch): 97,3%<\/li>\n<\/ul>\n<p>Diese Top-10-Liste der am besten bezahlten Casinospiele endet mit European Roulette. Dieses sehr beliebte Tischspiel (bei dem es eine Null gibt) bietet Spielern Aufregung, Unterhaltung und einer Auszahlungsquote von nicht weniger als 97,3%. Sie spielen Roulette sowohl in automatisierter Form als auch in einem Live-Casino.<\/p>\n<h2>Klug Spieler w\u00e4hlen immer Casinospiele mit einem hohen Auszahlungsprozentsatz<\/h2>\n<p>Wenn Sie die bestm\u00f6gliche Chance haben, in einem Online-Casino zu gewinnen, w\u00e4hlen Sie ein Spiel aus diesen Top 10 der bestbezahlten Casino-Spiele. Dies erh\u00f6ht die Gewinnchance und verringert den Hausvorteil erheblich. W\u00e4hlen Sie eines unserer zuverl\u00e4ssigen Casinos f\u00fcr ein hervorragendes Spielerlebnis!<\/p>\n<h2>Kostenlose Casino-Spiele<\/h2>\n<p>Wenn Sie nach den besten Casino-Spielen suchen, die Sie kostenlos spielen k\u00f6nnen, haben Sie die richtige Website gefunden. Wir bieten Ihnen die M\u00f6glichkeit, im \u00dcbungsmodus unbegrenzt kostenlos zu spielen. Die neuesten Spiele finden Sie unten, der Rest haben wir pro Spielkategorie bestellt und sind \u00fcber das horizontale Men\u00fc erreichbar. Mit echtem Geld zu spielen ist hier nicht m\u00f6glich, wir geben jedoch Informationen (Bewertungen) \u00fcber die besten und zuverl\u00e4ssigsten Online-Casinos. Auf diese Weise spielt das Online-Casino f\u00fcr Sie als Spieler mehr Spa\u00df, ist zug\u00e4nglicher und zuverl\u00e4ssiger!<\/p>\n<h2>Die Legende von Shangri-La-Cluster zahlt sich aus<\/h2>\n<p>In den meisten Online-Casino-Slots m\u00fcssen Sie mit einer x-Anzahl von Gewinnlinien arbeiten. Bei &#8220;Die Legende von Shangri-La Cluster Pays&#8221; gibt es keine Gewinnlinien, aber Gewinnkombinationen werden durch Cluster von mindestens 9 \u00e4hnlichen Symbolen gebildet. Es ist dann so sch\u00f6n, dass die Symbole auf den Rollen gestapelt sind und f\u00fcr jede Rolle Platz vorhanden ist 4. Nat\u00fcrlich k\u00f6nnen Sie noch mehr zus\u00e4tzliche Funktionen erwarten.<\/p>\n<h2>Gem Rocks<\/h2>\n<p>Ein Casino-Slot mit nicht weniger als 4069 verschiedenen Gewinnm\u00f6glichkeiten, kolossalen Symbolen bis zu 4 x 4 und aufregenden &#8220;Free Falls&#8221;, bei denen Sie nach dem Gewinn ohne Zusatzwetten Gewinne erzielen k\u00f6nnen. Yggdrasil ist der Entwickler dieses Slots und es lohnt sich auf jeden Fall, es im Demo-Modus kostenlos auszuprobieren. Nat\u00fcrlich k\u00f6nnen Sie sich auf eine umfassende Spielerkl\u00e4rung verlassen, damit Sie auch verstehen, was passieren kann.<\/p>\n<h2>M\u00e4rchenlegenden: Rotk\u00e4ppchen<\/h2>\n<p>Wie sch\u00f6n ist es, das M\u00e4rchen von Red Riding Hood in einem Casino Slot von NetEnt unter dem Namen &#8220;Fairytale Legends: Red Riding Hood&#8221; zu sehen. Von all den Casino-Spielen, die Sie hier finden k\u00f6nnen, ist dies sicherlich eines der netteren und dann auch die Extras, die Sie erwarten k\u00f6nnen. Von Sticky Wild Re-Spins bis zu einem Bonusspiel, in dem du Rotk\u00e4ppchen helfen kannst, zu Oma zu gelangen &#8230; H\u00fcte dich vor dem w\u00fctenden Wolf?<\/p>\n<h2>Casino Hold&#8217;em Poker<\/h2>\n<p>Immer mehr Casino-Tischspieler entdecken, dass es immer noch attraktivere Spiele gibt als nur Roulette und Blackjack. Besonders Casino Hold&#8217;em Poker erfreut sich gro\u00dfer Beliebtheit. Das Spiel \u00e4hnelt dem gew\u00f6hnlichen Poker, ist aber viel einfacher und bietet eine echte Gewinnchance. Sie haben auch die M\u00f6glichkeit, eine AA-Bonuswette zu platzieren.<\/p>\n<h2>Europ\u00e4isches Roulette<\/h2>\n<p>European Roulelle ist eines der beliebtesten Casinospiele und es gibt auch viele Anbieter f\u00fcr dieses unterhaltsame Spiel. Vor kurzem hat Netent sein Roulette-Spiel unter Kontrolle gebracht und das Ergebnis ist erstaunlich. Sie k\u00f6nnen sich auf ein brillant animiertes Spiel mit einer einfachen Spielweise verlassen. Die erfahrenen Roulette-Spieler kommen nat\u00fcrlich auch mit ihren speziellen Wettm\u00f6glichkeiten auf ihre Kosten.<\/p>\n<h2>Ungez\u00e4hmter bengalischer Tiger<\/h2>\n<p>Der Casino Slot, der als &#8220;klassisch&#8221; bezeichnet wird, wurde komplett erneuert und macht daher noch mehr Spa\u00df. Mit Untamed Bengal Tiger k\u00f6nnen Sie sich auf eine einzigartige Gl\u00fccksspiel-Funktion und noch mehr zus\u00e4tzliche Spielfunktionen wie Free Spins usw. verlassen. Au\u00dferdem ist die Tatsache, dass Sie mit nicht weniger als 243 Gewinnm\u00f6glichkeiten spielen, sehr einfache Gewinnkombinationen auf den Walzen. sehen<\/p>\n<h2>Jackpot-Spa\u00dfmacher 50.000<\/h2>\n<p>Neben den innovativsten Video-Slots werden immer noch neue &#8220;klassische Slots&#8221; (Slot Machines) entwickelt. So hat NextgenGaming k\u00fcrzlich &#8220;Jackpot Jester 50.000&#8221; eingef\u00fchrt. Dieser Spielautomat sieht mit seinem Grund- und Spitzenspiel ein bisschen wie ein klassischer holl\u00e4ndischer Spielautomat aus, aber wie der Name vermuten l\u00e4sst, haben Sie einen sehr attraktiven Hauptpreis.<\/p>\n<h2>Testen Sie Online-Casino-Spiele<\/h2>\n<p>Der gro\u00dfe Vorteil von Spielen auf deutschen Online-Gl\u00fccksspielseiten besteht nicht nur darin, dass Sie viel mehr Online-Casino-Spiele spielen k\u00f6nnen. Wir sind der Meinung, dass dies der gr\u00f6\u00dfte Vorteil ist, wenn Sie die Online-Casino-Spiele ausprobieren k\u00f6nnen, ohne zuerst Ihr eigenes Guthaben hinzuf\u00fcgen zu m\u00fcssen. M\u00f6chten Sie Online-Casino-Spiele kostenlos spielen? Dann k\u00f6nnen Sie sofort auf ein Online-Casino-Sortiment zugreifen, ohne ein Konto verwenden zu m\u00fcssen. Dort k\u00f6nnen Sie einen Spielautomaten, einen Obstautomaten oder ein Tischspiel Ihrer Wahl \u00f6ffnen, um zu \u00fcben. Der Play Free-Modus wird mit einem Demo-Guthaben angeboten, mit dem Sie nie echte Verluste erleiden k\u00f6nnen. M\u00f6chten Sie nach einem kostenlosen Spiel um Geld spielen? Dann m\u00fcssen Sie nur noch ein Konto erstellen, und danach k\u00f6nnen Sie bei Online-Casinospielen um Geld spielen.<\/p>\n<h2>Spielen Sie kostenlose Casino-Spiele<\/h2>\n<p>Die meisten Online-Casinos bieten eine Vielzahl von Casino-Spielen an, die Sie normalerweise kostenlos spielen k\u00f6nnen. Es ist oft nur schwierig, einen zu finden, der Sie nicht mit einem Software-Download oder einer erforderlichen Registrierung belegt. Umso \u00e4rgerlicher ist es vielleicht, wenn sich herausstellt, dass Sie nach 10 Minuten freien Spielens die Meldung erhalten, dass Ihre freie Spielzeit verstrichen ist. Nat\u00fcrlich gibt es Ausnahmen zu der oben genannten Geschichte und Sie k\u00f6nnen sogar mehrere Websites wie diese finden . Insofern ist www.casino-spelletjes.info nicht einmalig. Wir versuchen uns zu unterscheiden, indem wir nicht unser Hauptziel haben, unsere Besucher so schnell wie m\u00f6glich an ein echtes Online-Casino zu verweisen. Nat\u00fcrlich finden Sie unter den Spielen einen Button, der Sie an ein zuverl\u00e4ssiges Casino verweist, in dem Sie dasselbe Casino-Spiel mit echtem Geld spielen k\u00f6nnen, und wir geben sogar Informationen \u00fcber die Online-Casinos. Unser Hauptziel ist es, kostenlose Casino-Spiele anzubieten, die Sie verlassen k\u00f6nnen, ohne unsere Website im Demo-Modus verlassen zu m\u00fcssen.<\/p>\n<h2>Betreiber von Casino-Spielen<\/h2>\n<p>Alle Casinospiele, die Sie hier kostenlos spielen k\u00f6nnen, werden offensichtlich nicht von uns entwickelt. Wir k\u00f6nnen sie dank Online-Casinos wie Orange Casino, Omni Slots und Casino 777 auf unserer Website anbieten. Da die Spiele \u00fcber einen iframe geladen werden, spielen Sie tats\u00e4chlich indirekt \u00fcber das Online-Casino. Wir haben diese Casinos aus mehreren Gr\u00fcnden ausgew\u00e4hlt. Einer der Hauptgr\u00fcnde ist die Tatsache, dass sie unterschiedliche Casino-Spielebetreiber verwenden. (Es gibt nur wenige Online-Casinos, die ihre eigenen Spiele entwickeln, die meisten von ihnen verwenden Betreiber: die Entwickler und H\u00e4ndler mit oder ohne Back-End-System). Dies erm\u00f6glicht es uns, ein sehr vielf\u00e4ltiges Angebot an Casino-Spielen anzubieten. W\u00e4hrend des Ladens der Spiele werden auch die verschiedenen Logos der Betreiber angezeigt, darunter Netent, Betsoft Gaming, Nextgen Gaming usw.<\/p>\n<h2>Mobile Spiele<\/h2>\n<p>Immer weniger Menschen nutzen einen Computer oder Desktop f\u00fcr ihre Online-Unterhaltung. Stattdessen nutzen die Menschen zunehmend ein Tablet und \/ oder Smartphone. Nat\u00fcrlich machen die meisten Online-Casinos ein sehr gutes Angebot, indem sie ein sogenanntes &#8220;mobiles Casino&#8221; anbieten. Sie erreichen sie fast immer automatisch, wenn Sie die Website mit einem Tablet oder Smartphone besuchen. Es stimmt nur, dass das Angebot an mobilen Spielen enger ist als im normalen Online-Casino. Dies ist zum Teil darauf zur\u00fcckzuf\u00fchren, dass mobile Casinospiele in HTML5 statt in Flash erstellt werden. Dar\u00fcber hinaus m\u00fcssen die Spielebetreiber sicherstellen, dass die Casinospiele auch f\u00fcr kleinere Displays geeignet sind. In einem mobilen Casino finden Sie keine Video-Slots mit allen Arten von (zu) kleinen Spielschaltfl\u00e4chen.<\/p>\n<h2>Mit echtem Geld spielen<\/h2>\n<p>Auf unserer Website bieten wir die M\u00f6glichkeit, kostenlose Casino-Spiele zu spielen. Mit echtem Geld zu spielen ist hier nicht m\u00f6glich. Wenn Sie mit echtem Geld spielen m\u00f6chten, m\u00fcssen Sie ein echtes Online-Casino besuchen. Die meisten Spiele, die wir anbieten, kommen vom Oranje Casino. Wir haben dies aus mehreren Gr\u00fcnden gew\u00e4hlt:<\/p>\n<ul>\n<li>Die meisten deutschen Casinos verwenden viele Spielebetreiber, wodurch das Spielangebot gro\u00df und vielf\u00e4ltig ist.<\/li>\n<li>Nat\u00fcrlich k\u00f6nnen Sie sich auf einen sicheren und zuverl\u00e4ssigen Anbieter mit einer Gl\u00fccksspiellizenz in der E.U verlassen.<\/li>\n<li>Deutsche Spieler sind sehr willkommen und k\u00f6nnen unter anderem Spielgeld kaufen.<\/li>\n<li>Als Spieler k\u00f6nnen Sie sich auf tolle Angebote und einzigartige Aktionen verlassen.<\/li>\n<\/ul>\n<h2>Fazit<\/h2>\n<p>Spielautomaten gibt es in Deutschland in allen Formen und Gr\u00f6\u00dfen, sie sind fast zu viele, um sie zu erw\u00e4hnen. Jeder Spieler hat also seinen oder ihren Favoriten, und wenn Sie noch keinen haben, bieten Online-Casinos eine Auswahl beliebter Spielautomaten an, die bereits bei Spielern beliebt sind. Im Laufe Ihrer Jahre haben Spielautomaten eine enorme Transformation durchlaufen, von einfachen einarmigen Banditen im Pub bis hin zu lebensechten Videoslots mit 3D-Effekten. Nicht nur das Design hat sich im Laufe der Jahre ver\u00e4ndert, auch der Spielstil wurde ver\u00e4ndert. Spieler von Spielautomaten k\u00f6nnen jetzt verschiedene Funktionen verwenden, die den Spielstil beeinflussen und ihn wesentlich umfangreicher machen. Treten Sie ein in die wunderbare Welt der Online-Casino-Spiele auf unserer Website, dem Ziel f\u00fcr Casino-Spiele in Deutschland. Keine andere Website bietet ein so wunderbares Spielesortiment mit bester Online-Unterst\u00fctzung und Anleitung. Werden Sie sofort zum Gewinner, wenn Sie unsere fantastischen Gewinnm\u00f6glichkeiten entdecken! Wenn Sie den Nervenkitzel des Spiels genie\u00dfen und von Ihrem Online-Casino-Erlebnis das Beste erwarten, sind Sie bei uns genau richtig!<\/p>\n","protected":false},"excerpt":{"rendered":"<p>Online Casino Spiele Deutschland 2023 Online Casinos sind nicht an den physischen Raum gebunden, um ihre Spiele anzubieten. Daher \u00fcberrascht es nicht, dass Sie auf viele weitere Online-Casino-Spiele sto\u00dfen werden, wenn diese beispielsweise in einem &#8220;normalen&#8221; deutschen Casino angeboten werden. Wenn Sie sich f\u00fcr Online-Casino-Spiele entscheiden, k\u00f6nnen Sie auf die Spiele verschiedener Softwareentwickler setzen. Da [&hellip;]<\/p>\n","protected":false},"author":1,"featured_media":0,"parent":0,"menu_order":0,"comment_status":"closed","ping_status":"closed","template":"","meta":{"footnotes":""},"categories":[],"tags":[],"class_list":["post-246","page","type-page","status-publish","hentry"],"aioseo_notices":[],"_links":{"self":[{"href":"https:\/\/pokiesportal.com\/de\/wp-json\/wp\/v2\/pages\/246","targetHints":{"allow":["GET"]}}],"collection":[{"href":"https:\/\/pokiesportal.com\/de\/wp-json\/wp\/v2\/pages"}],"about":[{"href":"https:\/\/pokiesportal.com\/de\/wp-json\/wp\/v2\/types\/page"}],"author":[{"embeddable":true,"href":"https:\/\/pokiesportal.com\/de\/wp-json\/wp\/v2\/users\/1"}],"replies":[{"embeddable":true,"href":"https:\/\/pokiesportal.com\/de\/wp-json\/wp\/v2\/comments?post=246"}],"version-history":[{"count":1,"href":"https:\/\/pokiesportal.com\/de\/wp-json\/wp\/v2\/pages\/246\/revisions"}],"predecessor-version":[{"id":998,"href":"https:\/\/pokiesportal.com\/de\/wp-json\/wp\/v2\/pages\/246\/revisions\/998"}],"wp:attachment":[{"href":"https:\/\/pokiesportal.com\/de\/wp-json\/wp\/v2\/media?parent=246"}],"wp:term":[{"taxonomy":"category","embeddable":true,"href":"https:\/\/pokiesportal.com\/de\/wp-json\/wp\/v2\/categories?post=246"},{"taxonomy":"post_tag","embeddable":true,"href":"https:\/\/pokiesportal.com\/de\/wp-json\/wp\/v2\/tags?post=246"}],"curies":[{"name":"wp","href":"https:\/\/api.w.org\/{rel}","templated":true}]}}