{"id":232,"date":"2019-01-25T15:47:36","date_gmt":"2019-01-25T15:47:36","guid":{"rendered":"http:\/\/pokiesportal.com\/de\/?page_id=232"},"modified":"2019-01-25T15:52:45","modified_gmt":"2019-01-25T15:52:45","slug":"casumo-casino","status":"publish","type":"page","link":"https:\/\/pokiesportal.com\/de\/casumo-casino\/","title":{"rendered":"casumo casino"},"content":{"rendered":"<h1>Casumo Casino Bewertung Deutschland 2019<\/h1>\n<p>Wenn Sie auf der Casumo Casino-Website landen, werden Sie bald erkennen, warum diese Website als internationales Online-Casino bekannt ist. Hier z\u00e4hlt nicht nur das Design, denn die Auswahl an Casinospielen und der gute Service sind sicherlich ein positiver Punkt, um sich f\u00fcr Casumo Casino zu entscheiden. Casumo ist das perfekte Beispiel f\u00fcr ein neues und innovatives Online Casino. Sie sehen das, wenn Sie die Website direkt zum schlichten, modernen Look besuchen. Sie k\u00f6nnen sofort nach der Erstellung Ihres Kontos eine Einzahlung t\u00e4tigen und mit dem Spielen beginnen. Die Website ist f\u00fcr mobile Ger\u00e4te optimiert. Spielen Sie wo und wann Sie m\u00f6chten. Nachdem Sie ein Konto erstellt haben, erhalten Sie einen eigenen Avatar. Dieses sucht nach sch\u00f6nen Extras w\u00e4hrend des Spiels.<\/p>\n<h2>Software<\/h2>\n<p>Ein positiver Punkt, den wir beim Spielen im Casumo Casino berichten k\u00f6nnen, ist, dass Sie 1000 verschiedene Spiele dabei finden werden. Dies hat alles mit der Tatsache zu tun, dass man in Bezug auf Casino-Software haupts\u00e4chlich Spiele von gr\u00f6\u00dferen Entwicklern finden kann. Da dies auch mit kleineren Partys erg\u00e4nzt wird, k\u00f6nnen Sie als Spieler einfach auf die besten Spiele wetten. Dar\u00fcber hinaus k\u00f6nnen wir Sie \u00fcber die Spielsoftware informieren, die Sie nicht im Voraus von Casumo Casino herunterladen m\u00fcssen. Sie k\u00f6nnen auch direkt zum Browser Ihres Computers, Mobiltelefons oder Tablets wechseln, ohne Downloads zu t\u00e4tigen. Von welchen Entwicklern k\u00f6nnen die Spiele gespielt werden? Sie k\u00f6nnen das unten sehen!<\/p>\n<ul>\n<li>Microgaming<\/li>\n<li>Netent<\/li>\n<li>Evolution Gaming<\/li>\n<li>Bally<\/li>\n<li>Spielen Sie N GO<\/li>\n<li>GreenTube<\/li>\n<li>IGT (WagerWorks)<\/li>\n<li>WMS<\/li>\n<li>NextGen Gaming<\/li>\n<li>Barcrest Spiele<\/li>\n<li>Novomatic<\/li>\n<li>Quickspin<\/li>\n<li>Donnerkick<\/li>\n<li>JEDE Studios<\/li>\n<li>Schnellfeuer<\/li>\n<\/ul>\n<h2>Kostenlos spielen im Casumo Casino<\/h2>\n<p>Um die ersten Schritte im Casino zu unternehmen, kann Casumo w\u00e4hlen, ohne sich einloggen zu m\u00fcssen. Wenn Sie diese Option w\u00e4hlen, k\u00f6nnen Sie nicht um echtes Geld spielen, aber Sie spielen mit Spielgeld. Jeder Anbieter hat seinen eigenen Spielgeldbetrag f\u00fcr Sie bereit. So k\u00f6nnen Sie verschiedene Netent-Slots mit 5000 Credits Spielgeld spielen und mit Nextgen k\u00f6nnen Sie die Slots mit 1000 Credits belegen. Abgesehen davon, dass Sie Slots spielen k\u00f6nnen, besteht auch die M\u00f6glichkeit, Tischspiele zu spielen. Bei SHFL Entertainment gibt es einige Tischspiele, die Sie kostenlos testen k\u00f6nnen. Nutzen Sie es und testen Sie das Casino, bevor Sie Geld einzahlen.<\/p>\n<h2>Slots<\/h2>\n<p>Casumo verf\u00fcgt \u00fcber mehr als 400 Slots, 50 Tischspiele (auch live), 14 Spiele mit einem Jackpot und verschiedene andere Spiele. Es gibt f\u00fcr jeden etwas zu tun. Casumo hat sein M\u00f6glichstes getan, um ein m\u00f6glichst breites Spektrum an Video-Slots anzubieten. Neben den Spielautomaten der bekanntesten Entwickler NetEnt, Microgaming und Play &#8216;n Go finden Sie auch Gl\u00fccksspiele von weniger bekannten Spieleentwicklern wie Thunderkick, WMS und NextGen. Letztere beliefert unter anderem das ber\u00fchmte Holland Casino mit physischen Slots. Sch\u00f6n, diese Spiele auch online zu spielen. Einige dieser Spielautomaten haben einen progressiven Jackpot. Theoretisch k\u00f6nnen Sie bereits mit einem einmaligen Einsatz von 25 Cent einen Millionenpreis gewinnen. Wer will das nicht? Bei jedem Slot mit einem progressiven Jackpot wird angezeigt, wie hoch der Jackpot zu diesem Zeitpunkt ist.<\/p>\n<h2>Live-Spiele in Casumo<\/h2>\n<p>Bei Casumo k\u00f6nnen Sie verschiedene Live-Spiele spielen, um das echte Gef\u00fchl des Casinos zu erleben. Das Angebot an Live-Spielen ist klein, aber sie haben alles, was ben\u00f6tigt wird. Dies ist von bester Qualit\u00e4t, da es von Evolution, einem f\u00fchrenden Anbieter, stammt. Neben Evolution live haben sie auch eine Reihe von Spielen von Netent. Das Angebot an Live-Spielen umfasst Live-Roulette, Blackjack, Casino Hold&#8217;em, Baccarat und schlie\u00dflich das ultimative Texas Hold&#8217;em.<\/p>\n<h2>Tischspiele<\/h2>\n<p>Casumo bietet eine breite Palette von Tischspielen, die Sie gegen den Computer spielen k\u00f6nnen &#8211; mit Ausnahme von Live-Spielen. Es gibt eine andere Erfahrung, hat aber den Vorteil, dass es reibungsloser geht. Dar\u00fcber hinaus wird es kontinuierlich fortgesetzt, sodass Sie 24 Stunden lang spielen k\u00f6nnen. Die angebotenen Spiele werden von f\u00fchrenden Anbietern wie Netent, Scientific Games und SHFL Entertainment bereitgestellt. Die Spiele, die Sie erwarten k\u00f6nnen, sind folgende:<\/p>\n<ul>\n<li>Roter Hund;<\/li>\n<li>Caribbean Stud Poker;<\/li>\n<li>Casino Hold&#8217;em;<\/li>\n<li>Oasis Poker;<\/li>\n<li>Baccarat;<\/li>\n<li>Ponton;<\/li>\n<li>Super Wheel.<\/li>\n<\/ul>\n<p>Neben den bekannten Tischspielen haben sie auch einige Variationen der Originalspiele vorgenommen, wie z. B. Monopol-Roulette.<\/p>\n<h2>Casumo Plus Punkte<\/h2>\n<ul>\n<li>16 Roulette-Spiele verf\u00fcgbar<\/li>\n<li>W\u00e4hlen Sie aus Hunderten von Spielautomaten<\/li>\n<li>Live Casino mit Spielen von Evolution<\/li>\n<li>Zahlen Sie sicher und schnell \u00fcber iDEAL ein<\/li>\n<li>Erlaubt Malta und Gro\u00dfbritannien<\/li>\n<li>1200 \u20ac Bonus &amp; 200 Freispiele<\/li>\n<li>Bonus 30x herumspielen<\/li>\n<li>Sammle kostenlose Belohnungen in Adventure<\/li>\n<\/ul>\n<h2>Negative<\/h2>\n<ul>\n<li>Keine Live-Spiele von NetEnt<\/li>\n<\/ul>\n<h2>Bonusbedingungen<\/h2>\n<p>Um Spieler anzulocken und zu belohnen, k\u00f6nnen Sie immer mit den notwendigen Willkommensboni rechnen. Auch im Casumo Casino. Wenn Sie noch nicht in diesem Casino gespielt haben, k\u00f6nnen Sie einen Willkommensbonus erhalten. Sie melden sich zun\u00e4chst f\u00fcr ein Konto an, woraufhin ein Bonus von mindestens 1200 \u20ac + 200 Freispielen wartet. Insgesamt erhalten Sie nicht weniger als 1200 Euro Bonusgeld, verteilt auf Ihre ersten f\u00fcnf Einzahlungen.<\/p>\n<ul>\n<li>Erste Einzahlung: 200% Casino Bonus bis maximal \u20ac 50 + 200 Freispiele<\/li>\n<li>Zweite Einzahlung: 50% Casino Bonus bis maximal 150 \u20ac<\/li>\n<li>Dritte Einzahlung: 50% Casino Bonus bis maximal 200 \u20ac<\/li>\n<li>Vierte Einzahlung: 25% Casino Bonus bis zu 400 \u20ac<\/li>\n<li>F\u00fcnfte Einzahlung: 25% Casino Bonus bis zu 400 \u20ac<\/li>\n<\/ul>\n<p>Casumo Casino gew\u00e4hrt den Spielern, die sich f\u00fcr ein neues Konto anmelden, offensichtlich nicht nur Bonusse. Wirst du \u00f6fter im Casumo Casino spielen? Dann k\u00f6nnen Sie in der Zwischenzeit alle m\u00f6glichen Boni erhalten. Reload-Boni berechtigen zum Beispiel dazu, zus\u00e4tzliches Geld f\u00fcr Upgrades zu erhalten. Zus\u00e4tzlich erhalten Sie w\u00e4hrend der ersten zehn Tage Ihrer Mitgliedschaft t\u00e4glich 20 Freispiele. Sie m\u00fcssen das Bonusgeld 30-mal einsetzen (herumspielen), um es auszahlen zu k\u00f6nnen. Rund 30 Mal zu spielen mag viel erscheinen, aber dies ist eine \u00fcbliche &#8220;Rate&#8221;, die wir in vielen Casinos antreffen. Mit insgesamt 1200 Euro Bonusgeld lohnt sich das Herumspielen absolut! Mit Ihrer ersten Einzahlung ist das Casino sehr gro\u00dfz\u00fcgig: Sie erhalten sofort einen Bonus von 200%. Der maximale Bonusbetrag f\u00fcr Ihre erste Einzahlung betr\u00e4gt 50 Euro. Wenn Sie 25 Euro einzahlen, warten 75 Euro auf Sie. Gehen Sie f\u00fcr den maximalen Bonusbetrag? 50 einzahlen, mit 150 spielen!<\/p>\n<h2>Live-Casino<\/h2>\n<p>Wenn Sie die Live-Casinosoftware von Casumo Casino betrachten, sehen wir, dass die Spiele sowohl von Netent als auch von Evolution Gaming stammen. G\u00fcnstig, weil wir berichten k\u00f6nnen, dass das Live Casino von solider Qualit\u00e4t ist. Innerhalb des Spielumfelds eines jeden Spiels k\u00f6nnen Sie mit einem Preis von \u20ac 1 f\u00fcr die Preise innerhalb eines breiten Wettlimits beginnen. Au\u00dferdem ist jeder Spieltisch in HD verf\u00fcgbar und Sie k\u00f6nnen die Fairness der Ergebnisse \u00fcber die Kameras beobachten. M\u00f6chten Sie Ihre Wetten anhand der Statistiken der vorherigen Runden bestimmen? Das ist kein Problem, denn in der Live-Casino-Software von Casumo Casino werden diese Statistiken auf dem neuesten Stand gehalten. Nun, da Sie wissen, dass Sie sich nicht um die Qualit\u00e4t des Live-Casinos k\u00fcmmern m\u00fcssen, m\u00f6chten Sie nat\u00fcrlich wissen, welche Spiele gespielt werden k\u00f6nnen. Dank der Verwendung von zwei Entwicklern gibt es eine gro\u00dfe Auswahl. Zum Beispiel k\u00f6nnen Sie Live-Roulette, Blackjack und Baccarat als die beliebtesten Spiele ausw\u00e4hlen. Sie k\u00f6nnen sich logischerweise auch f\u00fcr Live Poker entscheiden. Die Caribbean Stud Poker, Casino Hold&#8217;em, Ultimate Texas Hold&#8217;em und Three Card Poker Varianten stehen zum Spielen zur Verf\u00fcgung. Casumo konzentriert sich haupts\u00e4chlich auf die Online-Video-Slots. Aber auch der Liebhaber von Live Casino wurde gedacht. Melden Sie sich an einem Spieltisch an, z. B. Live-Roulette, Live-Baccarat oder Blackjack! Sie k\u00f6nnen auch live Casino Hold &#8217;em oder Texas Hold&#8217; em live spielen. Sie sind \u00fcber Mikrofone und Kameras mit dem Croupier verbunden. \u00dcber die Chat-Funktion k\u00f6nnen Sie sogar eine Frage stellen, wenn Sie m\u00f6chten. Wenn Sie es geschafft haben, gibt es sehr sch\u00f6ne Preise zu gewinnen!<\/p>\n<h2>Spielangebot<\/h2>\n<p>Die Casinospiele, die in einem Online-Casino gespielt werden k\u00f6nnen, werden nat\u00fcrlich von verschiedenen Software-Entwicklern bereitgestellt. Dies gilt auch f\u00fcr Casumo Casino, was zu einer sehr gro\u00dfen Auswahl an Spielen f\u00fchrt. Wenn Sie von der Startseite aus den Game Browser aufrufen, k\u00f6nnen Sie direkt auf alle Casino-Spiele wetten. Zun\u00e4chst sehen Sie zuerst die beliebtesten Spiele und die neuesten Spiele. M\u00f6chten Sie lieber nach Casinospielen in einer bestimmten Kategorie suchen, um ein Gl\u00fccksspiel zu machen? Dann k\u00f6nnen Sie Slots, Tischspiele, Jackpot-Spiele oder das Live-Casino ausw\u00e4hlen. In der Kategorie Tischspiele finden Sie logischerweise Spiele wie Roulette, Blackjack, Punto Banco und Poker. W\u00e4hlst du die Slot Kategorie? Dann k\u00f6nnen Sie Video-Slots und Slot-Maschinen spielen, um ein Gl\u00fccksspiel zu machen. Wenn Sie im Bereich Casumo Casino-Spiele um Gewinne spielen, werden Sie feststellen, dass mit den Einsatzlimits gearbeitet wird. Sie k\u00f6nnen im Prinzip schon ab 0,01 \u20ac pro Spiel zu den Spielautomaten gehen. Dies h\u00e4ngt jedoch auch davon ab, ob Sie mit einstellbaren Gewinnlinien spielen oder nicht. W\u00e4hlst du einen der Spieltische aus? In jedem Fall k\u00f6nnen Sie schon ab 0,10 \u20ac im Casumo Casino spielen.<\/p>\n<h2>Poker<\/h2>\n<p>Der echte Pokerliebhaber wird sicherlich etwas f\u00fcr Casumo finden. Zus\u00e4tzlich zu Live Casino Hold&#8217;em und Live Casino Texas Hold&#8217;em k\u00f6nnen Sie aus verschiedenen Varianten des Video Poker w\u00e4hlen. Denken Sie an Jacks or Better, All American Poker, Deuces Wild, Joker Wild und Oasis Poker.<\/p>\n<h2>Design<\/h2>\n<p>Das Auff\u00e4lligste an der Casumo Casino-Website? Das ist die Tatsache, dass es viel anders ist als \u00fcblich. Casumo Casino tut alles, um einzigartig zu sein und ist unserer Meinung nach in Bezug auf Design erfolgreich. Es ist bedauerlich, dass Sie das Spielangebot nicht sofort sehen werden, aber die Navigation innerhalb des Spielbrowsers l\u00e4sst keine W\u00fcnsche offen. Selbst wenn Sie im Casumo Casino mobil spielen m\u00f6chten, k\u00f6nnen Sie nat\u00fcrlich auf ein sch\u00f6nes Design mit praktischer Navigationsstruktur z\u00e4hlen. Auf Ihrem Smartphone oder Tablet k\u00f6nnen Sie direkt zum gesamten Bildschirm wechseln, ohne eine App herunterzuladen. Schlie\u00dflich soll die Website dieses Casinos automatisch auf die richtige Bildschirmgr\u00f6\u00dfe skaliert werden.<\/p>\n<h2>Mobile Erfahrung<\/h2>\n<p>Sie k\u00f6nnen Casumo-Spiele auch auf Ihrem Mobiltelefon oder \u00fcber Ihr Tablet spielen. Dazu k\u00f6nnen Sie \u00fcber Ihren Browser auf die Casumo-Website surfen. Sie loggen sich mit Ihren Kontodaten ein und k\u00f6nnen sofort spielen.<\/p>\n<h2>Zuverl\u00e4ssigkeit<\/h2>\n<p>Casumo arbeitet mit einer Lizenz von Malta und dem Vereinigten K\u00f6nigreich. Beide L\u00e4nder sind bekannt f\u00fcr die sehr strengen Vorschriften f\u00fcr Casinos. Dar\u00fcber hinaus arbeitet Casumo mit einer eigenen Verschl\u00fcsselung, um das Online-Spielen so sicher wie m\u00f6glich zu gestalten. Die angebotenen Spiele stammen von bekannten Slotspiel-Entwicklern und werden auch regelm\u00e4\u00dfig von Casumo \u00fcberpr\u00fcft. Dies gew\u00e4hrleistet so viel Zuverl\u00e4ssigkeit wie m\u00f6glich.<\/p>\n<h2>Anzahlung \/ Bezahlung<\/h2>\n<p>M\u00f6chten Sie um echtes Geld bei Casumo spielen? Dann erst ein Konto erstellen. Eine Kaution muss mindestens 10 Euro betragen. Sie k\u00f6nnen dies auf verschiedene Arten tun: \u00fcber iDeal, Kreditkarte, Paysafecard oder Skrill. Wenn Sie einen Gewinn erzielen m\u00f6chten, k\u00f6nnen Sie \u00fcber Ihr Konto eine Auszahlung beantragen. Casumo zahlt Ihren Gewinn bereits ab zehn Euro. W\u00e4hlen Sie aus, ob Sie es auf ein Bankkonto, Ihre Kreditkarte oder eine mobile Brieftasche bezahlen m\u00f6chten. Casumo Casino bietet eine Vielzahl von Zahlungsm\u00f6glichkeiten. Mit iDeal, Neteller, Skrill, VISA und Mastercard k\u00f6nnen Sie problemlos Geld hinzuf\u00fcgen. Wenn Sie mit Ihrem Geld spielen und wissen, wie Sie gewinnen k\u00f6nnen, ist die Anforderung von Auszahlungen bei Casumo Casino kein Problem. Nach Ihrem Gewinn k\u00f6nnen Sie beispielsweise problemlos Geld auf ein Kreditkartenkonto, ein regul\u00e4res Bankkonto oder ein E-Wallet abheben. Spieler, die ihr gewonnenes Guthaben an eine elektronische Geldb\u00f6rse wie Neteller oder Skrill zahlen, erhalten das Geld sofort nach Genehmigung in ihrer Internet-Geldb\u00f6rse. Die Zahlungen auf Bankkonten gehen nat\u00fcrlich etwas anders aus, da auch die Bank die Zahlung selbst genehmigen muss. Je nach Bank- oder Kreditkartenunternehmen ist das Geld auch innerhalb von 1 bis 3 Werktagen auf Ihrem Konto verf\u00fcgbar.<\/p>\n<h2>Besitzer<\/h2>\n<p>Casumo Casino wurde im Jahr 2012 vom derzeitigen Eigent\u00fcmer Casumo Services Limited Casinos gegr\u00fcndet. Dieses Unternehmen verf\u00fcgt \u00fcber ein Management mit der erforderlichen Erfahrung. Aus unserer Sicht f\u00fchrt dies zu einem guten Online Casino in einer Wette. Nachfolgend haben wir die Daten des Eigent\u00fcmers Casumo Services Limited Casinos f\u00fcr Sie aufgelistet.<\/p>\n<p>Casumo Services Limited Casinos, Das Einhornzentrum, Triq I-Uqija Swieqi, SWQ 2335 Malta<\/p>\n<h2>Lizenzen<\/h2>\n<p>Ein Online-Casino ben\u00f6tigt mindestens eine Lizenz, um Online-Gl\u00fccksspiele anbieten zu k\u00f6nnen. Dar\u00fcber hinaus gelten in bestimmten L\u00e4ndern strengere Anforderungen, so dass zus\u00e4tzliche Lizenzen erforderlich sind. Casumo Casino hat aus diesem Grund eine doppelte Lizenz erhalten. Die Malta Gaming Authority hat nicht nur die Aktivit\u00e4ten von Casumo Casino \u00fcberpr\u00fcft und festgestellt, sondern auch die britische Gl\u00fccksspielkommission dies mittels einer Lizenz getan. All dies bedeutet, dass Sie als Spieler im Casumo Casino legal um Gewinnpreise spielen k\u00f6nnen. Die Spielumgebung ist gesichert und die Boni werden fair vergeben. Dar\u00fcber hinaus hat Casumo Casino immer eine faire Gewinnchance und Sie werden keine zuverl\u00e4ssige Spielumgebung verpassen.<\/p>\n<h2>Sicherheit<\/h2>\n<p>Wenn Sie in einem Casino spielen, ist Sicherheit von gr\u00f6\u00dfter Bedeutung. Dies wird in einem Casino auf unterschiedliche Weise angezeigt. Zun\u00e4chst sind die vorhandenen Lizenzen wichtig. Dies bedeutet, dass Sie sicher im Casumo Casino wetten k\u00f6nnen und in einer fairen Spielumgebung landen. Es ist auch wahr, dass faire M\u00f6glichkeiten zum Geldgewinn geboten werden m\u00fcssen. Dies ist auch im Casumo Casino gew\u00e4hrleistet, das sich aus der Anwesenheit eines Zufallsgenerators ergibt. Immerhin sorgt diese Software daf\u00fcr, dass Sie bei den Spielen beliebige Preise erhalten. Schlie\u00dflich k\u00f6nnen Sie Ihr Geld nat\u00fcrlich dank der verf\u00fcgbaren Zahlungsmethoden auf sichere Weise aufladen. Bei Casumo Casino ist die Zuverl\u00e4ssigkeit daher zu 100% garantiert.<\/p>\n<h2>Kundendienst<\/h2>\n<p>Casumo Casino hat dann m\u00f6glicherweise die M\u00f6glichkeit, eine E-Mail zu senden, die mehr versteckt ist, dies gilt jedoch nicht f\u00fcr den Rest des Kundendienstes. \u00dcber den Kontakt-Button gelangen Sie sofort in den Live-Chat. Sie k\u00f6nnen dann Ihre E-Mail-Adresse und Ihren Namen eingeben, um direkt mit einem Mitarbeiter zu sprechen. Ist niemand verf\u00fcgbar? Dann ist das auch kein Problem, denn in den FAQs, die im Casumo Casino verf\u00fcgbar sind, k\u00f6nnen Sie sofort Antworten auf die am h\u00e4ufigsten gestellten Fragen finden. Wenn Sie Casumo Casino per E-Mail kontaktieren m\u00f6chten, k\u00f6nnen Sie eine E-Mail an hey@casumo.com senden. Auf der anderen Seite k\u00f6nnen Sie dieses Casino auch \u00fcber Social Media finden. Kontakt ist auch \u00fcber Facebook, Twitter und LinkedIn m\u00f6glich. Die Erfahrung lehrt uns, dass Ihnen auf anst\u00e4ndige Weise geholfen wird und Sie immer schnell sprechen k\u00f6nnen. Der Casumo-Kundenservice ist rund um die Uhr verf\u00fcgbar. Wenn Sie eine Frage zu einer Auszahlung oder einem Spiel haben, k\u00f6nnen Sie uns auf verschiedene Weise kontaktieren. Freust du dich auf pers\u00f6nlichen Kontakt? Dann greifen Sie zum Telefon. F\u00fcr eine superschnelle Antwort nutzen Sie den Live-Chat. Das professionelle Personal hilft Ihnen gerne bei allen Fragen und Problemen.<\/p>\n<h2>Unsere abschlie\u00dfende Schlussfolgerung<\/h2>\n<p>Das Casumo Online Casino behandelt es etwas anders als seine Konkurrenten. Es f\u00e4llt sofort auf, dass die Casumo-Website beispielsweise nicht mit viel Werbung oder anderen auff\u00e4lligen Teilen ausgestattet ist. Wenn Sie sich bei diesem Gl\u00fccksspielparadies registrieren, er\u00f6ffnet sich Ihnen jedoch eine v\u00f6llig neue Welt. Der pers\u00f6nliche Ansatz von Casumo ist daher eines der auff\u00e4lligsten Merkmale. Als Spieler erhalten Sie einen pers\u00f6nlichen Avatar, den Sie w\u00e4hrend Ihres gesamten Abenteuers bei Casumo bei sich tragen. M\u00f6chten Sie nicht einfach ein Online-Casino nutzen und suchen Sie wirklich nach einem einzigartigen Online-Spielerlebnis? In diesem Fall ist Ihre Chance im Casumo Online Casino die M\u00fche wert.<\/p>\n","protected":false},"excerpt":{"rendered":"<p>Casumo Casino Bewertung Deutschland 2019 Wenn Sie auf der Casumo Casino-Website landen, werden Sie bald erkennen, warum diese Website als internationales Online-Casino bekannt ist. Hier z\u00e4hlt nicht nur das Design, denn die Auswahl an Casinospielen und der gute Service sind sicherlich ein positiver Punkt, um sich f\u00fcr Casumo Casino zu entscheiden. Casumo ist das perfekte [&hellip;]<\/p>\n","protected":false},"author":1,"featured_media":235,"parent":0,"menu_order":0,"comment_status":"closed","ping_status":"closed","template":"page-casino-review.php","meta":{"footnotes":""},"categories":[],"tags":[],"class_list":["post-232","page","type-page","status-publish","has-post-thumbnail","hentry"],"aioseo_notices":[],"_links":{"self":[{"href":"https:\/\/pokiesportal.com\/de\/wp-json\/wp\/v2\/pages\/232","targetHints":{"allow":["GET"]}}],"collection":[{"href":"https:\/\/pokiesportal.com\/de\/wp-json\/wp\/v2\/pages"}],"about":[{"href":"https:\/\/pokiesportal.com\/de\/wp-json\/wp\/v2\/types\/page"}],"author":[{"embeddable":true,"href":"https:\/\/pokiesportal.com\/de\/wp-json\/wp\/v2\/users\/1"}],"replies":[{"embeddable":true,"href":"https:\/\/pokiesportal.com\/de\/wp-json\/wp\/v2\/comments?post=232"}],"version-history":[{"count":0,"href":"https:\/\/pokiesportal.com\/de\/wp-json\/wp\/v2\/pages\/232\/revisions"}],"wp:featuredmedia":[{"embeddable":true,"href":"https:\/\/pokiesportal.com\/de\/wp-json\/wp\/v2\/media\/235"}],"wp:attachment":[{"href":"https:\/\/pokiesportal.com\/de\/wp-json\/wp\/v2\/media?parent=232"}],"wp:term":[{"taxonomy":"category","embeddable":true,"href":"https:\/\/pokiesportal.com\/de\/wp-json\/wp\/v2\/categories?post=232"},{"taxonomy":"post_tag","embeddable":true,"href":"https:\/\/pokiesportal.com\/de\/wp-json\/wp\/v2\/tags?post=232"}],"curies":[{"name":"wp","href":"https:\/\/api.w.org\/{rel}","templated":true}]}}