{"id":215,"date":"2019-01-25T13:56:01","date_gmt":"2019-01-25T13:56:01","guid":{"rendered":"http:\/\/pokiesportal.com\/de\/?page_id=215"},"modified":"2019-01-25T13:56:01","modified_gmt":"2019-01-25T13:56:01","slug":"frank-and-fred-casino","status":"publish","type":"page","link":"https:\/\/pokiesportal.com\/de\/frank-and-fred-casino\/","title":{"rendered":"frank and fred casino"},"content":{"rendered":"<h1>Frank und Fred Casino Bewertung Deutschland 2019<\/h1>\n<p>Frank &amp; Fred Casino wurde am Freitag, 13. Juli, gestartet. Wir erwarten, dass dieses epische Casino auf dem Markt f\u00fcr Aufsehen sorgen wird. Das sch\u00f6ne neue Casino bietet den Spielern qualitative Casino-Spiele, da sie die besten Online-Spielautomaten genie\u00dfen k\u00f6nnen. Denken Sie an Software von Gamomat, Novomatic, Big Time Gaming, Push Gaming, Microgaming, NetEnt, Bally, WMS und vieles mehr. Es gibt auch Lotterien: Euro Jackpot, Power Ball, Euro Millions, Mega Millions. Dank Ihrer jahrelangen Erfahrung auf dem Markt wissen sie, was Sie von keinem anderen wollen! Gute Spielautomaten und ein Top-Live-Casino. Sie finden auch progressive Spielautomaten, was bedeutet, dass Sie immer einen gro\u00dfen Jackpot im Frank &amp; Fred Casino gewinnen k\u00f6nnen. Bei der Auswahl an Spielautomaten und einer gro\u00dfen Auswahl an progressiven Jackpot-Slots liegt der Schwerpunkt auf Slots bei Frankfred.com. Es gibt auch eine gro\u00dfe Anzahl von Tisch- und Kartenspielen, darunter Roulette, Blackjack und Baccarat, die auf einen gro\u00dfen Spieler wie Sie warten! Weil High Roller bei Frank und Fred Casino gut aufgehoben sind.<\/p>\n<h2>Vorteile<\/h2>\n<ul>\n<li>Super Bonus<\/li>\n<li>Brandneues Casino!<\/li>\n<li>Casino von Profis gemacht<\/li>\n<li>VIP-Politik super!<\/li>\n<\/ul>\n<h2>Mehr \u00fcber das Casino<\/h2>\n<p>Dar\u00fcber hinaus ist eine Live-Casino-Umgebung bei Frank Fred Casino offensichtlich nicht verf\u00fcgbar. Mit Live Dealer-Spielen, darunter Roulette, Blackjack und Poker. Sobald Sie sich im Live-Casino befinden, werden Sie feststellen, dass die Croupiers attraktiv, professionell und pers\u00f6nlich sind. Sie werden sich bald wie in einem Premium-Casino f\u00fchlen, wenn Sie bei einem echten Dealer im Frank &amp; Fred Casino an einem Tisch spielen. Wenn Sie die Website zum ersten Mal besuchen, werden Sie mit einer violetten Oberfl\u00e4che begr\u00fc\u00dft, die wir in Online-Casinos nicht oft sehen. Das Farbschema ist erfrischend und klar. Da die Navigation \u00fcbersichtlich und schnell zu finden ist, finden Sie bald Ihr Lieblingsspiel. Allein der Superbonus lohnt es, schnell ein Konto anzulegen.<\/p>\n<h2>Frank &amp; Fred Bonus<\/h2>\n<p>Wir k\u00f6nnen Sie \u00fcber den Bonus im Frank &amp; Fred Casino gl\u00fccklich machen. Mit 200 Freispielen und einem Bonus von 300 \u20ac beginnt Ihr erstes Abenteuer gut. Da das Casino hohe Punkte erzielt, wissen wir, dass Sie gleichwertig belohnt werden, insbesondere wenn Sie VIP-Spieler des Casinos werden.<\/p>\n<h2>Benutzerfreundlichkeit<\/h2>\n<p>Frank Fred Casino ist mobilfreundlich, weil es f\u00fcr iPhone, Android und Tablet geeignet ist. Die Anzahl der Spiele wurde erweitert. Sie k\u00f6nnen eine Vielzahl von Spielen genie\u00dfen, indem Sie mit Safari auf Ihrem iOS-Ger\u00e4t zu ihrer Website gehen. Ihre Android-App gilt auch als eine der besten und umfassendsten Casino-Apps der Welt. Und dank ihres mobilen Casinos k\u00f6nnen Sie Tisch- und Kartenspiele, Video Poker und vieles mehr genie\u00dfen. Die mobilen Funktionen von Frank &amp; Fred Casino sind an allen Fronten hervorragend.<\/p>\n<h2>Kundendienst<\/h2>\n<p>Das Design der Website ist fantastisch. Sie k\u00f6nnen es auf Ihrem Mac oder PC genie\u00dfen. Dies ist ein gut designtes Online Casino und die Spiele sehen toll aus, klingen gro\u00dfartig und laufen ohne zu z\u00f6gern. Der Kundenservice ist h\u00f6flich, sachkundig und effizient. Sie sind rund um die Uhr per Chat und E-Mail erreichbar. Was auch immer Ihr Problem oder Ihre Frage ist, sie sind bereit, Ihnen zu helfen. Frank &amp; Fred Casino hat hohe Standards im Kundenservice und ist bekannt f\u00fcr seine F\u00e4higkeit, Fragen schnell und vollst\u00e4ndig mit der breiten Erfahrung auf dem Markt zu beantworten.<\/p>\n<h2>Frank &amp; Fred Casino Fazit<\/h2>\n<p>Das Frank und Fred Casino ist mit seinen vielen Spielautomaten ein wahres Juwel. Die progressive Software ist eine der besten und bietet in jeder Hinsicht eine \u00fcberlegene Leistung. Obwohl wir noch nicht wissen, wie der Willkommensbonus sein wird, werden die Treuepr\u00e4mien betr\u00e4chtlich. F\u00fcgen Sie diesen gro\u00dfartigen Kundenservice, eine F\u00fclle von Spielen und eine erstaunliche, vielseitige mobile Pr\u00e4senz hinzu, und Sie haben ein gewinnendes Online-Casino. Sehen Sie sich Frank &amp; Fred Casino an. Nur die Zeitnischen, von denen viele eine Auszahlungsquote von \u00fcber 96% bieten, sind die ersten Geldzahlungen. Sobald Sie sich die Zeit genommen haben, um ihre umfangreiche Liste an Casino-Spielen zu spielen, gewinnen Sie!<\/p>\n","protected":false},"excerpt":{"rendered":"<p>Frank und Fred Casino Bewertung Deutschland 2019 Frank &amp; Fred Casino wurde am Freitag, 13. Juli, gestartet. Wir erwarten, dass dieses epische Casino auf dem Markt f\u00fcr Aufsehen sorgen wird. Das sch\u00f6ne neue Casino bietet den Spielern qualitative Casino-Spiele, da sie die besten Online-Spielautomaten genie\u00dfen k\u00f6nnen. Denken Sie an Software von Gamomat, Novomatic, Big Time [&hellip;]<\/p>\n","protected":false},"author":1,"featured_media":223,"parent":0,"menu_order":0,"comment_status":"closed","ping_status":"closed","template":"page-casino-review.php","meta":{"footnotes":""},"categories":[],"tags":[],"class_list":["post-215","page","type-page","status-publish","has-post-thumbnail","hentry"],"aioseo_notices":[],"_links":{"self":[{"href":"https:\/\/pokiesportal.com\/de\/wp-json\/wp\/v2\/pages\/215","targetHints":{"allow":["GET"]}}],"collection":[{"href":"https:\/\/pokiesportal.com\/de\/wp-json\/wp\/v2\/pages"}],"about":[{"href":"https:\/\/pokiesportal.com\/de\/wp-json\/wp\/v2\/types\/page"}],"author":[{"embeddable":true,"href":"https:\/\/pokiesportal.com\/de\/wp-json\/wp\/v2\/users\/1"}],"replies":[{"embeddable":true,"href":"https:\/\/pokiesportal.com\/de\/wp-json\/wp\/v2\/comments?post=215"}],"version-history":[{"count":0,"href":"https:\/\/pokiesportal.com\/de\/wp-json\/wp\/v2\/pages\/215\/revisions"}],"wp:featuredmedia":[{"embeddable":true,"href":"https:\/\/pokiesportal.com\/de\/wp-json\/wp\/v2\/media\/223"}],"wp:attachment":[{"href":"https:\/\/pokiesportal.com\/de\/wp-json\/wp\/v2\/media?parent=215"}],"wp:term":[{"taxonomy":"category","embeddable":true,"href":"https:\/\/pokiesportal.com\/de\/wp-json\/wp\/v2\/categories?post=215"},{"taxonomy":"post_tag","embeddable":true,"href":"https:\/\/pokiesportal.com\/de\/wp-json\/wp\/v2\/tags?post=215"}],"curies":[{"name":"wp","href":"https:\/\/api.w.org\/{rel}","templated":true}]}}