{"id":210,"date":"2019-01-25T13:19:25","date_gmt":"2019-01-25T13:19:25","guid":{"rendered":"http:\/\/pokiesportal.com\/de\/?page_id=210"},"modified":"2019-01-25T15:47:29","modified_gmt":"2019-01-25T15:47:29","slug":"yako-casino","status":"publish","type":"page","link":"https:\/\/pokiesportal.com\/de\/yako-casino\/","title":{"rendered":"yako casino"},"content":{"rendered":"<h1>Yako Casino Bewertung Deutschland 2019<\/h1>\n<p>Die \u00dcbersetzung des Wortes Yako bedeutet w\u00f6rtlich &#8220;Ihr&#8221;. Der Name dieses Casinos ist daher &#8220;Ihr Casino&#8221;. Ein Casino, das sich ganz auf den Spieler konzentriert. Mehr dazu sp\u00e4ter. Beginnen wir mit unseren Erfahrungen mit diesem Online Casino.<\/p>\n<h2>Spielen Sie kostenlos im Yako Casino<\/h2>\n<p>Noch bevor wir uns registrieren, pr\u00fcfen wir, ob es m\u00f6glich ist, mehrere Slots oder Tischspiele kostenlos zu spielen. Wir k\u00f6nnen sagen, dass es dem Yako Casino gut geht. Die kostenlosen Spiele k\u00f6nnen Sie spielen, indem Sie mit der Maus \u00fcber das gew\u00fcnschte Spiel fahren. Nur dann haben Sie die M\u00f6glichkeit, es kostenlos zu spielen, indem Sie auf &#8220;Spiel zum Spa\u00df&#8221; klicken. Sehr sch\u00f6n ist, dass Sie mehrere Spiele spielen k\u00f6nnen, indem Sie den Bildschirm aufteilen. Zu Beginn des Spiels werden Sie sehen, dass Sie sofort 5000 Bargeld erhalten, um frei spielen zu k\u00f6nnen. Wenn Sie einen Slot m\u00f6gen, k\u00f6nnen Sie ihn mit Ihren Favoriten kombinieren, um ihn sp\u00e4ter f\u00fcr echtes Geld spielen zu k\u00f6nnen.<\/p>\n<h2>Spiel um echtes Geld<\/h2>\n<p>Nach der Registrierung k\u00f6nnen Sie sich im Yako Casino anmelden. Danach erhalten Sie sofort ein Popup, wenn Sie kein Guthaben haben und das Konto erh\u00f6hen m\u00f6chten. Wenn Sie vom kostenlosen Spiel einzahlen m\u00f6chten, k\u00f6nnen Sie dies vom kostenlosen Spiel aus tun oder indem Sie oben rechts auf &#8220;Einzahlung&#8221; dr\u00fccken. Dies ist klar und deutlich angegeben. Nach dem Klicken wird ein Bildschirm mit 12 Einzahlungsoptionen angezeigt. Es gibt keine Mindestbetr\u00e4ge, aber Sie werden es herausfinden. Oft ist das Minimum auf 10 Euro eingestellt. Wir w\u00e4hlen unseren bevorzugten Skrill und navigieren mit Leichtigkeit. Neben Skrill gibt es unter anderem diese bekannten Zahlungsm\u00f6glichkeiten:<\/p>\n<ul>\n<li>Neteller<\/li>\n<li>Paysafecard<\/li>\n<li>Kreditkarte<\/li>\n<li>Bank\u00fcberweisung<\/li>\n<\/ul>\n<h2>Bonusse und Freispiele im Yako Casino<\/h2>\n<p>Wenn Sie sich im Yako Casino registrieren, k\u00f6nnen Sie einen Bonus ausw\u00e4hlen. Klicken Sie im Bonusbereich auf diesen, bevor Sie sich anmelden. Sie m\u00fcssen dann mindestens 20 \u20ac als neuen Spieler einzahlen, um den Bonus zu erhalten. Sie k\u00f6nnen mit 10 Freispielen am Starburst-Slot rechnen und weitere 222 Spins bei der Einzahlung. Dar\u00fcber hinaus erhalten Sie bei einer Einzahlung einen Bonus von bis zu 222 \u20ac. Und nat\u00fcrlich bekommen Sie das nicht so. Sie m\u00fcssen Ihren Bonus und Ihre Gewinne mindestens 25-mal spielen, um den Bonus zu erhalten. Nur dann wird Ihr Bonus in echtes Geld umgewandelt.<\/p>\n<h2>Schnelle Bezahlung<\/h2>\n<p>Durch Skrill hatten wir unseren Kredit hinzugef\u00fcgt, um alle Aspekte dieses Casinos zu testen. Es war dann auch die Absicht, wieder \u00fcber Skrill bezahlen zu k\u00f6nnen. Es wurde schnell klar, dass Sie die Gutschriften \u00fcber &#8220;Abheben&#8221; bezahlen k\u00f6nnen. Drei Optionen standen sofort zur Verf\u00fcgung. Dies erm\u00f6glichte uns die Auszahlung unserer Gelder \u00fcber Skrill, Trustly oder per Bank\u00fcberweisung. Es gab jedoch Mindestauszahlungen von 10 \u20ac, was sicherlich nicht falsch ist. Wir haben uns f\u00fcr Skrill entschieden und auf Knopfdruck wurde es auch arrangiert. Wir haben die Frage nicht bekommen oder Dokumente zu liefern. Sie k\u00f6nnen dies aufgrund der Gesetzgebung verlangen. Alles in allem eine sehr angenehme Erfahrung mit dem Yako Casino und der schnellen Auszahlung!<\/p>\n<h2>Das Spielangebot im Yako Casino<\/h2>\n<p>Es wird schnell klar, dass dieses Online-Casino alles hat, um sich ein anst\u00e4ndiges Casino zu nennen. Eine Mischung aus Tischspielen, Videoslots und Live-Spielen ist verf\u00fcgbar. Sofort wird klar, dass sich dieses Casino haupts\u00e4chlich auf die Video-Slots konzentriert. Sie haben ein riesiges Angebot von der Supermacht Netent und weniger bekannten Parteien wie Anbietern. Dar\u00fcber hinaus haben sie als zweiten Trumpf die Vielfalt der Tischspiele. Hier fehlt es an nichts und Sie k\u00f6nnen als eifriger Spieler gut laufen.<\/p>\n<h2>Video-Slots<\/h2>\n<p>Wenn wir auf das Men\u00fc klicken und dann zu Slots navigieren, sehen wir eine gro\u00dfe Anzahl von Slots. Im Yako Casino gibt es eine gro\u00dfe Auswahl mit mehr als 200 Video-Slots von verschiedenen Anbietern. Beispielsweise verf\u00fcgen sie \u00fcber Video-Slots von Netent, Vendors, Habanero &amp; Playson. Sie k\u00f6nnen diese Steckpl\u00e4tze pro Anbieter filtern, was sehr einfach ist. Einige dieser Video-Slots, die Sie im Yako Casino spielen k\u00f6nnen, wurden ausf\u00fchrlich besprochen:<\/p>\n<ul>\n<li>Videoslot Eggomatic von Netent<\/li>\n<li>Gonzo Quest Slot<\/li>\n<li>Wenn Schweine fliegen, Online-Sperre von Netent<\/li>\n<\/ul>\n<h2>Live Casino aus dem Yako Casino<\/h2>\n<p>Das Live-Spiel ist heutzutage nicht mehr zu \u00fcbersehen. Sie wissen das im Yako Casino nur zu gut. Sie haben sich f\u00fcr eine sch\u00f6ne Mischung von Spielen entschieden, die von den Anbietern von Netent &amp; Vendors unterst\u00fctzt werden. Beide Anbieter bieten einen Spielemix. Zum Beispiel k\u00f6nnen Sie live auf Roulette und Blackjack wetten, wobei die meisten Tische 24 Stunden ge\u00f6ffnet sind. Es gibt nicht an, von welcher Wette Sie spielen k\u00f6nnen. Hier werden Sie nur zur\u00fcckgelassen, wenn Sie auf das Spiel klicken.<\/p>\n<h2>Jackpot-Slots<\/h2>\n<p>Das wirklich gro\u00dfe Geld kann nur durch die Wahl eines Jackpot-Slots gewonnen werden. Im Yako Casino k\u00f6nnen Sie aus 10 verschiedenen Jackpot-Slots w\u00e4hlen, die von Netent stammen. Die Preise, die Sie damit erhalten k\u00f6nnen, variieren von einigen tausend Euro bis zu Millionen. Ob es sinnvoll ist, einen progressiven Jackpot-Slot zu spielen, ist die n\u00e4chste Frage, da es fast unm\u00f6glich ist, zu gewinnen. Aber wenn Sie es nicht versuchen, wissen Sie es auch nicht. Einige der Top-Jackpot-Slots sind: Hall of Gods, Mega Fortune und Mega Moolah. Mit letzterem hat ein Spieler des Yako Casino jemals den Jackpot gewonnen!<\/p>\n<h2>Tischspiele<\/h2>\n<p>Im Yako Casino bieten sie ein riesiges Paket an Tischspielen. Wo sie im Live-Bereich nur Blackjack &amp; Roulette anbieten, zerquetschen sie uns mit einer gro\u00dfen Auswahl. Jeder Spieler kann hier sein Spiel finden. Ob Sie Poker, Ponton oder Baccarat spielen m\u00f6chten. Sie haben hier eine vielf\u00e4ltige Auswahl, in der sie den Wettbereich eindeutig angeben.<\/p>\n<h2>Mobile Spiele<\/h2>\n<p>Wie bereits erw\u00e4hnt, k\u00f6nnen fast alle Spiele bei Yako auf Smartphones und Tablets gespielt werden. Die Spieler k\u00f6nnen daher ihre Lieblingsspiele jederzeit und \u00fcberall spielen, wenn eine Internetverbindung verf\u00fcgbar ist. Diese mobile Integration der Website funktioniert wirklich gut! Wenn Sie die Wiedergabe auf Ihrem Smartphone beenden, k\u00f6nnen Sie auf Ihrem Computer so fortfahren. Dar\u00fcber hinaus ben\u00f6tigen Sie keine Apps, um YakoCasino beitreten zu k\u00f6nnen. Fast alle iOS- und Android-Ger\u00e4te werden unterst\u00fctzt.<\/p>\n<h2>Einfaches Registrierungsverfahren<\/h2>\n<p>Die Registrierung ist der Beginn des Abenteuers. Dieser Prozess muss ordentlich und benutzerfreundlich sein. Ist dies nicht der Fall, h\u00f6ren die Leute auf. Im Yako Casino haben sie versucht, diesen Prozess zu beschleunigen, indem sie einen Link mit Google + und Facebook einbinden. Nach einigen Versuchen, uns auf diese Weise zu registrieren, zogen wir aus. Es h\u00e4tte so sch\u00f6n sein k\u00f6nnen. Vielleicht klappt es mit jemand anderem. Wir haben einen anderen Ansatz gew\u00e4hlt und uns durch einen dreistufigen Registrierungsprozess registriert. Dies verlief reibungslos, danach konnten wir sofort spielen, ohne unsere Post \u00f6ffnen zu m\u00fcssen. Ein kleines Minus war, dass wir keine E-Mail mit einer Best\u00e4tigung erhalten haben. Dies ist in einigen F\u00e4llen einfach, wenn Sie ein Kennwort oder andere Dinge verloren haben. Alles in allem ein reibungsloser Ablauf.<\/p>\n<h2>Benutzerfreundlich bis ins kleinste Detail im Yako Casino<\/h2>\n<p>Hier punkten sie sehr gut. Sie sind nicht nur auf allen Ger\u00e4ten wie dem Laptop oder dem Mobiltelefon gut verf\u00fcgbar, sondern auch in anderen Bereichen. Was uns sehr gefreut hat, ist die M\u00f6glichkeit, nach Provider zu filtern, damit Sie Ihre Lieblingsspiele vom jeweiligen Provider filtern lassen. Aber nicht nur das, Sie k\u00f6nnen auch Ihre Lieblingspl\u00e4tze unter den Favoriten speichern, indem Sie auf das Herz dr\u00fccken. Au\u00dferdem wird dieses Casino nicht umsonst als Ihr Casino bezeichnet. Sie haben ein alla Netflix Casino. Da kann man sofort bei Netflix sehen, welche Serien und \/ oder Filme Netflix Ihnen als Vorschlag gibt. Das sieht man auch im Yako Casino. Durch das Spielen verschiedener Slots k\u00f6nnen sie basierend auf Ihrem Spielverhalten Vorschl\u00e4ge f\u00fcr andere Slots vorschlagen. Auf diese Weise m\u00fcssen Sie nicht zweimal nachdenken. Schlie\u00dflich, und das hatten wir noch nicht gesehen, ist die M\u00f6glichkeit, ein Spiel hinzuzuf\u00fcgen, wenn Sie bereits eines spielen. Sie k\u00f6nnen ein Spiel hinzuf\u00fcgen, wonach er beide Spiele in einem Splitscreen-Modus spielt. Danach bleibt klar, was Sie spielen. Alles in allem ein Casino, das sich wirklich an den W\u00fcnschen des Spielers orientiert und gerne mitdenkt. Nur Minus ist die Sprache, die Sie nicht auf Niederl\u00e4ndisch setzen k\u00f6nnen. Dies wird zweifellos in Zukunft passieren!<\/p>\n<h2>Kundenservice leicht erreichbar<\/h2>\n<p>Wenn Sie den Startbildschirm \u00f6ffnen, sehen Sie sofort die Kontaktm\u00f6glichkeiten mit einem der Mitarbeiter. So haben Sie die M\u00f6glichkeit zu telefonieren, per E-Mail, aber auch \u00fcber den Live-Chat. Letzteres haben wir versucht zu sehen, wie das gefallen w\u00fcrde. Da wir wussten, dass es wahrscheinlich keinen deutschen Gastgeber geben w\u00fcrde, haben wir es auf Deutsch versucht. Du wei\u00dft nie Wir haben unsere Antwort auf Englisch erhalten. Wir haben unsere Fragen gestellt und eine ordentliche Antwort erhalten. Und das innerhalb von weniger als 10 Sekunden. Sehr ordentlich Der Kundendienst des Yako Casino ist an 7 Tagen in der Woche von 12.00 bis 23.00 Uhr ge\u00f6ffnet. So k\u00f6nnen Sie wirklich den ganzen Tag mit all Ihren Fragen zum Kundendienst gehen. Sie k\u00f6nnen problemlos mit einem Support-Mitarbeiter \u00fcber die praktische Chat-Funktion auf der Website chatten. Durch den Chat wird Ihnen sofort wirklich geholfen und Sie m\u00fcssen kaum warten. Dar\u00fcber hinaus verf\u00fcgt das Yako Casino \u00fcber eine internationale Telefonnummer, unter der Sie anrufen k\u00f6nnen und die Spieler nat\u00fcrlich per E-Mail kontaktieren k\u00f6nnen.<\/p>\n<p>Yako Casino Unterst\u00fctzung:<br \/>\ninfo@yakocasino.com<br \/>\n00356 2776 1085<br \/>\n12:00 Uhr &#8211; 23:00 Uhr<\/p>\n<h2>Ist das Yako Casino zuverl\u00e4ssig?<\/h2>\n<p>Yako Casino behandelt pers\u00f6nliche und finanzielle Informationen sehr sorgf\u00e4ltig. Wie jedes moderne Online-Casino ist auch das Yako Casino durch SSL-Verschl\u00fcsselung gesch\u00fctzt. Dadurch wird sichergestellt, dass private Daten von Spielern gut gesch\u00fctzt sind und nicht von Au\u00dfenstehenden abgefangen werden k\u00f6nnen. Alle Einzahlungen und Zahlungen, die Sie vornehmen, sind verschl\u00fcsselt und absolut sicher. Um ehrlich zu sein, m\u00fcssen Sie sich keine Sorgen um Yako machen. Das Casino wird regelm\u00e4\u00dfig von einer unabh\u00e4ngigen Partei wie iTech Labs \u00fcberpr\u00fcft. Diese \u00dcberpr\u00fcfungen stellen sicher, dass kontinuierlich \u00fcberpr\u00fcft wird, ob alle Spiele im Yako Casino fair sind und ob die Spieler eine gute Gewinnchance haben. Es besteht kein Zweifel, und wir k\u00f6nnen mit 100% iger Sicherheit sagen, dass alle Spiele im Yako Casino v\u00f6llig fair sind.<\/p>\n<h2>Unser Bewertung von Yako Casino<\/h2>\n<p>Yako Casino ist ein super neues Online Casino. Ihre Mission ist es, der Online-Casino-Welt neues Leben, Farbe und Spa\u00df zu verleihen! Eine Mission, die uns nat\u00fcrlich anspricht, da wir oft auf Online-Casinos sto\u00dfen, die nicht von Dauer sind. YakoCasino ist nett und fr\u00f6hlich und Sie sehen sofort, dass der Benutzeroberfl\u00e4che des Players wirklich Aufmerksamkeit geschenkt wird. Yako Casino bedeutet w\u00f6rtlich DEIN Casino, und das strahlt auch aus. Yako Casino bietet Spiele von mehreren Plattformen an, wie z. B. Play n Go, Leander Games, Booming Games und NetEnt Games. Eine gro\u00dfe Anzahl von Spielen kann auf Desktops und Smartphones oder Tablets gespielt werden. Und zum Gl\u00fcck k\u00f6nnen Spieler aus Deutschland dieses neue Online Casino einfach besuchen! Leider ist dies f\u00fcr einige andere europ\u00e4ische L\u00e4nder noch nicht der Fall.<\/p>\n","protected":false},"excerpt":{"rendered":"<p>Yako Casino Bewertung Deutschland 2019 Die \u00dcbersetzung des Wortes Yako bedeutet w\u00f6rtlich &#8220;Ihr&#8221;. Der Name dieses Casinos ist daher &#8220;Ihr Casino&#8221;. Ein Casino, das sich ganz auf den Spieler konzentriert. Mehr dazu sp\u00e4ter. Beginnen wir mit unseren Erfahrungen mit diesem Online Casino. Spielen Sie kostenlos im Yako Casino Noch bevor wir uns registrieren, pr\u00fcfen wir, [&hellip;]<\/p>\n","protected":false},"author":1,"featured_media":212,"parent":0,"menu_order":0,"comment_status":"closed","ping_status":"closed","template":"page-casino-review.php","meta":{"footnotes":""},"categories":[],"tags":[],"class_list":["post-210","page","type-page","status-publish","has-post-thumbnail","hentry"],"aioseo_notices":[],"_links":{"self":[{"href":"https:\/\/pokiesportal.com\/de\/wp-json\/wp\/v2\/pages\/210","targetHints":{"allow":["GET"]}}],"collection":[{"href":"https:\/\/pokiesportal.com\/de\/wp-json\/wp\/v2\/pages"}],"about":[{"href":"https:\/\/pokiesportal.com\/de\/wp-json\/wp\/v2\/types\/page"}],"author":[{"embeddable":true,"href":"https:\/\/pokiesportal.com\/de\/wp-json\/wp\/v2\/users\/1"}],"replies":[{"embeddable":true,"href":"https:\/\/pokiesportal.com\/de\/wp-json\/wp\/v2\/comments?post=210"}],"version-history":[{"count":0,"href":"https:\/\/pokiesportal.com\/de\/wp-json\/wp\/v2\/pages\/210\/revisions"}],"wp:featuredmedia":[{"embeddable":true,"href":"https:\/\/pokiesportal.com\/de\/wp-json\/wp\/v2\/media\/212"}],"wp:attachment":[{"href":"https:\/\/pokiesportal.com\/de\/wp-json\/wp\/v2\/media?parent=210"}],"wp:term":[{"taxonomy":"category","embeddable":true,"href":"https:\/\/pokiesportal.com\/de\/wp-json\/wp\/v2\/categories?post=210"},{"taxonomy":"post_tag","embeddable":true,"href":"https:\/\/pokiesportal.com\/de\/wp-json\/wp\/v2\/tags?post=210"}],"curies":[{"name":"wp","href":"https:\/\/api.w.org\/{rel}","templated":true}]}}