{"id":207,"date":"2019-01-25T13:13:22","date_gmt":"2019-01-25T13:13:22","guid":{"rendered":"http:\/\/pokiesportal.com\/de\/?page_id=207"},"modified":"2019-02-22T13:10:44","modified_gmt":"2019-02-22T13:10:44","slug":"king-billy-casino","status":"publish","type":"page","link":"https:\/\/pokiesportal.com\/de\/king-billy-casino\/","title":{"rendered":"king billy casino"},"content":{"rendered":"<h1>King Billy Bewertung Deutschland 2019<\/h1>\n<p>Das King Billy Casino ist einer der Anbieter, von denen wir mit Sicherheit sagen k\u00f6nnen, dass Sie beruhigt in ein Gl\u00fccksspiel gehen k\u00f6nnen. Das Casino richtet sich haupts\u00e4chlich an ein breiteres Publikum und daher nicht an bestimmte Spieler aus bestimmten L\u00e4ndern. Jeder ist willkommen und das zeigen sie auf jeden Fall. Neue Spieler erhalten sofort ein kleines Geschenk von King Billy, ohne eine Einzahlung t\u00e4tigen zu m\u00fcssen. Auffallend sind die unterschiedlichen Bewertungen der Spieler im Internet, sie sind voll des Lobes. Positive Botschaften wie &#8220;freundlicher und professioneller Live-Support&#8221;, &#8220;schnelles Bezahlen&#8221;, &#8220;benutzerfreundliche Website&#8221; und &#8220;breites Spektrum an Casino-Spielen&#8221; sind an der Tagesordnung. Die King Billy-Website ist in der Tat so eingerichtet, dass Spieler leicht navigieren und ihre Lieblingsspiele finden k\u00f6nnen. Zun\u00e4chst wird in der Art der Spiele im Untermen\u00fc unterschieden. Sie finden diese direkt unter dem Hauptbild. Hier k\u00f6nnen Sie direkt zu Top-Spielen, neuen Spielen, Jackpot-Spielen, Spielautomaten (Spielautomaten), Tischspielen und \/ oder Live-Casino-Spielen klicken. Dann ist es auch m\u00f6glich, bei bestimmten Anbietern nach Spielen zu suchen. Dazu m\u00fcssen Sie nur auf den Anbieter klicken, damit alle Spiele ordnungsgem\u00e4\u00df angezeigt werden. Schlie\u00dflich ist es auch m\u00f6glich, direkt \u00fcber die Suchleiste nach einem Spiel zu suchen.<\/p>\n<h2>Vorteile<\/h2>\n<ul>\n<li>Attraktive Welcome Promotions<\/li>\n<li>Fantastische Spiele<\/li>\n<li>Super Unterst\u00fctzung<\/li>\n<\/ul>\n<p>Erw\u00e4hnenswert ist auch die Tatsache, dass King Billy mehr als 1000 verschiedene Casino-Spiele f\u00fcr Spieler zur Verf\u00fcgung hat. Dies ist weit \u00fcber dem Durchschnitt, da die meisten Internet-Casinos ungef\u00e4hr zwischen 300 und 600 Spiele anbieten. An diesem Punkt zeichnet sich auch K\u00f6nig Billy aus. Wir k\u00f6nnen auch die Boni positiv beurteilen. King Billy Casino verf\u00fcgt \u00fcber mehrere Einzahlungsboni in Kombination mit Freispielen, die f\u00fcr neue Spieler bereitstehen. Die Begr\u00fc\u00dfungsaktion gilt f\u00fcr die ersten f\u00fcnf Einzahlungen im Casino. Das ist jedoch nicht alles. In diesem Casino k\u00f6nnen bestehende Spieler auch wiederkehrende Aktionen wie Boni am Montag und Dienstag und eine Geld-zur\u00fcck-Aktion am Donnerstag nutzen. Schlie\u00dflich gibt es auch eine Gratisdrehung f\u00fcr treue Spieler. Dies ist jedes Wochenende aktiv. Lasst uns jetzt tiefer in die Willkommensaktion von K\u00f6nig Billy gehen.<\/p>\n<h2>Registrierungsbonus<\/h2>\n<p>Es ist wichtig zu wissen, dass das King Billy Casino eine Startaktion f\u00fcr alle neuen Spieler eingerichtet hat, die 21 Freispiele f\u00fcr einen bestimmten Online-Spielautomaten bietet. Sie m\u00fcssen lediglich ein Konto erstellen. Wie der Name schon sagt, bekommen Sie nach Ihrer Registrierung 21 Freispiele. Einzahlungen sind daher nicht erforderlich. Es ist v\u00f6llig kostenlos und dient als Willkommensgeschenk, um die Website auszuprobieren. Die Spins k\u00f6nnen entweder bei 5 Mariachis verwendet werden. Welches Spiel es sein wird, h\u00e4ngt von dem Land ab, aus dem Sie ein Konto registrieren.<\/p>\n<h2>Willkommenspaket<\/h2>\n<p>Wenn Sie sich f\u00fcr eine Einzahlung bei King Billy Casino entscheiden, k\u00f6nnen Sie mehrere attraktive Willkommensaktionen nutzen. Neue Mitglieder k\u00f6nnen ein 5-stufiges Willkommensbonuspaket in Anspruch nehmen, das insgesamt 1.000 \u20ac Bonusse und 200 Freispiele generieren kann. Das Begr\u00fc\u00dfungspaket ist an die ersten f\u00fcnf Einzahlungen aus der Registrierung gebunden und wie folgt aufgebaut:<\/p>\n<ul>\n<li>1. Einzahlung&gt; 100% Bonus mit einem Maximum von \u20ac200 + 200 Freispielen<\/li>\n<li>2. Einzahlung&gt; 50% Bonus mit einem H\u00f6chstbetrag von \u20ac200<\/li>\n<li>3. Einzahlung&gt; 25% Bonus bis zu \u20ac300<\/li>\n<li>4. Einzahlung&gt; 25% Bonus bis zu \u20ac300<\/li>\n<\/ul>\n<p>Wie Sie sehen, k\u00f6nnen Sie w\u00e4hlen, ob Sie eine dieser Bonusaktionen verwenden m\u00f6chten oder nicht. Es ist wahr, dass, wenn Sie einen Bonus ablehnen, dieser nicht mehr verf\u00fcgbar ist. Angenommen, Sie zahlen zum ersten Mal ein und verwenden den Bonus. Leider ist es nicht zu einer Auszahlung gekommen. Dann entscheiden Sie sich f\u00fcr eine zweite Einzahlung, nehmen diesmal jedoch keinen Bonus. Das bedeutet, dass der zweite Einzahlungsbonus storniert wird. Wenn Sie dann eine dritte Einzahlung vornehmen, erhalten Sie auch den damit verkn\u00fcpften Bonus und nicht den zweiten Einzahlungsbonus, den Sie abgelehnt haben. Das ist komplett abgelaufen. Es ist auch wichtig zu wissen, an welchen Slotmaschinen Sie die verschiedenen zus\u00e4tzlichen Freispiele nutzen k\u00f6nnen. Wie Sie oben sehen k\u00f6nnen, erhalten Sie zus\u00e4tzlich zum Bonusbetrag der ersten Einzahlung eine Reihe von Freispielen. Die ersten 200 Spins werden auf dem Online-Spielautomaten &#8220;Gonzo&#8217;s Quest&#8221; des Softwareanbieters Net Entertainment (NetEnt) verf\u00fcgbar sein. Ein weiteres sehr wichtiges Element der Casino-Aktionen sind die an sie gekn\u00fcpften Bedingungen. Alle Online-Casinos, die Spielern zus\u00e4tzliche Aktionen zur Verf\u00fcgung stellen, beschr\u00e4nken sie durch Bonusbedingungen. Durch die Erstellung eines Kontos erkl\u00e4ren Sie sich automatisch mit allen allgemeinen und Bonusbedingungen einverstanden. Als Spieler musst du dabei bleiben. Die allgemeinen Bedingungen sprechen normalerweise f\u00fcr sich. Die Bonusbedingungen k\u00f6nnen jedoch je nach Casino variieren. In jedem Fall raten wir allen Online-Spielern, sich immer die Zeit zu nehmen, um alle Bedingungen zu durchlaufen. Dies gilt umso mehr, wenn Sie auch Boni verwenden. Wenn Sie kein Bonus sind, m\u00fcssen Sie diese Bedingungen nicht unbedingt ber\u00fccksichtigen. Bei King Billy Casino gibt es eine Reihe von Bonusbedingungen, die Sie beachten m\u00fcssen, wenn Sie sich entscheiden, mit Boni oder Freispielen zu spielen.<\/p>\n<h2>Bonusbedingungen<\/h2>\n<p>Die wichtigste Voraussetzung f\u00fcr Boni &#8211; und das ist bei allen Casino-Websites \u00fcberall gleich &#8211; ist das sogenannte Round-Playing-Gebot. Dies wird normalerweise in den Bedingungen mit dem Begriff &#8220;Wettanforderungen&#8221; und \/ oder &#8220;Durchspielbedingungen&#8221; bezeichnet. Bonusgeld, das Sie von Online-Casinos erhalten, unterliegt immer einer Mindestrunden-Spielbedingung. Dies bedeutet einfach, dass Sie die Anzahlung und \/ oder den Bonusbetrag, den Sie mehrmals erhalten, verwenden m\u00fcssen. Sobald Sie das getan haben, werden alle Gelder freigegeben oder in echtes Geld umgewandelt. Kurz gesagt, Sie m\u00fcssen den Bonus bezahlen und sobald er abgeschlossen ist, wird er in echtes Geld umgewandelt. Wie hoch der Multiplikator ist, variiert je nach Anbieter. Bei King Billy eine Runde Spielbedingung mit einem 35-fachen Bonus. Es geht also nur um den Bonusbetrag. In einigen Casinos kann der Multiplikator sowohl f\u00fcr die Einzahlung als auch f\u00fcr den Bonus gelten. Das ist hier nicht der Fall. Nehmen wir ein Beispiel, um den Zustand des Rundenspiels zu erl\u00e4utern. Angenommen, Sie melden sich bei King Billy an und zahlen zum ersten Mal \u20ac 50 ein. Sie entscheiden sich f\u00fcr den Willkommensbonus. Dies bedeutet, dass Sie zus\u00e4tzlich zu Ihrer eigenen Einzahlung 100% Extra erhalten. Sie erhalten insgesamt 100 \u20ac Spielgeld, wovon 50 \u20ac als Bonus Ihrem Konto gutgeschrieben werden. Sie m\u00fcssen diesen Betrag 35-mal spielen, um auszahlen zu k\u00f6nnen. Insgesamt m\u00fcssen Sie \u20ac 1750 in Wetten platzieren. Beachten Sie, es geht ums Wetten, also werden Sie nach und nach Betr\u00e4ge gewinnen und wieder verwenden. Wenn Sie in der Zwischenzeit einen guten Betrag gewinnen und Ihr Guthaben aufbessern, k\u00f6nnen Sie es leicht erhalten. Die Menge scheint auf den ersten Blick hoch zu sein, aber es ist einfach zu tun. Eine zweite wichtige Bonusbedingung ist der maximale Einsatz. Mit King Billy k\u00f6nnen Sie nicht mehr als 5 \u20ac pro Runde platzieren. Wir k\u00f6nnen es nicht oft genug sagen, aber es ist \u00e4u\u00dferst wichtig, sich daran zu halten. Wenn Sie dies nicht tun, hat das Casino das Recht, alle Gewinne zu konfiszieren. Es gibt viele Spieler, die \u00fcber diese Bedingung stolpern und sehen, wie ihre Gewinne danach in Rauch aufgehen. Und das ist normalerweise so, weil die Bonusbedingungen nicht gelesen werden. Bitte beachten Sie dies nochmals sehr sorgf\u00e4ltig.<\/p>\n<p>Es ist auch wichtig zu beachten, dass es eine Mindesteinzahlung f\u00fcr die Willkommensboni gibt. Dies bedeutet einfach, dass Sie einen Mindestbetrag einzahlen m\u00fcssen, um sich f\u00fcr die Bonusaktion zu qualifizieren. In diesem Casino betr\u00e4gt die Mindesteinzahlung 10 \u20ac. Es ist auch wichtig, dass der Registrierungsbonus strengere Bedingungen erf\u00fcllt. Nicht im Sinne der Runden-Spielbedingung, da diese ebenfalls auf 50 eingestellt ist. Um den Betrag zu gewinnen, den Sie mit den Freispielen nach der Registrierung gewinnen, m\u00fcssen Sie rund 50 Mal spielen. Wenn dies gelingt, gilt eine maximale Zahlung. Da es sich hierbei um einen kostenlosen Bonus handelt, gilt die H\u00f6chstzahlung, da zuvor keine Einzahlung get\u00e4tigt wurde. Sie k\u00f6nnen maximal 50 \u20ac zahlen, wenn Sie mit dem Registrierungsbonus gewinnen.<\/p>\n<p>Schlie\u00dflich ist es wichtig zu wissen, dass Boni mit einem F\u00e4lligkeitsdatum verbunden sind. Die Spieler m\u00fcssen den Bonus durch Erf\u00fcllen der Rundungsbedingung innerhalb der Ablauffrist aufheben oder freimachen. F\u00fcr diesen Anbieter gilt eine Frist von 30 Tagen. Die Ablauffrist beginnt mit dem Hinzuf\u00fcgen des Bonus zum Spielerkonto.<\/p>\n<h2>Casino Spiele<\/h2>\n<p>Top Slots: Gonzos Quest, Fruit Zen, Wilder Westen: Der gro\u00dfe Zug\u00fcberfall, V\u00f6gel, Starburst, 4 Jahreszeiten, Rooks Rache, Sin City Nights, Sparta, K\u00f6nigliches Einhorn, Grand Tiger, Warlords: Crystals of Power, Call oder Wild, Dead oder Alive, Dracula, Domnitors und Aloha! Cluster bezahlt<\/p>\n<p>Video Poker: Asse und Gesichter, Doppel Bonus Poker, Joker Poker, Doppel Jackpot, Deuces Wild, Buben oder besser, Bonus Poker und Bonus Deluxe.<\/p>\n<p>Tischspiele: Blackjack, Baccarat, Roulette, Ponton, Oasis Poker, Casino Hold&#8217;em, Texas Hold&#8217;em, Hi-Lo, Let It Ride, Caribbean Poker und Pai Gow.<\/p>\n<h2>Softwareanbieter<\/h2>\n<p>Wie bereits erw\u00e4hnt, hat King Billy Casino eine riesige Auswahl an Casino-Spielen. Es stehen mehr als 1000 Spiele zur Verf\u00fcgung. Diese werden von nicht weniger als 17 verschiedenen Softwarefirmen an das Casino geliefert. Es handelt sich um folgende Softwareanbieter:<\/p>\n<ul>\n<li>NetEnt<\/li>\n<li>Microgaming<\/li>\n<li>Betsoft<\/li>\n<li>Play &#8216;n Go<\/li>\n<li>Pragmatic Play<\/li>\n<li>GameART<\/li>\n<li>Habanero<\/li>\n<li>iSoftBet<\/li>\n<li>Bgaming<\/li>\n<li>Endorphina<\/li>\n<li>Amatic<\/li>\n<li>Ezugi<\/li>\n<li>Spinomenal<\/li>\n<\/ul>\n<h2>Kundendienst<\/h2>\n<p>Das Kundendienstteam steht 24\/7 (europ\u00e4ische Zeit) zur Verf\u00fcgung.<br \/>\nLive Chat E-Mail: support@kingbillycasino.com<\/p>\n<h2>Hintergrundinformationen<\/h2>\n<p>Unternehmen: Direx NV<br \/>\nStandort: Stasinou 1, MITSI Geb\u00e4ude 1, 1. Etage, Wohnung \/ B\u00fcro 4, Plateia Eleftherias, Nikosia, Zypern<br \/>\nLizenznummer: 8048 \/ JAZ<br \/>\nGr\u00fcndungsdatum: 2017<br \/>\nZertifikate: iTechLabs<br \/>\nKundendienst: Live Chat Service, E-Mail-Support (support@kingbillycasino.com)<br \/>\nZahlungsmethoden: Bank\u00fcberweisung, Bitcoin, iDeal, MasterCard, Paysafecard, VISA, Qiwi, Yandex Money, Skrill und Neteller.<br \/>\nAuszahlungskosten: Nein, kostenlos.<\/p>\n<h2>Wo es sich dreht<\/h2>\n<p>King Billy Casino steht auf Platz 202 in der Liste der 1647 Casinos, die mit einer Punktzahl von 4,1 von 58 Stimmen bewertet wurden, und hat 1333 Slots von Microgaming, Net Entertainment, BetSoft und 12 anderen mit einer durchschnittlichen Bewertung von 3,3 von 208524 Stimmen.<\/p>\n<h2>Fazit<\/h2>\n<p>K\u00f6nig Billy sieht sich als gro\u00dfz\u00fcgiger Monarch, der seinen Leuten gefallen m\u00f6chte. Besucher aus aller Welt sind im Land vieler Spielautomaten und unz\u00e4hliger Sch\u00e4tze willkommen. &#8220;Jeder bekommt hier eine k\u00f6nigliche Behandlung&#8221;, alles was Sie tun m\u00fcssen, ist zu spielen und Spa\u00df zu haben, und Sie k\u00f6nnten sogar an einem guten Tag zum K\u00f6nig der Spielautomaten gek\u00fcrt werden! Das Casino verf\u00fcgt \u00fcber einen gro\u00dfen Willkommensbonus f\u00fcr neue Spieler, um ihr Spielbilanz erheblich zu verbessern. In allen drei Spielkategorien gibt es viele Casino-Spiele, aber es gibt eine gro\u00dfe und vielf\u00e4ltige Auswahl an Spielautomaten, einschlie\u00dflich aller neu ver\u00f6ffentlichten Titel. Gem\u00e4\u00df der Bonusregelung sind viele L\u00e4nder von den kostenlosen Angeboten ausgeschlossen, und es werden Limits f\u00fcr die Auszahlungen, die H\u00f6he der Wetten w\u00e4hrend der Bonusfreigabe und der Umfang festgelegt, in dem alle Casinospiele zu den Durchspielbedingungen beitragen. Die angegebenen Auszahlungszeiten sind g\u00fcnstig und Sie finden eine gute Auswahl an Bankoptionen f\u00fcr Einzahlungen und Auszahlungen.<\/p>\n","protected":false},"excerpt":{"rendered":"<p>King Billy Bewertung Deutschland 2019 Das King Billy Casino ist einer der Anbieter, von denen wir mit Sicherheit sagen k\u00f6nnen, dass Sie beruhigt in ein Gl\u00fccksspiel gehen k\u00f6nnen. Das Casino richtet sich haupts\u00e4chlich an ein breiteres Publikum und daher nicht an bestimmte Spieler aus bestimmten L\u00e4ndern. Jeder ist willkommen und das zeigen sie auf jeden [&hellip;]<\/p>\n","protected":false},"author":1,"featured_media":824,"parent":0,"menu_order":0,"comment_status":"closed","ping_status":"closed","template":"page-casino-review.php","meta":{"footnotes":""},"categories":[],"tags":[],"class_list":["post-207","page","type-page","status-publish","has-post-thumbnail","hentry"],"aioseo_notices":[],"_links":{"self":[{"href":"https:\/\/pokiesportal.com\/de\/wp-json\/wp\/v2\/pages\/207","targetHints":{"allow":["GET"]}}],"collection":[{"href":"https:\/\/pokiesportal.com\/de\/wp-json\/wp\/v2\/pages"}],"about":[{"href":"https:\/\/pokiesportal.com\/de\/wp-json\/wp\/v2\/types\/page"}],"author":[{"embeddable":true,"href":"https:\/\/pokiesportal.com\/de\/wp-json\/wp\/v2\/users\/1"}],"replies":[{"embeddable":true,"href":"https:\/\/pokiesportal.com\/de\/wp-json\/wp\/v2\/comments?post=207"}],"version-history":[{"count":0,"href":"https:\/\/pokiesportal.com\/de\/wp-json\/wp\/v2\/pages\/207\/revisions"}],"wp:featuredmedia":[{"embeddable":true,"href":"https:\/\/pokiesportal.com\/de\/wp-json\/wp\/v2\/media\/824"}],"wp:attachment":[{"href":"https:\/\/pokiesportal.com\/de\/wp-json\/wp\/v2\/media?parent=207"}],"wp:term":[{"taxonomy":"category","embeddable":true,"href":"https:\/\/pokiesportal.com\/de\/wp-json\/wp\/v2\/categories?post=207"},{"taxonomy":"post_tag","embeddable":true,"href":"https:\/\/pokiesportal.com\/de\/wp-json\/wp\/v2\/tags?post=207"}],"curies":[{"name":"wp","href":"https:\/\/api.w.org\/{rel}","templated":true}]}}