{"id":195,"date":"2019-01-24T16:04:10","date_gmt":"2019-01-24T16:04:10","guid":{"rendered":"http:\/\/pokiesportal.com\/de\/?page_id=195"},"modified":"2019-01-24T16:04:10","modified_gmt":"2019-01-24T16:04:10","slug":"konung-casino","status":"publish","type":"page","link":"https:\/\/pokiesportal.com\/de\/konung-casino\/","title":{"rendered":"konung casino"},"content":{"rendered":"<h1>Konung Casino Bewertung Deutschland 2019<\/h1>\n<p>Welchen besseren Weg bietet es an, das Konung Casino einzuf\u00fchren, als zu sagen, dass es ein denkw\u00fcrdiges und h\u00f6chst unterhaltsames Online-Casino gibt, das sicher, fair und vollst\u00e4ndig reguliert ist. Sowohl Neulinge als auch erfahrene Spieler k\u00f6nnen eine authentische Online-Casino-Atmosph\u00e4re mit einer gro\u00dfen Auswahl an hochwertigen Spielautomaten, Tischspielen, Poker und anderen aufregenden Casino-Spielen aus einer langen Liste der f\u00fchrenden Softwareanbieter der Branche genie\u00dfen. Dazu geh\u00f6ren NetEnt, NextGen Gaming, Evolution Gaming, Betsoft, Ezugi, iSoftBet, SoftSwiss und Pragmatic Play. Alle Casino-Spiele von Konung sind vollst\u00e4ndig f\u00fcr eine Vielzahl mobiler Ger\u00e4te optimiert und mit Smartphones und Tablets kompatibel. Dar\u00fcber hinaus wurde Konung Casino 2017 gegr\u00fcndet und ist im Besitz von Direx N.V., einem der bekanntesten Namen der Branche. Das Casino ist vollst\u00e4ndig lizenziert und wird von der Regierung von Curacao reguliert, wodurch sichergestellt wird, dass alle Spiele sicher und fair sind. Kein ansprechendes Online-Casino ist vollst\u00e4ndig ohne ein \u00e4u\u00dferst lohnenswertes Willkommensbonusangebot sowie zahlreiche Werbeangebote. Konung Casino bietet ein bemerkenswertes Willkommensangebot, das auf Neuank\u00f6mmlinge wartet. Es gibt auch zahlreiche Zahlungsm\u00f6glichkeiten sowie einen freundlichen Kundenservice, der Ihnen ein unvergessliches und unterhaltsames Online-Casino-Erlebnis im Konung Casino bietet.<\/p>\n<h2>Einf\u00fchrung<\/h2>\n<p>Es ist alles im Namen &#8211; dies ist ein Ort mit dem lebhaften Geist der Wikinger, der alle Spieler in einer virtuellen Welt von Seefahrerabenteuern, beliebten Spielen und gro\u00dfen Bonus-Handouts willkommen hei\u00dft. Konung startet aus derselben Fabrik wie die Casinos Joo und DasIst, mit einer gro\u00dfen Produktplattform, die von SoftSwiss, NetEnt und einer Reihe anderer Top-Entwickler unterst\u00fctzt wird. Die Website wurde f\u00fcr faire Spiele zertifiziert und von der Curacao Gambling Commission reguliert. Sie verf\u00fcgt \u00fcber eine Reihe attraktiver Progressive, ein hervorragendes Live-Angebot von Evolution und mehr Video-Slots, als Sie erwarten k\u00f6nnen.<\/p>\n<h2>Konung Casino Bonus<\/h2>\n<p>Neulinge in der Welt des Online-Casino-Gl\u00fccksspiels und des Konung Casino k\u00f6nnen ihr Spielerlebnis mit einem \u00e4u\u00dferst lohnenden Willkommensbonus beginnen, der bis zu 500 \u20ac Bonusgeld und unglaubliche 115 Freispiele bietet. Das Konung Casino-Willkommensbonuspaket wird auf die ersten drei Einzahlungen verteilt und umfasst Folgendes:<\/p>\n<ul>\n<li>Ersteinzahlungsbonus: 100% Spieleinzahlung bis zu \u20ac 300 + 50 Freispiele in Brave Viking<\/li>\n<li>Zweiter Einzahlungsbonus: 70% Spieleinzahlung bis zu 100 \u20ac + 30 Freispiele in Brave Viking<\/li>\n<li>Bonus auf die dritte Einzahlung: 60% Spieleinzahlung bis zu 300 \u20ac + 35 Freispiele<\/li>\n<\/ul>\n<p>Um den \u00fcberaus lohnenden Willkommensbonus in Anspruch zu nehmen, m\u00fcssen neue Spieler mindestens 20 \u20ac einzahlen, um sich zu qualifizieren. Der Bonus muss 40-mal eingesetzt werden, um die Wettanforderungen zu erf\u00fcllen, bevor Gewinne, die mit dem Willkommensbonus verbunden sind, abgehoben werden k\u00f6nnen. Der erste Bonus ist nur bis zu zwei Wochen g\u00fcltig, nachdem er geltend gemacht wurde. Wenn die Wettanforderungen f\u00fcr einen der drei Boni nicht erf\u00fcllt sind, werden die verbleibenden Betr\u00e4ge vom Konto des Spielers gel\u00f6scht. Dar\u00fcber hinaus tragen nicht alle Konung Casino-Spiele auf dieselbe Weise dazu bei, die Wettanforderungen zu erf\u00fcllen. Zum Beispiel:<\/p>\n<ul>\n<li>Slots &#8211; 100%<\/li>\n<li>Tischspiele (ausgenommen Live-Spiele): Blackjack, Baccarat, Hi-Lo &#8211; 5%<\/li>\n<li>Roulette, Poker (ausgenommen Live-Spiele) &#8211; 5%<\/li>\n<li>Video Poker &#8211; 5<\/li>\n<li>Jackpot-Spiele &#8211; 0%<\/li>\n<\/ul>\n<h2>Wie bekomme ich den Konung Casino Bonus?<\/h2>\n<ul>\n<li>Schritt 1: Registrieren. Der erste Schritt ist die Registrierung bei Konung Casino. Das Ausf\u00fcllen Ihrer Daten dauert nur wenige Minuten.<\/li>\n<li>Schritt 2: Best\u00e4tigen Sie. Um Ihre Registrierung abzuschlie\u00dfen, m\u00fcssen Sie Ihre E-Mail-Adresse best\u00e4tigen. Konung Casino sendet Ihnen dazu einen Link. Beachten Sie, dass es in Ihrem Spam-Ordner landen kann. Vergewissern Sie sich daher, dass Sie die E-Mail nicht vom Betreiber finden k\u00f6nnen.<\/li>\n<li>Schritt 3: Einzahlung. Nachdem die Registrierung abgeschlossen ist, k\u00f6nnen Sie Ihre erste Einzahlung im Konung Casino vornehmen. Melden Sie sich bei Ihrem Konto an und klicken Sie auf die Schaltfl\u00e4che Einzahlung in der oberen rechten Ecke. Konung Casino wird Sie zun\u00e4chst bitten, unser Profil mit zus\u00e4tzlichen Informationen auszuf\u00fcllen.<\/li>\n<\/ul>\n<p>Der n\u00e4chste Schritt w\u00e4re die Auswahl einer Zahlungsoption und die Einzahlung. Leider ist PayPal nicht verf\u00fcgbar, aber Sie k\u00f6nnen Skrill, Neteller und andere zuverl\u00e4ssige Anbieter verwenden. Um sich f\u00fcr den Konung Casino Bonus zu qualifizieren, sind mindestens 20 BTC \/ 0,05 BTC erforderlich. Der gr\u00f6\u00dfte Betrag, den Sie erhalten k\u00f6nnen, betr\u00e4gt bis zu 300 \u20ac und 50 Freispiele mit einer Einzahlung in H\u00f6he des gleichen Betrags.<\/p>\n<h2>Wie funktioniert dieser Bonus?<\/h2>\n<p>Fordern Sie mit unserem Bonuscode 100% Ihrer ersten Einzahlung bis zu 300 \u20ac an.<br \/>\nSetzen Sie den Bonus 50 mal um sich auszahlen zu lassen.<br \/>\nIhre vollen Eins\u00e4tze, wenn Sie auf Slots setzen, z\u00e4hlen, aber andere Spiele tragen bis zu 5% bei.<br \/>\nSie haben 14 Tage Zeit, um die Wettanforderungen zu erf\u00fcllen. Wenn Sie mehr Zeit f\u00fcr diesen Vorgang ben\u00f6tigen, empfehlen wir den Manhattan Slots Bonus, der zeitlich nicht begrenzt ist.<\/p>\n<h2>Konung Casino Freispiele<\/h2>\n<p>Wir haben bereits erw\u00e4hnt, dass alle Neuank\u00f6mmlinge, die sich f\u00fcr die ersten drei Einzahlungen von mindestens \u20ac 15 anmelden, bis zu 115 Freispiele erhalten, die sie beim Brave Viking, einem fantastischen Online-Videoslot, ausgeben k\u00f6nnen. Dies gibt den Spielern eine gro\u00dfartige Chance, Freispiele zu nutzen und die zahlreichen Gewinnm\u00f6glichkeiten, die die Slots bieten, zu nutzen. Alle Freispiele von Konung Casino werden dem Konto des Spielers sofort gutgeschrieben, sobald der Bonus aktiviert ist. Nach der dritten Einzahlung k\u00f6nnen sie f\u00fcr eine Vielzahl anderer aufregender Video-Slots verwendet werden. Freispiele sind jedoch nur f\u00fcr Spieler verf\u00fcgbar, die sich in L\u00e4ndern au\u00dferhalb der Liste der L\u00e4nder mit Beschr\u00e4nkungen befinden, wie Rum\u00e4nien, Russland, Ungarn, Iran, Irak, Kuwait und mehr.<\/p>\n<h2>Weitere AGB des Konung Casino Bonus<\/h2>\n<p>Der Promo-Code ist nur einmal pro Person \/ Anzahlung \/ E-Mail-Adresse \/ Familie \/ Haushalt verf\u00fcgbar.<br \/>\nW\u00e4hrend Sie die Wettanforderungen des Konung Casino-Bonus freimachen, k\u00f6nnen Sie nur \u20ac 5 pro Spin \/ einzelnes Spiel setzen.<br \/>\nSie spielen w\u00e4hrend des Spielzeitraums immer zuerst mit Ihrem echten Geld.<\/p>\n<h2>Konung Casino Spielauswahl<\/h2>\n<p>Konung Casino hat sich mit einer Reihe innovativer Softwareanbieter zusammengeschlossen, die f\u00fcr einige der unterhaltsamsten Casino-Spiele verantwortlich sind. Konung Casino wird unter anderem von NetEnt, Evolution Gaming, Betsoft, NextGen Gaming, Ezugi, iSoftBet und SoftSwiss unterst\u00fctzt. Alle Spiele in der gro\u00dfen Auswahl sind sowohl f\u00fcr echtes Geld als auch f\u00fcr den \u00dcbungsmodus sowie f\u00fcr Desktop- und mobile Versionen verf\u00fcgbar. Es gibt eine lange Liste von \u00e4u\u00dferst unterhaltsamen und \u00e4u\u00dferst lohnenden klassischen und Video-Slots im Konung Casino sowie eine gro\u00dfe Anzahl progressiver Jackpot-Slots, die jeden mit einem einzigen Dreh der Walzen in einen Million\u00e4r verwandeln k\u00f6nnen. Zu den beliebtesten Titeln geh\u00f6ren:<\/p>\n<ul>\n<li>Jack Hammer<\/li>\n<li>Buch des Azteken<\/li>\n<li>Starburst<\/li>\n<li>Buch der Pyramiden<\/li>\n<li>Aztec Magic<\/li>\n<li>Hawaii-Cocktails<\/li>\n<\/ul>\n<p>Die Spieler werden auch von einer umfangreichen Auswahl an Tischspielen beeindruckt sein, die alles von Blackjack, Roulette und Craps bis zu Baccarat und Poker abdecken. Zu den beliebtesten Tischspielen z\u00e4hlen Titel wie Blackjack Atlantic City, Europ\u00e4isches Roulette, Amerikanisches Roulette und Baccarat Professional Series. Diejenigen, die ein authentisches Kasinospiel bevorzugen, k\u00f6nnen immer eines der vielen Live-Dealer-Casinospiele w\u00e4hlen. Die realistische Live-Casino-Lounge bietet Spielern Zugriff auf eine Liste beliebter Titel wie Live Blackjack, Live Roulette, Live Baccarat und mehr. Diese Spiele umfassen eine Echtzeit\u00fcbertragung, freundliche Dealer und ein unvergessliches Live-Casino-Erlebnis.<\/p>\n<h2>Konung Casino Mobile<\/h2>\n<p>Konung Casino verf\u00fcgt \u00fcber eine wirklich bemerkenswerte Auswahl an Spielen. Alle Spiele sind f\u00fcr die mobile Version vollst\u00e4ndig verf\u00fcgbar und bieten ein reibungsloses Gameplay und elegante Grafiken, die selbst auf kleineren Bildschirmen einfach fantastisch aussehen. Spieler k\u00f6nnen alle Spiele auf einer Vielzahl von mobilen Ger\u00e4ten genie\u00dfen, darunter Smartphones und Tablets. Das Konung Mobile Casino ist vollst\u00e4ndig in 6 verschiedenen Sprachen verf\u00fcgbar &#8211; Englisch, Spanisch, Deutsch, Norwegisch, Schwedisch und Finnisch &#8211; und kann \u00fcber Webbrowser auf mobilen Ger\u00e4ten abgerufen werden, die unter Android, iOS und Windows laufen. Mit der Instant Play-Funktion sind alle Casino-Spiele sofort verf\u00fcgbar und bieten das gleiche Spielerlebnis wie die Desktop-Versionen.<\/p>\n<h2>Fazit<\/h2>\n<p>Konung Casino begeistert mit einer Reihe positiver Features, die es zu einem vielversprechenden neuen Online-Casino in einer Branche machen, die nach zuverl\u00e4ssigen Gl\u00fccksspielseiten hungert. Konung Casino bietet eine gro\u00dfe Auswahl an qualitativ hochwertigen Spielen, ansprechenden Bonussen und Werbeaktionen sowie eine Vielzahl bequemer Zahlungsmethoden. Dar\u00fcber hinaus ist der Kundensupport \u00fcberragend, und das Casino ist ein sicherer Ort f\u00fcr Spieler aus der ganzen Welt. Durch den Einsatz modernster Verschl\u00fcsselungstechnologie werden alle Informationen von Dritten ferngehalten.<\/p>\n","protected":false},"excerpt":{"rendered":"<p>Konung Casino Bewertung Deutschland 2019 Welchen besseren Weg bietet es an, das Konung Casino einzuf\u00fchren, als zu sagen, dass es ein denkw\u00fcrdiges und h\u00f6chst unterhaltsames Online-Casino gibt, das sicher, fair und vollst\u00e4ndig reguliert ist. Sowohl Neulinge als auch erfahrene Spieler k\u00f6nnen eine authentische Online-Casino-Atmosph\u00e4re mit einer gro\u00dfen Auswahl an hochwertigen Spielautomaten, Tischspielen, Poker und anderen [&hellip;]<\/p>\n","protected":false},"author":1,"featured_media":198,"parent":0,"menu_order":0,"comment_status":"closed","ping_status":"closed","template":"page-casino-review.php","meta":{"footnotes":""},"categories":[],"tags":[],"class_list":["post-195","page","type-page","status-publish","has-post-thumbnail","hentry"],"aioseo_notices":[],"_links":{"self":[{"href":"https:\/\/pokiesportal.com\/de\/wp-json\/wp\/v2\/pages\/195","targetHints":{"allow":["GET"]}}],"collection":[{"href":"https:\/\/pokiesportal.com\/de\/wp-json\/wp\/v2\/pages"}],"about":[{"href":"https:\/\/pokiesportal.com\/de\/wp-json\/wp\/v2\/types\/page"}],"author":[{"embeddable":true,"href":"https:\/\/pokiesportal.com\/de\/wp-json\/wp\/v2\/users\/1"}],"replies":[{"embeddable":true,"href":"https:\/\/pokiesportal.com\/de\/wp-json\/wp\/v2\/comments?post=195"}],"version-history":[{"count":0,"href":"https:\/\/pokiesportal.com\/de\/wp-json\/wp\/v2\/pages\/195\/revisions"}],"wp:featuredmedia":[{"embeddable":true,"href":"https:\/\/pokiesportal.com\/de\/wp-json\/wp\/v2\/media\/198"}],"wp:attachment":[{"href":"https:\/\/pokiesportal.com\/de\/wp-json\/wp\/v2\/media?parent=195"}],"wp:term":[{"taxonomy":"category","embeddable":true,"href":"https:\/\/pokiesportal.com\/de\/wp-json\/wp\/v2\/categories?post=195"},{"taxonomy":"post_tag","embeddable":true,"href":"https:\/\/pokiesportal.com\/de\/wp-json\/wp\/v2\/tags?post=195"}],"curies":[{"name":"wp","href":"https:\/\/api.w.org\/{rel}","templated":true}]}}