{"id":192,"date":"2019-01-24T16:15:41","date_gmt":"2019-01-24T16:15:41","guid":{"rendered":"http:\/\/pokiesportal.com\/de\/?page_id=192"},"modified":"2019-01-29T14:31:32","modified_gmt":"2019-01-29T14:31:32","slug":"play-frank-casino","status":"publish","type":"page","link":"https:\/\/pokiesportal.com\/de\/play-frank-casino\/","title":{"rendered":"play frank casino"},"content":{"rendered":"<h1>Play Frank Casino Bewertung Deutschland 2019<\/h1>\n<p>Play Frank Casino wurde im August 2016 komplett erneuert. PlayFrank &#8220;old style&#8221; war ein sehr zuverl\u00e4ssiges, aber etwas langweiliges Online-Casino mit vielen dunkelgr\u00fcnen \/ schwarzen Farben. Das Management kam jedoch bald zu dem Schluss, dass ein grundlegender Umbau n\u00f6tig war, um mit anderen Parteien konkurrieren zu k\u00f6nnen. Und so ist es passiert. Und man muss den Rest warf eine andere Tack: frische blaue Farben, fr\u00f6hliche Puppen (Frank Helfer), eine sehr kundenfreundliche Oberfl\u00e4che und einen sehr willkommenen Bonus verbessert. Neben dem Willkommensbonus gibt es auch viele Zwischenboni f\u00fcr Spieler. Play Frank-Spieler werden mehr denn je mit zus\u00e4tzlichen Freispielen und unterhaltsamen Promotionen verw\u00f6hnt. Gl\u00fccklicherweise haben sich der exzellente Service und die gro\u00dfe Auswahl an Hunderten der besten und neuesten Casino-Spiele nicht ge\u00e4ndert. Dieses Online Casino konzentriert sich speziell auf Sie, denn hier geht es nur um die Spieler. Frank ist der geheimnisvolle Mann, der hinter dem Ganzen und nach der Legende, die er einst in einem alten und fast zugrunde gegangen Casino gewann den Jackpot. Dies hat zu Frank Frank Casino Spielen, aber mit einem modernen Design und eine Spielumgebung, in der Sie als Spieler wollen \u00f6fter kommen.<\/p>\n<h2>Spielen Sie bei den Besten Casino-Spielen<\/h2>\n<p>Play Frank hat eine gro\u00dfe Auswahl an Spielen f\u00fcr die Spieler mit einer gro\u00dfen Auswahl an Spieltypen und nat\u00fcrlich mit einem umfangreichen Angebot an Spielautomaten. Die Spielauswahl ist auch von mehreren Anbietern wie Evolution Gaming, Play \u201aN Go, Quick Spin, BetSoft, Williams, Playson, Booming Spiele, Pariplay und Stak Logic. Es gibt Namen, die Sie in keinem Online-Casino sehen. Dies bietet wiederum den Vorteil, dass sich dieses Online Casino auszeichnet. F\u00fcr Spieler, die etwas anderes wollen, ist dies ein angenehmes Extra. Infolgedessen ist die Vielfalt so vielf\u00e4ltig, dass eine gro\u00dfe Gruppe von Spielern eine gro\u00dfe Auswahl und Auswahl hat. Es ist auch n\u00fctzlich, dass Sie das verf\u00fcgbare Spielangebot \u00fcber die Lobby pro Anbieter anzeigen oder mehrere Entwickler gleichzeitig ausw\u00e4hlen k\u00f6nnen. Es ist auch einfach, direkt zu Ihrem bevorzugten Casino-Spiel zu gelangen, wie beispielsweise Spielautomaten, Tischspiele, Jackpot-Spiele oder klassische Spielautomaten. Selbst wenn Sie Live-Gl\u00fccksspiele bei einem echten H\u00e4ndler bevorzugen, stehen Ihnen mehrere Optionen zur Verf\u00fcgung. Die Spielspanne variiert von den Standardklassikern wie Blackjack und Roulette bis zu Baccarat und Caribbean Stud Poker. Es gibt VIP-Tische und auch andere Live-Casino-Spiele, die Sie mit einem Dealer spielen k\u00f6nnen. Ein Beispiel hierf\u00fcr ist Three Card Poker, aber Casino Hold&#8217;em ist auch im Live-Casino erh\u00e4ltlich.<\/p>\n<h2>Spielangebot Play Frank<\/h2>\n<p>Play Frank verwendet nur Software der besten und angesehensten Casino-Spielehersteller. W\u00e4hlen Sie f\u00fcr Spielautomaten und automatisierte Tischspiele die Titel WMS, Netent, Thunderkick, Betsoft, Play N Go, NYX, Elk Studios und iSoftBet. Das Live-Casino-Spiel Frank nutzt die beliebte Software von Evolution Gaming &#8211; echte Kenner der HD-Qualit\u00e4t der Bilder und die vielen Spiele und Kamera-Optionen zu sch\u00e4tzen wissen. Die Gesamtzahl der angebotenen Casinospiele ist beeindruckend: mehr als 320 Spielautomaten, 31 progressive Jackpot-Slots, Roulette, Blackjack, Video Poker und Live-Casino-Spiele. At Play Frank Sie Ihre Lieblings-Slots gespielt, Raging Rhino, Starburst und Guns N Roses zu Grim Muerto und Obst Warp.<\/p>\n<h2>Willkommensbonus und Boni<\/h2>\n<p>Als neues Mitglied im PlayFrank Casino werden Sie sofort verw\u00f6hnt. Sobald Sie registriert sind und ein Konto haben, k\u00f6nnen Sie Geld einzahlen. In diesem Moment werden Sie sofort mit zwei verschiedenen Angeboten \u00fcberrascht. Das erste Angebot ist, dass Sie einen Willkommensbonus von 100% bis 200 Euro erhalten. Die einzige Bedingung daf\u00fcr ist, dass Sie zum ersten Mal mindestens 20 \u20ac auf Ihr Spielerkonto \u00fcberweisen. Als Extra zu diesem Angebot gibt es auch insgesamt 100 Freispiele f\u00fcr den Videoslot Starburst.<\/p>\n<p>Der PlayFrank-Willkommensbonus besteht aus drei Schritten.<\/p>\n<ul>\n<li>1. Einzahlung: 100% Bonus bis zu \u20ac 200 + 100 Freispiele<\/li>\n<li>2. Einzahlung: 50% Bonus bis zu 100 \u20ac + 50 Freispiele<\/li>\n<li>3. Einzahlung: 100% Bonus bis zu 100 \u20ac + 50 Freispiele<\/li>\n<\/ul>\n<p>Insgesamt: \u20ac 400 + 200 Freispiele<\/p>\n<p>Beim Willkommensbonus besteht die Verpflichtung, den Bonus 30-mal zu setzen, bevor der Bonusbetrag in Echtgeld umgewandelt wird, das ausgezahlt werden kann. Dies ist ein ausgezeichneter Zustand und einer der besten, die wir finden konnten. Am Tag Ihrer ersten Einzahlung erhalten Sie den ersten Teil der Freispiele. Dies liegt daran, dass an f\u00fcnf aufeinanderfolgenden Tagen 20 Drehungen f\u00fcr den Starburst-Videoslot eingestellt werden. Nutzen Sie es t\u00e4glich, denn die t\u00e4glichen Freispiele haben nur eine G\u00fcltigkeit von 24 Stunden. Wenn Sie Geld einzahlen und das Willkommenspaket erhalten m\u00f6chten, vergessen Sie nicht, es \u00fcber &#8216;Choose Bonus&#8217; auszuw\u00e4hlen.<\/p>\n<h2>Abwechselnde Aktionen mit Boni, Freispielen und Preisen<\/h2>\n<p>Im PlayFrank Casino k\u00f6nnen Spieler leicht von Promotionen profitieren. Es gibt eine spezielle Aktionsseite, auf der Sie alle aktuellen Aktionen finden k\u00f6nnen. Au\u00dferdem werden Werbeaktionen \u00fcber Facebook, Twitter, SMS und E-Mail angek\u00fcndigt. Sie k\u00f6nnen auch Ihre E-Mail-Adresse eingeben, um nichts zu sparen. Die besten Angebote werden Ihnen auch pers\u00f6nlich per E-Mail angeboten.<br \/>\nNeue Spieler, die ein Konto bei Play Frank erstellen und eine Einzahlung von mindestens 20 \u20ac t\u00e4tigen: Bei Gewinnen aus den Freispielen gibt es ein etwas h\u00f6heres Engagement von 40x. Sobald Sie diese Verpflichtung erf\u00fcllt haben, k\u00f6nnen Sie mit dem gew\u00fcnschten Geld auskommen. Wenn Sie nicht Lust auf viele Wettbedingungen haben, sollten Sie wissen, dass Sie den Bonus jederzeit ablehnen k\u00f6nnen. Dar\u00fcber hinaus bietet PlayFrank regelm\u00e4\u00dfig sch\u00f6ne Freispiele, bei denen Sie Dutzende zus\u00e4tzliche Freispiele mit einer Einzahlung erhalten. Und das Sch\u00f6ne ist: Je mehr Sie bei Play Frank spielen, desto mehr werden Sie belohnt. Echte Arbeit im PlayFrank Casino.<\/p>\n<h2>Ist PlayFrank zuverl\u00e4ssig?<\/h2>\n<p>PlayFrank verwendet ausschlie\u00dflich Software der weltweit gr\u00f6\u00dften und vertrauensw\u00fcrdigsten Casino-Spielehersteller. Die Casino-Spiele, die Sie bei PlayFrank spielen, werden daher mehrmals im Jahr von unabh\u00e4ngigen Parteien getestet. Bei diesen Pr\u00fcfungen wird gepr\u00fcft, ob die Casino-Spiele fair, unabh\u00e4ngig und willk\u00fcrlich sind. Dies stellt sicher, dass die angegebenen Prozents\u00e4tze der Vorteile korrekt sind und Sie eine gute Chance haben, das Casino zu schlagen. PlayFrank hat auch Lizenzen in Malta und im Vereinigten K\u00f6nigreich. Diese L\u00e4nder \u00fcben eine strikte Aufsicht \u00fcber die Parteien aus, denen sie eine Casino-Lizenz gew\u00e4hren.<\/p>\n<h2>\u00dcberweisen Sie Geld auf Ihr Spielerkonto und lassen Sie Ihre Gewinne ausbezahlen<\/h2>\n<p>Um um Geld zu spielen und sich f\u00fcr das Begr\u00fc\u00dfungspaket zu qualifizieren, k\u00f6nnen Sie Geld auf Ihr Spielerkonto im PlayFrank Casino \u00fcberweisen. Das ist sehr einfach und eine Finanztransaktion kann in wenigen Minuten abgeschlossen werden. Dies bedeutet auch, dass Sie die ersten Wetten innerhalb weniger Minuten nach Ihrer Registrierung als neues Mitglied platzieren k\u00f6nnen. Oder nutzen Sie nat\u00fcrlich zuerst die Freispiele, die Sie erhalten. F\u00fcr Bareinzahlungen stehen diesem Online-Casino verschiedene Zahlungsm\u00f6glichkeiten zur Verf\u00fcgung. Zu den Zahlungsmethoden geh\u00f6rt iDeal. Sie werden nicht direkt in den am h\u00e4ufigsten verwendeten Zahlungsmethoden unten auf der Seite angezeigt. Sie sind jedoch angemeldet. Wenn Sie angemeldet sind, werden an der Kasse alle verf\u00fcgbaren Zahlungsmethoden angezeigt. Zu den bekannten Einzahlungsmethoden, die Sie verwenden k\u00f6nnen, geh\u00f6ren Visa, Mastercard, Skrill, Neteller, PaySafeCard, Trustly und GiroPay. F\u00fcr alle diese Optionen ist der Betrag, den Sie auf Ihr Konto \u00fcberwiesen haben, nach Abschluss der Finanztransaktion sichtbar. Selbstverst\u00e4ndlich werden diese Transaktionen \u00fcber eine sichere Verbindung abgewickelt, so dass keine pers\u00f6nlichen oder finanziellen Daten von Ihnen abgefangen werden k\u00f6nnen. F\u00fcr die Zahlung des Geldes ist ein Mindestbetrag von 20 Euro erforderlich, und die maximale Zahlung betr\u00e4gt 25.000 Euro pro Monat. Pro Woche k\u00f6nnen nicht mehr als 10.000 Euro bezahlt werden. Wenn Sie der gl\u00fcckliche Gewinner eines progressiven Jackpots sind, m\u00fcssen Sie nicht denken, dass Sie ein Leben lang mit diesem Online-Casino verbunden sind. F\u00fcr den Betrag der Auszahlung gilt eine Ausnahme, wenn Sie einen progressiven Jackpot gewinnen.<\/p>\n<h2>Sicheres und Faires Spielen<\/h2>\n<p>Wenn Sie zum ersten Mal mit dem Spielen in einem Online-Casino beginnen, ist es nat\u00fcrlich wichtig, dass Sie auf Ehrlichkeit, Zuverl\u00e4ssigkeit und Sicherheit z\u00e4hlen k\u00f6nnen. PlayFrank Casino hat die richtigen Lizenzen, um fair, sicher und zuverl\u00e4ssig zu sein. Zum Beispiel gibt es eine Lizenz von MGA auf Malta, und die verwendeten Anbieter sind alle zertifiziert. Die Casinospiele werden daher regelm\u00e4\u00dfig von Technical Systems Testing getestet. Bei allen Casinospielen besteht 100% Fairness in Verbindung mit der Anwendung des Zufallszahlengenerators. PlayFrank h\u00e4lt es f\u00fcr wichtig, eine Politik in Bezug auf verantwortungsbewusstes Spielen zu haben. Die Website widmet dies auch gesondert. Zum Beispiel, indem Sie darauf hinweisen, dass ein Besuch im Online-Casino zum Spielen haupts\u00e4chlich mit dem Erleben einer unterhaltsamen Zeit zusammenh\u00e4ngt. Es wird betont, dass Online-Gl\u00fccksspiele nicht als eine M\u00f6glichkeit zur Einkommensgenerierung betrachtet werden sollten. F\u00fcr die meisten Spieler ist Online-Gl\u00fccksspiel eine Freizeitbesch\u00e4ftigung, und es wird auch ber\u00fccksichtigt, welcher Betrag f\u00fcr Gl\u00fccksspiele vorgesehen ist. Es werden eine Reihe von Tipps gegeben, um Probleme mit dem Spielen zu vermeiden, z. B. wenn Sie nicht versuchen, Verluste w\u00e4hrend derselben Spielsitzung auszugleichen. Wenn Sie vor\u00fcbergehend eine Pause mit Online-Gl\u00fccksspielen machen m\u00f6chten, wird Ihnen die M\u00f6glichkeit geboten, sich an den Kundendienst zu wenden.<\/p>\n<h2>Effizienter Kundenservice<\/h2>\n<p>Eine umfangreiche Liste von Fragen und Antworten zu verschiedenen Themen steht zur Verf\u00fcgung. Zum Beispiel bei Fragen, bei denen Geld eingezahlt und Geld abgehoben wird, aber auch, ob eine Lizenz vorhanden ist und ob kostenlos gespielt werden kann. Sie k\u00f6nnen sich diese Fragen zuerst ansehen, wenn Sie eine allgemeine Frage haben und wenn m\u00f6glich eine Antwort finden, ohne den Helpdesk aktivieren zu m\u00fcssen. Es ist auch m\u00f6glich, den Kundendienst zu kontaktieren, der effizient arbeitet und leicht zug\u00e4nglich ist. Der schnellste Weg, um mit dem Kundenservice in Kontakt zu treten, ist die Aktivierung des Live-Chats. Zum Schluss noch zwei Dinge, auf die wir immer achten: wie kundenfreundlich das Helpdesk ist und wie klar und ehrlich die Bedingungen sind. Der Helpdesk ist rund um die Uhr verf\u00fcgbar und wirkt als hilfsbereit, freundlich und professionell. Die Allgemeinen Gesch\u00e4ftsbedingungen und die Bonusbedingungen sind auch klar und klar geschrieben und gut verst\u00e4ndlich. Im Gras sind keine Schlangen versteckt.<\/p>\n<h2>Fazit<\/h2>\n<p>PlayFrank ist eine ausgezeichnete Wahl! Das Motto von PlayFrank lautet &#8220;Ihr Casino&#8221;. Wir k\u00f6nnen dies perfekt unterst\u00fctzen und die Chancen ber\u00fccksichtigen, dass PlayFrank nur Ihr neuer, dauerhafter Platz ist. PlayFrank Casino ist ein Online-Casino, in dem Sie die gr\u00f6\u00dfte Auswahl an Casino-Spielen verschiedener Anbieter finden. Das Casino hat eine Lizenz und steht f\u00fcr eine Politik, in der verantwortungsvolles Spielen wichtig ist. Es ist ein Ort, an dem Sie als Spieler von vielen Werbeaktionen profitieren, und damit beginnen Sie mit der ersten Einzahlung.<\/p>\n","protected":false},"excerpt":{"rendered":"<p>Play Frank Casino Bewertung Deutschland 2019 Play Frank Casino wurde im August 2016 komplett erneuert. PlayFrank &#8220;old style&#8221; war ein sehr zuverl\u00e4ssiges, aber etwas langweiliges Online-Casino mit vielen dunkelgr\u00fcnen \/ schwarzen Farben. Das Management kam jedoch bald zu dem Schluss, dass ein grundlegender Umbau n\u00f6tig war, um mit anderen Parteien konkurrieren zu k\u00f6nnen. Und so [&hellip;]<\/p>\n","protected":false},"author":1,"featured_media":194,"parent":0,"menu_order":0,"comment_status":"closed","ping_status":"closed","template":"page-casino-review.php","meta":{"footnotes":""},"categories":[],"tags":[],"class_list":["post-192","page","type-page","status-publish","has-post-thumbnail","hentry"],"aioseo_notices":[],"_links":{"self":[{"href":"https:\/\/pokiesportal.com\/de\/wp-json\/wp\/v2\/pages\/192","targetHints":{"allow":["GET"]}}],"collection":[{"href":"https:\/\/pokiesportal.com\/de\/wp-json\/wp\/v2\/pages"}],"about":[{"href":"https:\/\/pokiesportal.com\/de\/wp-json\/wp\/v2\/types\/page"}],"author":[{"embeddable":true,"href":"https:\/\/pokiesportal.com\/de\/wp-json\/wp\/v2\/users\/1"}],"replies":[{"embeddable":true,"href":"https:\/\/pokiesportal.com\/de\/wp-json\/wp\/v2\/comments?post=192"}],"version-history":[{"count":0,"href":"https:\/\/pokiesportal.com\/de\/wp-json\/wp\/v2\/pages\/192\/revisions"}],"wp:featuredmedia":[{"embeddable":true,"href":"https:\/\/pokiesportal.com\/de\/wp-json\/wp\/v2\/media\/194"}],"wp:attachment":[{"href":"https:\/\/pokiesportal.com\/de\/wp-json\/wp\/v2\/media?parent=192"}],"wp:term":[{"taxonomy":"category","embeddable":true,"href":"https:\/\/pokiesportal.com\/de\/wp-json\/wp\/v2\/categories?post=192"},{"taxonomy":"post_tag","embeddable":true,"href":"https:\/\/pokiesportal.com\/de\/wp-json\/wp\/v2\/tags?post=192"}],"curies":[{"name":"wp","href":"https:\/\/api.w.org\/{rel}","templated":true}]}}