{"id":173,"date":"2019-01-24T14:41:17","date_gmt":"2019-01-24T14:41:17","guid":{"rendered":"http:\/\/pokiesportal.com\/de\/?page_id=173"},"modified":"2019-01-24T14:50:19","modified_gmt":"2019-01-24T14:50:19","slug":"speedy-casino","status":"publish","type":"page","link":"https:\/\/pokiesportal.com\/de\/speedy-casino\/","title":{"rendered":"speedy casino"},"content":{"rendered":"<h1>Speedy Casino Erfahrungen Deutschland 2019<\/h1>\n<p>Speedy Casino wurde geschaffen, um die Erfahrung eines echten Casinos so gut wie m\u00f6glich nachzubilden. Obwohl alle Online-Casinos diese Idee behaupten, konzentriert sich Speedy Casino auf einen Aspekt eines physischen Casinos: Sie k\u00f6nnen einfach hinein- und herausgehen, ohne sich auf das Casino festlegen zu m\u00fcssen. Um in anderen Online-Casinos um echtes Geld spielen zu k\u00f6nnen, m\u00fcssen Sie ein Konto erstellen und sich vergewissern, dass Sie tats\u00e4chlich derjenige sind, f\u00fcr den Sie sich ausgeben. Wenn Sie gewonnen haben, warten Sie ein oder zwei Wochen, bis Sie Ihr Geld aus dem Casino abheben k\u00f6nnen. . Ein &#8220;gew\u00f6hnliches&#8221; Casino hat keine derartigen Einschr\u00e4nkungen. Sie k\u00f6nnen dort hineingehen, Ihr Budget in M\u00fcnzen umtauschen und wenn Sie damit fertig sind, mit Ihren Gewinnen wieder zu spielen. Genau dieser Teil des echten Casino-Erlebnisses versucht Speedy Casino zu vermitteln. Sie m\u00fcssen kein Konto erstellen und wenn Sie aufh\u00f6ren zu spielen, erhalten Sie Ihre Gewinne innerhalb von f\u00fcnf Minuten!<\/p>\n<h2>Zuverl\u00e4ssigkeit<\/h2>\n<p>Da Speedy Casino eine Lizenz von Malta hat, k\u00f6nnen Sie sicher sein, dass Ihr Geld gut verwaltet wird und alle Spiele sicher, zuverl\u00e4ssig und fair sind. Um sich f\u00fcr eine solche Lizenz zu qualifizieren, m\u00fcssen der Softwareentwickler und das Casino selbst regelm\u00e4\u00dfig Tests durchf\u00fchren, um Fairness zu gew\u00e4hrleisten.<\/p>\n<h2>Slots<\/h2>\n<p>Obwohl Speedy einen v\u00f6llig neuen Weg f\u00fcr Online-Gl\u00fccksspiele bietet, geht dies nicht zu Lasten des Angebots. Hier finden Sie Spielautomaten der besten Entwickler, einschlie\u00dflich der ber\u00fchmten Jackpots-Spielautomaten wie Mega Moolah und Hall of Gods. Es gibt mehrere Tischspiele, so dass Sie klassische Spiele gegen den Computer nicht missen m\u00fcssen. Speedy Casino hat auch eine Kategorie, die sie &#8220;Blitz Games&#8221; nennen. Dies sind eine Reihe von beliebten Slots, aber mit der zus\u00e4tzlichen Option, sie bis zu sechsmal schneller zu spielen. Ideal f\u00fcr den echten Enthusiasten, f\u00fcr den ein gew\u00f6hnlicher Slot nicht schnell genug gehen kann.<\/p>\n<h2>Jackpot<\/h2>\n<p>Da Speedy sehr spezialisiert ist, werden Sie leider nicht viele Extras finden. Neben den Slots, Tischspielen und dem Live-Casino sind keine weiteren Spiele zu finden. Sie k\u00f6nnen jedoch an einigen Slots einen Jackpot w\u00e4hlen, die bequem unter der \u00dcberschrift &#8220;Jackpots&#8221; angeordnet sind.<\/p>\n<h2>Bonusbedingungen<\/h2>\n<p>Da Sie bei Speedy Casino immer willkommen sind, aber kein Konto erstellen m\u00fcssen, k\u00f6nnen Sie keine Willkommensboni erhalten. Den Spielern stehen keine Boni zur Verf\u00fcgung, denn es geht darum, dass Sie immer spielen k\u00f6nnen.<\/p>\n<h2>Live Casino<\/h2>\n<p>Es gibt auch ein Live-Casino, in dem Sie die Klassiker nicht gegen den Computer spielen, sondern mit einem Croupier am Tisch spielen, genau wie im echten Casino. Dies stellt sicher, dass Online-Spielen eher wie in einem gew\u00f6hnlichen Casino zu spielen sind.<\/p>\n<h2>Einzahlung<\/h2>\n<p>Speedy Casino funktioniert nur mit der Online-Zahlungsmethode &#8220;Trustly&#8221;, um Zahlungen so rational wie m\u00f6glich zu halten. Trustly ist eine verschl\u00fcsselte Art des Bankwesens. Sie k\u00f6nnen Trustly in Kombination mit Ihrem Bankkonto verwenden. Sie ben\u00f6tigen kein Konto, um Trustly nutzen zu k\u00f6nnen. Obwohl Speedy Casino alles unternimmt, um den Besuch des Casinos reibungslos zu gestalten, m\u00fcssen Sie manchmal pers\u00f6nliche Dokumente einreichen, da dies in den Bestimmungen zur Geldw\u00e4sche vorgeschrieben ist.<\/p>\n<h2>Mobile Erfahrung<\/h2>\n<p>Die gesamte Website von Speedy Casino kann auf Ihrem Handy aufgerufen werden. Da Speedy Casino haupts\u00e4chlich die besten Softwareentwickler verwendet, k\u00f6nnen fast alle Spiele auch von Ihrem Handy aus gespielt werden. Eigentlich \u00e4ndert sich wenig, egal ob Sie mobil oder von Ihrem PC aus spielen.<\/p>\n<h2>Turniere<\/h2>\n<p>Im Speedy Casino sind (noch) keine Turniere verf\u00fcgbar.<\/p>\n<h2>Unterst\u00fctzung<\/h2>\n<p>Wenn Sie Hilfe bei Ihrem Besuch im Speedy Casino ben\u00f6tigen, nutzen Sie einfach die Chat-Funktion, um schnell mit einem Mitarbeiter zu sprechen. Der Chat reagiert schnell und ist von 9 bis 24 Uhr verf\u00fcgbar.<\/p>\n<h2>Fazit<\/h2>\n<p>Wir halten diesen Test kurz und ganz im Stil des Speedy Casinos. Kurz gesagt: In diesem Casino keine Zeitverschwendung f\u00fcr lange Kontoerstellungsverfahren oder Registrierungslisten. Sie k\u00f6nnen sofort mit dem Spielen im Speedy Casino beginnen, und Sie werden feststellen, dass Sie lieber nicht bald abreisen, aber l\u00e4nger bleiben m\u00f6chten. Wir bei PokiesPortal.com w\u00fcnschen Ihnen viel Spa\u00df!<\/p>\n","protected":false},"excerpt":{"rendered":"<p>Speedy Casino Erfahrungen Deutschland 2019 Speedy Casino wurde geschaffen, um die Erfahrung eines echten Casinos so gut wie m\u00f6glich nachzubilden. Obwohl alle Online-Casinos diese Idee behaupten, konzentriert sich Speedy Casino auf einen Aspekt eines physischen Casinos: Sie k\u00f6nnen einfach hinein- und herausgehen, ohne sich auf das Casino festlegen zu m\u00fcssen. Um in anderen Online-Casinos um [&hellip;]<\/p>\n","protected":false},"author":1,"featured_media":190,"parent":0,"menu_order":0,"comment_status":"closed","ping_status":"closed","template":"page-casino-review.php","meta":{"footnotes":""},"categories":[],"tags":[],"class_list":["post-173","page","type-page","status-publish","has-post-thumbnail","hentry"],"aioseo_notices":[],"_links":{"self":[{"href":"https:\/\/pokiesportal.com\/de\/wp-json\/wp\/v2\/pages\/173","targetHints":{"allow":["GET"]}}],"collection":[{"href":"https:\/\/pokiesportal.com\/de\/wp-json\/wp\/v2\/pages"}],"about":[{"href":"https:\/\/pokiesportal.com\/de\/wp-json\/wp\/v2\/types\/page"}],"author":[{"embeddable":true,"href":"https:\/\/pokiesportal.com\/de\/wp-json\/wp\/v2\/users\/1"}],"replies":[{"embeddable":true,"href":"https:\/\/pokiesportal.com\/de\/wp-json\/wp\/v2\/comments?post=173"}],"version-history":[{"count":0,"href":"https:\/\/pokiesportal.com\/de\/wp-json\/wp\/v2\/pages\/173\/revisions"}],"wp:featuredmedia":[{"embeddable":true,"href":"https:\/\/pokiesportal.com\/de\/wp-json\/wp\/v2\/media\/190"}],"wp:attachment":[{"href":"https:\/\/pokiesportal.com\/de\/wp-json\/wp\/v2\/media?parent=173"}],"wp:term":[{"taxonomy":"category","embeddable":true,"href":"https:\/\/pokiesportal.com\/de\/wp-json\/wp\/v2\/categories?post=173"},{"taxonomy":"post_tag","embeddable":true,"href":"https:\/\/pokiesportal.com\/de\/wp-json\/wp\/v2\/tags?post=173"}],"curies":[{"name":"wp","href":"https:\/\/api.w.org\/{rel}","templated":true}]}}