{"id":172,"date":"2019-01-24T14:16:09","date_gmt":"2019-01-24T14:16:09","guid":{"rendered":"http:\/\/pokiesportal.com\/de\/?page_id=172"},"modified":"2019-01-25T15:45:55","modified_gmt":"2019-01-25T15:45:55","slug":"leovegas-casino","status":"publish","type":"page","link":"https:\/\/pokiesportal.com\/de\/leovegas-casino\/","title":{"rendered":"leovegas casino"},"content":{"rendered":"<h1>Leovegas Casino Bewertung Deutschland 2019<\/h1>\n<p>F\u00fcr viele Spieler ist der Bonus eines der wichtigsten Motive f\u00fcr die Wahl eines Online-Casinos. Leo Vegas hat das verstanden. Sie nutzen einen Registrierungsbonus, den wir zuvor in einem Online-Casino noch nicht gesehen haben, und als wir uns das angesehen haben, waren wir erstaunt \u00fcber das Angebot der Website. Es ist ein Trend, der f\u00fcr den Online-Spieler ermutigend ist: Je mehr Angebot es auf einem Markt mit einer gro\u00dfen Frage gibt, desto verr\u00fcckter und daher vorteilhafter werden die Angebote sein. Dies gilt auch f\u00fcr Leo Vegas, der seine Rute in das Meer der Spieler gesteckt hat und nun gro\u00dfe Kundengruppen bindet. Es ist ein echtes europ\u00e4isches Casino, in dem es m\u00f6glich ist, in sechs Sprachen zu spielen. Neben einer sehr starken Desktop-Version, die \u00fcber den Browser abgespielt oder heruntergeladen werden kann, besteht die M\u00f6glichkeit, \u00fcber die mobile Version auf Leo Vegas zu spielen. Die mobile Version macht genauso viel Spa\u00df, der gr\u00f6\u00dfte mobile Online-Casino-Jackpot, der jemals bei Leo Vegas gewonnen wurde: 5,6 Millionen Dollar !!! Suchen Sie ein Casino voller Gl\u00fccksspiele und Boni? Bei LeoVegas sind Sie sicherlich an der richtigen Adresse. Bevor wir Ihnen mehr \u00fcber die M\u00f6glichkeiten dieses Casinos erz\u00e4hlen, m\u00f6chten wir Sie \u00fcber die Sicherheit dieses Online-Casinos informieren. LeoVegas Casino hat drei Lizenzen. Dies bedeutet, dass die Website f\u00fcr Gl\u00fccksspiele ausgiebig gepr\u00fcft und die Spiele unter die Lupe genommen wurden.<\/p>\n<h2>Vertretung mehrerer Softwarehersteller<\/h2>\n<p>Die Spielauswahl, bei der Sie eine Vielzahl von Gl\u00fccksspielen w\u00e4hlen k\u00f6nnen, kommt von mehreren Herstellern. Dies bedeutet, dass das Casino-Angebot des Leo Vegas Casino nicht nur ger\u00e4umig ist, sondern auch eine gro\u00dfe Vielfalt aufweist. In Bezug auf Spielautomaten, Video-Slots, Spieltische, Poker und Jackpots m\u00fcssen Sie an nichts mangeln. Die Software, die Sie im LeoVegas Casino nutzen k\u00f6nnen, ist absolut sicher und bietet faire Gewinnchancen. Namen der Entwickler, die vertreten? Microgaming, Netent, Betsoft, NextGen Gaming und ALLES. In jedem Fall wissen Sie mit Sicherheit, dass Sie nicht nur eine gro\u00dfe Auswahl haben, sondern auch qualitativ, dass Sie an nichts fehlen werden.<\/p>\n<h2>Live Casino-Spielangebot<\/h2>\n<p>Nun, da Sie mehr \u00fcber das Spielangebot und die Boni wissen, sind wir noch weit entfernt. Einzigartig ist auch das Live-Casino von LeoVegas. Wenn Sie in diesem Casino live spielen, bedeutet dies, dass Sie gegen einen echten Dealer spielen werden. Sie spielen zum Beispiel Baccarat, Roulette, Blackjack oder Poker von zu Hause aus. In Bezug auf das Spielerlebnis ist es jedoch so, als ob Sie ein echtes Casino betreten w\u00fcrden, da an einem echten Spieltisch alles von einer Kamera gesteuert wird. Bei dieser Handhabung werden faire Regeln ber\u00fccksichtigt. Dar\u00fcber hinaus k\u00f6nnen Sie jede Aktion selbst verfolgen, sodass Sie sicher sind, dass Sie auf faire Weise gewinnen k\u00f6nnen. Haben Sie noch nie live in diesem Online Casino gespielt? Schauen Sie sich unbedingt die exklusiven Live-Spieltische von LeoVegas Casino an!<\/p>\n<h2>Bonusse f\u00fcr Live-Gl\u00fccksspiele<\/h2>\n<p>Nicht nur f\u00fcr das regul\u00e4re Spielangebot von LeoVegas Casino werden Boni vergeben. Die Live-Casino-Boni k\u00f6nnen auch sicher sein. Sie werden also feststellen, dass Sie regelm\u00e4\u00dfig an einem Roulette-Tisch in diesem Online-Casino zus\u00e4tzliches Geld gewinnen k\u00f6nnen. Das kostet dann schnell viele tausend Euro und nicht nur ein paar Dutzend Euro. Auf der anderen Seite werden oft viele Bargeldboni f\u00fcr Blackjack vergeben, aber es gibt noch viel mehr. Bestimmte Aktionen, die in Kombination mit der Live-Software von Netent ausgef\u00fchrt werden, bedeuten, dass Sie sogar Reisen gewinnen k\u00f6nnen. In der Vergangenheit gab es beispielsweise Reisen nach Las Vegas, aber auch nach Finnland, wo Sie die Nordlichter in einem Glasiglu bewundern k\u00f6nnen. M\u00f6chten Sie auch solche Preise gewinnen? Dann empfehlen wir Ihnen, die Live-Boni des LeoVegas Casino im Auge zu behalten.<\/p>\n<h2>LeoVegas Sportwetten<\/h2>\n<p>Das Angebot von LeoVegas Casino umfasst nicht nur eine gro\u00dfe Auswahl an Casino-Spielen. Selbst wenn Sie lieber Sport treiben m\u00f6chten, werden Sie in diesem Online-Casino viele M\u00f6glichkeiten finden. Bei LeoVegas Sportwetten k\u00f6nnen Sie sich auf Quoten f\u00fcr Sportarten wie Fu\u00dfball, Tennis, Hockey, Darts und Radfahren verlassen. Alle Sportspiele, die ausgetragen werden, finden Sie in der \u00dcbersicht f\u00fcr eine Wette. Anhand der Quoten wird dann angezeigt, wie viel Geld Sie erhalten, wenn Sie mit Ihrer Wette recht haben. Es ist auch vorteilhaft zu wissen, dass Sie Live-Wetten auch \u00fcber das LeoVegas Casino abgeben k\u00f6nnen. Dieses Spiel hat bereits begonnen, was das Gewinnspiel noch spannender macht! W\u00e4hrend einer Live-Wette ist es wichtig, die Chancen im Auge zu behalten. Ein roter Pfeil zeigt an, dass die Auszahlungen reduziert und gr\u00fcn erh\u00f6ht werden.<\/p>\n<h2>Willkommensbonus f\u00fcr das Gl\u00fccksspiel beim Sport<\/h2>\n<p>Wenn Sie als neuer Spieler zu LeoVegas kommen, erhalten Sie einen sch\u00f6nen Willkommensbonus f\u00fcr Sportwetten. Zun\u00e4chst m\u00fcssen Sie sich nat\u00fcrlich selbst \u00fcber das Anmeldeformular der Website anmelden. Hast du ein Konto erstellt? Bei einer neuen Sportwetten-Wette m\u00fcssen Sie Ihrem Konto dann mindestens 10 \u20ac hinzuf\u00fcgen, um den Bonus zu erhalten. Mit dieser Einzahlung erhalten Sie einen Bonus von mindestens 100%! Sie setzen einen Einsatz von mindestens 10 \u20ac auf eine Quote von 1,8 oder h\u00f6her. Danach wird die Wette platziert und der Bonus wird automatisch bis zu \u20ac 50 Ihrem Guthaben gutgeschrieben. Da es sich um einen 100% -Bonus handelt, kann der maximale Bonus gutgeschrieben werden, indem auch mindestens 50 \u20ac gesetzt werden. Ob es sich lohnt, sich f\u00fcr Sportwetten im LeoVegas Casino anzumelden? Gut und oder!<\/p>\n<h2>Konto Erstellen und Aufladen<\/h2>\n<p>Um die Boni bei LeoVegas Casino zu erhalten, gibt es zwei Voraussetzungen. Zun\u00e4chst m\u00fcssen Sie sich als Spieler registrieren. Sie tun dies nat\u00fcrlich, indem Sie das entsprechende Formular ausf\u00fcllen, wodurch Sie auf Ihre eigenen Anmeldedaten zugreifen k\u00f6nnen. Wenn Sie sich als Spieler registriert haben, k\u00f6nnen Sie eine Einzahlung t\u00e4tigen. Dies ist eine zweite Voraussetzung, um einen Bonus zu erhalten. Wenn Sie einen Geldbetrag hinzuf\u00fcgen, m\u00fcssen Sie wissen, dass Sie bei LeoVegas Casino nur sichere Zahlungsmethoden finden k\u00f6nnen. Sie k\u00f6nnen mit iDeal, Neteller, Skrill, Mastercard, VISA oder PaySafeCard einzahlen. Ein Vorteil dieser Einzahlungsmethoden ist, dass Sie Ihr Geld sofort haben k\u00f6nnen. Hast du auch einen Bonus f\u00fcr deine Einzahlung? Dann ist Ihr Bonus nat\u00fcrlich sofort verf\u00fcgbar!<\/p>\n<h2>Willkommensbonus LeoVegas Casino<\/h2>\n<p>Nun kommen wir zu einem der Punkte, die Leo Vegas so machen: das Bonussystem. Der Willkommensbonus, den Sie im LeoVegas Casino erhalten k\u00f6nnen, ist einzigartig. Es ist nicht nur das Angebot mit Freispielen, das Sie bekommen k\u00f6nnen. Obwohl dies bereits ein sch\u00f6ner Start ist, k\u00f6nnen Sie auch kostenlos Geld sammeln. Wenn Sie im LeoVegas Casino spielen, erhalten Sie bei den Einzahlungen ebenfalls Freispiele. Insgesamt werden die ersten 4 Upgrades eines Casino-Bonus angeboten. Auf welchen Bonus kannst du z\u00e4hlen? Wir m\u00fcssen das f\u00fcr jede Einzahlung erkl\u00e4ren. Schlie\u00dflich hat jeder Bonus einen anderen H\u00f6chstbetrag und eine andere Anzahl von Freispielen, die vergeben werden. Welche Boni wird das genau im LeoVegas Casino geben? Sie finden das gleich darunter. Insgesamt bietet dieses Casino einen Bonus von nicht weniger als \u20ac 1600 und 300 Freispiele!<\/p>\n<ul>\n<li>Upgrade 1: Maximal 200 \u20ac Bonus und 50 Freispiele<\/li>\n<li>Upgrade 2: Maximal \u20ac 500 Bonus und 50 Freispiele<\/li>\n<li>Upgrade 3: Maximal \u20ac 500 Bonus und 50 Freispiele<\/li>\n<li>Upgrade 4: Maximal \u20ac 400 Bonus und 100 Freispiele<\/li>\n<\/ul>\n<h2>Extra Boni und Promotionen<\/h2>\n<p>Damit das Spielen im LeoVegas Casino nicht nur f\u00fcr neue Spieler interessant ist, k\u00f6nnen Sie auch regelm\u00e4\u00dfig Bonusse erhalten, wenn Sie l\u00e4nger angemeldet sind. Zun\u00e4chst sollten Sie wissen, dass das LeoVegas Casino f\u00fcr Freispiele bekannt ist. Sie k\u00f6nnen es nicht nur f\u00fcr bestimmte Slots verwenden, sondern Sie k\u00f6nnen auch Freispiele erhalten, die Sie nach Belieben verwenden k\u00f6nnen. Auf der anderen Seite gibt es nat\u00fcrlich auch Aktionen, mit denen Sie sich einen Einzahlungsbonus sichern k\u00f6nnen. In diesem Fall erhalten Sie wie beim Willkommensbonus h\u00e4ufig einen X-Prozentsatz zus\u00e4tzlich zu Ihrer Einzahlung. Der maximale Bonus wird jedoch im Voraus festgelegt, zum Beispiel 200 \u20ac. F\u00fcr alle Boni m\u00fcssen Sie sie erst freischalten, bevor Sie die Zahlung des Geldes beantragen k\u00f6nnen.<\/p>\n<h2>Bonusse f\u00fcr Neue Casinospiele<\/h2>\n<p>Was ist besonders vorteilhaft f\u00fcr das Spielen im LeoVegas Casino? Das ist die Tatsache, dass Sie hier immer Boni bekommen k\u00f6nnen, wenn neue Spiele herauskommen. Es ist zum Beispiel bekannt, dass sowohl Netent als auch Microgaming jeden Monat mindestens einen neuen Slot freigeben. Wenn es einen neuen Slot gibt, wird in Zusammenarbeit mit dem LeoVegas Casino ein Bonus erstellt, der den Spielern angeboten wird. Oft handelt es sich um eine Serie mit Freispielen, die Sie dann an diesem neuen Slot spielen k\u00f6nnen. Zum anderen kann es sich auch um freies Geld handeln. Im letzteren Fall erhalten Sie Boni mit einem Reload-Bonus als Basis. Sie k\u00f6nnen dann mit dem Geld am neuen Slot spielen oder das Geld f\u00fcr andere Spiele verwenden.<\/p>\n<h2>Gewinne Zulassen<\/h2>\n<p>Wenn Sie durch das Spielen von Online-Casinospielen einen Gewinn erzielen k\u00f6nnen, m\u00f6chten Sie logischerweise, dass Ihr Geld ausbezahlt wird. Bevor Sie dies tun, ist es jedoch ratsam, zu bestimmen, wie viel Sie vom LeoVegas Casino bezahlen k\u00f6nnen. Wenn Sie alles ausgezahlt haben, steht Ihnen kein anderes Geld zur Verf\u00fcgung, um m\u00f6glicherweise wieder Gewinn zu erzielen. Im LeoVegas Casino k\u00f6nnen Sie auf verschiedene Weise Geld abheben. Zum Beispiel eine regul\u00e4re Bank\u00fcberweisung, die etwa 3 bis 5 Werktage dauert. Andererseits k\u00f6nnen Sie auch zu einem Konto wechseln, mit dem Ihre Kreditkarte verkn\u00fcpft ist. Dies dauert durchschnittlich 2 bis 5 Arbeitstage. Schlie\u00dflich gilt auch, dass Zahlungen an E-Wallets vorgenommen werden k\u00f6nnen, wobei die Transaktion innerhalb von 24 Stunden abgewickelt wird. Bei all diesen Methoden k\u00f6nnen Sie jedoch bis zu \u20ac20.000 pro Monat vom Gewinn abheben.<\/p>\n<h2>Mobiles Spielen im LeoVegas Casino<\/h2>\n<p>Spieler, die h\u00e4ufig mit einem Mobiltelefon oder Tablet arbeiten, k\u00f6nnen sich sehr gut mit LeoVegas Casino in Verbindung setzen. Auf diese Weise k\u00f6nnen Sie ohne Downloads direkt zur Website von LeoVegas Casino navigieren. Der Browser liest Ihr Ger\u00e4t und l\u00e4dt dieses Online-Casino \u00fcber die gesamte Breite und L\u00e4nge Ihres Bildschirms. Ohne App k\u00f6nnen Sie sofort mit allen Casinospielen beginnen, die mobil angeboten werden. Wie beim Online-Angebot bedeutet Mobile auch, dass Sie eine gro\u00dfe Auswahl haben. Im \u00dcbrigen k\u00f6nnen Sie nicht nur Casinospiele gegen die Software finden, sondern es ist sogar m\u00f6glich, live zu spielen. Auf der anderen Seite k\u00f6nnen Sie bei diesem Casino nat\u00fcrlich auch auf Sportarten wetten und alle Bonusse sind auch mobil verf\u00fcgbar. Auf diese Weise werden Sie \u00fcber das mobile Casino sicherlich an nichts fehlen.<\/p>\n<h2>Casino-Lizenznehmer LeoVegas Casino<\/h2>\n<p>Das LeoVegas Casino ist f\u00fcr das europ\u00e4ische Publikum zug\u00e4nglich. Daher \u00fcberrascht es nicht, dass sie mehrere Lizenzen f\u00fcr das Gl\u00fccksspiel erhalten haben. Au\u00dferdem wird in der Casino-Software immer ein Zufallsgenerator verwendet. Damit sind faire Gewinnchancen f\u00fcr alle Spielkategorien gew\u00e4hrleistet. Wenn Sie um den Gewinn im LeoVegas Casino spielen, wissen Sie, dass Sie dank drei Lizenzen ehrlich gehen k\u00f6nnen. Sie sind die Lizenz der Malta Gaming Authority, der Danish Gambling Authority und der UK Gambling Commission, die zeigen, dass alle gesetzlichen Anforderungen erf\u00fcllt sind. Wenn Sie diese Lizenzen selbst \u00fcberpr\u00fcfen m\u00f6chten, k\u00f6nnen Sie dies tun. Sie m\u00fcssen lediglich auf die Logos der Beh\u00f6rden klicken, woraufhin Sie die Daten direkt im Bild erhalten.<\/p>\n<h2>Kundendienst<\/h2>\n<p>Dass LeoVegas Casino f\u00fcr jeden Spieler in Deutschland zug\u00e4nglich ist, steht fest. Hier finden Sie nicht nur h\u00e4ufig gestellte Fragen zu den am h\u00e4ufigsten gestellten Fragen. Eine E-Mail \u00fcber das Kontaktformular auf der Website ist ebenfalls eine gute Option. Auf der anderen Seite zeigt LeoVegas Casino auch eine Telefonnummer, die Sie anrufen k\u00f6nnen, und Sie k\u00f6nnen direkt mit einem Mitarbeiter sprechen, wenn Sie sich f\u00fcr den Live-Chat entscheiden. Alle Supportm\u00f6glichkeiten stehen Ihnen sehr schnell zur Verf\u00fcgung. Dar\u00fcber hinaus k\u00f6nnen Sie sich immer auf eine professionelle Antwort verlassen. Das ist sch\u00f6n, wenn Sie sich auf die verschiedenen Spiele konzentrieren, die in diesem Casino mit einem Bonus gespielt werden k\u00f6nnen!<\/p>\n<h2>Fazit<\/h2>\n<p>Dieses Online Casino ist einer der Wettbewerber, die wir bisher gesehen haben. Leo Vegas ist ein Casino, das sich um den Spieler k\u00fcmmert. Dies zeigt sich an der Tatsache, dass Sie in Ihrem Profil ein Spiellimit festlegen k\u00f6nnen, um sicherzustellen, dass Sie nicht zu lange oder mit zu viel Geld spielen. Wenn Sie damit fertig sind, m\u00fcssen Sie warten, bis Ihre Zeit abgelaufen ist. Das Design und die Grafik sind gro\u00dfartig, die Auswahl ist \u00fcberw\u00e4ltigend und das Bonussystem ist un\u00fcbertroffen. Alles ist eindeutig zu finden, und es ist klar, dass dieses Online-Casino nicht darauf abzielt, Ihre Geldb\u00f6rse vollst\u00e4ndig zu leeren, wie der von ihnen angebotene Spielschutz bezeugt. M\u00f6chten Sie auch die Vorteile des LeoVegas Casino genie\u00dfen? Dann empfehlen wir Ihnen unbedingt, sich das Casino anzusehen, denn nur so k\u00f6nnen Sie mit viel Preisgeld rechnen.<\/p>\n","protected":false},"excerpt":{"rendered":"<p>Leovegas Casino Bewertung Deutschland 2019 F\u00fcr viele Spieler ist der Bonus eines der wichtigsten Motive f\u00fcr die Wahl eines Online-Casinos. Leo Vegas hat das verstanden. Sie nutzen einen Registrierungsbonus, den wir zuvor in einem Online-Casino noch nicht gesehen haben, und als wir uns das angesehen haben, waren wir erstaunt \u00fcber das Angebot der Website. Es [&hellip;]<\/p>\n","protected":false},"author":1,"featured_media":62,"parent":0,"menu_order":0,"comment_status":"closed","ping_status":"closed","template":"page-casino-review.php","meta":{"footnotes":""},"categories":[],"tags":[],"class_list":["post-172","page","type-page","status-publish","has-post-thumbnail","hentry"],"aioseo_notices":[],"_links":{"self":[{"href":"https:\/\/pokiesportal.com\/de\/wp-json\/wp\/v2\/pages\/172","targetHints":{"allow":["GET"]}}],"collection":[{"href":"https:\/\/pokiesportal.com\/de\/wp-json\/wp\/v2\/pages"}],"about":[{"href":"https:\/\/pokiesportal.com\/de\/wp-json\/wp\/v2\/types\/page"}],"author":[{"embeddable":true,"href":"https:\/\/pokiesportal.com\/de\/wp-json\/wp\/v2\/users\/1"}],"replies":[{"embeddable":true,"href":"https:\/\/pokiesportal.com\/de\/wp-json\/wp\/v2\/comments?post=172"}],"version-history":[{"count":0,"href":"https:\/\/pokiesportal.com\/de\/wp-json\/wp\/v2\/pages\/172\/revisions"}],"wp:featuredmedia":[{"embeddable":true,"href":"https:\/\/pokiesportal.com\/de\/wp-json\/wp\/v2\/media\/62"}],"wp:attachment":[{"href":"https:\/\/pokiesportal.com\/de\/wp-json\/wp\/v2\/media?parent=172"}],"wp:term":[{"taxonomy":"category","embeddable":true,"href":"https:\/\/pokiesportal.com\/de\/wp-json\/wp\/v2\/categories?post=172"},{"taxonomy":"post_tag","embeddable":true,"href":"https:\/\/pokiesportal.com\/de\/wp-json\/wp\/v2\/tags?post=172"}],"curies":[{"name":"wp","href":"https:\/\/api.w.org\/{rel}","templated":true}]}}