{"id":164,"date":"2019-01-24T12:17:56","date_gmt":"2019-01-24T12:17:56","guid":{"rendered":"http:\/\/pokiesportal.com\/de\/?page_id=164"},"modified":"2019-01-25T15:46:16","modified_gmt":"2019-01-25T15:46:16","slug":"schmitts-casino","status":"publish","type":"page","link":"https:\/\/pokiesportal.com\/de\/schmitts-casino\/","title":{"rendered":"schmitts casino"},"content":{"rendered":"<h1>Schmitts Casino Bewertung Deutschland 2019<\/h1>\n<p>Suchen Sie ein stilvolles und schickes Online-Casino mit einer F\u00fclle von Spielen und vielen aufregenden Werbeaktionen? Wenn Sie es sind, k\u00f6nnte Schmitts Casino das Online-Casino f\u00fcr Sie sein. Es ist zwar auf Deutsch, wenn Sie es besuchen, aber es ist in Englisch verf\u00fcgbar und alles, was Sie brauchen, ist ein Klick auf eine Schaltfl\u00e4che. Das Logo einer intelligenten Gentleman-Melone ist ziemlich traditionell, aber das Casino selbst ist so modern wie es ist, mit den neuesten verf\u00fcgbaren Spielen. Besuchen Sie das Schmitts Casino noch heute und sichern Sie sich Ihren sehr gro\u00dfen Willkommensbonus! Das Schmitts Casino wurde im April 2017 von ProgressPlay Limited gegr\u00fcndet. Es ist nie einfach, sich in der Online-Gl\u00fccksspielbranche zu behaupten, denn hinter der Website steht ein bekannter Name. Das hilft definitiv, so dass das Schmitts Casino viel von seiner Konkurrenz hat. ProgressPlay. Schmitts ist ein freundliches, raffiniertes Casino, das das Konzept des Spa\u00dfes beiseite legt und einen sehr ernsthaften Ansatz f\u00fcr das Online-Casino-Spiel favorisiert. Diese Taktik hatte \u00fcber die Jahre einen gemischten Erfolg, aber das Schmitts Casino f\u00fchlt sich in der Lage, seine Wahl zu best\u00e4tigen. Mit einem guten Begr\u00fc\u00dfungspaket neben ProgressPlay ist Schmitts Schritt in die richtige Richtung, aber es braucht ein starkes Design, exzellente Inhalte und einen erstklassigen Kundenservice, um wirklich aufsehenerregend zu sein. Aufgrund der Reaktionen auf das Schmitts Casino seit seiner Ver\u00f6ffentlichung scheint der Kundenservice gut in der Hand zu liegen, mit viel Geld in der Branche, aber wie sieht es mit dem Rest aus?<\/p>\n<h2>Design und Thema<\/h2>\n<p>Wenn Sie im Schmitts Casino ankommen, werden Sie von einem vertrauten Image getroffen, einem luxuri\u00f6sen, luxuri\u00f6sen Casino voller Brunnen und Golddekor. Vor diesem Bild steht ein junger Mann, der nach Brot suchen soll, vielleicht sogar verlockend. Leider wei\u00df ich nicht, dass dies der Blick sein sollte, nach dem er gehen sollte, und Sie werden ablenken, je mehr Sie auf sie schauen, es wird nach einer Weile wirklich befremdend w\u00e4hrend. Dar\u00fcber hinaus gibt es Miniaturansichten, die den sofortigen Zugriff auf viele der beliebtesten Spiele der Website erm\u00f6glichen. Das Design hat hier nichts Besonderes, aber das f\u00fchlt sich nach dem Punkt an. Es mag zwar dekadente Bilder geben, aber die Site hat immer noch eine sehr klare Perspektive, keine Glocken, keine Pfeifen, nur ein erster Fokus des Spiels.<\/p>\n<h2>Software<\/h2>\n<p>Die Spiele im Schmitts Casino stammen von einer Reihe von Top-Anbietern wie Microgaming, Nyx Gaming, NetEnt, NextGen Gaming, Elk Studios und Thunderkick. Die Spieler k\u00f6nnen sich auf eine Reihe hochwertiger Spiele freuen, von denen viele zuvor in Online-Casinos gespielt haben. Das Line-Up- oder Spieleanbieter ist ziemlich beeindruckend, da es einige der Top-Anbieter der Branche ist.<\/p>\n<h2>Spiele<\/h2>\n<p>Schmitts ist ein Online-Casino, das im Gegensatz zu vielen seiner Rivalen die Beliebtheit von Automatenspielen nicht zul\u00e4sst. Das hei\u00dft nicht, dass es hier viele Slots gibt, denn es gibt viele verschiedene Roulette-, Blackjack-, Poker- und weitere Tisch- und Kartenspiele. Hier herrscht ein gewisses Gleichgewicht, und das passt sehr gut zum Thema der Website. Die Spielesammlung im Schmitts Casino besteht aus insgesamt \u00fcber 300 Spielen. Der Gro\u00dfteil der Sammlung besteht aus Slots, \u00fcber einer Kiste mit Live-Casinospielen, \u00fcber zwei Kisten mit Tischspielen und einer Handvoll Rubbelkartenspielen, die den Rest der Sammlung ausmachen. So wie es aussieht, sollte die Sammlung definitiv Fans von Slots ansprechen, und diejenigen, die gerne Blackjack, Roulette und Live-Casino-Spiele spielen, sollten es auch befriedigen. Die Sammlung k\u00f6nnte mit mehr Arten von Tischspielen auskommen, da derzeit nur Blackjack- und Roulette-Spiele verf\u00fcgbar sind. Die Spiele sind in folgende Kategorien unterteilt: Beliebt, Neueste, Slots, Roulette, Live Casino, Blackjack und Scratch. Es scheint keine spezifischen Spiele zu geben oder die Sammlung nach Anbieter oder \u00e4hnlichem zu filtern. Zwar gibt es Raum f\u00fcr Verbesserungen, die Gesamtkollektion ist jedoch immer noch recht gut, insbesondere f\u00fcr Fans oder Spielautomaten, da eine gro\u00dfe Auswahl zur Verf\u00fcgung steht.<\/p>\n<h2>Slots<\/h2>\n<p>Das Schmitts Casino verf\u00fcgt \u00fcber eine beeindruckende Auswahl an Slots, von denen 296 zum Spielen zur Verf\u00fcgung stehen. Sie stammen von einigen der f\u00fchrenden Spieleanbieter der Branche. Daher gibt es viele qualitativ hochwertige Spiele in der Sammlung sowie eine gro\u00dfe Vielfalt an Themen, Gameplay und Funktionen. Zu den beliebtesten Slots z\u00e4hlen Paint, Cosmic Crystals, Bonanza, Goldene M\u00e4hne und Immortal Romance. Die Spieler finden eine Reihe progressiver Jackpots sowie einige Marken-Slots wie Jurassic World und Ted. Es gibt auch eine Handvoll progressive Jackpots. Die Slots-Sammlung als Ganzes wird sicher eine breite Palette von Spielern zufrieden stellen.<\/p>\n<h2>Live Casino<\/h2>\n<p>Diejenigen, die gerne Casino-Spiele mit Live-Dealern spielen, werden die Sammlung von Live-Casino-Spielen im Schmitts Casino auf jeden Fall sch\u00e4tzen. Insgesamt gibt es 18 Spiele: sechs davon sind Roulette-Spiele oder sie sind Blackjack-Spiele und die letzten beiden sind Baccarat-Spiele. Die meisten davon stammen von NetEnt, einem der erfolgreichsten Anbieter von Online-Casino-Spielen. Die Spieler sollten die Live-Casino-Spielesammlung gut finden, besonders wenn sie Blackjack und Roulette m\u00f6gen.<\/p>\n<h2>Tischspiele<\/h2>\n<p>Die Tischspielsammlung im Schmitts Casino umfasst 11 Roulette-Spiele und 16 Blackjack-Spiele. Zwar gibt es eine anst\u00e4ndige Anzahl von Roulette- und Blackjack-Spielen, aber die Sammlung k\u00f6nnte mit mehr Arten von Tischspielen wie Baccarat, Craps, Poker und dergleichen auskommen, zumal die meisten anderen Online-Casinos mehr zu bieten haben die Art der Tischspiele.<\/p>\n<h2>Spiele zur Verf\u00fcgung<\/h2>\n<ul>\n<li>Baccarat<\/li>\n<li>Blackjack<\/li>\n<li>Keno<\/li>\n<li>Live Casino<\/li>\n<li>Poker<\/li>\n<li>Roulette<\/li>\n<li>Rubbelkarten<\/li>\n<li>Slots<\/li>\n<\/ul>\n<h2>Kassierer<\/h2>\n<p>Das Schmitts Casino akzeptiert eine Vielzahl von Zahlungsmethoden f\u00fcr Einzahlungen und Auszahlungen. Spieler k\u00f6nnen Debit- und Kreditkarten sowie E-Wallets, Bank\u00fcberweisungen und sogar ihr Smartphone verwenden, um Zahlungen zu t\u00e4tigen. Nicht alle davon k\u00f6nnen f\u00fcr Abhebungen verwendet werden. Das Casino ben\u00f6tigt drei Arbeitstage, um die Aufl\u00f6sungsanforderungen zu bearbeiten. W\u00e4hrend dieser Zeit k\u00f6nnen sie storniert werden. Nachdem die Anfrage bearbeitet wurde, wird sie gem\u00e4\u00df der Zahlungsart verwendet. Die Wartezeiten scheinen l\u00e4nger als der Durchschnitt zu sein. Bei Verwendung von Debit- \/ Kreditkarten kann es beispielsweise acht Arbeitstage verwendet werden.<\/p>\n<h2>Auszahlungszeiten \/ Limits<\/h2>\n<ul>\n<li>E-Wallets 1 Tage<\/li>\n<li>Debit- \/ Kreditkarten 3-5 Tage<\/li>\n<li>\u00dcberweisung 3-7 Tage<\/li>\n<\/ul>\n<h2>Willkommensbonus<\/h2>\n<p>F\u00fcr neue Spieler im Schmitts Casino gibt es ein Willkommensangebot, das aus einem 100% igen Matchbonus oder bis zu \u00a3 200 besteht. Es gibt auch einen 25% Match Bonus oder bis zu 300 \u00a3 f\u00fcr die zweite Einzahlung und einen 50% Match Bonus oder bis zu 500 \u00a3 f\u00fcr die dritte Einzahlung.<\/p>\n<h2>Wettanforderungen<\/h2>\n<p>Die Spieler m\u00fcssen den Gesamtbetrag ihres Bonusgeldes 50-mal einsetzen, bevor sie auszahlen k\u00f6nnen.<\/p>\n<h2>Hohe Rollen<\/h2>\n<p>Das VIP-Programm von Schmitts Casino ist daf\u00fcr konzipiert, die treuesten Spieler des Casinos zu belohnen, und besteht aus f\u00fcnf Stufen: Bronze, Silber, Gold, Platin und Diamant. Spieler erhalten VIP-Punkte f\u00fcr jeden \u20ac 16, den sie setzen, und je mehr Punkte sie sammeln, desto h\u00f6her ist ihr Level und desto mehr Verg\u00fcnstigungen k\u00f6nnen sie sich w\u00fcnschen. Dazu geh\u00f6ren ein VIP-Kundensupport, Geburtstagsgeschenke, personalisierte Geschenke, ein Jubil\u00e4umsbonus und eine VIP-Support-Hotline.<\/p>\n<h2>Desktop, Tablet und Mobile Experience<\/h2>\n<p>Wer unterwegs auf das Schmitts Casino zugreifen m\u00f6chte, kann einfach das mobile Casino besuchen. Es kann auf der Desktop-Version des Casinos gefunden werden. Es ist f\u00fcr den nahtlosen Betrieb mit einer Reihe von Handheld-Ger\u00e4ten, einschlie\u00dflich der meisten Smartphones und Tablets, konzipiert und ist vollst\u00e4ndig mit iOS- und Android-Ger\u00e4ten kompatibel. Das Desktop-Casino hat einen eher schwarzen Hintergrund mit wei\u00dfen Symbolen und Symbolen \/ Symbolen \/ Links, auf die Sie klicken k\u00f6nnen. Charaktere aus verschiedenen Spielen erscheinen in Werbebildern. Das Casino hat ein recht Standardlayout, w\u00e4hrend das Layout des Casinos etwas angepasst wurde, um besser auf Handheld-Ger\u00e4te zu passen. Wenn Sie durch die Spiele bl\u00e4ttern, zeigen mobile Symbole an, welche Spiele auf mobilen Ger\u00e4ten gespielt werden k\u00f6nnen.<\/p>\n<h2>Kontaktdaten:<\/h2>\n<p>E-Mail: customersupport@instantgamesupport.com<br \/>\nLive-Chat: Ja<\/p>\n<h2>Zusammenfassung des Schmitts Casino Reviews<\/h2>\n<p>Es ist sicherlich wahr, dass es einige wenige auffallende Abwesenheiten von dieser Liste gibt, aber Schmitts ist eine neue Website, und man hofft, dass diese Namen rechtzeitig hinzugef\u00fcgt werden. Es gibt auch Platz f\u00fcr ein paar Leute und Interessierte. Das Schmitts Casino ist zumindest oberfl\u00e4chlich ein weiteres Casino im Schwarz-Gold-Stil, das nicht so ist, wie es soll. Es ist schwer zu erkl\u00e4ren, warum, aber das Schmitts Casino hat etwas Charmantes. Probieren Sie es aus, Sie werden es verstehen! Das Casino bietet eine gute Auswahl an Spielen mit vielen Slots, einer guten Anzahl von Live-Casino-Spielen und einigen Tischspielen. Es gibt nur zwei Arten von Tischspielen, sodass das Casino mehr Spiele in diesem Bereich hinzuf\u00fcgen kann. Es gibt ein sehr gro\u00dfz\u00fcgiges Willkommensangebot, obwohl die Wettanforderungen f\u00fcr Bonusgeld mit 50x ziemlich hoch sind. Insgesamt ist dieses deutsche Casino einen Versuch wert, besonders wenn Sie ein Fan von Spielautomaten sind.<\/p>\n","protected":false},"excerpt":{"rendered":"<p>Schmitts Casino Bewertung Deutschland 2019 Suchen Sie ein stilvolles und schickes Online-Casino mit einer F\u00fclle von Spielen und vielen aufregenden Werbeaktionen? Wenn Sie es sind, k\u00f6nnte Schmitts Casino das Online-Casino f\u00fcr Sie sein. Es ist zwar auf Deutsch, wenn Sie es besuchen, aber es ist in Englisch verf\u00fcgbar und alles, was Sie brauchen, ist ein [&hellip;]<\/p>\n","protected":false},"author":1,"featured_media":169,"parent":0,"menu_order":0,"comment_status":"closed","ping_status":"closed","template":"page-casino-review.php","meta":{"footnotes":""},"categories":[],"tags":[],"class_list":["post-164","page","type-page","status-publish","has-post-thumbnail","hentry"],"aioseo_notices":[],"_links":{"self":[{"href":"https:\/\/pokiesportal.com\/de\/wp-json\/wp\/v2\/pages\/164","targetHints":{"allow":["GET"]}}],"collection":[{"href":"https:\/\/pokiesportal.com\/de\/wp-json\/wp\/v2\/pages"}],"about":[{"href":"https:\/\/pokiesportal.com\/de\/wp-json\/wp\/v2\/types\/page"}],"author":[{"embeddable":true,"href":"https:\/\/pokiesportal.com\/de\/wp-json\/wp\/v2\/users\/1"}],"replies":[{"embeddable":true,"href":"https:\/\/pokiesportal.com\/de\/wp-json\/wp\/v2\/comments?post=164"}],"version-history":[{"count":0,"href":"https:\/\/pokiesportal.com\/de\/wp-json\/wp\/v2\/pages\/164\/revisions"}],"wp:featuredmedia":[{"embeddable":true,"href":"https:\/\/pokiesportal.com\/de\/wp-json\/wp\/v2\/media\/169"}],"wp:attachment":[{"href":"https:\/\/pokiesportal.com\/de\/wp-json\/wp\/v2\/media?parent=164"}],"wp:term":[{"taxonomy":"category","embeddable":true,"href":"https:\/\/pokiesportal.com\/de\/wp-json\/wp\/v2\/categories?post=164"},{"taxonomy":"post_tag","embeddable":true,"href":"https:\/\/pokiesportal.com\/de\/wp-json\/wp\/v2\/tags?post=164"}],"curies":[{"name":"wp","href":"https:\/\/api.w.org\/{rel}","templated":true}]}}